{"id":1009,"date":"2015-04-24T12:07:43","date_gmt":"2015-04-24T12:07:43","guid":{"rendered":"http:\/\/piekarska.com.pl\/?page_id=1009"},"modified":"2015-04-24T12:07:43","modified_gmt":"2015-04-24T12:07:43","slug":"all-you-need-is-love","status":"publish","type":"page","link":"http:\/\/piekarska.com.pl\/?page_id=1009","title":{"rendered":"All you need is love"},"content":{"rendered":"<p style=\"text-align: left;\">\u015apiewali Beatlesi a 20 lat p\u00f3\u017aniej Zdrowa Woda nuci\u0142a Nie b\u00f3j si\u0119 mi\u0142o\u015bci. Bo tak naprawd\u0119 jest to uczucie, o kt\u00f3rym ka\u017cdy marzy&#8230; Kiedy zbli\u017ca\u0142y si\u0119 &#8222;Walentynki&#8221; ja od was dosta\u0142am mas\u0119 walentynkowych \u017cycze\u0144 (dzi\u0119ki!), ale te\u017c i pr\u00f3\u015bb: &#8222;trzymaj kciuki, by mi kto\u015b przys\u0142a\u0142 walentynk\u0119&#8221; albo: &#8222;ja go kocham, ale on mnie to chyba nie. Nie wiem czy jak wy\u015bl\u0119, to si\u0119 nie o\u015bmiesz\u0119&#8221;. Niestety &#8222;w tym ca\u0142y jest ambaras, \u017ceby dwoje chcia\u0142o na raz&#8221; &#8211; jak pisa\u0142 w &#8222;S\u0142\u00f3wkach&#8221; Boy-\u017bele\u0144ski. Jednak ostatnio wraz z pierwszymi powiewami wiosny moje my\u015bli kr\u0105\u017c\u0105 nie tyle wok\u00f3\u0142 uczu\u0107, ale wok\u00f3\u0142 muzyki z nimi zwi\u0105zanej. Zauwa\u017cyli\u015bcie, \u017ce nie tylko mi\u0142osne piosenki kojarz\u0105 nam si\u0119 z tym uczuciem? Mo\u017ce dzieje si\u0119 tak dlatego, \u017ce mi\u0142o\u015b\u0107 nie jedno ma imi\u0119? A mo\u017ce dlatego, \u017ce u ka\u017cdego nazywa si\u0119 inaczej?<\/p>\n<p style=\"text-align: left;\">Dla mnie pierwsza &#8222;mi\u0142osna &#8211; niemi\u0142osna&#8221; piosenka nosi\u0142a tytu\u0142 Wielkie nic i \u015bpiewa\u0142a j\u0105 Budka Suflera. W tych czasach by\u0142 to hit, a mnie si\u0119 wydawa\u0142o, \u017ce ja jestem takim wielkim nic niegodnym jego spojrzenia. On zreszt\u0105 wcale nie patrzy\u0142. By\u0142 starszy, na imi\u0119 mia\u0142 Maciek, lat 15 i ju\u017c si\u0119 goli\u0142, a ja mia\u0142am lat 12 i zero nadziei na piersi. Dzisiaj on jest gruby, \u0142ysy i &#8222;lekko&#8221; przepity&#8230; Potem by\u0142a Mama Genesis, szko\u0142a \u015brednia i kolega z klasy Rafa\u0142&#8230;. Doskonale pami\u0119tam jak czeka\u0142am, kt\u00f3r\u0105 pozycj\u0119 na tr\u00f3jkowej li\u015bcie Nied\u017awiedzia zajmie Mama i m\u00f3wi\u0142am sobie, \u017ce jak pierwsz\u0105 to Rafa\u0142 zadzwoni albo przyjdzie. Dzisiaj si\u0119 z tego \u015bmiej\u0119, a p\u00f3\u0142 roku temu, kiedy gada\u0142am z Rafa\u0142em akurat radio zagra\u0142o ten utw\u00f3r&#8230; Jego komentarz by\u0142 krotki: &#8222;no taaaak!&#8221; Nie musieli\u015bmy wi\u0119cej m\u00f3wi\u0107, cho\u0107 by\u0107 mo\u017ce dla ka\u017cdego z nas ta piosenka ma dzi\u015b kompletnie inne znaczenie.<\/p>\n<p style=\"text-align: left;\">Moja kumpela Joanna powiedzia\u0142a, \u017ce dziwi si\u0119, \u017ce kto\u015b mo\u017ce jako mi\u0142osny prezent podarowa\u0107 komu\u015b Sepultur\u0119. Ja si\u0119 tam nie dziwi\u0119! Sama dosta\u0142am Metallic\u0119 i Offspring.<\/p>\n<p style=\"text-align: left;\">Bardzo mi si\u0119 podoba, \u017ce cz\u0119sto wraz z mi\u0142o\u015bci\u0105 przychodz\u0105 do nas nowe sympatie muzyczne. &#8222;S\u0142ucham Anathemy, bo on to strasznie lubi&#8221; &#8211; napisa\u0142a Magda. &#8222;Kocham teraz Korn, bo to ulubiona kapela Ka\u015bki. I pomy\u015ble\u0107, \u017ce kiedy\u015b wola\u0142em Fanatic&#8221; &#8211; cytat z Wojtka.<\/p>\n<p style=\"text-align: left;\">Natomiast martwi mnie, \u017ce czasem odrzucamy czyje\u015b uczucia tylko ze wzgl\u0119du na muzyk\u0119. Nie wierzycie pewnie co? Ale Tomek napisa\u0142: &#8222;wydawa\u0142a mi si\u0119 ca\u0142kiem fajna, ale okaza\u0142o si\u0119, \u017ce s\u0142ucha Piaska&#8230;&#8221; A i inne tego typu rzeczy wyczyta\u0142am w wielu waszych listach. Czemu\u017c to czego s\u0142uchamy ma by\u0107 wyznacznikiem, czy warci jeste\u015bmy g\u0142\u0119bszych uczu\u0107? To ju\u017c o wiele powa\u017cniejszy problem ni\u017c ocenianie ludzi po ubraniu.<\/p>\n<p style=\"text-align: left;\">Powiedzcie mi co ja na przyk\u0142ad mam zrobi\u0107? B\u0119d\u0105c u swojego ukochanego w Stanach wpad\u0142 mi pod biurko zegarek. Wlaz\u0142am tam na czworakach i &#8230; znalaz\u0142am skrz\u0119tnie przede mn\u0105 ukrywan\u0105 kaset\u0119 Top One. Najpierw facet nosi jaki\u015b krety\u0144ski ameryka\u0144ski dres, \u017ce si\u0119 znajomi \u015bmiej\u0105, a teraz jeszcze to! Mam wi\u0119c powiedzie\u0107: &#8222;Sorry Darek. Wiesz&#8230; jednak ci\u0119 nie kocham. Nie wa\u017cne, \u017ce jeste\u015b dzielny, m\u0105dry, dobry, czu\u0142y, \u017ce czuj\u0119 si\u0119 przy tobie bezpiecznie&#8230; S\u0142ucha\u0142e\u015b kiedy\u015b Top One, a ja z takim kim\u015b nie mog\u0119 dzieli\u0107 \u017cycia.&#8221; Tak?<\/p>\n<p style=\"text-align: left;\">Czy naprawd\u0119 fajny cz\u0142owiek to jedynie fan Nirvany? Czy wierzycie w to, \u017ce s\u0142owa &#8222;wi\u0119cej si\u0119 z ni\u0105 nie um\u00f3wi\u0119, bo to obciach chodzi\u0107 z fank\u0105 Kukulskiej&#8221; s\u0105 rozs\u0105dne?<\/p>\n<p style=\"text-align: left;\">M\u00f3j kumpel Adam napisa\u0142 do mnie ostatnio &#8222;mi\u0142o\u015b\u0107 to kompromis pomi\u0119dzy wyobra\u017ceniem a rzeczywisto\u015bci\u0105&#8221;. Odpisa\u0142am mu: &#8222;kupuj\u0119 to zdanie do Wzrockowiska!&#8221; Bo to tak jest, \u017ce &#8222;zgadzam si\u0119 z przedm\u00f3wc\u0105!&#8221; (&#8222;Rejs&#8221; sobie zacytuj\u0119, a co mi tam!) Zgadzam si\u0119 z poet\u0105, bardem, artyst\u0105 Adamem! Wyobra\u017cenie to jedno, rzeczywisto\u015b\u0107 to drugie i trzeba wypo\u015brodkowa\u0107!<\/p>\n<p style=\"text-align: left;\">Przys\u0142a\u0142a mi czytelniczka opowiadanie, kt\u00f3re chce wys\u0142a\u0107 na konkurs w pewnej gazecie. Opowiadanie by\u0142o o szukaniu idea\u0142u m\u0119\u017cczyzny, a ko\u0144czy\u0142o si\u0119 stwierdzeniem, \u017ce co\u015b takiego nie istnieje. To\u017c samo z idea\u0142em kobiety! Zaczyna si\u0119 od tego, \u017ce ta jedyna nie lubi Slayera i nie cierpi film\u00f3w wojennych, a ko\u0144czy na tym, \u017ce wkurza j\u0105, gdy &#8230; zostawiasz w WC podniesion\u0105 desk\u0119. I to drugie jest w pewnym momencie bardziej wkurzaj\u0105ce, zw\u0142aszcza \u017ce \u0142atwiej o dwa magnetofony ni\u017c dwie \u0142azienki.<\/p>\n<p style=\"text-align: left;\">Owszem fajnie jest kiedy si\u0119 s\u0142ucha tej samej muzyki. Ale wierzcie mi&#8230; nie jest to gwarancj\u0105 sukcesu zwi\u0105zku! Gdy rozstawa\u0142am si\u0119 z by\u0142ym m\u0119\u017cem, wzamian za wolno\u015b\u0107 odda\u0142am po\u0142ow\u0119 p\u0142ytoteki. Wielu p\u0142yt przez to nie mam. Pami\u0119tam je, brzmi\u0105 mi w uszach, ale nie w wie\u017cy Hi-Fi! Do dzisiaj odkupi\u0142am jedynie po\u0142ow\u0119 haraczu i \u015bmiej\u0119 si\u0119, \u017ce gdyby m\u00f3j eks by\u0142 dresiarzem nie musia\u0142abym rozstawa\u0107 si\u0119 z \u017cadn\u0105 z p\u0142yt. No&#8230; mo\u017ce z kaset\u0105 Fanatic, kt\u00f3r\u0105 kupi\u0142 mi w ramach dowcipu na Miko\u0142ajki. Jest to jedyna kaseta jaka mi pozosta\u0142a po ma\u0142\u017ce\u0144stwie z facetem, kt\u00f3ry s\u0142ucha\u0142 tej samej muzyki.<\/p>\n<p style=\"text-align: left;\">Nie twierdz\u0119, \u017ce nale\u017cy wi\u0105za\u0107 si\u0119 na zasadzie; ja &#8211; hip-hopowiec ona &#8211; jazzmanka, ale &#8230; czym jest kompromis? Mo\u017cna pos\u0142ucha\u0107 dla \u015bwi\u0119tego spokoju i Type O Negative i Piaska i Johna Coltrane`a. Byleby z tego nie robi\u0107 przymusu. Tak jak nie da si\u0119 nikogo zmusi\u0107 do mi\u0142o\u015bci, tak nie nam\u00f3wi si\u0119 do s\u0142uchania z &#8222;nabo\u017ce\u0144stwem w oczach&#8221; czego\u015b, co po prostu mu nie pasuje. A to, \u017ce ma inn\u0105 wra\u017cliwo\u015b\u0107 muzyczn\u0105 wcale nie oznacza, \u017ce nie wart jest uczu\u0107.<\/p>\n<p style=\"text-align: left;\">I mo\u017ce o tym w\u0142a\u015bnie trzeba my\u015ble\u0107 wiosn\u0105, gdy na \u0142awkach pe\u0142no zakochanych par, a nam \u015bwiat wali si\u0119 na g\u0142ow\u0119, bo jeste\u015bmy samotni za\u015b ci, kt\u00f3rzy si\u0119 nami interesuj\u0105 s\u0142uchaj\u0105 syfiastej muzy. Mo\u017ce warto zamiast my\u015ble\u0107: &#8222;I ju\u017c zawsze b\u0119d\u0119 sama&#8221; (Aniu! Nie b\u0119dziesz!) wej\u015b\u0107 na muzyczn\u0105 \u015bcie\u017ck\u0119 kompromisu&#8230; na przyk\u0142ad&#8230; radio. Tam jest wszystko!<\/p>\n<p style=\"text-align: left;\">COGITO 7\/2000 (131)<\/p>\n","protected":false},"excerpt":{"rendered":"<p>\u015apiewali Beatlesi a 20 lat p\u00f3\u017aniej Zdrowa Woda nuci\u0142a Nie b\u00f3j si\u0119 mi\u0142o\u015bci. Bo tak naprawd\u0119 jest to uczucie, o kt\u00f3rym ka\u017cdy marzy&#8230; Kiedy zbli\u017ca\u0142y si\u0119 &#8222;Walentynki&#8221; ja od was dosta\u0142am mas\u0119 walentynkowych \u017cycze\u0144 (dzi\u0119ki!), ale te\u017c i pr\u00f3\u015bb: &#8222;trzymaj &hellip; <a href=\"http:\/\/piekarska.com.pl\/?page_id=1009\">Continue reading <span class=\"meta-nav\">&rarr;<\/span><\/a><\/p>\n","protected":false},"author":1,"featured_media":0,"parent":690,"menu_order":0,"comment_status":"closed","ping_status":"open","template":"","meta":{"_acf_changed":false,"footnotes":""},"class_list":["post-1009","page","type-page","status-publish","hentry"],"acf":[],"_links":{"self":[{"href":"http:\/\/piekarska.com.pl\/index.php?rest_route=\/wp\/v2\/pages\/1009","targetHints":{"allow":["GET"]}}],"collection":[{"href":"http:\/\/piekarska.com.pl\/index.php?rest_route=\/wp\/v2\/pages"}],"about":[{"href":"http:\/\/piekarska.com.pl\/index.php?rest_route=\/wp\/v2\/types\/page"}],"author":[{"embeddable":true,"href":"http:\/\/piekarska.com.pl\/index.php?rest_route=\/wp\/v2\/users\/1"}],"replies":[{"embeddable":true,"href":"http:\/\/piekarska.com.pl\/index.php?rest_route=%2Fwp%2Fv2%2Fcomments&post=1009"}],"version-history":[{"count":1,"href":"http:\/\/piekarska.com.pl\/index.php?rest_route=\/wp\/v2\/pages\/1009\/revisions"}],"predecessor-version":[{"id":1010,"href":"http:\/\/piekarska.com.pl\/index.php?rest_route=\/wp\/v2\/pages\/1009\/revisions\/1010"}],"up":[{"embeddable":true,"href":"http:\/\/piekarska.com.pl\/index.php?rest_route=\/wp\/v2\/pages\/690"}],"wp:attachment":[{"href":"http:\/\/piekarska.com.pl\/index.php?rest_route=%2Fwp%2Fv2%2Fmedia&parent=1009"}],"curies":[{"name":"wp","href":"https:\/\/api.w.org\/{rel}","templated":true}]}}