{"id":1019,"date":"2015-04-24T12:19:01","date_gmt":"2015-04-24T12:19:01","guid":{"rendered":"http:\/\/piekarska.com.pl\/?page_id=1019"},"modified":"2015-04-24T12:19:01","modified_gmt":"2015-04-24T12:19:01","slug":"biednemu-grosz-a-sobie-koncert","status":"publish","type":"page","link":"http:\/\/piekarska.com.pl\/?page_id=1019","title":{"rendered":"Biednemu grosz, a sobie koncert"},"content":{"rendered":"<div>\n<div>\n<p style=\"text-align: left;\" align=\"right\">&#8222;Ta Wielka Orkiestra to co\u015b wspania\u0142ego. Mo\u017cna za darmo obejrze\u0107 wielkie gwiazdy. No, mo\u017ce nie do ko\u0144ca za darmo. Najpierw trzeba zap\u0142aci\u0107 haracz s\u0119pom Owsiaka. Ale wystarczy da\u0107 grosz, przypi\u0105\u0107 serduszko i ka\u017cdemu nast\u0119pnemu napotkanemu m\u00f3wi\u0107, ze ju\u017c si\u0119 da\u0142o i si\u0119 wi\u0119cej nie ma.\u201d<br \/>\nZ trudem przeczyta\u0142am ten list do ko\u0144ca. Siekn\u0119\u0142o mnie. Niby poprzedniego dnia szlag trafia\u0142 mnie z powodu Zielonej G\u00f3ry, w kt\u00f3rej wielcy arty\u015bci odm\u00f3wili udzia\u0142u w koncertach WO\u015aP ze wzgl\u0119du na zbyt niskie ga\u017ce. Wi\u0119kszo\u015b\u0107 ludzi my\u015bla\u0142a, \u017ce tego dnia arty\u015bci graj\u0105 za darmo. Ja z kolei my\u015bla\u0142am, \u017ce graj\u0105 za \u201cco \u0142aska\u201d plus zwrot koszt\u00f3w. A tu okazuje si\u0119, \u017ce WO\u015aP to okazja do zarobku dla wielu. Jedni chc\u0105 kasy za koncerty, drudzy wej\u015b\u0107 na nie za darmo, a raczej za grosz, bo mo\u017cna potem \u201cprzypi\u0105\u0107 serduszko i ka\u017cdemu nast\u0119pnemu napotkanemu m\u00f3wi\u0107, \u017ce ju\u017c si\u0119 da\u0142o i si\u0119 wi\u0119cej nie ma.\u201d Ale list Lilki by\u0142 gwo\u017adziem do przys\u0142owiowej trumny.<br \/>\nBo Lilka napisa\u0142a w nim jeszcze, \u017ce nie wierzy Owsiakowi. \u201cpo tym co zrobi\u0142 na Woodstocku, po nachalnej reklamie jego g\u0142upawego filmu i demolce uwa\u017cam, ze on tylko siebie promuje. A z tej orkiestry to tylko cz\u0119\u015b\u0107 daje na te zbo\u017cne cele. Reszta jest jego. Ale nikt mu tego nie b\u0119dzie nawet pr\u00f3bowa\u0142 udowodni\u0107. Bo Owsiak zdaniem wielu jest wielki.\u201d<br \/>\nJa te\u017c nie do ko\u0144ca ufam wszystkim zbi\u00f3rkom charytatywnym, ale my\u015bl\u0119 sobie. Je\u015bli daj\u0119 10 z\u0142otych i cho\u0107 z\u0142ot\u00f3wka z tego trafi tam gdzie wed\u0142ug obietnic ma trafi\u0107 b\u0119dzie to lepiej ni\u017c gdyby potrzebuj\u0105cy nie dostali nic. Uwa\u017cam jednak, ze je\u015bli kto\u015b ma takie zdanie o Owsiaku jak Lilka powinien mie\u0107 odrobin\u0119 wstydu i tego dnia nie wy\u015bciubi\u0107 z domu nawet nos, a nie i\u015b\u0107 na koncert na krzywy ryj. To znaczy przepraszam. Chyl\u0119 czo\u0142a. Zwracam honor&#8230; I\u015b\u0107 na koncert za&#8230; grosik.<br \/>\nS\u0105 rzeczy w owsiakomanii, kt\u00f3re mnie wkurzaj\u0105. Mi\u0119dzy innymi to, \u017ce nagle tego dnia wszyscy dziennikarze staraj\u0105 si\u0119 m\u00f3wi\u0107 tak jak Owsiak. Wkurzaj\u0105 mnie ludzie, kt\u00f3rzy obnosz\u0105 serduszka w klapach jakby chcieli pochwali\u0107 si\u0119, \u017ce da\u0142em i taki ze mnie dobry cz\u0142owiek. Jakby ta nasza dobroczynno\u015b\u0107 i filantropia by\u0142y na pokaz. A przecie\u017c \u0142atwo jest da\u0107 raz w roku par\u0119 groszy, czy ten grosz, by zamkn\u0105\u0107 g\u0119b\u0119 tym co to z puszkami lataj\u0105 (\u017ce sobie pozwol\u0119 na z\u0142o\u015bliwo\u015b\u0107), ale o wiele trudniej jest by\u0107 mi\u0142osiernym przez 365 dni w roku.<br \/>\nNa kilka dni przed fina\u0142em Orkiestry przygotowywa\u0142am dla telewizji reporta\u017c o tym jak reagujemy na potrzebuj\u0105cych na ulicy. Po 5 godzinach stania z kamer\u0105 na mrozie i obserwowania jak przechodzimy oboj\u0119tnie obok \u015blepego, kt\u00f3ry zbiera na psa przewodnika (\u201cTylko na psa zbieram, bo mi po 14 latach zmar\u0142 na raka\u201d) i \u015blepej bezdomnej staruszce (\u201cmam siedemdziesi\u0105t pi\u0119\u0107 lat. Czekam na mieszkanie, a teraz to tak na kanapki, skarpetki zbieram.\u201d) podesz\u0142a wreszcie jaka\u015b pani w lisach i da\u0142a tej bezdomnej z\u0142ot\u00f3wk\u0119. \u015alepy nie doczeka\u0142 si\u0119 datku i zrezygnowa\u0142. Na dworze by\u0142o minus 15 stopni mrozu. To by\u0142o przed Pa\u0142acem Kultury. Kilka dni p\u00f3\u017aniej w tym samym miejscu pi\u0119tna\u015bcie tysi\u0119cy ludzi z serduszkami w klapach wiwatowa\u0142o, \u015bpiewa\u0142o i puszcza\u0142o \u015bwiate\u0142ko do nieba. Bo nadszed\u0142 wreszcie ten dzie\u0144, kiedy oficjalnie stajemy si\u0119 mi\u0142osierni.<br \/>\nKto\u015b mo\u017ce powiedzie\u0107, \u017ce publikuj\u0105c list Lilki nadu\u017cy\u0142am jej zaufania. Ona mnie nim obdarzy\u0142a, a ja publicznie pi\u0119tnuj\u0119 jej zachowanie i pokazuj\u0119 skryte my\u015bli. Ale&#8230; nie zale\u017cy mi na sympatii takiego czytelnika. Mo\u017ce zreszt\u0105 (mam tak\u0105 cich\u0105 nadziej\u0119) po przeczytaniu tych s\u0142\u00f3w co\u015b zrozumie. A mo\u017ce wy do niej napiszecie?<br \/>\nI tylko jednego \u017ca\u0142uj\u0119. \u017be utajniono dane artyst\u00f3w, dla kt\u00f3rych stawki proponowane przez WO\u015aP by\u0142y zbyt ma\u0142e. B\u0142\u0105d. O tym powinna wiedzie\u0107 ca\u0142a Polska.<\/p>\n<p style=\"text-align: left;\" align=\"right\"><em>COGITO 3\/2004 (211)<\/em><\/p>\n<p style=\"text-align: left;\">\n<\/div>\n<\/div>\n","protected":false},"excerpt":{"rendered":"<p>&#8222;Ta Wielka Orkiestra to co\u015b wspania\u0142ego. Mo\u017cna za darmo obejrze\u0107 wielkie gwiazdy. No, mo\u017ce nie do ko\u0144ca za darmo. Najpierw trzeba zap\u0142aci\u0107 haracz s\u0119pom Owsiaka. Ale wystarczy da\u0107 grosz, przypi\u0105\u0107 serduszko i ka\u017cdemu nast\u0119pnemu napotkanemu m\u00f3wi\u0107, ze ju\u017c si\u0119 da\u0142o &hellip; <a href=\"http:\/\/piekarska.com.pl\/?page_id=1019\">Continue reading <span class=\"meta-nav\">&rarr;<\/span><\/a><\/p>\n","protected":false},"author":1,"featured_media":0,"parent":690,"menu_order":0,"comment_status":"closed","ping_status":"open","template":"","meta":{"_acf_changed":false,"footnotes":""},"class_list":["post-1019","page","type-page","status-publish","hentry"],"acf":[],"_links":{"self":[{"href":"http:\/\/piekarska.com.pl\/index.php?rest_route=\/wp\/v2\/pages\/1019","targetHints":{"allow":["GET"]}}],"collection":[{"href":"http:\/\/piekarska.com.pl\/index.php?rest_route=\/wp\/v2\/pages"}],"about":[{"href":"http:\/\/piekarska.com.pl\/index.php?rest_route=\/wp\/v2\/types\/page"}],"author":[{"embeddable":true,"href":"http:\/\/piekarska.com.pl\/index.php?rest_route=\/wp\/v2\/users\/1"}],"replies":[{"embeddable":true,"href":"http:\/\/piekarska.com.pl\/index.php?rest_route=%2Fwp%2Fv2%2Fcomments&post=1019"}],"version-history":[{"count":1,"href":"http:\/\/piekarska.com.pl\/index.php?rest_route=\/wp\/v2\/pages\/1019\/revisions"}],"predecessor-version":[{"id":1020,"href":"http:\/\/piekarska.com.pl\/index.php?rest_route=\/wp\/v2\/pages\/1019\/revisions\/1020"}],"up":[{"embeddable":true,"href":"http:\/\/piekarska.com.pl\/index.php?rest_route=\/wp\/v2\/pages\/690"}],"wp:attachment":[{"href":"http:\/\/piekarska.com.pl\/index.php?rest_route=%2Fwp%2Fv2%2Fmedia&parent=1019"}],"curies":[{"name":"wp","href":"https:\/\/api.w.org\/{rel}","templated":true}]}}