{"id":1021,"date":"2015-04-24T12:20:40","date_gmt":"2015-04-24T12:20:40","guid":{"rendered":"http:\/\/piekarska.com.pl\/?page_id=1021"},"modified":"2015-04-24T12:20:40","modified_gmt":"2015-04-24T12:20:40","slug":"bo-do-tanga-trzeba-dwojga","status":"publish","type":"page","link":"http:\/\/piekarska.com.pl\/?page_id=1021","title":{"rendered":"Bo do tanga trzeba dwojga"},"content":{"rendered":"<p style=\"text-align: left;\">Tak \u015bpiewa\u0142a Budka Suflera i otrzyma\u0142a z\u0142ot\u0105 p\u0142yt\u0119. Przypomnia\u0142 mi si\u0119 ten tekst, kiedy usiad\u0142szy rano do pisania wzrockowiska (kt\u00f3re nota bene mia\u0142o by\u0107 o czym\u015b zupe\u0142nie innym) w domu wybuch\u0142a bomba! M\u00f3j syn rozrycza\u0142 si\u0119 jak b\u00f3br. Pow\u00f3d? Nie chce i\u015b\u0107 do szko\u0142y. By\u0142am zdziwiona, bo Maciek szko\u0142\u0119 uwielbia. C\u00f3\u017c wi\u0119c si\u0119 sta\u0142o? Ano&#8230; w szkole jest bal przebiera\u0144c\u00f3w! &#8222;Mamo, ja b\u0142agam! Nie chc\u0119 i\u015b\u0107! buuuuuuu&#8221; Nawet przebranie Harrego Pottera nie zach\u0119ci\u0142o go do wzi\u0119cia udzia\u0142u w szkolnych ta\u0144cach. &#8222;Bo jest ha\u0142as, wszyscy si\u0119 pchaj\u0105 i \u015bpiewaj\u0105 jakie\u015b: &#8222;wsta\u0144 powiedz nie jeste\u015b sam&#8221;! A Ka\u015bka tak to wyje, \u017ce mo\u017cna oszale\u0107!&#8221; Us\u0142yszawszy to od razu przypomnia\u0142 mi si\u0119 list Silencium &#8211; czytelniczki, kt\u00f3ra napisa\u0142a mi o ta\u0144cu. By\u0142o w li\u015bcie o tym, \u017ce dzisiejsi faceci nie lubi\u0105 ta\u0144czy\u0107 i ona nie wie dlaczego. Pyta\u0142a czy winna temu jest muzyka? &#8222;Ilekro\u0107 jestem na imprezie kolesie w\u0142\u0105czaj\u0105 rzeczy, kt\u00f3re lubi\u0119 i s\u0105 fajne do s\u0142uchania, ale do ta\u0144ca ju\u017c niekoniecznie. No bo czy zata\u0144czysz Korna? Albo Mansona? Je\u015bli nawet da si\u0119 w ich rytm co\u015b zata\u0144czy\u0107 to b\u0119dzie to raczej pogo ni\u017c tango lub cokolwiek z przytulaniem. A przecie\u017c fajnie jest zata\u0144czy\u0107 z ukochanym i spojrze\u0107 mu w ta\u0144cu w oczy.&#8221;<br \/>\nCo\u015b w tym jest, ale nie specjalnie wini\u0142abym muzyk\u0119. Dawniej te\u017c komponowano utwory, kt\u00f3re nie by\u0142y przeznaczone do ta\u0144ca, a jednak ludzie ta\u0144czyli. Ma\u0142o tego! Ka\u017cdy kulturalny facet posiada\u0142 t\u0119 trudn\u0105 sztuk\u0119. Temu, \u017ce taniec podupad\u0142 winna jest raczej obyczajowo\u015b\u0107, w kt\u00f3rej \u017cyjemy. Taniec przez lata by\u0142 swoist\u0105 gr\u0105 p\u0142ci. W czasach, gdy panie nie\u015bmia\u0142o spogl\u0105da\u0142y na pan\u00f3w skrywaj\u0105c u\u015bmiech za wachlarzem, ich cia\u0142a mog\u0142y si\u0119 dotkn\u0105\u0107 tylko na chwil\u0119 i to tylko w ta\u0144cu. Dzi\u015b, gdy zakochane pary przytulone zalegaj\u0105 nawet szkolne korytarze, gdy ludzie ca\u0142uj\u0105 si\u0119 na ulicy, w tramwaju czy kawiarni, taniec straci\u0142 na znaczeniu. Ma sw\u00f3j urok w dzieci\u0144stwie, gdy przechodzi si\u0119 pierwsze fazy fascynacji p\u0142ci\u0105 przeciwn\u0105. Sama pami\u0119tam szkolne zabawy, kiedy ta\u0144czenie z ch\u0142opcami by\u0142o &#8222;czym\u015b&#8221;. Ta, kt\u00f3rej nikt nie poprosi\u0142 do ta\u0144ca mia\u0142a swoj\u0105 jedyn\u0105 szans\u0119 podczas &#8222;bia\u0142ego tanga&#8221;. W czasie jednej z takich zabaw, a by\u0142o to gdzie\u015b w sz\u00f3stej klasie, ta\u0144czy\u0142am z Krzy\u015bkiem. Stoj\u0105cy pod \u015bcian\u0105 Tomek wrzasn\u0105\u0142: &#8222;Zaraz Krzychu wysunie armat\u0119, a Piekara otworzy sw\u0105 \u015bluz\u0119!&#8221; Wszyscy wko\u0142o rykn\u0119li \u015bmiechem, a my zjarali\u015bmy ceg\u0142\u0119 zw\u0142aszcza, \u017ce Tomek oczywi\u015bcie oble\u015bnie rechota\u0142. Przez ten jego rechot do ko\u0144ca zabawy nie zata\u0144czy\u0142am ju\u017c z Krzy\u015bkiem. Do &#8222;bia\u0142ego tanga&#8221; poprosi\u0142am kogo\u015b innego. Taniec by\u0142 wtedy tym momentem zabawy, na kt\u00f3ry czeka\u0142o si\u0119 r\u00f3wnie\u017c na prywatnej imprezce. Kiedy wyprawia\u0142am imieniny m\u00f3j tata przychodzi\u0142 do pokoju i obta\u0144cowywa\u0142 po kolei wszystkie kole\u017canki. Potem \u017cegna\u0142 si\u0119 m\u00f3wi\u0105c: &#8222;cze\u015b\u0107 dansiory&#8221; i szed\u0142 do mamy zda\u0107 jej relacj\u0119, \u017ce ta\u0144czymy a\u017c \u0142by nam odskakuj\u0105. Dla mamy wie\u015bci z parkietu by\u0142y wa\u017cne, bo mama uwielbia\u0142a ta\u0144czy\u0107 i jak sama kiedy\u015b mi wyzna\u0142a, wysz\u0142a za tat\u0119 mi\u0119dzy innymi dlatego, \u017ce by\u0142 najlepszym tancerzem jakiego spotka\u0142a. Wiem co\u015b o tym! Przeta\u0144czy\u0142am z ojcem niejeden bal. I to nie tylko w dzieci\u0144stwie. Dopiero, gdy do wyprawienia imienin potrzebna by\u0142a ca\u0142kowicie wolna chata, bo w \u017cycie towarzyskie wkroczy\u0142y papierosy i alkohol, wszystko si\u0119 zmieni\u0142o. Przesta\u0142a si\u0119 liczy\u0107 muzyka do ta\u0144ca, bo sam taniec przesta\u0142 by\u0107 najbardziej oczekiwan\u0105 cz\u0119\u015bci\u0105 imprezy. Wprawdzie ta\u0144ce czasem si\u0119 zdarza\u0142y, ale &#8230; przodowa\u0142y w tym same dziewczyny. Niby by\u0142y szlachetne wyj\u0105tki. Na przyk\u0142ad Krzysiek, z kt\u00f3rym ta\u0144cz\u0105c w maturalnej klasie wywr\u00f3ci\u0142am si\u0119 tak, \u017ce mini sukienka zakry\u0142a mi twarz, a wszyscy obejrzeli moje majtki. Mo\u017ce by nikt upadku nie zauwa\u017cy\u0142, gdyby\u015bmy nie byli jedyn\u0105 par\u0105 na parkiecie. Niestety. Spo\u015br\u00f3d wszystkich ch\u0142opc\u00f3w z klasy ta\u0144czy\u0142 tylko Krzysiek. I do dzi\u015b ta dysproporcja zosta\u0142a! Faceci zdecydowanie wol\u0105 sp\u0119dza\u0107 imprezy przy kieliszku lub muzycznym sprz\u0119cie zmieniaj\u0105c bez przerwy muzyk\u0119, co jeden z moich kumpli okre\u015bli\u0142 &#8222;kompleksem did\u017ceja&#8221;. Ale jedyn\u0105 rzecz\u0105 nadaj\u0105ca si\u0119 do ta\u0144ca w parach, kt\u00f3r\u0105 nasi &#8222;did\u017ceje&#8221; puszczaj\u0105 ch\u0119tnie jest Bob Marley.<br \/>\nDwa lata temu podczas sylwestra z wielkim trudem z kole\u017cankami doprosi\u0142y\u015bmy si\u0119 o jak\u0105kolwiek muzyk\u0119 do ta\u0144czenia. Uda\u0142o nam si\u0119 to po kilku godzinach i to tylko dlatego, \u017ce m\u0105\u017c jednej z dziewczyn kiedy\u015b ta\u0144czy\u0142 zawodowo. Biedak musia\u0142 obta\u0144cowa\u0107 wszystkie kobitki. Jak to okre\u015bli\u0142a znajoma: &#8222;Wyrabia\u0142 norm\u0119 za reszt\u0119 pan\u00f3w&#8221;. Ci zreszt\u0105 co chwila zmieniali muzyk\u0119 z tanecznej na Slayera lub Metallic\u0119. A\u017c si\u0119 potem jeden zdziwi\u0142, \u017ce machaj\u0105c \u0142bem jak wariatka zrzuci\u0142am mu w\u0142osami okulary z nosa.<br \/>\nOstatnio posz\u0142am z kumplem na otwarcie nowego klubu w Warszawie. Tam jaki\u015b facet poprosi\u0142 mnie do ta\u0144ca. Stan\u0105\u0142 naprzeciwko mnie i zacz\u0105\u0142 wymachiwa\u0107 \u0142apami jak wiatrak, a miny robi\u0142 przy tym zupe\u0142nie jak Jim Carrey w Masce. My\u015bla\u0142am, \u017ce odwali taneczny numer w stylu Johna Travolty w Gor\u0105czce Sobotniej Nocy, ale po 10 minutach nic si\u0119 nie zmieni\u0142o. Go\u015bciu ca\u0142y czas sta\u0142 naprzeciwko i tymi \u0142apami macha\u0142 jakby mia\u0142 jaki\u015b atak lub walczy\u0142 z niewidzialnym wrogiem. Wi\u0119c si\u0119 go spyta\u0142am po co mu ja? Przecie\u017c te wygibasy mo\u017ce wykonywa\u0107 r\u00f3wnie dobrze sam? No i facet si\u0119 obrazi\u0142. A czy to moja wina, \u017ce nie czu\u0142am mu si\u0119 w tym pseudo ta\u0144cu potrzebna? Ale&#8230; no w\u0142a\u015bnie. Po co facetowi dzi\u015b kobieta w ta\u0144cu? Przytuli\u0107 mo\u017ce j\u0105 i bez tego. I nikt nie powie, \u017ce to nieprzyzwoite.<br \/>\nA co z moim synem? Czy poszed\u0142 na bal? Nie. Uzna\u0142am, \u017ce skoro w zesz\u0142ym roku z balu uciek\u0142 po 5 minutach wyj\u0105c, wi\u0119c w tym roku pozwoli\u0142am mu zosta\u0107 w domu. Jego ojciec powiedzia\u0142, \u017ce te\u017c nie lubi\u0142 szklonych ta\u0144c\u00f3w. I nawet str\u00f3j Zorro nie by\u0142 w stanie przekona\u0107 go, \u017ce szkolny bal jest czym\u015b fajnym. C\u00f3\u017c. Kiedy\u015b Zorro dzi\u015b Harry Potter, a problem jest ten sam. Do tanga trzeba dwojga, ale tylko my baby lubimy ta\u0144czy\u0107. Kiedy ostatnio zaproponowa\u0142am swojemu ukochanemu, \u017ceby\u015bmy zata\u0144czyli to wys\u0142a\u0142 mnie do psychiatry! Ale po co mi psychiatra je\u015bli i on nie ta\u0144czy?<\/p>\n<p style=\"text-align: left;\">COGITO 5\/2002 (171)<\/p>\n","protected":false},"excerpt":{"rendered":"<p>Tak \u015bpiewa\u0142a Budka Suflera i otrzyma\u0142a z\u0142ot\u0105 p\u0142yt\u0119. Przypomnia\u0142 mi si\u0119 ten tekst, kiedy usiad\u0142szy rano do pisania wzrockowiska (kt\u00f3re nota bene mia\u0142o by\u0107 o czym\u015b zupe\u0142nie innym) w domu wybuch\u0142a bomba! M\u00f3j syn rozrycza\u0142 si\u0119 jak b\u00f3br. Pow\u00f3d? Nie &hellip; <a href=\"http:\/\/piekarska.com.pl\/?page_id=1021\">Continue reading <span class=\"meta-nav\">&rarr;<\/span><\/a><\/p>\n","protected":false},"author":1,"featured_media":0,"parent":690,"menu_order":0,"comment_status":"closed","ping_status":"open","template":"","meta":{"_acf_changed":false,"footnotes":""},"class_list":["post-1021","page","type-page","status-publish","hentry"],"acf":[],"_links":{"self":[{"href":"http:\/\/piekarska.com.pl\/index.php?rest_route=\/wp\/v2\/pages\/1021","targetHints":{"allow":["GET"]}}],"collection":[{"href":"http:\/\/piekarska.com.pl\/index.php?rest_route=\/wp\/v2\/pages"}],"about":[{"href":"http:\/\/piekarska.com.pl\/index.php?rest_route=\/wp\/v2\/types\/page"}],"author":[{"embeddable":true,"href":"http:\/\/piekarska.com.pl\/index.php?rest_route=\/wp\/v2\/users\/1"}],"replies":[{"embeddable":true,"href":"http:\/\/piekarska.com.pl\/index.php?rest_route=%2Fwp%2Fv2%2Fcomments&post=1021"}],"version-history":[{"count":1,"href":"http:\/\/piekarska.com.pl\/index.php?rest_route=\/wp\/v2\/pages\/1021\/revisions"}],"predecessor-version":[{"id":1022,"href":"http:\/\/piekarska.com.pl\/index.php?rest_route=\/wp\/v2\/pages\/1021\/revisions\/1022"}],"up":[{"embeddable":true,"href":"http:\/\/piekarska.com.pl\/index.php?rest_route=\/wp\/v2\/pages\/690"}],"wp:attachment":[{"href":"http:\/\/piekarska.com.pl\/index.php?rest_route=%2Fwp%2Fv2%2Fmedia&parent=1021"}],"curies":[{"name":"wp","href":"https:\/\/api.w.org\/{rel}","templated":true}]}}