{"id":1060,"date":"2015-04-24T13:48:01","date_gmt":"2015-04-24T13:48:01","guid":{"rendered":"http:\/\/piekarska.com.pl\/?page_id=1060"},"modified":"2015-04-24T13:48:01","modified_gmt":"2015-04-24T13:48:01","slug":"krezus-w-grobie","status":"publish","type":"page","link":"http:\/\/piekarska.com.pl\/?page_id=1060","title":{"rendered":"Krezus w grobie"},"content":{"rendered":"<p>Nazywany kr\u00f3lem ju\u017c za \u017cycia, po \u015bmierci sta\u0142 si\u0119 prawdziw\u0105 legend\u0105. Naprawd\u0119 wiecznie \u017cywy. 16-go sierpnia w 25-t\u0105 rocznic\u0119 \u015bmierci Elvisa Presleya do Memphis zjecha\u0142y rzesze fan\u00f3w z ca\u0142ego \u015bwiata. Wielu z nich mia\u0142o na ciele tatua\u017ce z Elvisem. Niekt\u00f3rzy od lat czesz\u0105 si\u0119 na Elvisa i chodz\u0105 ubrani w bia\u0142y str\u00f3j z cekinami. Zarobki kr\u00f3la rock and rolla wynios\u0142y w zesz\u0142ym roku 37 milion\u00f3w dolar\u00f3w. Co ma z tego sam Elvis? Pierwsze miejsce na li\u015bcie opublikowanej przez magazyn Forbes, a zestawiaj\u0105cej po\u015bmiertne zarobki gwiazd.<\/p>\n<p>W dzisiejszym \u015bwiecie zdominowanym przez pieni\u0105dz oraz p\u0119d do posiadania wszystkiego oczywi\u015bcie nowego, markowego i w du\u017cej ilo\u015bci, taka lista mnie nie szokuje. Tylko &#8230; doprowadza do sza\u0142u!<br \/>\nZw\u0142aszcza, \u017ce od lat obserwuj\u0119 o ile wi\u0119kszym szacunkiem i uznaniem ciesz\u0105 si\u0119 ci arty\u015bci, kt\u00f3rzy wi\u0119cej zarabiaj\u0105 od tych biedniejszych. I cz\u0119sto nie ma to nic wsp\u00f3lnego z talentem. Rzecz tyczy nie tylko estrady! R\u00f3wnie\u017c o zgrozo literatury! Miliony za swoje ksi\u0105\u017cki zgarnia niejaka pani Jackie Collins, nota bene siostra Joan Collins gwiazdy Dynastii, a warto\u015b\u0107 tej literatury? Przeczyta\u0142am ostatnio jedno jej &#8222;dzie\u0142ko&#8221;. Nazywa\u0142o si\u0119 &#8222;\u015amiertelne zauroczenie&#8221;. Pe\u0142ne by\u0142o opis\u00f3w m\u0119\u017cczyzn o wielkich penisach, kobiet o r\u00f3wnie gigantycznych piersiach, a wszyscy bohaterowie pomi\u0119dzy uprawianiem seksu z byle kim i byle gdzie, a cz\u0119sto w miejscach publicznych, wydawali miliardy na jakie\u015b straszne bzdury. Ca\u0142o\u015b\u0107 ubawi\u0142a mnie do \u0142ez. Po przeczytaniu mia\u0142am tylko jedno, ale jak\u017ce istotne pytanie. Po co komu taka ksi\u0105\u017cka? Autorka z pewno\u015bci\u0105 zarabia kilkaset razy tyle co nasza rodzima Olga Tokarczuk, ale to jednak Olga dostarczy\u0142a mi swoimi powie\u015bciami wielu przemy\u015ble\u0144 i tyle\u017c samo wzrusze\u0144. Ale c\u00f3\u017c&#8230; to o pani Jackie Collins g\u0142o\u015bno jest na ca\u0142ym \u015bwiecie. O Oldze mniej. Pieni\u0105dze gwiazd i inwestycje gwiazd s\u0105 tematami przewodnimi wielu plotkarskich pism. Czasem te informacje s\u0105 \u017cenuj\u0105co g\u0142upie. Co te\u017c bogaci ludzie z pieni\u0119dzmi robi\u0105?<br \/>\nNie mam nic do Jennifer Lopez, cho\u0107 czasem nazywam j\u0105 &#8222;Je\u0142opez&#8221;, ale po przeczytaniu, \u017ce ubezpieczy\u0142a sw\u00f3j ty\u0142ek na spor\u0105 sumk\u0119 (dok\u0142adnie milion dolar\u00f3w) mia\u0142am ch\u0119\u0107 spyta\u0107, czy ubezpieczy\u0142a go przed celulitisem czy mo\u017ce my\u015bliwskim \u015brutem, bo m\u00f3wi\u0105 o niej, \u017ce jest zgrabna jak sarna? Czy gdyby straci\u0142a ten ty\u0142ek to kupi sobie nowy z pieni\u0119dzy za ubezpieczenie? A czemu nie ubezpieczy\u0142a g\u0142owy? Mo\u017ce tego nie ubezpieczaj\u0105? Bo bardzo \u0142atwo j\u0105 straci\u0107, gdy si\u0119 nagle zaczyna operowa\u0107 milionami?<br \/>\nMedia cz\u0119sto podaj\u0105 kto sobie co kupi\u0142 i za ile. Jak\u0105 sum\u0119 wyda\u0142 Michael Jackson na ostatni\u0105 operacj\u0119 swojego nosa &#8211; t\u0119 po kt\u00f3rej sta\u0142 si\u0119 on kruchy jak beza i trzeba go przykrywa\u0107 mask\u0105, by si\u0119 nie rozpad\u0142.<br \/>\nPrzez gazety robione s\u0105 r\u00f3\u017cne zestawienia. Film\u00f3w, kt\u00f3re zdoby\u0142y najwi\u0119cej nagr\u00f3d. P\u0142yt, kt\u00f3re osi\u0105gn\u0119\u0142y najwi\u0119kszy nak\u0142ad. Piosenek, kt\u00f3re najszybciej dotar\u0142y na szczyty list przeboj\u00f3w. Gwiazd, kt\u00f3re zagra\u0142y w najwi\u0119kszej ilo\u015bci film\u00f3w. O ile te listy maj\u0105 jaki\u015b sens, bo pokazuj\u0105 czyj\u015b dorobek, o tyle lista tych, kt\u00f3rzy najwi\u0119cej zarobili po \u015bmierci wydaje mi si\u0119 wkurzaj\u0105ca. Co oni z tego maj\u0105? Na grobie ro\u015bnie im kupa z\u0142ota? Pr\u0119dzej b\u0142ota! Czemu takiej listy nikt nie nazwa\u0142: list\u0105 tych, kt\u00f3rych rodziny zarobi\u0142y najwi\u0119cej po ich \u015bmierci na ich talencie. Bo nie\u0142adnie? Nieetycznie? A to czemu? Bardziej etyczne jest pisanie, \u017ce maj\u0105tek nieboszczyka Elvisa zwi\u0119kszy\u0142 si\u0119 w ci\u0105gu roku o 37 miliard\u00f3w dolar\u00f3w? Paradoksalnie sam Elvis, gdyby \u017cy\u0142, a mia\u0142 t\u0119 \u015bwiadomo\u015b\u0107 krucho\u015bci \u017cycia jak\u0105 z pewno\u015bci\u0105 ma dzi\u015b gdy jest trupem, by\u0107 mo\u017ce odda\u0142by owe 37 miliard\u00f3w na kraje trzeciego \u015bwiata. Ale&#8230; przecie\u017c w chwili, kiedy nie \u017cyje te pieni\u0105dze nie nale\u017c\u0105 do niego. Jednak jaki\u015b idiotyczny magazyn, tworz\u0105c swoj\u0105 idiotyczn\u0105 list\u0119 utwierdza nas w przekonaniu, \u017ce pieni\u0105dze uzyskane przez Elvisa po \u015bmierci to jego szmal. Ech Elvisie! Kr\u00f3lu rock and rolla! Wyda\u0142e\u015b ju\u017c w niebie jaki\u015b bankiet? A mo\u017ce tylko zaprosi\u0142e\u015b na lody wszystkich \u015bwi\u0119tych? Mam nadziej\u0119, \u017ce ta boska ambrozja kosztuje odpowiedni\u0105 sum\u0119. B\u0105d\u017a krezusem i w grobie! Co Elvisowi z tego pierwszego miejsca na Li\u015bcie Forbes? Ano tyle, \u017ce tu\u017c za nim uplasowali si\u0119 John Lennon i George Harrison. Jednym s\u0142owem nawet po \u015bmierci wygrywa z Bitelsami.<br \/>\nI tylko na chwil\u0119 jeszcze wr\u00f3c\u0119 do Jennifer Lopez i jej ubezpieczonego na milion dolar\u00f3w ty\u0142ka. Kobieto! On i tak kiedy\u015b si\u0119 rozpadnie! Nikt i nic nie jest wieczne! Szkoda tylko, \u017ce inaczej jest z p\u0119dem do szmalu. Na szcz\u0119\u015bcie nie wszyscy go odczuwaj\u0105.<\/p>\n<p>COGITO 13\/2002 (179)<\/p>\n<p>&nbsp;<\/p>\n","protected":false},"excerpt":{"rendered":"<p>Nazywany kr\u00f3lem ju\u017c za \u017cycia, po \u015bmierci sta\u0142 si\u0119 prawdziw\u0105 legend\u0105. Naprawd\u0119 wiecznie \u017cywy. 16-go sierpnia w 25-t\u0105 rocznic\u0119 \u015bmierci Elvisa Presleya do Memphis zjecha\u0142y rzesze fan\u00f3w z ca\u0142ego \u015bwiata. Wielu z nich mia\u0142o na ciele tatua\u017ce z Elvisem. Niekt\u00f3rzy &hellip; <a href=\"http:\/\/piekarska.com.pl\/?page_id=1060\">Continue reading <span class=\"meta-nav\">&rarr;<\/span><\/a><\/p>\n","protected":false},"author":1,"featured_media":0,"parent":690,"menu_order":0,"comment_status":"closed","ping_status":"open","template":"","meta":{"_acf_changed":false,"footnotes":""},"class_list":["post-1060","page","type-page","status-publish","hentry"],"acf":[],"_links":{"self":[{"href":"http:\/\/piekarska.com.pl\/index.php?rest_route=\/wp\/v2\/pages\/1060","targetHints":{"allow":["GET"]}}],"collection":[{"href":"http:\/\/piekarska.com.pl\/index.php?rest_route=\/wp\/v2\/pages"}],"about":[{"href":"http:\/\/piekarska.com.pl\/index.php?rest_route=\/wp\/v2\/types\/page"}],"author":[{"embeddable":true,"href":"http:\/\/piekarska.com.pl\/index.php?rest_route=\/wp\/v2\/users\/1"}],"replies":[{"embeddable":true,"href":"http:\/\/piekarska.com.pl\/index.php?rest_route=%2Fwp%2Fv2%2Fcomments&post=1060"}],"version-history":[{"count":1,"href":"http:\/\/piekarska.com.pl\/index.php?rest_route=\/wp\/v2\/pages\/1060\/revisions"}],"predecessor-version":[{"id":1061,"href":"http:\/\/piekarska.com.pl\/index.php?rest_route=\/wp\/v2\/pages\/1060\/revisions\/1061"}],"up":[{"embeddable":true,"href":"http:\/\/piekarska.com.pl\/index.php?rest_route=\/wp\/v2\/pages\/690"}],"wp:attachment":[{"href":"http:\/\/piekarska.com.pl\/index.php?rest_route=%2Fwp%2Fv2%2Fmedia&parent=1060"}],"curies":[{"name":"wp","href":"https:\/\/api.w.org\/{rel}","templated":true}]}}