{"id":1066,"date":"2015-04-24T13:51:28","date_gmt":"2015-04-24T13:51:28","guid":{"rendered":"http:\/\/piekarska.com.pl\/?page_id=1066"},"modified":"2015-04-24T13:51:28","modified_gmt":"2015-04-24T13:51:28","slug":"mamy-cie","status":"publish","type":"page","link":"http:\/\/piekarska.com.pl\/?page_id=1066","title":{"rendered":"Mamy ci\u0119"},"content":{"rendered":"<p>Emitowany w TVN program Szymona Majewskiego wzbudza wielkie emocje. Oto arty\u015bci ze wszystkich bran\u017cy wkr\u0119cani przez przyjaci\u00f3\u0142 w r\u00f3\u017cne sytuacje pokazuj\u0105, czy potrafi\u0105 \u015bmia\u0107 si\u0119 z siebie. Wniosek? Potrafi\u0105. Cho\u0107 bywa, \u017ce dowcipy, jakie si\u0119 im robi, do najwybredniejszych nie nale\u017c\u0105.<\/p>\n<p>Oto Ma\u0142gosia Ostrowska z Lombardu bierze udzia\u0142 w nowym programie na \u017cywo, prowadzonym przez Manuel\u0119 Michalak. Ma \u015bpiewa\u0107 z playbacku i\u2026 co chwila playback si\u0119 zacina, a Ma\u0142gosia zamiast grzecznie \u015bpiewa\u0107 \u201cszklana pogoda, szyby niebieskie od telewizor\u00f3w\u201d, \u015bpiewa \u201cszklana pogogogogdaaaaa\u201d i czerwieni si\u0119 ze wstydu. Gdy jest po wszystkim, oddycha z ulg\u0105, \u017ce to tylko \u017cart! Wkr\u0119cili go w ni\u0105 przyjaciele. Jakiej klasy trzeba by\u0107 cz\u0142owiekiem, by za co\u015b takiego nie zmiesza\u0107 owych przyjaci\u00f3\u0142 z b\u0142otem? Na pewno du\u017cej. Bo \u015bmia\u0107 si\u0119 z siebie jest najtrudniej.<br \/>\nCzy moi Czytelnicy to potrafi\u0105? Takie pytanie zadaj\u0119 sobie cz\u0119sto. Najcz\u0119\u015bciej wtedy, kiedy napisz\u0119 jakie\u015b \u2013 moim zdaniem \u2013 zabawne Wzrockowisko, a tu nagle zaczynaj\u0105 nap\u0142ywa\u0107 g\u0142osy oburzonych, \u017ce kogo\u015b nim obrazi\u0142am. Tak by\u0142o wiele razy. Przesta\u0142am ju\u017c liczy\u0107 wszystkie g\u0142osy oburzonych, kt\u00f3rzy nie za\u0142apali, \u017ce jaki\u015b m\u00f3j tekst jest dziennikarsk\u0105 prowokacj\u0105 lub \u017cartem.<br \/>\nUmie\u0107 \u015bmia\u0107 si\u0119 z siebie to jedna z najtrudniejszych umiej\u0119tno\u015bci. My\u015bl\u0119, \u017ce sama mam j\u0105 w do\u015b\u0107 zaawansowanym stopniu. A wszystko dlatego, \u017ce w dzieci\u0144stwie straszliwie mi dokuczano. Zacz\u0119\u0142o si\u0119 od okular\u00f3w, kt\u00f3re musia\u0142am nosi\u0107 od 4. roku \u017cycia. To wtedy zada\u0142am mamie pytanie: \u201cKto to jest okularnik?\u201d. A gdy mama odpowiedzia\u0142a, \u017ce w\u0105\u017c, by\u0142am w szoku. \u201cA c\u00f3\u017c to ja mam wsp\u00f3lnego z w\u0119\u017cem?\u201d \u2013 zastanawia\u0142am si\u0119. Potem przysz\u0142y inne docinki, o moim zezie, o tym, \u017ce p\u0142aka\u0142am przy lekturze \u201cBrzydkiego kacz\u0105tka\u201d i \u015bmierci Nemeczka z \u201cCh\u0142opc\u00f3w z Placu Broni\u201d. Dzi\u015b potrafi\u0119 \u015bmia\u0107 si\u0119 z siebie. Potrafi\u0119 \u015bmia\u0107 si\u0119 z siebie nawet w spos\u00f3b najbardziej niewybredny, przedstawiaj\u0105c si\u0119 w czasie rozm\u00f3w telefonicznych znajomym: \u201cTu m\u00f3wi Piekara i jej stara szpara\u201d. Dlatego za ka\u017cdym razem jestem w szoku, gdy kto\u015b mi pisze \u2013 jak \u015bmiem \u015bmia\u0107 si\u0119 z Michaela Jacksona i jego starych gaci. Jak \u015bmiem obra\u017ca\u0107 Jennifer Lopez i pisa\u0107 o niej per \u201cJe\u0142opez\u201d. Z tych list\u00f3w wynika, \u017ce przed artystami to trzeba kl\u0119ka\u0107 i, bro\u0144 Bo\u017ce, nie \u017cartowa\u0107 na ich temat. S\u0105 \u015bwi\u0119tsi od papie\u017ca.<br \/>\nNa szcz\u0119\u015bcie Szymon Majewski my\u015bli inaczej, a jak wynika z jego programu \u201cMamy Ci\u0119\u201d, arty\u015bci potrafi\u0105 si\u0119 \u015bmia\u0107 sami z siebie. Warunkiem pokazania gagu w programie jest zgoda bohatera.<br \/>\nZ siebie \u015bmia\u0142a si\u0119 wi\u0119c Agnieszka Chyli\u0144ska, wkr\u0119cona przez swego menad\u017cera Macieja Pilarczyka w pilnowanie syna pewnego biznesmena. Przyjecha\u0142a do niego omawia\u0107 szczeg\u00f3\u0142y swojego wyst\u0119pu w reklamie whisky. Niespe\u0142na dziesi\u0119cioletni syn biznesmena mimo protest\u00f3w Agnieszki \u015bci\u0105\u0142 kwiatki z klombu, a potem\u2026 odjecha\u0142 samochodem swojego taty w nieznanym kierunku. Kiedy samoch\u00f3d znik\u0142 za zakr\u0119tem, na horyzoncie pojawi\u0142 si\u0119 tatu\u015b smyka, pytaj\u0105c o pojazd i dziecko. Nie wierzy\u0142, \u017ce syn sam odjecha\u0142. K\u0142\u00f3tnia przybiera\u0142a ciekawe formy, bo Agnieszka ca\u0142y czas powtarza\u0142a: \u201cCo z pana za ojciec! Szukaj pan syna!\u201d. Na szcz\u0119\u015bcie po kr\u00f3tkiej chwili w\u00f3z wr\u00f3ci\u0142, a z niego wyskoczy\u0142a ekipa \u201cMamy Ci\u0119!\u201d z bukietem kwiat\u00f3w dla Agnieszki. Gagiem by\u0142a zachwycona, bo\u2026 udzia\u0142 w tym programie by\u0142 jej marzeniem.<br \/>\n\u201cMamy Ci\u0119!\u201d ma w Polsce wielk\u0105 ogl\u0105dalno\u015b\u0107. Ale pono\u0107 coraz trudniej znale\u017a\u0107 ch\u0119tnych do udzia\u0142u w nim. Pow\u00f3d? Nie ka\u017cdy z artyst\u00f3w ma poczucie humoru.<br \/>\nTak my\u015bl\u0119 sobie, \u017ce w\u015br\u00f3d Was jest wielu przysz\u0142ych wielkich artyst\u00f3w. Czy piel\u0119gnujecie i rozwijacie w sobie umiej\u0119tno\u015b\u0107 \u015bmiania si\u0119 z samych siebie? Czy mo\u017ce za kilka lat b\u0119dzie w\u015br\u00f3d Was wi\u0119cej ponurak\u00f3w ni\u017c weso\u0142k\u00f3w? Chcia\u0142abym to wiedzie\u0107 ju\u017c dzi\u015b. Jak na razie my\u015bl\u0119, \u017ce, niestety, wi\u0119cej jest ponurak\u00f3w. \u015awiadcz\u0105 o tym Wasze listy, kt\u00f3rych autorzy co chwila si\u0119 za co\u015b na mnie obra\u017caj\u0105. A przecie\u017c, jak mawia\u0142 biskup Krasicki, \u201cI \u015bmiech niekiedy mo\u017ce by\u0107 nauk\u0105, kiedy si\u0119 z przywar nie z os\u00f3b natrz\u0105sa\u201d.<\/p>\n<p>COGITO 13\/2004 (221)<\/p>\n","protected":false},"excerpt":{"rendered":"<p>Emitowany w TVN program Szymona Majewskiego wzbudza wielkie emocje. Oto arty\u015bci ze wszystkich bran\u017cy wkr\u0119cani przez przyjaci\u00f3\u0142 w r\u00f3\u017cne sytuacje pokazuj\u0105, czy potrafi\u0105 \u015bmia\u0107 si\u0119 z siebie. Wniosek? Potrafi\u0105. Cho\u0107 bywa, \u017ce dowcipy, jakie si\u0119 im robi, do najwybredniejszych nie &hellip; <a href=\"http:\/\/piekarska.com.pl\/?page_id=1066\">Continue reading <span class=\"meta-nav\">&rarr;<\/span><\/a><\/p>\n","protected":false},"author":1,"featured_media":0,"parent":690,"menu_order":0,"comment_status":"closed","ping_status":"open","template":"","meta":{"_acf_changed":false,"footnotes":""},"class_list":["post-1066","page","type-page","status-publish","hentry"],"acf":[],"_links":{"self":[{"href":"http:\/\/piekarska.com.pl\/index.php?rest_route=\/wp\/v2\/pages\/1066","targetHints":{"allow":["GET"]}}],"collection":[{"href":"http:\/\/piekarska.com.pl\/index.php?rest_route=\/wp\/v2\/pages"}],"about":[{"href":"http:\/\/piekarska.com.pl\/index.php?rest_route=\/wp\/v2\/types\/page"}],"author":[{"embeddable":true,"href":"http:\/\/piekarska.com.pl\/index.php?rest_route=\/wp\/v2\/users\/1"}],"replies":[{"embeddable":true,"href":"http:\/\/piekarska.com.pl\/index.php?rest_route=%2Fwp%2Fv2%2Fcomments&post=1066"}],"version-history":[{"count":1,"href":"http:\/\/piekarska.com.pl\/index.php?rest_route=\/wp\/v2\/pages\/1066\/revisions"}],"predecessor-version":[{"id":1067,"href":"http:\/\/piekarska.com.pl\/index.php?rest_route=\/wp\/v2\/pages\/1066\/revisions\/1067"}],"up":[{"embeddable":true,"href":"http:\/\/piekarska.com.pl\/index.php?rest_route=\/wp\/v2\/pages\/690"}],"wp:attachment":[{"href":"http:\/\/piekarska.com.pl\/index.php?rest_route=%2Fwp%2Fv2%2Fmedia&parent=1066"}],"curies":[{"name":"wp","href":"https:\/\/api.w.org\/{rel}","templated":true}]}}