{"id":1072,"date":"2015-04-24T13:55:14","date_gmt":"2015-04-24T13:55:14","guid":{"rendered":"http:\/\/piekarska.com.pl\/?page_id=1072"},"modified":"2015-04-24T13:55:14","modified_gmt":"2015-04-24T13:55:14","slug":"moda-na-suke","status":"publish","type":"page","link":"http:\/\/piekarska.com.pl\/?page_id=1072","title":{"rendered":"Moda na suk\u0119!"},"content":{"rendered":"<p>Po moim felietonie o hip-hopie napisa\u0142a do mnie Asia. \u017be nie lubi tej muzyki, a dzi\u015b zapanowa\u0142a na ni\u0105 moda i dooko\u0142a wszyscy tego s\u0142uchaj\u0105. Ona za\u015b ze swoim zami\u0142owaniem do rocka czuje si\u0119 wyalienowana.<\/p>\n<p>Gdy we W\u0142oszech zaczyna\u0142 si\u0119 renesans, a by\u0142o to na pocz\u0105tku XIV wieku w Polsce by\u0142 trwa\u0142 w najlepsze Gotyk. R\u00f3\u017cnica kulturowa mi\u0119dzy W\u0142ochami a Polsk\u0105 wynosi\u0142a w\u00f3wczas prawie 200 lat. Polska by\u0142a zap\u00f3\u017aniona w stosunku do zachodu przez ca\u0142e wieki. Po raz pierwszy na dobre zacz\u0119\u0142a go dogania\u0107 dopiero w czasach stanis\u0142awowskich, ale te przecie\u017c trwa\u0142y zbyt kr\u00f3tko.<\/p>\n<p>Nad tym po co jest moda zastanawia\u0142am si\u0119 wielokrotnie. Pierwszy raz mia\u0142o to miejsce, gdy pojecha\u0142am na wakacje na wie\u015b. By\u0142o to po uko\u0144czeniu \u00f3smej klasy. Wie\u015b le\u017ca\u0142a na Zamojszczy\u017anie i odwiedzi\u0142am tam rodzin\u0119 stryja. To nie by\u0142 taki prawdziwy, rodzony stryj. W czasie wojny moi dziadkowie wzi\u0119li na wychowanie ch\u0142opca z sieroci\u0144ca. Mia\u0142 3 latka i nic nie m\u00f3wi\u0142. By\u0142 jednym z tysi\u0119cy dzieci Zamojszczyzny przeznaczonym na zag\u0142ad\u0119. Zamiast do O\u015bwi\u0119cimia trafi\u0142 do troch\u0119 zwariowanej rodziny Piekarskich. Mniej wi\u0119cej po roku uda\u0142o si\u0119 ustali\u0107 jego to\u017csamo\u015b\u0107 i imi\u0119 &#8211; Jan. Po wojnie zg\u0142osi\u0142a si\u0119 po niego jego rodzona matka i zabra\u0142a z powrotem na zamojsk\u0105 wie\u015b. Cho\u0107 Janek sp\u0119dzi\u0142 z moim tat\u0105 3 lata swego \u017cycia Ojciec uwa\u017ca\u0142 go za swojego brata. Dlatego ja m\u00f3wi\u0142am do niego &#8222;stryju&#8221;. Bardzo si\u0119 cieszy\u0142am, \u017ce ma dzieci mniej wi\u0119cej w moim wieku. A zw\u0142aszcza, \u017ce ma c\u00f3rk\u0119 &#8211; rok ode mnie m\u0142odsz\u0105 El\u0119.<\/p>\n<p>Dlaczego ta pierwsza tak d\u0142uga wizyta na wsi sprawi\u0142a, \u017ce zacz\u0119\u0142am zastanawia\u0107 si\u0119 w\u0142a\u015bnie nad mod\u0105? Ela ci\u0105gle mnie wypytywa\u0142a: &#8222;Czy w Warszawie nosi si\u0119 karbowane chusteczki? U nas s\u0105 najmodniejsze.&#8221; A ja nie mia\u0142am zielonego poj\u0119cia o karbowanych chusteczkach na szyj\u0119. Wydawa\u0142o mi si\u0119, \u017ce je\u015bli ktokolwiek cokolwiek takiego nosi\u0142 to &#8230; przed moim narodzeniem. A mo\u017ce w og\u00f3le? Ch\u0119tnie s\u0142ucha\u0142am Perfectu, cho\u0107 nie by\u0142 moj\u0105 ulubion\u0105 kapel\u0105, a Ela tkwi\u0142a jeszcze w Africu Simonie, bo to \u015bpiewa\u0142 jej cioteczny brat. No i lubi\u0142a Urszul\u0119 Sipi\u0144sk\u0105, cho\u0107 wtedy triumfy zaczyna\u0142a \u015bwi\u0119ci\u0107 zgo\u0142a inna Urszula. A przecie\u017c na wie\u015b po\u0142o\u017con\u0105 ko\u0142o Starego Zamo\u015bcia dociera\u0142a i telewizja i radio i prasa. Jednak tam trendy w modzie rozprzestrzenia\u0142y si\u0119 wolniej. Jakby 300 kilometr\u00f3w r\u00f3wna\u0142o si\u0119 20 lat. Niby to post\u0119p w stosunku do czas\u00f3w w\u0142oskiego renesansu i polskiego gotyku, ale nadal by\u0142a to jaka\u015b r\u00f3\u017cnica.<\/p>\n<p>Dzi\u015b niby przyby\u0142o nam jeszcze jedno medium jakim jest internet, ale nadal s\u0105 r\u00f3\u017cnice. Mod\u0119 w \u015brodowiskach dyktuje otoczenie. To dlatego nikt w ma\u0142ej wioseczce nie b\u0119dzie nosi\u0142 ciuch\u00f3w z kolekcji Armaniego, bo b\u0119dzie odludkiem. Nikt nie b\u0119dzie samotnie s\u0142ucha\u0142 Patrici Kaas, kiedy wszyscy wok\u00f3\u0142 wybrali hip-hop. Albo hip-hopu, gdy otaczaj\u0105 go mi\u0142o\u015bnicy grunge`u. A kiedy ju\u017c tego s\u0142ucha, to tak jak Asia czuje si\u0119 wyobcowany. Bo trzeba wielkiego samozaparcia, by przeciwstawi\u0107 si\u0119 ciasnemu \u015brodowisku i wbrew niemu jako jedyny nosi\u0107 kapelusz w czasach kultu czapki z daszkiem i juniorki, gdy dooko\u0142a kr\u00f3luj\u0105 buty nike.<\/p>\n<p>Moda przychodzi zreszt\u0105 z r\u00f3wnych miejsc. Nie zawsze z zachodu. Czasem ze wschodu, jak ostatnio &#8222;Tatu&#8221;. Pami\u0119tam jak znajomy je\u017adzi\u0142 do NRD handlowa\u0107 kurtkami. \u015amia\u0142 si\u0119, \u017ce nasze &#8222;wie\u015bniackie kurtki&#8221;, Niemcy z &#8222;enerd\u00f3wka&#8221; brali jako wieeeelki krzyk mody, a przecie\u017c by\u0142 to &#8222;syf syf\u00f3w&#8221;. Opowiada\u0142 o wyro\u015bni\u0119tym ch\u0142opaku, kt\u00f3ry mierzy\u0142 kurtk\u0119 i wyda\u0142a mu si\u0119 ona za ma\u0142a. Znajomy obci\u0105gn\u0105\u0142 mu do do\u0142u r\u0119kawy, twierdz\u0105c, \u017ce &#8222;Jetz das ist gut&#8221;. Wed\u0142ug jego relacji, t\u0119 &#8222;teraz dobr\u0105&#8221; kurtk\u0119 Niemiec kupi\u0142 i odbieg\u0142 w podskokach. Zapewne ciesz\u0105c si\u0119, \u017ce ma najnowszy krzyk mody, sprowadzony zza granicy. Na tej i innych modach znajomy wzbogaci\u0142 si\u0119 do tego stopnia, \u017ce teraz jest w\u0142a\u015bcicielem wielkiego studia graficznego. Znam te\u017c ludzi, kt\u00f3rzy wzbogacili si\u0119 na modzie na muzyk\u0119 disco polo. I takich, kt\u00f3rzy zbili kas\u0119 na &#8230; piratowaniu p\u0142yt.<\/p>\n<p>Mo\u017ce dlatego twierdz\u0119, \u017ce moda jest w sumie po to, by wyci\u0105gn\u0105\u0107 od ludzi pieni\u0105dze? A poniewa\u017c w zale\u017cno\u015bci od miejsca, czasu i okoliczno\u015bci modne jest co innego, wi\u0119c trzeba wielkiego rozeznania by by\u0107 modnym. Dla mnie jest to niestety zbyt m\u0119cz\u0105ce. Latami chodz\u0119 w tych samych ciuchach. S\u0142ucham takiej muzyki jaka mi si\u0119 podoba i mam gdzie\u015b, czy jest ona modna.<\/p>\n<p>Wiem, \u017ce czasem jednak panuje moda na &#8230; walk\u0119 z mod\u0105! Tak na przyk\u0142ad odbieram walk\u0119 z popularno\u015bci\u0105 grupy Ich troje. No bo skoro z jednej strony ich p\u0142yty bij\u0105 rekordy sprzeda\u017cy, a wsz\u0119dzie wok\u00f3\u0142 ludzie m\u00f3wi\u0105, \u017ce to kicz to chyba jest to jaka\u015b walka? Kiedy\u015b jedna czytelniczka napisa\u0142a mi, \u017ce Wi\u015bniewski dlatego &#8222;czesze tak\u0105 kas\u0119 i kupuje samolot, \u017ce jest na niego moda&#8221;. Dla mnie korzystanie przez artyst\u00f3w z mody na siebie i zarabianie na tym nie wydaje mi si\u0119 czym\u015b z\u0142ym. Przyznam, \u017ce w skryto\u015bci ducha marz\u0119, by gdzie\u015b zapanowa\u0142a moda na Piekarsk\u0105. Nie musia\u0142abym na tej modzie zarobi\u0107 na samolot, ale na zwyk\u0142e rachunki, na kt\u00f3rych zap\u0142acenie czasem zwyczajnie brakuje mi szmalu.<\/p>\n<p>Niestety dzi\u015b ludzie pi\u00f3ra bardziej postrzegani s\u0105 jako rzemie\u015blnicy ni\u017c arty\u015bci. Wi\u0119c raczej nie mam szans. Ale&#8230; mo\u017ce zadzwoni\u0107 do stryja na Zamojszczyzn\u0119? W ko\u0144cu dwadzie\u015bcia lat min\u0119\u0142o od mojej pierwszej wizyty. Mo\u017ce moda na mnie tam dosz\u0142a? A mo\u017ce j\u0105 tam zapocz\u0105tkowa\u0107? W ko\u0144cu to w czasie tamtych wakacji na Zamojszczy\u017anie napisa\u0142am sw\u00f3j pierwszy tekst do gazety. A \u017ce m\u00f3j ch\u0142op jest policjantem, a policjant to pies, a \u017cona psa to suka, wi\u0119c b\u0119dzie to &#8230; &#8222;moda na suk\u0119!&#8221;<\/p>\n<p>COGITO 8\/2003 (195)<\/p>\n<p>&nbsp;<\/p>\n","protected":false},"excerpt":{"rendered":"<p>Po moim felietonie o hip-hopie napisa\u0142a do mnie Asia. \u017be nie lubi tej muzyki, a dzi\u015b zapanowa\u0142a na ni\u0105 moda i dooko\u0142a wszyscy tego s\u0142uchaj\u0105. Ona za\u015b ze swoim zami\u0142owaniem do rocka czuje si\u0119 wyalienowana. Gdy we W\u0142oszech zaczyna\u0142 si\u0119 &hellip; <a href=\"http:\/\/piekarska.com.pl\/?page_id=1072\">Continue reading <span class=\"meta-nav\">&rarr;<\/span><\/a><\/p>\n","protected":false},"author":1,"featured_media":0,"parent":690,"menu_order":0,"comment_status":"closed","ping_status":"open","template":"","meta":{"_acf_changed":false,"footnotes":""},"class_list":["post-1072","page","type-page","status-publish","hentry"],"acf":[],"_links":{"self":[{"href":"http:\/\/piekarska.com.pl\/index.php?rest_route=\/wp\/v2\/pages\/1072","targetHints":{"allow":["GET"]}}],"collection":[{"href":"http:\/\/piekarska.com.pl\/index.php?rest_route=\/wp\/v2\/pages"}],"about":[{"href":"http:\/\/piekarska.com.pl\/index.php?rest_route=\/wp\/v2\/types\/page"}],"author":[{"embeddable":true,"href":"http:\/\/piekarska.com.pl\/index.php?rest_route=\/wp\/v2\/users\/1"}],"replies":[{"embeddable":true,"href":"http:\/\/piekarska.com.pl\/index.php?rest_route=%2Fwp%2Fv2%2Fcomments&post=1072"}],"version-history":[{"count":1,"href":"http:\/\/piekarska.com.pl\/index.php?rest_route=\/wp\/v2\/pages\/1072\/revisions"}],"predecessor-version":[{"id":1073,"href":"http:\/\/piekarska.com.pl\/index.php?rest_route=\/wp\/v2\/pages\/1072\/revisions\/1073"}],"up":[{"embeddable":true,"href":"http:\/\/piekarska.com.pl\/index.php?rest_route=\/wp\/v2\/pages\/690"}],"wp:attachment":[{"href":"http:\/\/piekarska.com.pl\/index.php?rest_route=%2Fwp%2Fv2%2Fmedia&parent=1072"}],"curies":[{"name":"wp","href":"https:\/\/api.w.org\/{rel}","templated":true}]}}