{"id":1078,"date":"2015-04-24T13:59:09","date_gmt":"2015-04-24T13:59:09","guid":{"rendered":"http:\/\/piekarska.com.pl\/?page_id=1078"},"modified":"2015-04-24T13:59:09","modified_gmt":"2015-04-24T13:59:09","slug":"muzyka-mlodosc-uroda","status":"publish","type":"page","link":"http:\/\/piekarska.com.pl\/?page_id=1078","title":{"rendered":"Muzyka, m\u0142odo\u015b\u0107, uroda&#8230;"},"content":{"rendered":"<p>Tydzie\u0144 przed koncertem &#8222;Metallici&#8221; wywr\u00f3ci\u0142am si\u0119 na prostej drodze. Okulary wbi\u0142am w twarz &#8211; wstrz\u0105\u015bnienie m\u00f3zgu, rentgeny czaszki i mn\u00f3stwo innych przyjemno\u015bci, gojenie potrwa d\u0142ugo, a tymczasem &#8230; na dzie\u0144 przed koncertem mam um\u00f3wiony wywiad z &#8222;Apocalyptic\u0105&#8221;. Polskie zespo\u0142y chyba ju\u017c przyzwyczai\u0142y si\u0119, \u017ce albo cos mi si\u0119 przytrafia, albo w og\u00f3le nie maj\u0105 do czynienia z osob\u0105 do ko\u0144ca normaln\u0105, ale tutaj&#8230; gwiazda z zagranicy. Nie b\u0119d\u0119 przecie\u017c na wst\u0119pie t\u0142umaczy\u0107, \u017ce oto w przedszkolu dziecka wystawa\u0142a chodnikowa klepka&#8230; tak wi\u0119c charakteryzacja. 45 minut pokrywano mi twarz osypuj\u0105cym si\u0119 tynkiem przez co czu\u0142am si\u0119 zupe\u0142nie idiotycznie. Wreszcie wywiad a tu &#8230; oni mi m\u00f3wi\u0105, \u017cem pi\u0119kna! Abstrahuj\u0105c od prawdziwo\u015bci czy szczero\u015bci tych s\u0142\u00f3w wa\u017cne by\u0142o w nich to, \u017ce moje samopoczucie kobiety ze zdemolowan\u0105 twarz\u0105 znacznie si\u0119 poprawi\u0142o&#8230; zw\u0142aszcza, \u017ce lekarz mi m\u00f3wi\u0142, \u017ce twarzy to ja ju\u017c mie\u0107 nie b\u0119d\u0119, a co najwy\u017cej ryj. Czemu tyle miejsca po\u015bwi\u0119ci\u0142am wi\u0119c owemu rozwalonemu o chodnik ryjowi? W\u0142a\u015bnie wtedy po raz kolejny zacz\u0119\u0142am si\u0119 zastanawia\u0107 na ile uroda ma znaczenie przy muzyce&#8230; stan\u0119\u0142y mi przed oczami ro\u017cne obrazki.<\/p>\n<p>Zabra\u0142am kiedy\u015b m\u0119\u017ca mojej przyjaci\u00f3\u0142ki na koncert Kasi Kowalskiej. Krzychu, bo tak mu na imi\u0119, by\u0142 zafascynowany Kasi\u0105, jej g\u0142osem i urod\u0105. Nigdy nie by\u0142 w miejscu w kt\u00f3rym mo\u017cna otrze\u0107 si\u0119 o \u015bwiat gwiazd. Tam w jednej z sal kuluarowych kongres\u00f3wki, gdzie serwowano kanapeczki i inne smakowito\u015bci pojawi\u0142a si\u0119 masa artyst\u00f3w Nie tylko Kasia. Zderzenie si\u0119 Krzycha z rzeczywisto\u015bci\u0105 by\u0142o bolesne. &#8222;Ojej! jaka ta jest gruba, a ta jaka brzydka jednak co makija\u017c robi z cz\u0142owieka dobrze, \u017ce Kasia w naturze jest tak samo fajna.&#8221;<\/p>\n<p>Moja kumpela Gocha powiedzia\u0142a niedawno, \u017ce Polska przepad\u0142a na Eurowizji, bo wyst\u0105pi\u0142 Szcze\u015bniak, kt\u00f3ry jest gruby i brzydki, a gdyby wyst\u0105pi\u0142 pi\u0119kny Piasek by\u0142oby inaczej. No comments ok?<\/p>\n<p>Te s\u0142owa pisz\u0119 na dzia\u0142ce u znajomych, labtop na kolanach, dzieciaki k\u0105pi\u0105 si\u0119 w basenie, a za moimi plecami siedzi \u017cona jednego z mu\u017cyk\u00f3w, super baba. Jednak od kilku miesi\u0119cy m\u00f3wi: &#8222;niecierpi\u0119 z nim \u0142azi\u0107 po ulicy, bo nastolatki kt\u00f3rych jest idolem m\u00f3wi\u0105: Ale ma \u017con\u0119 brzydk\u0105, ale ma zmarszczki&#8230; Bo\u017ce m\u00f3j, one tez je b\u0119d\u0105 mia\u0142y kiedy do\u017cyj\u0105 mojego wieku. Czy wo\u0142a\u0142y by mie\u0107 idola kt\u00f3ry co roku ma now\u0105, \u015bwie\u017c\u0105 \u017con\u0119?&#8221;<\/p>\n<p>Kiedy jechali\u015bmy na te dzia\u0142k\u0119 to aby dzieci nie wrzeszcza\u0142y i da\u0142y w spokoju prowadzi\u0107 samoch\u00f3d, zapu\u015bci\u0142am im kaset\u0119 &#8222;Ma\u0142ego Ksi\u0119cia&#8221;, w tej bajce jest zdanie: &#8222;dobrze widzi si\u0119 tylko sercem, najwa\u017cniejsze jest niewidoczne dla oczu&#8221;. Im d\u0142u\u017cej \u017cyj\u0119 tym bardziej przekonuje si\u0119 jak to jest prawdziwe. I owszem powiem, \u017ce Ricky Martin jest przystojnym facetem, to samo tyczy si\u0119 Robbiego Willliamsa. Wol\u0119 jednak s\u0142ucha\u0107 Krzyska Cugowskiego, cho\u0107 jak m\u00f3wi dowcip nie wolno go pokazywa\u0107 w TV przed 22 bo si\u0119 dzieci boj\u0105. Dla mnie nie liczy si\u0119 bowiem uroda artysty, ale to co \u015bpiewa. A momenty w kt\u00f3rych na codzie\u0144 okazuje si\u0119, \u017ce wygl\u0105d jest wa\u017cniejszy uwa\u017cam za strasznie przykre. No&#8230; mo\u017ce nieskromnie powiem \u017ce wyj\u0105tkiem jest chwila gdy &#8222;Apocalyptica&#8221; powiedzia\u0142a mi, \u017ce jestem pi\u0119kna Ale to strasznie przyjemnie s\u0142ysze\u0107 takie s\u0142owa, gdy ma si\u0119 zdemolowany ryj.<\/p>\n<p>COGITO 12\/99 (115)<\/p>\n","protected":false},"excerpt":{"rendered":"<p>Tydzie\u0144 przed koncertem &#8222;Metallici&#8221; wywr\u00f3ci\u0142am si\u0119 na prostej drodze. Okulary wbi\u0142am w twarz &#8211; wstrz\u0105\u015bnienie m\u00f3zgu, rentgeny czaszki i mn\u00f3stwo innych przyjemno\u015bci, gojenie potrwa d\u0142ugo, a tymczasem &#8230; na dzie\u0144 przed koncertem mam um\u00f3wiony wywiad z &#8222;Apocalyptic\u0105&#8221;. Polskie zespo\u0142y chyba &hellip; <a href=\"http:\/\/piekarska.com.pl\/?page_id=1078\">Continue reading <span class=\"meta-nav\">&rarr;<\/span><\/a><\/p>\n","protected":false},"author":1,"featured_media":0,"parent":690,"menu_order":0,"comment_status":"closed","ping_status":"open","template":"","meta":{"_acf_changed":false,"footnotes":""},"class_list":["post-1078","page","type-page","status-publish","hentry"],"acf":[],"_links":{"self":[{"href":"http:\/\/piekarska.com.pl\/index.php?rest_route=\/wp\/v2\/pages\/1078","targetHints":{"allow":["GET"]}}],"collection":[{"href":"http:\/\/piekarska.com.pl\/index.php?rest_route=\/wp\/v2\/pages"}],"about":[{"href":"http:\/\/piekarska.com.pl\/index.php?rest_route=\/wp\/v2\/types\/page"}],"author":[{"embeddable":true,"href":"http:\/\/piekarska.com.pl\/index.php?rest_route=\/wp\/v2\/users\/1"}],"replies":[{"embeddable":true,"href":"http:\/\/piekarska.com.pl\/index.php?rest_route=%2Fwp%2Fv2%2Fcomments&post=1078"}],"version-history":[{"count":1,"href":"http:\/\/piekarska.com.pl\/index.php?rest_route=\/wp\/v2\/pages\/1078\/revisions"}],"predecessor-version":[{"id":1079,"href":"http:\/\/piekarska.com.pl\/index.php?rest_route=\/wp\/v2\/pages\/1078\/revisions\/1079"}],"up":[{"embeddable":true,"href":"http:\/\/piekarska.com.pl\/index.php?rest_route=\/wp\/v2\/pages\/690"}],"wp:attachment":[{"href":"http:\/\/piekarska.com.pl\/index.php?rest_route=%2Fwp%2Fv2%2Fmedia&parent=1078"}],"curies":[{"name":"wp","href":"https:\/\/api.w.org\/{rel}","templated":true}]}}