{"id":1089,"date":"2015-04-24T14:08:27","date_gmt":"2015-04-24T14:08:27","guid":{"rendered":"http:\/\/piekarska.com.pl\/?page_id=1089"},"modified":"2015-04-24T14:08:27","modified_gmt":"2015-04-24T14:08:27","slug":"nuuuuda","status":"publish","type":"page","link":"http:\/\/piekarska.com.pl\/?page_id=1089","title":{"rendered":"Nuuuuda!"},"content":{"rendered":"<p>W moim pokoju wyje pies, \/ lataj\u0105 muchy radio fajans r\u017cnie. \/ Miedzy \u015bcianami jeden krok, \/ za oknem wida\u0107 drugi blok \/ co za nuuuuuda!<\/p>\n<p>Ten tekst \u017ce starej piosenki PRL przypomnia\u0142am sobie, gdy ze swoim ch\u0142opem pod pach\u0105 pod koniec lata zajechali\u015bmy do Tczewa. Chcia\u0142am tam za\u0142atwi\u0107 dotacj\u0119 na wydanie ksi\u0105\u017cki, zwi\u0105zanej z moim stryjecznym dziadkiem, kt\u00f3ry le\u017cy na tczewskim cmentarzu i Szko\u0142\u0105 Morsk\u0105, kt\u00f3rej by\u0142 uczniem, a kt\u00f3ra najpierw mie\u015bci\u0142a si\u0119 w\u0142a\u015bnie w tym mie\u015bcie w budynku dzisiejszego L.O. im. Marii Sk\u0142odowskiej Curie.<br \/>\nGdy przed naszymi oczami ukaza\u0142 si\u0119 napis Tczew by\u0142a godzina 22-ga z &#8230; ma\u0142ym hakiem. \u015arodek tygodnia, miasto zdawa\u0142o si\u0119 spa\u0107. My te\u017c byli\u015bmy \u015bpi\u0105cy i nawet mieli\u015bmy za\u0142atwiony nocleg w pokojach liceum ekonomicznego, ale bez kolacji. Jednak oczywi\u015bcie po podro\u017cy chcieli\u015bmy co\u015b zje\u015b\u0107. Okaza\u0142o si\u0119, \u017ce o tej porze mo\u017cna to zrobi\u0107 jedynie na dworcu kolejowym. Tam ujrzeli\u015bmy scenk\u0119 jak z filmu Stanis\u0142awa Bareji. Oto opr\u00f3cz podr\u00f3\u017cnych, \u015bpi\u0105cy pijaczk\u00f3w, w restauracji siedzieli trzej kolesie i jedli zup\u0119 z jednego talerza. Spojrzeli\u015bmy z Darkiem na cen\u0119 zupy. Wynosi\u0142a 1.20 (s\u0142ownie: jeden z\u0142oty i dwadzie\u015bcia gorszy). Zrobi\u0142o nam si\u0119 dziwnie. Darek stwierdzi\u0142, \u017ce pewnie wracaj\u0105 z wakacji, nie maj\u0105 ju\u017c forsy i s\u0105 strasznie g\u0142odni, bo tak sobie talerz wyrywaj\u0105, wi\u0119c kupi im po zupie na \u0142eb. No i podszed\u0142 do ch\u0142opak\u00f3w. C\u00f3\u017c si\u0119 okaza\u0142o. Oni byli st\u0105d. Z Tczewa. Przyszli na dworzec zrobi\u0107 performance, \u017cart, odlot czy co\u015b tam, bo &#8230; nudno! Bo w Tczewie nie ma \u017cadnych rozrywek&#8230; Bo tu si\u0119 nic nie dzieje!<br \/>\nGdy wracali\u015bmy do hotelu spa\u0107, przez okna samochodu widzia\u0142am grupki m\u0142odzie\u017cy stoj\u0105cej na ulicach, bo nie maja ju\u017c o tej porze dok\u0105d p\u00f3j\u015b\u0107.<br \/>\nGdy by\u0142am ma\u0142a i m\u00f3wi\u0142am mamie, \u017ce si\u0119 nudz\u0119, wtedy mama niezmiennie odpowiada\u0142a, \u017ce inteligentny cz\u0142owiek nigdy si\u0119 nie nudzi w swoim towarzystwie. Chcia\u0142am by\u0107 inteligentna, wi\u0119c wynajdowa\u0142am setki zaj\u0119\u0107. Ale co wynale\u017a\u0107 w takim Tczewie?<br \/>\nTego samego dnia wieczorem rozmawia\u0142am z panem w hoteliku, a nast\u0119pnego dnia z lud\u017ami w urz\u0119dach, w kt\u00f3rych za\u0142atwia\u0142am sprawy. Dowiedzia\u0142am si\u0119, \u017ce koncert\u00f3w tu nie ma, bo do Tr\u00f3jmiasta jest blisko, mo\u017cna tam pojecha\u0107 na dyskotek\u0119, do kina, do teatru i na koncert, bo tam znajduje si\u0119 np. Hala Oliwii. Tam jest te\u017c pr\u0119\u017cnie dzia\u0142aj\u0105ca tr\u00f3jmiejska scena muzyczna. Stamt\u0105d s\u0105 O.N.A., Blenders, Kury, Crew i wiele innych kapel.<br \/>\nA w Tczewie nie dzia\u0142a \u017cadna znana miejscowa kapela, a przynajmniej ci, z kt\u00f3rymi rozmawia\u0142am nic o tym nie wiedzieli. Wszyscy m\u00f3wili, \u017ce st\u0105d jest Grzesiek Ciechowski, ale Republik\u0119 za\u0142o\u017cy\u0142 ju\u017c w Toruniu. A win\u0119 za to, \u017ce tutaj w grodzie Sambora niewiele si\u0119 dzieje ponosi Tr\u00f3jmiasto, a raczej jego bliska obecno\u015b\u0107. \u017be tak jest w wi\u0119kszo\u015bci miasteczek w Polsce, kt\u00f3re \u017cyj\u0105 w cieniu wi\u0119kszych miast.<br \/>\nPewnie jest w tym jaka\u015b cz\u0119\u015b\u0107 prawdy. Ale tylko cz\u0119\u015b\u0107. Bo wiem, \u017ce na przyk\u0142ad w cieniu wielkiej Warszawy \u017cyje takie Legionowo, kt\u00f3rego miejscow\u0105 gwiazd\u0105 jest grupa Sexbomba, graj\u0105ca na wszystkich miejskich imprezach, dzia\u0142aj\u0105ca w jednym z dom\u00f3w kultury w Legionowie, a jej wokalista i lider Robert Szyma\u0144ski prowadzi przy domu kultury mini studio nagra\u0144. Ale to nie on to wymy\u015bli\u0142!<br \/>\nWida\u0107 z tego, \u017ce gdzie\u015b mo\u017cna, a jak mo\u017cna w takim licz\u0105cym niewiele ponad 70 lat Legionowie to mo\u017cna i wsz\u0119dzie, a zw\u0142aszcza w Tczewie &#8211; mie\u015bcie o 700-letniej historii. Trzeba tylko, \u017ceby kto\u015b si\u0119 ruszy\u0142. Czemu nie kto\u015b z was?<br \/>\nMnie si\u0119 bardzo Tczew podoba\u0142. I ten most drogowy, kt\u00f3ry cho\u0107 nieczynny to robi wra\u017cenie; i rynek, ratusz, budynek po Szkole Morskiej, w kt\u00f3rym mie\u015bci si\u0119 og\u00f3lniak; i Park Miejski &#8211; wszystko wyda\u0142o mi si\u0119 bardzo fajne.<br \/>\nObok Tczewa jest Tr\u00f3jmiasto. Obok innych mniejszych miast inne wielkie miasta. I one zawsze b\u0119d\u0105! Je\u015bli nie chcecie sennie \u017cy\u0107 w ich cieniu ruszcie si\u0119! To od was wszystko zale\u017cy. Kultura mo\u017ce kwitn\u0105c wsz\u0119dzie. Tylko trzeba j\u0105 tam zasia\u0107!<br \/>\nPS. A tych ch\u0142opc\u00f3w z dworcowego baru pozdrawiam! Zupa by\u0142a dobra, co?<\/p>\n<p>COGITO 16\/2001 (161)<\/p>\n","protected":false},"excerpt":{"rendered":"<p>W moim pokoju wyje pies, \/ lataj\u0105 muchy radio fajans r\u017cnie. \/ Miedzy \u015bcianami jeden krok, \/ za oknem wida\u0107 drugi blok \/ co za nuuuuuda! Ten tekst \u017ce starej piosenki PRL przypomnia\u0142am sobie, gdy ze swoim ch\u0142opem pod pach\u0105 &hellip; <a href=\"http:\/\/piekarska.com.pl\/?page_id=1089\">Continue reading <span class=\"meta-nav\">&rarr;<\/span><\/a><\/p>\n","protected":false},"author":1,"featured_media":0,"parent":690,"menu_order":0,"comment_status":"closed","ping_status":"open","template":"","meta":{"_acf_changed":false,"footnotes":""},"class_list":["post-1089","page","type-page","status-publish","hentry"],"acf":[],"_links":{"self":[{"href":"http:\/\/piekarska.com.pl\/index.php?rest_route=\/wp\/v2\/pages\/1089","targetHints":{"allow":["GET"]}}],"collection":[{"href":"http:\/\/piekarska.com.pl\/index.php?rest_route=\/wp\/v2\/pages"}],"about":[{"href":"http:\/\/piekarska.com.pl\/index.php?rest_route=\/wp\/v2\/types\/page"}],"author":[{"embeddable":true,"href":"http:\/\/piekarska.com.pl\/index.php?rest_route=\/wp\/v2\/users\/1"}],"replies":[{"embeddable":true,"href":"http:\/\/piekarska.com.pl\/index.php?rest_route=%2Fwp%2Fv2%2Fcomments&post=1089"}],"version-history":[{"count":1,"href":"http:\/\/piekarska.com.pl\/index.php?rest_route=\/wp\/v2\/pages\/1089\/revisions"}],"predecessor-version":[{"id":1090,"href":"http:\/\/piekarska.com.pl\/index.php?rest_route=\/wp\/v2\/pages\/1089\/revisions\/1090"}],"up":[{"embeddable":true,"href":"http:\/\/piekarska.com.pl\/index.php?rest_route=\/wp\/v2\/pages\/690"}],"wp:attachment":[{"href":"http:\/\/piekarska.com.pl\/index.php?rest_route=%2Fwp%2Fv2%2Fmedia&parent=1089"}],"curies":[{"name":"wp","href":"https:\/\/api.w.org\/{rel}","templated":true}]}}