{"id":1093,"date":"2015-04-24T14:09:58","date_gmt":"2015-04-24T14:09:58","guid":{"rendered":"http:\/\/piekarska.com.pl\/?page_id=1093"},"modified":"2015-04-24T14:09:58","modified_gmt":"2015-04-24T14:09:58","slug":"pigulki-od-ringo-starra","status":"publish","type":"page","link":"http:\/\/piekarska.com.pl\/?page_id=1093","title":{"rendered":"Pigu\u0142ki od Ringo Starra"},"content":{"rendered":"<p>Co jaki\u015b czas dostaj\u0119 listy, w kt\u00f3rych dziewczyny pisz\u0105, \u017ce kochaj\u0105 na zab\u00f3j jakiego\u015b artyst\u0119. Kochaj\u0105 tak, jak kobieta m\u0119\u017cczyzn\u0119. Czasem obiektem westchnie\u0144 jest Micha\u0142 Wi\u015bniewski, czasem Robert Gawli\u0144ski, a czasem inni. Nawet ci, kt\u00f3rzy nie \u017cyj\u0105! Ostatnio czytam wi\u0119cej takich list\u00f3w, a wszystko za spraw\u0105 cogitowej rubryki &#8222;Fani i Idole&#8221;. Czasem a\u017c za g\u0142ow\u0119 si\u0119 \u0142api\u0119. I tak si\u0119 zastanawiam&#8230; Niby w pewnym wieku jest to zachowanie normalne. Tylko czy nie jest troch\u0119 &#8230; idiotyczne?<\/p>\n<p>Jestem wielk\u0105 marzycielk\u0105, ale marzenia lubi\u0119 realizowa\u0107. Dawno wykre\u015bli\u0142am wi\u0119c ze swojej listy marze\u0144: bycie kr\u00f3low\u0105, \u017co\u0142nierzem, a nawet to, co w pewnym momencie mog\u0142am zrealizowa\u0107, czyli bycie baletnic\u0105 lub p\u0142otkark\u0105. O \u015blubie z &#8222;panem z plakatu&#8221; nie marzy\u0142am nigdy. Kiedy wraz z kole\u017cankami nale\u017ca\u0142y\u015bmy do Fan-Clubu Beatles\u00f3w, kt\u00f3ra\u015b zaproponowa\u0142a pisanie powie\u015bci o naszych ulubie\u0144cach. Najbardziej lubi\u0142am Ringo Starra, wi\u0119c pisa\u0142am wymy\u015blone jego przygody. Podobne do tych, jakie s\u0142u\u017cy\u0142y za kanw\u0119 scenariuszy film\u00f3w <em>A hard day`s night<\/em> i <em>Help<\/em>. Kiedy pewnego dnia postanowi\u0142y\u015bmy przeczyta\u0107 na glos swoje &#8222;wypociny&#8221; okaza\u0142o si\u0119, \u017ce kole\u017canki napisa\u0142y romansid\u0142a z sob\u0105 i swoimi idolami w rolach g\u0142\u00f3wnych. Poniewa\u017c jednak wszyscy Beatlesi byli \u017conaci, wi\u0119c&#8230; niekt\u00f3re kumpele swoich idoli rozwiod\u0142y, a inne pou\u015bmierca\u0142y im \u017cony. Pami\u0119tam, \u017ce \u017cona McCartney`a &#8211; Linda Estman (dzi\u015b nieboszczka) jako starsza o kilka lat od Paula, w powie\u015bci mojej kole\u017canki umiera\u0142a ze staro\u015bci. Za\u015b John Lennon (wprawdzie ju\u017c wtedy by\u0142 nieboszczykiem, ale w literaturze przecie\u017c wszystko jest mo\u017cliwe) r\u00f3wnie\u017c zostawa\u0142 wdowcem, gdy\u017c Yoko Ono dosi\u0119ga\u0142a jaka\u015b japo\u0144ska zemsta. Jedynie George Harrison rozwodzi\u0142 si\u0119. Rzuca\u0142 \u017con\u0119 dla jednej z moich kole\u017canek. O\u015bwiadcza\u0142 si\u0119 jej graj\u0105c na sitarze i \u015bpiewaj\u0105c Hare Kriszna. Moj\u0105 powie\u015b\u0107 o przygodach Ringo dziewczyny uzna\u0142y za s\u0142ab\u0105. W\u0105tku mi\u0142osnego w niej nie by\u0142o. Ale c\u00f3\u017c&#8230; nie potrafi\u0142am napisa\u0107 ksi\u0105\u017cki o swoim romansie z ulubionym Beatlesem. Wola\u0142am widzie\u0107 w roli &#8222;mojego Romea&#8221; Rafa\u0142a &#8211; koleg\u0119 z klasy. By\u0142 bardziej realny. I nawet odwzajemnia\u0142 uczucia.<br \/>\nKilka lat temu przeprowadza\u0142am (dla Cogito zreszt\u0105) wywiad z Piotrem \u0141ukaszewskim z IRA. Opowiada\u0142 mi o listach od fanek. Listach, kt\u00f3re go \u017cenuj\u0105. Wprawiaj\u0105 w zak\u0142opotanie. M\u00f3wi\u0142, \u017ce z jednej strony s\u0105 to listy przyjemne, bo \u0142echc\u0105 m\u0119ska pr\u00f3\u017cno\u015b\u0107, ale &#8230; g\u0142upio mu je czyta\u0107. W tych listach fanki opisywa\u0142y mu scenariusze ca\u0142ych romans\u00f3w jakie z nim prze\u017cywaj\u0105. \u017be przypadkiem spotykaj\u0105 ch\u0142opak\u00f3w w trasie. &#8222;Sta\u0142am na szosie nagle nadjecha\u0142e\u015b ty&#8221; &#8211; pisa\u0142a jedna. Ale bardziej wry\u0142 mi si\u0119 w pami\u0119\u0107 tekst, kt\u00f3ry brzmia\u0142 mniej wi\u0119cej tak: &#8222;Jest ju\u017c p\u00f3\u017ano. Le\u017c\u0119 w \u0142\u00f3\u017cku. Przed sob\u0105 mam twoje zdj\u0119cie, a moje r\u0119ce w\u0119druj\u0105 wiesz gdzie.&#8221;<br \/>\n\u015alub z idolem zdarza si\u0119. Jak przyznaje \u017cona Roberta Gawli\u0144skiego &#8211; Monika, najpierw by\u0142a wielk\u0105 wielbicielka jego talentu, a dopiero potem narzeczona i \u017con\u0105. Najs\u0142ynniejszym takim \u015blubem &#8222;fanki&#8221; i &#8222;idola&#8221; by\u0142 \u015blub nie rockowy, a literacki. Mam tu na my\u015bli Honoriusza Balzaka i jego wielbicielk\u0119 Ewelin\u0119 Ha\u0144sk\u0105. To wszystko nale\u017cy jednak do rzadko\u015bci.<br \/>\nNie wiem co si\u0119 dzieje z fank\u0105 Piotra, kt\u00f3ra patrz\u0105c na jego zdj\u0119cie trzyma\u0142a r\u0119ce pod ko\u0142dr\u0105 i wykonywa\u0142a nimi &#8222;tajemne&#8221; czynno\u015bci. Nie wiem te\u017c co dzieje si\u0119 ze wszystkimi moimi kole\u017cankami &#8211; autorkami beatlesowskich romanside\u0142. Wiem natomiast co\u015b o jednej z nich. Do dzi\u015b jest star\u0105 pann\u0105. Nawiedzi\u0142a mnie ostatnio w redakcji budz\u0105c powszechne zainteresowanie swym wygl\u0105dem &#8211; samotnej dziwaczki. Mo\u017ce jest sama dlatego, \u017ce pisa\u0142a o tym jak to bierze \u015blub z Lennonem? A jak wiadomo to w \u017caden spos\u00f3b nie jest niemo\u017cliwe?<br \/>\nCiesz\u0119 si\u0119, \u017ce nie pisa\u0142am powie\u015bci z sob\u0105 i Ringo w roli kochank\u00f3w. Ciesz\u0119 si\u0119, \u017ce wzdycha\u0142am do kolegi z klasy. Bo kiedy ostatnio by\u0142am w domu sama i chora to on przywi\u00f3z\u0142 mi lekarstwa. Na Ringo Starra nie mog\u0142abym w tej kwestii liczy\u0107. I nie tylko dlatego, \u017ce nie mieszka w Polsce. Gdzie by nie mieszka\u0142 znale\u017a\u0107 go by\u0142oby trudno. Idole strzeg\u0105 swojej prywatno\u015bci szczeg\u00f3lnie przed zakochanymi fankami, kt\u00f3re chc\u0105 wyj\u015b\u0107 za nich za m\u0105\u017c. Cz\u0119sto bowiem maj\u0105 ich tyle, \u017ce musieliby si\u0119 ci\u0105gle \u017ceni\u0107 i rozwodzi\u0107. A kt\u00f3ry facet to wytrzyma?<br \/>\nI tylko mi \u017cal, \u017ce t\u0119 wy\u015bmian\u0105 przez zakochane kole\u017canki-fanki powie\u015b\u0107 o przygodach Ringo Starra zap\u0142akana wrzuci\u0142am do ogniska. By\u0142o tam zdanie: &#8222;zgasi\u0142 \u015bwiat\u0142o i siedzia\u0142 po ciemku.&#8221; szkoda, \u017ce nie pami\u0119tam co dzia\u0142o si\u0119 dalej. Pewno dzi\u015b umar\u0142abym ze \u015bmiechu.<br \/>\nI takie drobne pytanie. W idolach kochaj\u0105 si\u0119 g\u0142ownie dziewczyny. Ch\u0142opcom zdarza si\u0119 to rzadko, cho\u0107 kilka artystek opowiada\u0142o mi o facetach proponuj\u0105cych ma\u0142\u017ce\u0144stwo. A i ja kiedy\u015b otrzyma\u0142am list od czytelnika, kt\u00f3ry spyta\u0142 czy jestem wolna. Potraktowa\u0142am to jako \u017cart. W ko\u0144cu wtedy te\u017c zbli\u017ca\u0142 si\u0119 prima aprilis. Ale czemu niekt\u00f3re baby maj\u0105 takiego \u015bwira? Mo\u017ce wy mi odpowiecie?<\/p>\n<p>COGITO 6\/2002 (172)<\/p>\n","protected":false},"excerpt":{"rendered":"<p>Co jaki\u015b czas dostaj\u0119 listy, w kt\u00f3rych dziewczyny pisz\u0105, \u017ce kochaj\u0105 na zab\u00f3j jakiego\u015b artyst\u0119. Kochaj\u0105 tak, jak kobieta m\u0119\u017cczyzn\u0119. Czasem obiektem westchnie\u0144 jest Micha\u0142 Wi\u015bniewski, czasem Robert Gawli\u0144ski, a czasem inni. Nawet ci, kt\u00f3rzy nie \u017cyj\u0105! Ostatnio czytam wi\u0119cej &hellip; <a href=\"http:\/\/piekarska.com.pl\/?page_id=1093\">Continue reading <span class=\"meta-nav\">&rarr;<\/span><\/a><\/p>\n","protected":false},"author":1,"featured_media":0,"parent":690,"menu_order":0,"comment_status":"closed","ping_status":"open","template":"","meta":{"_acf_changed":false,"footnotes":""},"class_list":["post-1093","page","type-page","status-publish","hentry"],"acf":[],"_links":{"self":[{"href":"http:\/\/piekarska.com.pl\/index.php?rest_route=\/wp\/v2\/pages\/1093","targetHints":{"allow":["GET"]}}],"collection":[{"href":"http:\/\/piekarska.com.pl\/index.php?rest_route=\/wp\/v2\/pages"}],"about":[{"href":"http:\/\/piekarska.com.pl\/index.php?rest_route=\/wp\/v2\/types\/page"}],"author":[{"embeddable":true,"href":"http:\/\/piekarska.com.pl\/index.php?rest_route=\/wp\/v2\/users\/1"}],"replies":[{"embeddable":true,"href":"http:\/\/piekarska.com.pl\/index.php?rest_route=%2Fwp%2Fv2%2Fcomments&post=1093"}],"version-history":[{"count":1,"href":"http:\/\/piekarska.com.pl\/index.php?rest_route=\/wp\/v2\/pages\/1093\/revisions"}],"predecessor-version":[{"id":1094,"href":"http:\/\/piekarska.com.pl\/index.php?rest_route=\/wp\/v2\/pages\/1093\/revisions\/1094"}],"up":[{"embeddable":true,"href":"http:\/\/piekarska.com.pl\/index.php?rest_route=\/wp\/v2\/pages\/690"}],"wp:attachment":[{"href":"http:\/\/piekarska.com.pl\/index.php?rest_route=%2Fwp%2Fv2%2Fmedia&parent=1093"}],"curies":[{"name":"wp","href":"https:\/\/api.w.org\/{rel}","templated":true}]}}