{"id":1123,"date":"2015-04-25T06:17:11","date_gmt":"2015-04-25T06:17:11","guid":{"rendered":"http:\/\/piekarska.com.pl\/?page_id=1123"},"modified":"2015-04-25T06:17:11","modified_gmt":"2015-04-25T06:17:11","slug":"rzadkie-nazwisko-sraczka","status":"publish","type":"page","link":"http:\/\/piekarska.com.pl\/?page_id=1123","title":{"rendered":"Rzadkie nazwisko &#8222;Sraczka&#8221;"},"content":{"rendered":"<p style=\"text-align: left;\" align=\"right\"><em>Lekarz wypisuje pacjentowi recept\u0119 i pyta:<\/em><br \/>\n<em> &#8211; Nazwisko pana?<\/em><br \/>\n<em> &#8211; Sraczka.<\/em><br \/>\n<em> &#8211; Przyznam, \u017ce jest do\u015b\u0107 rzadkie.<\/em><br \/>\nTen stary kawa\u0142 przypomnia\u0142 mi si\u0119 poniewa\u017c, gdy wywi\u0105za\u0142a si\u0119 korespondencja pomi\u0119dzy mn\u0105 a czytelniczk\u0105 Kasi\u0105, to Kasia w kolejnym li\u015bcie napisa\u0142a: &#8222;Jestem lekko podekscytowana, \u017ce dosta\u0142am odpowied\u017a z gazety. Kiedy\u015b cz\u0119sto pisa\u0142am do r\u00f3\u017cnych pisemek, ale g\u00f3r\u0119 bra\u0142 m\u00f3j le\u0144 &#8211; nie chcia\u0142o mi si\u0119 i\u015b\u0107 na poczt\u0119, \u017ceby to wys\u0142a\u0107. Poza tym mam takie &#8222;niegazetowe&#8221; nazwisko: \u0141ach! (nie to co szlacheckie Piekarska).&#8221;<br \/>\nWyznanie to ubawi\u0142o mnie! I to wcale nie dlatego, \u017ce kto\u015b si\u0119 nazywa \u0141ach. Po prostu przypomnia\u0142o mi si\u0119 jak sama przez lata wstydzi\u0142am si\u0119 swojego (szlacheckiego) nazwiska! Oczywi\u015bcie dlatego, \u017ce dawa\u0142o wiele mo\u017cliwo\u015bci do tworzenia przezwisk, co w szkole &#8211; zw\u0142aszcza podstawowej &#8211; wszyscy czynili nagminnie. W domu nie przyznawa\u0142am si\u0119, \u017ce si\u0119 wstydz\u0119 by\u0107 Piekarsk\u0105, cho\u0107 czasem marzy\u0142am, by nazywa\u0107 si\u0119 zupe\u0142nie inaczej. Gdy na religii ksi\u0105dz m\u00f3wi\u0142 o Matce Boskiej Piekarskiej, kt\u00f3ra jest w Piekarach \u015al\u0105skich to wszystkie pary oczu wype\u0142nionej po brzegi salki katechetycznej patrzy\u0142y na mnie i rechota\u0142y podekscytowane, a ja mia\u0142am ochot\u0119 natychmiast zapa\u015b\u0107 si\u0119 pod ziemi\u0119! Nad szlachecko\u015bci\u0105 nazwiska nawet si\u0119 nie zastanawia\u0142am, bo nie mia\u0142a ona znaczenia w czasach, gdy co chwila si\u0119 by\u0142o Piekar\u0105, Piekarni\u0105, Piekarnic\u0105, Piekarynd\u0105 czy (o zgrozo!) Pekari &#8211; ameryka\u0144sk\u0105 odmian\u0105 dzikiej \u015bwini!<br \/>\nSw\u00f3j stosunek do w\u0142asnego nazwiska zmieni\u0142am nie tylko dlatego, \u017ce dorastaj\u0105c pozna\u0142am histori\u0119 swojej rodziny, ale te\u017c i z tego powodu, \u017ce po obejrzeniu kilku film\u00f3w z cyklu &#8222;W starym kinie&#8221; dopad\u0142a mnie pewna refleksja. Te filmy to by\u0142y mi\u0119dzy innymi: &#8222;Czar Cyganerii&#8221;, &#8222;Pasa\u017cer na gap\u0119&#8221;. Oba mia\u0142y jeden wsp\u00f3lny mianownik &#8211; w g\u0142\u00f3wnej roli wyst\u0105pi\u0142 Jan Kiepura. Czyli zwyk\u0142y ch\u0142opak z Sosnowca, kt\u00f3ry zosta\u0142 \u015bwiatowej s\u0142awy tenorem. I to w\u0142a\u015bnie dlatego dopiero po chwili zastanowienia odkry\u0142am prawdziwe znaczenie jego nazwiska. Kiepura &#8211; to chyba jaki\u015b taki marny kiep! Niedopa\u0142ek papierosa! Tak marny, \u017ce nikt go z ziemi podnie\u015b\u0107 nie chce! A &#8230; jednak! Na koncerty Kiepury przychodzi\u0142y miliony! By\u0142 pierwszym Polakiem, z kt\u00f3rym mediola\u0144ska opera La Scala podpisa\u0142a w latach 20-tych korzystny kontrakt. Mnie &#8222;Czar Cyganerii&#8221; wycisn\u0105\u0142 \u0142zy! &#8222;Pasa\u017cer na gap\u0119&#8221; wywo\u0142a\u0142 u\u015bmiech wzruszenia i gdyby nie dziecinne kompleksy zwi\u0105zane z w\u0142asnym nazwiskiem nigdy nie odkry\u0142abym, \u017ce familia \u015bwiatowej s\u0142awy tenora Jana &#8211; jest \u015bmieszna!<br \/>\nTak to jest!<br \/>\nKiedy kto\u015b staje si\u0119 znanym, s\u0142awnym, popularnym wtedy jego nazwisko z tej prostej racji, \u017ce nie schodzi z ust ludzi traci z czasem pierwotn\u0105 \u015bmieszno\u015b\u0107. Kogo dzisiaj \u015bmieszy nazwisko lidera Big Cyca? A przecie\u017c facet nazywa si\u0119 Skiba! Popularny aktor i piosenkarz, kt\u00f3ry zagra\u0142 w Quo Vadis Nerona to Bajor, a \u015bpiewaj\u0105cy o tolerancji Staszek to Sojka!<br \/>\nLatami m\u00f3j tata twierdzi\u0142, \u017ce nazwisko Grechuta dobrze odzwierciedla rechotliwo\u015b\u0107 tego artysty, a nazwisko Skrzek &#8211; skrzeczenie \u015bl\u0105skiej formacji SBB. Pewnie gdyby nie \u017cartobliwe uwagi ojca, nie zauwa\u017cy\u0142abym w tych nazwiskach nic \u015bmiesznego. Ostatnio rozmawia\u0142am z kole\u017cank\u0105 o nazwiskach. Ma wyj\u015b\u0107 za m\u0105\u017c i ma problem. Jej facet nazywa si\u0119 T\u0142uczek, a ona niekoniecznie chce by\u0107 t\u0142uczkow\u0105. Spyta\u0142am wi\u0119c za\u0142aman\u0105 przysz\u0142\u0105 \u017con\u0119 T\u0142uczka: &#8222;Co oznacza s\u0142owo kiepura?&#8221; Kole\u017canka dosta\u0142a ataku \u015bmiechu. Dopiero to pytanie u\u015bwiadomi\u0142o jej \u015bmieszno\u015b\u0107 tego s\u0142awnego nazwiska.<br \/>\nWielu ludzi ma kompleksy zwi\u0105zane z nazwiskiem, na kt\u00f3re przecie\u017c nie ma si\u0119 wp\u0142ywu, bo to czyimi dzie\u0107mi si\u0119 rodzimy dane jest nam z g\u00f3ry. Oczywi\u015bcie kobiety w tej kwestii maj\u0105 lepiej &#8211; zawsze mog\u0105 wyj\u015b\u0107 za m\u0105\u017c (byle nie za T\u0142uczka &#8211; j\u0119czy kole\u017canka). Arty\u015bci mog\u0105 przybra\u0107 pseudonim co uczyni\u0142a np. Kayah, kt\u00f3ra naprawd\u0119 nazywa si\u0119 Szczot. Ale&#8230; wzi\u0119\u0142a przyk\u0142ad z takiej Apolonii Cha\u0142upiec, kt\u00f3r\u0105 \u015bwiat pozna\u0142 jako Pol\u0119 Negri &#8211; najwi\u0119ksz\u0105 gwiazd\u0119 niemego kina!<br \/>\nCzytelniczka Kasia oczywi\u015bcie mo\u017ce wyj\u015b\u0107 za m\u0105\u017c i zmieni\u0107 nazwisko. Ja jednak twierdz\u0119, \u017ce z takim jakie ma powinna na przek\u00f3r snobistycznemu \u015bwiatu, w kt\u00f3rym ka\u017cdy chce by\u0107 Radziwi\u0142\u0142em a tymczasem w dowodzie ma Pipka, zosta\u0107 projektantk\u0105 mody! To by\u0142oby prawdziwe wyzwanie! Mo\u017ce wtedy nawet parafrazuj\u0105c jedn\u0105 z piosenek wojskowych pod\u015bpiewywa\u0107: &#8222;wczoraj \u0142ach, suknia dzi\u015b&#8221;. Bo prawda jest taka, \u017ce nie tylko wtedy gdy zajrzymy do ksi\u0105\u017cki telefonicznej, ale i gdy przejrzymy list\u0119 s\u0142aw oka\u017ce si\u0119, \u017ce wi\u0119cej na niej &#8222;rzadkich&#8221; nazwisk ni\u017c tych szlacheckich. Za\u015b ton \u015bwiatu nadaj\u0105 dzisiaj nie tylko Tyszkiewicze!<br \/>\n\u015amieszno\u015b\u0107 familii tyczy nie tylko j\u0119zyka polskiego. Na przyk\u0142ad taki s\u0142ynny gitarzysta Jimmy Page to w t\u0142umaczeniu na polski po prostu Kuba Strona&#8230;<br \/>\nCzy wiecie, \u017ce dzisiaj cz\u0119sto w rozmowach telefonicznych sama si\u0119 przedstawiam: &#8222;Piekara&#8221; i ta ksywk\u0105 podpisuj\u0119 wysy\u0142ane do znajomych kartki z podr\u00f3\u017cy. Nie specjalnie przeszkadza mi fakt, \u017ce potem ca\u0142e rzesze ludzi my\u015bl\u0105, \u017ce tak brzmi moje nazwisko. Po prostu przyzwyczai\u0142am si\u0119 do przezwisk i faktu, ze budzi m\u0105czne skojarzenia. I przyznam si\u0119 te\u017c, \u017ce kiedy na Florydzie pojecha\u0142am na fotograficzne safari do rezerwatu Everglades to z \u0142ezk\u0105 rozrzewnienia w oku przygl\u0105da\u0142am si\u0119 jak wygl\u0105da &#8230; ameryka\u0144ska dzika \u015bwinia &#8211; pekari.<\/p>\n<p style=\"text-align: left;\" align=\"right\">COGITO 3\/2002 (169)<\/p>\n","protected":false},"excerpt":{"rendered":"<p>Lekarz wypisuje pacjentowi recept\u0119 i pyta: &#8211; Nazwisko pana? &#8211; Sraczka. &#8211; Przyznam, \u017ce jest do\u015b\u0107 rzadkie. Ten stary kawa\u0142 przypomnia\u0142 mi si\u0119 poniewa\u017c, gdy wywi\u0105za\u0142a si\u0119 korespondencja pomi\u0119dzy mn\u0105 a czytelniczk\u0105 Kasi\u0105, to Kasia w kolejnym li\u015bcie napisa\u0142a: &#8222;Jestem &hellip; <a href=\"http:\/\/piekarska.com.pl\/?page_id=1123\">Continue reading <span class=\"meta-nav\">&rarr;<\/span><\/a><\/p>\n","protected":false},"author":1,"featured_media":0,"parent":690,"menu_order":0,"comment_status":"closed","ping_status":"open","template":"","meta":{"_acf_changed":false,"footnotes":""},"class_list":["post-1123","page","type-page","status-publish","hentry"],"acf":[],"_links":{"self":[{"href":"http:\/\/piekarska.com.pl\/index.php?rest_route=\/wp\/v2\/pages\/1123","targetHints":{"allow":["GET"]}}],"collection":[{"href":"http:\/\/piekarska.com.pl\/index.php?rest_route=\/wp\/v2\/pages"}],"about":[{"href":"http:\/\/piekarska.com.pl\/index.php?rest_route=\/wp\/v2\/types\/page"}],"author":[{"embeddable":true,"href":"http:\/\/piekarska.com.pl\/index.php?rest_route=\/wp\/v2\/users\/1"}],"replies":[{"embeddable":true,"href":"http:\/\/piekarska.com.pl\/index.php?rest_route=%2Fwp%2Fv2%2Fcomments&post=1123"}],"version-history":[{"count":2,"href":"http:\/\/piekarska.com.pl\/index.php?rest_route=\/wp\/v2\/pages\/1123\/revisions"}],"predecessor-version":[{"id":1160,"href":"http:\/\/piekarska.com.pl\/index.php?rest_route=\/wp\/v2\/pages\/1123\/revisions\/1160"}],"up":[{"embeddable":true,"href":"http:\/\/piekarska.com.pl\/index.php?rest_route=\/wp\/v2\/pages\/690"}],"wp:attachment":[{"href":"http:\/\/piekarska.com.pl\/index.php?rest_route=%2Fwp%2Fv2%2Fmedia&parent=1123"}],"curies":[{"name":"wp","href":"https:\/\/api.w.org\/{rel}","templated":true}]}}