{"id":1129,"date":"2015-04-25T06:23:42","date_gmt":"2015-04-25T06:23:42","guid":{"rendered":"http:\/\/piekarska.com.pl\/?page_id=1129"},"modified":"2015-04-25T06:23:42","modified_gmt":"2015-04-25T06:23:42","slug":"spod-skrzydel","status":"publish","type":"page","link":"http:\/\/piekarska.com.pl\/?page_id=1129","title":{"rendered":"Spod skrzyde\u0142"},"content":{"rendered":"<p style=\"text-align: left;\">A\u015bka pisze rozpaczliwe listy o tym, \u017ce rodzice traktuj\u0105 j\u0105 jak ma\u0142\u0105 dziewczynk\u0119. \u017be w tym roku sko\u0144czy\u0142a 18 lat, \u017ce niczego to w jej \u017cyciu nie zmieni\u0142o. \u017be nie mo\u017ce si\u0119 doczeka\u0107, kiedy zaczn\u0105 j\u0105 traktowa\u0107 powa\u017cnie. Kiedy uwierz\u0105, \u017ce jest doros\u0142a. Nie jest sama.<br \/>\nTakich list\u00f3w jak ten od Asi dostaj\u0119 wiele. Przypomnia\u0142am sobie o tym, bo dopiero co przeczyta\u0142am kilka wywiad\u00f3w z Agnieszk\u0105 Chyli\u0144sk\u0105. O nadopieku\u0144czo\u015bci. I to bynajmniej nie swoich rodzic\u00f3w.<br \/>\nUwielbiam Chyli\u0144sk\u0105. Oczywi\u015bcie tak jak uwielbia si\u0119 artystk\u0119 o fajnym g\u0142osie, ekspresji, pisz\u0105c\u0105 nietuzinkowe teksty. Pami\u0119tam nasze pierwsze spotkanie, a tak\u017ce nast\u0119pne. Zawsze ciep\u0142o m\u00f3wi\u0142a o swoim ojcu. R\u00f3wnie ciep\u0142o o ch\u0142opakach z O.N.A., kt\u00f3rych traktowa\u0142a jak starszych braci. Rok temu O.N.A. rozpad\u0142o si\u0119. Agnieszka za\u0142o\u017cy\u0142a sw\u00f3j zesp\u00f3\u0142. Teraz ukaza\u0142a si\u0119 pierwsza p\u0142yta, a ona udziela wywiad\u00f3w (r\u00f3wnie\u017c dla \u201cCogito\u201d). Opowiada, jak dosz\u0142o do rozpadu O.N.A. i powstania grupy Chyli\u0144ska. Opowiada o braku samodzielno\u015bci i traktowaniu jej przez zesp\u00f3\u0142 jak ma\u0142ej dziewczynki. Sk\u0105d my to znamy, co? Powia\u0142o A\u015bk\u0105. Prawda? Dla swoich rodzic\u00f3w zawsze jeste\u015bmy dzie\u0107mi. Bez wzgl\u0119du na wiek. Agnieszka by\u0142a dzieckiem dla koleg\u00f3w z zespo\u0142u. Mimo \u017ce w tym czasie zdo\u0142a\u0142a wyj\u015b\u0107 za m\u0105\u017c, czyli&#8230; za\u0142o\u017cy\u0107 rodzin\u0119. Teraz si\u0119 rozwodzi. I cho\u0107 jest to kolejny krok, \u015bwiadcz\u0105cy o tym, \u017ce nie mam do czynienia z dzieckiem, to jednak&#8230;<br \/>\nNie tak dawno znajoma opowiada\u0142a mi, jak jej kole\u017canka z pracy zwierza\u0142a si\u0119, \u017ce ma k\u0142opoty z synem, kt\u00f3ry jest taki biedniusi. Operowano mu j\u0105derka. Znajoma my\u015bla\u0142a, \u017ce mowa jest o \u2013 g\u00f3ra \u2013 siedmioletnim brzd\u0105cu. Ku jej zdumieniu do zak\u0142adu pracy w odwiedziny do matki przyszed\u0142 blisko trzydziestoletni m\u0119\u017cczyzna. Owszem, j\u0105derka operowano mu, ale ponad \u0107wier\u0107 wieku temu. I to w\u0142a\u015bnie dlatego jest do dzi\u015b malutkim synkiem mamusi.<br \/>\nWiele razy pisa\u0142am, \u017ce by\u0142am jedynaczk\u0105, dzieckiem do\u015b\u0107 wiekowych rodzic\u00f3w. To sprawia\u0142o, \u017ce byli czasem nadopieku\u0144czy. Gdy mia\u0142am 19 lat, rodzice odzyskali dom po prababci. Gdybym wtedy nie upar\u0142a si\u0119 zosta\u0107 sama na starym mieszkaniu, za cen\u0119 niedojadania i biedy, pewnie by\u0142abym bardzo niezaradna \u017cyciowo. Sta\u0142o si\u0119 jednak tak, jak si\u0119 sta\u0142o. Nie wyprowadzi\u0142am si\u0119 z nimi. Pocz\u0105tkowo my\u015bleli, \u017ce zmi\u0119kn\u0119. A ja&#8230; bez mebli i \u017carcia przetrwa\u0142am. Pracowa\u0142am, studiowa\u0142am i cho\u0107 by\u0142o czasem bardzo ci\u0119\u017cko, da\u0142am rad\u0119 uwolni\u0107 si\u0119 spod nadopieku\u0144czych skrzyde\u0142, nie trac\u0105c przy tym z nimi psychicznego kontaktu. Mia\u0142am przy tym i szcz\u0119\u015bcie, i pecha. Pecha, \u017ce to ja zosta\u0142am na starym mieszkaniu. W miejscu, gdzie s\u0105siedzi znali mnie jeszcze jako dziewczynk\u0119 z wiaderkiem w r\u0119ku. To sprawia\u0142o, \u017ce cz\u0119sto dzwonili na skarg\u0119 do moich rodzic\u00f3w. Informuj\u0105c ich nie zawsze zgodnie z prawd\u0105 o moim nagannym prowadzeniu si\u0119. Szcz\u0119\u015bcie za\u015b mia\u0142am takie, \u017ce spad\u0142o mi z nieba mieszkanie, o kt\u00f3rym nigdy wcze\u015bniej nie \u015bni\u0142am, bo przemiany 1989 roku by\u0142y czym\u015b, czego nikt nie przewidzia\u0142. Za\u015b na to, by kupi\u0107 mi w\u0142asny k\u0105t, rodzic\u00f3w nigdy nie by\u0142o sta\u0107. Dlatego nie wiem, jak poradzi\u0142abym sobie, gdyby przysz\u0142o mi mieszka\u0107 z rodzicami jak owemu biedniusiowi z trzydziech\u0105 na karku, kt\u00f3remu operowano j\u0105derka. Nie wiem te\u017c, co zrobi\u0142abym na miejscu A\u015bki. Pewnie podobnie bym si\u0119 w\u015bcieka\u0142a. Nie ma jednej rady na to, jak poradzi\u0107 sobie z nadopieku\u0144czymi rodzicami. Bo co cz\u0142owiek, to przypadek. Co rodzina, to historia. Oczywi\u015bcie kto\u015b mo\u017ce powiedzie\u0107, \u017ce s\u0105 i wyrodni rodzice. Na przyk\u0142ad przytaczana ju\u017c nie tylko przeze mnie pani Wi\u015bniewska \u2013 matka Gwiazdora, ale przecie\u017c wiadomo, \u017ce&#8230; przegi\u0119cie w \u017cadn\u0105 stron\u0119 nie jest dobre. M\u00f3j znajomy z dzieci\u0144stwa zabi\u0142 ojca no\u017cem, bo ojciec (notabene pijak, ale to ju\u017c inna historia) ingerowa\u0142 w jego \u017cycie. Ostatnio za\u015b w redakcji telewizyjnej odebra\u0142am telefon od ch\u0142opaka, kt\u00f3ry jest po chorobie Heinego i Medina. Matka wywalczy\u0142a dla niego odszkodowanie z tytu\u0142u choroby, ale zagarn\u0119\u0142a dla siebie. Jemu nie da\u0142a nic i gdy sko\u0144czy\u0142 osiemna\u015bcie lat, wywali\u0142a z domu. Tak te\u017c si\u0119 zdarza. Na szcz\u0119\u015bcie troch\u0119 rzadziej. Jednak to, \u017ce rodzice ca\u0142e \u017cycie traktuj\u0105 nas jak dzieci potrzebuj\u0105ce pomocy, jest norm\u0105. Lepiej i dla nas, i dla nich jest mie\u0107 tego \u015bwiadomo\u015b\u0107. A przeciwstawia\u0107 si\u0119 nadopieku\u0144czo\u015bci i udowadnia\u0107 doros\u0142o\u015b\u0107, robi\u0105c swoje, a nie chwytaj\u0105c za no\u017ce lub w\u0142\u00f3cz\u0105c si\u0119 po s\u0105dach.<br \/>\nZ historii O.N.A.: Chyli\u0144ska \u2013 \u015amieszy mnie jedna rzecz. Ot\u00f3\u017c, jeszcze kilka lat temu sam Skawi\u0144ski opowiada\u0142, jak to jego mama powiedzia\u0142a do niego: \u201cGrzesiu, Grzesiu, kiedy ty si\u0119 ustatkujesz. Wzi\u0105\u0142by\u015b si\u0119 za jak\u0105\u015b porz\u0105dn\u0105 prac\u0119.\u201d Bo dla niej to, czym zajmowa\u0142 si\u0119 syn, czyli granie w zespole, by\u0142o jak\u0105\u015b fanaberi\u0105. A Grzegorza ta s\u0142owna ingerencja matki w jego \u017cycie strasznie dra\u017cni\u0142a.<\/p>\n<p style=\"text-align: left;\">COGITO 8\/2004 (216)<\/p>\n","protected":false},"excerpt":{"rendered":"<p>A\u015bka pisze rozpaczliwe listy o tym, \u017ce rodzice traktuj\u0105 j\u0105 jak ma\u0142\u0105 dziewczynk\u0119. \u017be w tym roku sko\u0144czy\u0142a 18 lat, \u017ce niczego to w jej \u017cyciu nie zmieni\u0142o. \u017be nie mo\u017ce si\u0119 doczeka\u0107, kiedy zaczn\u0105 j\u0105 traktowa\u0107 powa\u017cnie. Kiedy uwierz\u0105, &hellip; <a href=\"http:\/\/piekarska.com.pl\/?page_id=1129\">Continue reading <span class=\"meta-nav\">&rarr;<\/span><\/a><\/p>\n","protected":false},"author":1,"featured_media":0,"parent":690,"menu_order":0,"comment_status":"closed","ping_status":"open","template":"","meta":{"_acf_changed":false,"footnotes":""},"class_list":["post-1129","page","type-page","status-publish","hentry"],"acf":[],"_links":{"self":[{"href":"http:\/\/piekarska.com.pl\/index.php?rest_route=\/wp\/v2\/pages\/1129","targetHints":{"allow":["GET"]}}],"collection":[{"href":"http:\/\/piekarska.com.pl\/index.php?rest_route=\/wp\/v2\/pages"}],"about":[{"href":"http:\/\/piekarska.com.pl\/index.php?rest_route=\/wp\/v2\/types\/page"}],"author":[{"embeddable":true,"href":"http:\/\/piekarska.com.pl\/index.php?rest_route=\/wp\/v2\/users\/1"}],"replies":[{"embeddable":true,"href":"http:\/\/piekarska.com.pl\/index.php?rest_route=%2Fwp%2Fv2%2Fcomments&post=1129"}],"version-history":[{"count":2,"href":"http:\/\/piekarska.com.pl\/index.php?rest_route=\/wp\/v2\/pages\/1129\/revisions"}],"predecessor-version":[{"id":1164,"href":"http:\/\/piekarska.com.pl\/index.php?rest_route=\/wp\/v2\/pages\/1129\/revisions\/1164"}],"up":[{"embeddable":true,"href":"http:\/\/piekarska.com.pl\/index.php?rest_route=\/wp\/v2\/pages\/690"}],"wp:attachment":[{"href":"http:\/\/piekarska.com.pl\/index.php?rest_route=%2Fwp%2Fv2%2Fmedia&parent=1129"}],"curies":[{"name":"wp","href":"https:\/\/api.w.org\/{rel}","templated":true}]}}