{"id":1934,"date":"2015-04-26T13:27:51","date_gmt":"2015-04-26T13:27:51","guid":{"rendered":"http:\/\/piekarska.com.pl\/?page_id=1934"},"modified":"2022-05-02T15:35:08","modified_gmt":"2022-05-02T13:35:08","slug":"po-ukrainsku","status":"publish","type":"page","link":"http:\/\/piekarska.com.pl\/?page_id=1934","title":{"rendered":"Po Ukrai\u0144sku"},"content":{"rendered":"\n<div class=\"wp-block-image\"><figure class=\"alignright size-large is-resized\"><a href=\"http:\/\/piekarska.com.pl\/wp-content\/uploads\/2022\/03\/8C2443B4-29E5-48D5-9594-FC3D95C6BE69.png\"><img loading=\"lazy\" decoding=\"async\" src=\"http:\/\/piekarska.com.pl\/wp-content\/uploads\/2022\/03\/8C2443B4-29E5-48D5-9594-FC3D95C6BE69-689x1024.png\" alt=\"\" class=\"wp-image-76750\" width=\"248\" height=\"368\" srcset=\"http:\/\/piekarska.com.pl\/wp-content\/uploads\/2022\/03\/8C2443B4-29E5-48D5-9594-FC3D95C6BE69-689x1024.png 689w, http:\/\/piekarska.com.pl\/wp-content\/uploads\/2022\/03\/8C2443B4-29E5-48D5-9594-FC3D95C6BE69-202x300.png 202w, http:\/\/piekarska.com.pl\/wp-content\/uploads\/2022\/03\/8C2443B4-29E5-48D5-9594-FC3D95C6BE69.png 750w\" sizes=\"auto, (max-width: 248px) 100vw, 248px\" \/><\/a><\/figure><\/div>\n\n\n\n<p>\u0410\u0432\u0442\u043e\u0440: \u041c\u0430\u043b\u0433\u043e\u0436\u0430\u0442\u0430-\u041a\u0430\u0440\u043e\u043b\u0456\u043d\u0430 \u041f\u0435\u043a\u0430\u0440\u0441\u044c\u043a\u0430<br \/>\u0425\u0443\u0434\u043e\u0436\u043d\u0438\u043a: \u0404\u0432\u0433\u0435\u043d\u0456\u044f \u0416\u0438\u0442\u043d\u0438\u043a<br \/>\u0421\u0435\u0440\u0456\u044f \u043a\u043d\u0438\u0433\u0438: \u0421\u0443\u0447\u0430\u0441\u043d\u0430 \u0454\u0432\u0440\u043e\u043f\u0435\u0439\u0441\u044c\u043a\u0430 \u043f\u0456\u0434\u043b\u0456\u0442\u043a\u043e\u0432\u0430 \u043a\u043d\u0438\u0433\u0430<br \/>\u0420\u0456\u043a \u0432\u0438\u0434\u0430\u043d\u043d\u044f: 2022<br \/>\u0421\u0442\u043e\u0440\u0456\u043d\u043e\u043a: 352<br \/>ISBN: 978-966-429-759-9<br \/>\u0412\u0430\u0433\u0430: 0.49<br \/>\u0420\u043e\u0437\u043c\u0456\u0440: 210 \u0445 138 \u0445 28<br \/>\u041f\u0435\u0440\u0435\u043a\u043b\u0430\u0434\u0430\u0447: \u0411\u043e\u0436\u0435\u043d\u0430 \u0410\u043d\u0442\u043e\u043d\u044f\u043a<br \/>\u041e\u0431\u043a\u043b\u0430\u0434\u0438\u043d\u043a\u0430: \u0422\u0432\u0435\u0440\u0434\u0430<br \/>\u0412\u0456\u043a: 12+<\/p>\n\n\n\n<p>\u0413\u043e\u043b\u043e\u0432\u043d\u0438\u043c \u0433\u0435\u0440\u043e\u0454\u043c \u0442\u0440\u0438\u043b\u043e\u0433\u0456\u0457 \u043f\u043e\u0441\u0442\u0430\u0454 \u00ab\u043a\u043b\u0430\u0441 \u0432 \u043e\u0431\u043b\u0438\u0447\u0447\u044f\u0445\u00bb. \u0422\u043e\u0431\u0442\u043e \u0441\u044e\u0436\u0435\u0442 \u0431\u0443\u0434\u0443\u0454\u0442\u044c\u0441\u044f \u043d\u0435 \u043d\u0430\u0432\u043a\u043e\u043b\u043e \u043e\u0434\u043d\u0456\u0454\u0457 \u043b\u044e\u0434\u0438\u043d\u0438, \u0430 \u043d\u0430\u0432\u043a\u043e\u043b\u043e \u0433\u0440\u0443\u043f\u0438 \u0443\u0447\u043d\u0456\u0432. \u041e\u0441\u044c \u0432\u043e\u043d\u0438: \u0441\u043e\u0440\u043e\u043c\u2019\u044f\u0437\u043b\u0438\u0432\u0430 \u041c\u0430\u043b\u0433\u043e\u0441\u044f, \u043a\u0443\u043c\u0435\u0434\u043d\u0430 \u0404\u0432\u0430, \u0441\u0442\u0430\u0440\u0430\u043d\u043d\u0430 \u041a\u0456\u043d\u0433\u0430, \u0442\u0435\u043d\u0434\u0456\u0442\u043d\u0430 \u041a\u0430\u043c\u0456\u043b\u0430, \u0437\u0430\u0440\u043e\u0437\u0443\u043c\u0456\u043b\u0430 \u041a\u0430\u0441\u044c\u043a\u0430, \u0442\u043e\u0432\u0430\u0440\u0438\u0441\u044c\u043a\u0438\u0439 \u041c\u0430\u0446\u0435\u043a, \u0432\u0435\u0441\u0435\u043b\u0438\u0439 \u0411\u0456\u043b\u0438\u0439 \u041c\u0456\u0445\u0430\u043b \u0442\u0430 \u043f\u043e\u043d\u0443\u0440\u0438\u0439 \u0427\u043e\u0440\u043d\u0438\u0439 \u041c\u0456\u0445\u0430\u043b. \u0414\u0443\u043c\u043a\u0438 \u0432\u043b\u0430\u0441\u043d\u0435 \u043f\u0430\u043d\u0456 \u0427\u0430\u0439\u043a\u0438 \u043f\u043e\u0434\u0430\u043d\u0456 \u0432\u0456\u0434 \u0442\u0440\u0435\u0442\u044c\u043e\u0457 \u043e\u0441\u043e\u0431\u0438. \u0410\u0432\u0442\u043e\u0440\u043a\u0430 \u0437\u0431\u0435\u0440\u0435\u0433\u043b\u0430 \u0441\u043f\u0440\u0430\u0432\u0436\u043d\u0454 \u0456\u043c\u2019\u044f \u0442\u0430 \u043f\u0440\u0456\u0437\u0432\u0438\u0449\u0435 \u043f\u0440\u043e\u0442\u043e\u0442\u0438\u043f\u0443 \u0432\u0447\u0438\u0442\u0435\u043b\u044c\u043a\u0438 \u2014 \u0441\u0432\u043e\u0454\u0457 \u0432\u0438\u043a\u043b\u0430\u0434\u0430\u0447\u043a\u0438 \u043f\u043e\u043b\u044c\u0441\u044c\u043a\u043e\u0457 \u043c\u043e\u0432\u0438 \u0442\u0430 \u043b\u0456\u0442\u0435\u0440\u0430\u0442\u0443\u0440\u0438 \u0411\u0430\u0440\u0431\u0430\u0440\u0438 \u0427\u0430\u0439\u043a\u0438. \u0421\u044e\u0436\u0435\u0442 \u043e\u0445\u043e\u043f\u043b\u044e\u0454 \u0442\u0440\u0438 \u0440\u043e\u043a\u0438 \u043d\u0430\u0432\u0447\u0430\u043d\u043d\u044f \u0432 \u0433\u0456\u043c\u043d\u0430\u0437\u0456\u0457. \u0417\u0430 \u0446\u0435\u0439 \u0447\u0430\u0441 \u0432\u0456\u0434\u0431\u0443\u043b\u0430\u0441\u044f \u0441\u0438\u043b\u0430-\u0441\u0438\u043b\u0435\u043d\u043d\u0430 \u043f\u043e\u0434\u0456\u0439: \u0448\u043a\u0456\u043b\u044c\u043d\u0456 \u043f\u043e\u0457\u0437\u0434\u043a\u0438, \u043b\u0456\u0442\u043d\u0456\u0439 \u0442\u0430\u0431\u0456\u0440, \u0432\u0435\u0447\u0456\u0440\u043a\u0430 \u0437 \u043d\u0430\u0433\u043e\u0434\u0438 \u0414\u043d\u044f \u043d\u0430\u0440\u043e\u0434\u0436\u0435\u043d\u043d\u044f \u041c\u0430\u043b\u0433\u043e\u0441\u0456, \u0441\u0432\u044f\u0442\u043a\u0443\u0432\u0430\u043d\u043d\u044f \u041d\u043e\u0432\u043e\u0433\u043e \u0440\u043e\u043a\u0443, \u0447\u0438\u0441\u043b\u0435\u043d\u043d\u0456 \u043f\u043e\u0445\u043e\u0434\u0438 \u0432 \u043a\u0456\u043d\u043e, \u0430 \u0449\u0435 \u2014 \u043f\u043e\u0446\u0456\u043b\u0443\u043d\u043a\u0438, \u0440\u0435\u0432\u043d\u043e\u0449\u0456, \u0431\u0456\u0439\u043a\u0438. \u0410\u043b\u0435 \u043d\u0430\u0433\u043e\u043b\u043e\u0441 \u041c\u0430\u043b\u0433\u043e\u0436\u0430\u0442\u0430-\u041a\u0430\u0440\u043e\u043b\u0456\u043d\u0430 \u041f\u0435\u043a\u0430\u0440\u0441\u044c\u043a\u0430 \u0437\u0440\u043e\u0431\u0438\u043b\u0430 \u043d\u0430 \u0441\u0442\u043e\u0441\u0443\u043d\u043a\u0430\u0445 \u043f\u0456\u0434\u043b\u0456\u0442\u043a\u0456\u0432. \u0423 \u043a\u043d\u0438\u0437\u0456 \u043f\u0438\u0441\u044c\u043c\u0435\u043d\u043d\u0438\u0446\u044f \u0432\u0438\u0441\u0432\u0456\u0442\u043b\u044e\u0454 \u0431\u043e\u043b\u044e\u0447\u0456 \u0441\u043e\u0446\u0456\u0430\u043b\u044c\u043d\u0456 \u043f\u0438\u0442\u0430\u043d\u043d\u044f: \u043d\u0435\u043f\u043e\u0432\u043d\u043e\u0446\u0456\u043d\u043d\u0456 \u0441\u0456\u043c\u2019\u0457, \u0440\u0435\u043b\u0456\u0433\u0456\u0439\u043d\u0430 \u043d\u0435\u0442\u0435\u0440\u043f\u0438\u043c\u0456\u0441\u0442\u044c, \u0437\u0440\u0430\u0434\u0430, \u043d\u0430\u043f\u0430\u0434\u0438, \u0432\u0436\u0438\u0432\u0430\u043d\u043d\u044f \u0430\u043b\u043a\u043e\u0433\u043e\u043b\u044e \u043d\u0435\u043f\u043e\u0432\u043d\u043e\u043b\u0456\u0442\u043d\u0456\u043c\u0438. \u00ab\u041a\u043b\u0430\u0441 \u043f\u0430\u043d\u0456 \u0427\u0430\u0439\u043a\u0438\u00bb \u0440\u043e\u0437\u043f\u043e\u0432\u0456\u0434\u0430\u0454 \u043f\u0440\u043e \u044f\u0441\u043a\u0440\u0430\u0432\u0438\u0439, \u0432\u0430\u0436\u043b\u0438\u0432\u0438\u0439, \u0430\u043b\u0435 \u0442\u0430\u043a\u0438\u0439 \u043a\u043e\u0440\u043e\u0442\u043a\u0438\u0439 \u043f\u0435\u0440\u0456\u043e\u0434 \u0436\u0438\u0442\u0442\u044f \u2014 \u044e\u043d\u0430\u0446\u0442\u0432\u043e. \u041f\u0440\u043e \u0447\u0430\u0441, \u043a\u043e\u043b\u0438 \u0432\u0441\u0435 \u0442\u0440\u0430\u043f\u043b\u044f\u0454\u0442\u044c\u0441\u044f \u0432\u043f\u0435\u0440\u0448\u0435\u2026<\/p>\n\n\n\n<div class=\"wp-block-image\"><figure class=\"alignleft\"><img loading=\"lazy\" decoding=\"async\" width=\"204\" height=\"300\" src=\"http:\/\/piekarska.com.pl\/wp-content\/uploads\/2015\/04\/kpc-ukr-okladka-przod-204x300.jpg\" alt=\"kpc-ukr- okladka-przod\" class=\"wp-image-169\" srcset=\"http:\/\/piekarska.com.pl\/wp-content\/uploads\/2015\/04\/kpc-ukr-okladka-przod-204x300.jpg 204w, http:\/\/piekarska.com.pl\/wp-content\/uploads\/2015\/04\/kpc-ukr-okladka-przod-102x150.jpg 102w, http:\/\/piekarska.com.pl\/wp-content\/uploads\/2015\/04\/kpc-ukr-okladka-przod.jpg 438w\" sizes=\"auto, (max-width: 204px) 100vw, 204px\" \/><\/figure><\/div>\n\n\n\n<p><strong>\u041a\u043b\u0430\u0441 \u043f\u0430\u043d\u0456 \u0427\u0430\u0439\u043a\u0438<\/strong><br \/>\u0410\u0432\u0442\u043e\u0440: \u041c\u0430\u043b\u0433\u043e\u0436\u0430\u0442\u0430-\u041a\u0430\u0440\u043e\u043b\u0456\u043d\u0430 \u041f\u0435\u043a\u0430\u0440\u0441\u044c\u043a\u0430<br \/>\u0425\u0443\u0434\u043e\u0436\u043d\u0438\u043a: \u0404\u0432\u0433\u0435\u043d\u0456\u044f \u0416\u0438\u0442\u043d\u0438\u043a<br \/>\u0420\u0456\u043a \u0432\u0438\u0434\u0430\u043d\u043d\u044f: 2018<br \/>\u0421\u0442\u043e\u0440\u0456\u043d\u043e\u043a: 336<br \/>ISBN: 978-966-429-134-4<br \/>\u0412\u0430\u0433\u0430: 0.49<br \/>\u0420\u043e\u0437\u043c\u0456\u0440: 215 \u0445 150 \u0445 22<br \/>\u041e\u0431\u043a\u043b\u0430\u0434\u0438\u043d\u043a\u0430: \u0422\u0432\u0435\u0440\u0434\u0430<br \/>\u0412\u0456\u043a 12+<br \/>\u041c\u043e\u0432\u0430 \u0432\u0438\u0434\u0430\u043d\u043d\u044f: \u0423\u043a\u0440\u0430\u0457\u043d\u0441\u044c\u043a\u0430<\/p>\n\n\n\n<p>\u0426\u044f \u043a\u043d\u0438\u0433\u0430 \u0454 \u043c\u043e\u043b\u043e\u0434\u0456\u0436\u043d\u0438\u043c \u0431\u0435\u0441\u0442\u0441\u0435\u043b\u0435\u0440\u043e\u043c \u0443 \u041f\u043e\u043b\u044c\u0449\u0456. \u0423 \u043d\u044c\u043e\u043c\u0443 \u0440\u043e\u0437\u043f\u043e\u0432\u0456\u0434\u0430\u0454\u0442\u044c\u0441\u044f \u043f\u0440\u043e \u0442\u0435, \u0449\u043e \u0446\u0456\u043a\u0430\u0432\u043e \u043f\u0456\u0434\u043b\u0456\u0442\u043a\u0430\u043c: \u043f\u0440\u043e \u0442\u0440\u0443\u0434\u043d\u043e\u0449\u0456 \u0457\u0445\u043d\u044c\u043e\u0433\u043e \u0432\u0456\u043a\u0443, \u043f\u0440\u043e \u043d\u0435\u0433\u0430\u0440\u0430\u0437\u0434\u0438 \u0443 \u0448\u043a\u043e\u043b\u0456 \u0442\u0430 \u0432\u0434\u043e\u043c\u0430, \u0430\u043b\u0435 \u043d\u0430\u0441\u0430\u043c\u043f\u0435\u0440\u0435\u0434 \u043f\u0440\u043e \u043f\u0435\u0440\u0448\u0456 \u043f\u043e\u0447\u0443\u0442\u0442\u044f \u0456 \u0440\u043e\u0437\u0447\u0430\u0440\u0443\u0432\u0430\u043d\u043d\u044f. \u0413\u043e\u043b\u043e\u0432\u043d\u0456 \u0433\u0435\u0440\u043e\u0457 \u0440\u043e\u043c\u0430\u043d\u0443, \u0432\u0430\u0440\u0448\u0430\u0432\u0441\u044c\u043a\u0456 \u0433\u0456\u043c\u043d\u0430\u0437\u0438\u0441\u0442\u0438, \u0432\u0447\u0430\u0442\u044c\u0441\u044f \u0441\u043a\u043b\u0430\u0434\u043d\u043e\u0433\u043e \u043c\u0438\u0441\u0442\u0435\u0446\u0442\u0432\u0430 \u043f\u0440\u0438\u0439\u043d\u044f\u0442\u0442\u044f \u0456\u043d\u0448\u043e\u0457 \u043b\u044e\u0434\u0438\u043d\u0438 \u2014 \u0437 \u0443\u0441\u0456\u043c\u0430 \u0457\u0457 \u0432\u0430\u0434\u0430\u043c\u0438 \u2014 \u0456 \u0432\u0440\u0435\u0448\u0442\u0456 \u043f\u0456\u0437\u043d\u0430\u044e\u0442\u044c \u0446\u0456\u043d\u0443 \u0434\u0440\u0443\u0436\u0431\u0438.<br \/>\u0414\u043b\u044f \u0434\u0456\u0442\u0435\u0439 \u0441\u0442\u0430\u0440\u0448\u043e\u0433\u043e \u0448\u043a\u0456\u043b\u044c\u043d\u043e\u0433\u043e \u0432\u0456\u043a\u0443.<br \/>14\u044521 \u0441\u043c, 336 \u0441., \u0442\u0432\u0435\u0440\u0434\u0430 \u043e\u0431\u043a\u043b.<\/p>\n\n\n\n<hr class=\"wp-block-separator\"\/>\n\n\n\n<p><strong>Ksi\u0105\u017cka doczeka\u0142a si\u0119 te\u017c recenzji na Ukrainie:<\/strong><\/p>\n\n\n\n<ul class=\"wp-block-list\"><li><a href=\"http:\/\/piekarska.com.pl\/?page_id=6740\">Ukrai\u0144ska recenzja Stanislava Tanasiychuka<\/a><\/li><li><a rel=\"noopener noreferrer\" href=\"http:\/\/piekarska.com.pl\/?page_id=26269\" target=\"_blank\">Ukrai\u0144ska recenzja z bloga Andreeva<\/a><\/li><li><a rel=\"noopener noreferrer\" href=\"http:\/\/piekarska.com.pl\/?page_id=26263\" target=\"_blank\">Ukrai\u0144ska recenzja z bloga Lwowskiej Biblioteki Publicznej<\/a><\/li><li><a rel=\"noopener noreferrer\" href=\"http:\/\/piekarska.com.pl\/?page_id=974\" target=\"_blank\">Ukrai\u0144ska recenzja z bloga Bookworm<\/a><\/li><li><a rel=\"noopener noreferrer\" href=\"http:\/\/piekarska.com.pl\/?page_id=976\" target=\"_blank\">Ukrai\u0144ska recenzja z bloga Christy Nieczytajko<\/a><\/li><li><a rel=\"noopener noreferrer\" href=\"http:\/\/piekarska.com.pl\/?page_id=26275\" target=\"_blank\">Ukrai\u0144ska recenzja z bloga Mariya Yasinovska<\/a><\/li><li><a rel=\"noopener noreferrer\" href=\"http:\/\/piekarska.com.pl\/?page_id=26272\" target=\"_blank\">Ukrai\u0144ska recenzja z bloga Svitlany<\/a><\/li><li><a href=\"http:\/\/piekarska.com.pl\/?page_id=26289\" target=\"_blank\" rel=\"noreferrer noopener\">Ukrai\u0144skie opinie z Instagrama<\/a><\/li><\/ul>\n\n\n\n<p><\/p>\n","protected":false},"excerpt":{"rendered":"<p>\u0410\u0432\u0442\u043e\u0440: \u041c\u0430\u043b\u0433\u043e\u0436\u0430\u0442\u0430-\u041a\u0430\u0440\u043e\u043b\u0456\u043d\u0430 \u041f\u0435\u043a\u0430\u0440\u0441\u044c\u043a\u0430\u0425\u0443\u0434\u043e\u0436\u043d\u0438\u043a: \u0404\u0432\u0433\u0435\u043d\u0456\u044f \u0416\u0438\u0442\u043d\u0438\u043a\u0421\u0435\u0440\u0456\u044f \u043a\u043d\u0438\u0433\u0438: \u0421\u0443\u0447\u0430\u0441\u043d\u0430 \u0454\u0432\u0440\u043e\u043f\u0435\u0439\u0441\u044c\u043a\u0430 \u043f\u0456\u0434\u043b\u0456\u0442\u043a\u043e\u0432\u0430 \u043a\u043d\u0438\u0433\u0430\u0420\u0456\u043a \u0432\u0438\u0434\u0430\u043d\u043d\u044f: 2022\u0421\u0442\u043e\u0440\u0456\u043d\u043e\u043a: 352ISBN: 978-966-429-759-9\u0412\u0430\u0433\u0430: 0.49\u0420\u043e\u0437\u043c\u0456\u0440: 210 \u0445 138 \u0445 28\u041f\u0435\u0440\u0435\u043a\u043b\u0430\u0434\u0430\u0447: \u0411\u043e\u0436\u0435\u043d\u0430 \u0410\u043d\u0442\u043e\u043d\u044f\u043a\u041e\u0431\u043a\u043b\u0430\u0434\u0438\u043d\u043a\u0430: \u0422\u0432\u0435\u0440\u0434\u0430\u0412\u0456\u043a: 12+ \u0413\u043e\u043b\u043e\u0432\u043d\u0438\u043c \u0433\u0435\u0440\u043e\u0454\u043c \u0442\u0440\u0438\u043b\u043e\u0433\u0456\u0457 \u043f\u043e\u0441\u0442\u0430\u0454 \u00ab\u043a\u043b\u0430\u0441 \u0432 \u043e\u0431\u043b\u0438\u0447\u0447\u044f\u0445\u00bb. \u0422\u043e\u0431\u0442\u043e \u0441\u044e\u0436\u0435\u0442 \u0431\u0443\u0434\u0443\u0454\u0442\u044c\u0441\u044f \u043d\u0435 \u043d\u0430\u0432\u043a\u043e\u043b\u043e \u043e\u0434\u043d\u0456\u0454\u0457 \u043b\u044e\u0434\u0438\u043d\u0438, \u0430 \u043d\u0430\u0432\u043a\u043e\u043b\u043e &hellip; <a href=\"http:\/\/piekarska.com.pl\/?page_id=1934\">Continue reading <span class=\"meta-nav\">&rarr;<\/span><\/a><\/p>\n","protected":false},"author":1,"featured_media":76777,"parent":148,"menu_order":0,"comment_status":"closed","ping_status":"open","template":"","meta":{"_acf_changed":false,"footnotes":""},"class_list":["post-1934","page","type-page","status-publish","has-post-thumbnail","hentry"],"acf":[],"_links":{"self":[{"href":"http:\/\/piekarska.com.pl\/index.php?rest_route=\/wp\/v2\/pages\/1934","targetHints":{"allow":["GET"]}}],"collection":[{"href":"http:\/\/piekarska.com.pl\/index.php?rest_route=\/wp\/v2\/pages"}],"about":[{"href":"http:\/\/piekarska.com.pl\/index.php?rest_route=\/wp\/v2\/types\/page"}],"author":[{"embeddable":true,"href":"http:\/\/piekarska.com.pl\/index.php?rest_route=\/wp\/v2\/users\/1"}],"replies":[{"embeddable":true,"href":"http:\/\/piekarska.com.pl\/index.php?rest_route=%2Fwp%2Fv2%2Fcomments&post=1934"}],"version-history":[{"count":18,"href":"http:\/\/piekarska.com.pl\/index.php?rest_route=\/wp\/v2\/pages\/1934\/revisions"}],"predecessor-version":[{"id":76778,"href":"http:\/\/piekarska.com.pl\/index.php?rest_route=\/wp\/v2\/pages\/1934\/revisions\/76778"}],"up":[{"embeddable":true,"href":"http:\/\/piekarska.com.pl\/index.php?rest_route=\/wp\/v2\/pages\/148"}],"wp:featuredmedia":[{"embeddable":true,"href":"http:\/\/piekarska.com.pl\/index.php?rest_route=\/wp\/v2\/media\/76777"}],"wp:attachment":[{"href":"http:\/\/piekarska.com.pl\/index.php?rest_route=%2Fwp%2Fv2%2Fmedia&parent=1934"}],"curies":[{"name":"wp","href":"https:\/\/api.w.org\/{rel}","templated":true}]}}