{"id":1989,"date":"2015-04-26T14:17:49","date_gmt":"2015-04-26T14:17:49","guid":{"rendered":"http:\/\/piekarska.com.pl\/?page_id=1989"},"modified":"2026-01-06T11:01:12","modified_gmt":"2026-01-06T10:01:12","slug":"2009-2","status":"publish","type":"page","link":"http:\/\/piekarska.com.pl\/?page_id=1989","title":{"rendered":"2009"},"content":{"rendered":"<ul>\n<li><a href=\"http:\/\/piekarska.com.pl\/?page_id=375\">&#8222;Literacki alfabet&#8221; w Ja\u015ble<\/a><\/li>\n<li><a href=\"http:\/\/piekarska.com.pl\/?page_id=386\">Bo wi\u0119ksz\u0105 sztuk\u0105 jest \u017cy\u0107 ni\u017c przesta\u0107 \u017cy\u0107<\/a><\/li>\n<li><a href=\"http:\/\/piekarska.com.pl\/?page_id=396\">Karolina Piekarska, jak\u0105 znacie i nie znacie<\/a><\/li>\n<li><a href=\"http:\/\/piekarska.com.pl\/?page_id=398\">Spotkanie autorskie z Ma\u0142gorzat\u0105 Karolin\u0105 Piekarsk\u0105<\/a><\/li>\n<li><a href=\"http:\/\/piekarska.com.pl\/?page_id=400\">SPOTKANIE Z MA\u0141GORZAT\u0104 PIEKARSK\u0104 (strona miasta i gminy Mordy)<\/a><\/li>\n<li><a href=\"http:\/\/piekarska.com.pl\/?page_id=402\">Wizyta dziennikarki i pisarki (Echo katolickie)<\/a><\/li>\n<li><a href=\"http:\/\/piekarska.com.pl\/?page_id=406\">Wys\u0142a\u0107 bab\u0119 do stolicy&#8230;<\/a><\/li>\n<li><a href=\"http:\/\/piekarska.com.pl\/?page_id=408\">Wywiad Justyny Pycki (Tygodnik Siedlecki)<\/a><\/li>\n<li><a href=\"http:\/\/piekarska.com.pl\/?page_id=410\">Z ksi\u0105\u017ck\u0105 na walizkach. Ma\u0142gorzata Karolina Piekarska w Szemudzie<\/a><\/li>\n<li><a href=\"http:\/\/piekarska.com.pl\/?page_id=413\">Spotkanie z Piekarsk\u0105<\/a><\/li>\n<\/ul>\n","protected":false},"excerpt":{"rendered":"<p>&#8222;Literacki alfabet&#8221; w Ja\u015ble Bo wi\u0119ksz\u0105 sztuk\u0105 jest \u017cy\u0107 ni\u017c przesta\u0107 \u017cy\u0107 Karolina Piekarska, jak\u0105 znacie i nie znacie Spotkanie autorskie z Ma\u0142gorzat\u0105 Karolin\u0105 Piekarsk\u0105 SPOTKANIE Z MA\u0141GORZAT\u0104 PIEKARSK\u0104 (strona miasta i gminy Mordy) Wizyta dziennikarki i pisarki (Echo katolickie) &hellip; <a href=\"http:\/\/piekarska.com.pl\/?page_id=1989\">Continue reading <span class=\"meta-nav\">&rarr;<\/span><\/a><\/p>\n","protected":false},"author":1,"featured_media":0,"parent":334,"menu_order":0,"comment_status":"closed","ping_status":"closed","template":"","meta":{"_acf_changed":false,"footnotes":""},"class_list":["post-1989","page","type-page","status-publish","hentry"],"acf":[],"_links":{"self":[{"href":"http:\/\/piekarska.com.pl\/index.php?rest_route=\/wp\/v2\/pages\/1989","targetHints":{"allow":["GET"]}}],"collection":[{"href":"http:\/\/piekarska.com.pl\/index.php?rest_route=\/wp\/v2\/pages"}],"about":[{"href":"http:\/\/piekarska.com.pl\/index.php?rest_route=\/wp\/v2\/types\/page"}],"author":[{"embeddable":true,"href":"http:\/\/piekarska.com.pl\/index.php?rest_route=\/wp\/v2\/users\/1"}],"replies":[{"embeddable":true,"href":"http:\/\/piekarska.com.pl\/index.php?rest_route=%2Fwp%2Fv2%2Fcomments&post=1989"}],"version-history":[{"count":12,"href":"http:\/\/piekarska.com.pl\/index.php?rest_route=\/wp\/v2\/pages\/1989\/revisions"}],"predecessor-version":[{"id":2001,"href":"http:\/\/piekarska.com.pl\/index.php?rest_route=\/wp\/v2\/pages\/1989\/revisions\/2001"}],"up":[{"embeddable":true,"href":"http:\/\/piekarska.com.pl\/index.php?rest_route=\/wp\/v2\/pages\/334"}],"wp:attachment":[{"href":"http:\/\/piekarska.com.pl\/index.php?rest_route=%2Fwp%2Fv2%2Fmedia&parent=1989"}],"curies":[{"name":"wp","href":"https:\/\/api.w.org\/{rel}","templated":true}]}}