{"id":26263,"date":"2020-04-17T14:07:45","date_gmt":"2020-04-17T12:07:45","guid":{"rendered":"http:\/\/piekarska.com.pl\/?page_id=26263"},"modified":"2020-04-18T08:04:42","modified_gmt":"2020-04-18T06:04:42","slug":"ukrainska-recenzja-z-bloga-bibliorodzniki","status":"publish","type":"page","link":"http:\/\/piekarska.com.pl\/?page_id=26263","title":{"rendered":"Ukrai\u0144ska recenzja z bloga Lwowskiej Biblioteki Publicznej"},"content":{"rendered":"\n<div class=\"wp-block-image\"><figure class=\"alignleft\"><img decoding=\"async\" src=\"http:\/\/piekarska.com.pl\/wp-content\/uploads\/2015\/04\/kpc-ukr-okladka-przod-204x300.jpg\" alt=\"kpc-ukr- okladka-przod\"\/><\/figure><\/div>\n\n\n\n<p>\u041f\u0440\u043e\u043f\u043e\u043d\u0443\u044e \u0434\u043e \u0412\u0430\u0448\u043e\u0457 \u0443\u0432\u0430\u0433\u0438 \u0440\u043e\u043c\u0430\u043d \u0432\u0456\u0434\u043e\u043c\u043e\u0457 \u043f\u043e\u043b\u044c\u0441\u044c\u043a\u043e\u0457 \u043f\u0438\u0441\u044c\u043c\u0435\u043d\u043d\u0438\u0446\u0456 \u0442\u0430 \u0436\u0443\u0440\u043d\u0430\u043b\u0456\u0441\u0442\u043a\u0438 \u041c\u0430\u043b\u0433\u043e\u0436\u0430\u0442\u0438-\u041a\u0430\u0440\u043e\u043b\u0456\u043d\u0438 \u041f\u0435\u043a\u0430\u0440\u0441\u044c\u043a\u043e\u0457 \u00ab\u041a\u043b\u0430\u0441 \u043f\u0430\u043d\u0456 \u0427\u0430\u0439\u043a\u0438\u00bb.\u00a0\u00a0 \u0421\u0430\u043c\u0435 \u0442\u0430\u043a! \u0429\u043e\u043d\u0430\u0439\u0441\u043f\u0440\u0430\u0432\u0436\u043d\u0456\u0441\u0456\u043d\u044c\u043a\u0438\u0439 \u00ab\u0440\u043e\u043c\u0430\u043d\u00bb. \u0410 \u044f\u043a\u0438\u0439 \u0440\u043e\u043c\u0430\u043d \u0431\u0435\u0437 \u00ab\u0432\u0435\u043b\u0438\u043a\u043e\u0433\u043e\u00bb \u043a\u043e\u0445\u0430\u043d\u043d\u044f \u0442\u0430 \u0456\u043d\u0442\u0440\u0438\u0433?\u00a0\u041e\u0442\u0436\u0435\u2026\u00a0\u041d\u0430\u0448\u0456 \u0433\u0435\u0440\u043e\u0457 \u0448\u043a\u043e\u043b\u044f\u0440\u0456-\u043f\u0456\u0434\u043b\u0456\u0442\u043a\u0438, \u044f\u043a\u0456 \u0437\u0443\u0441\u0442\u0440\u0456\u0447\u0430\u044e\u0442\u044c\u0441\u044f \u0432 \u043f\u0435\u0440\u0448\u043e\u043c\u0443 \u043a\u043b\u0430\u0441\u0456 \u0433\u0456\u043c\u043d\u0430\u0437\u0456\u0457. \u0406 \u0434\u0443\u0436\u0435 \u0441\u0438\u043b\u044c\u043d\u043e \u043f\u043e\u043c\u0438\u043b\u044f\u0454\u0442\u044c\u0441\u044f \u0442\u043e\u0439 \u0434\u043e\u0440\u043e\u0441\u043b\u0438\u0439, \u044f\u043a\u0438\u0439 \u0432\u0432\u0430\u0436\u0430\u0454, \u0449\u043e \u0433\u0456\u043c\u043d\u0430\u0437\u0456\u0439\u043d\u0435 \u0436\u0438\u0442\u0442\u044f \u0431\u0435\u0437\u0442\u0443\u0440\u0431\u043e\u0442\u043d\u0435.\u00a0\u00a0 \u0421\u0430\u043c\u0435 \u0443 \u043f\u0456\u0434\u043b\u0456\u0442\u043a\u043e\u0432\u043e\u043c\u0443 \u0432\u0456\u0446\u0456 \u0434\u0456\u0442\u0438 \u043d\u0430\u0439\u0433\u043e\u0441\u0442\u0440\u0456\u0448\u0435 \u043f\u0435\u0440\u0435\u0436\u0438\u0432\u0430\u044e\u0442\u044c \u0449\u043e\u0434\u0435\u043d\u043d\u0456 \u0440\u0430\u0434\u043e\u0449\u0456 \u0442\u0430 \u043f\u0440\u043e\u0431\u043b\u0435\u043c\u0438 \u0437 \u044f\u043a\u0438\u043c\u0438 \u0437\u0443\u0441\u0442\u0440\u0456\u0447\u0430\u044e\u0442\u044c\u0441\u044f. \u0422\u0430\u043a \u0456 \u043d\u0430\u0448\u0456 \u0433\u0435\u0440\u043e\u0457 \u0437\u043d\u0430\u0439\u043e\u043c\u043b\u044f\u0442\u044c\u0441\u044f \u0437 \u043d\u043e\u0432\u0438\u043c \u043a\u043e\u043b\u0435\u043a\u0442\u0438\u0432\u043e\u043c, \u043d\u043e\u0432\u0438\u043c\u0438 \u0434\u0440\u0443\u0437\u044f\u043c\u0438. \u0417\u043d\u0430\u0445\u043e\u0434\u044f\u0442\u044c \u0441\u0432\u043e\u0454 \u043f\u0435\u0440\u0448\u0435 \u043a\u043e\u0445\u0430\u043d\u043d\u044f, \u043d\u0430\u043c\u0430\u0433\u0430\u044e\u0442\u044c\u0441\u044f \u0440\u0456\u0437\u043d\u0438\u043c\u0438 \u043c\u0435\u0442\u043e\u0434\u0430\u043c\u0438 \u043f\u0440\u0438\u0432\u0435\u0440\u043d\u0443\u0442\u0438 \u0434\u043e \u0441\u0435\u0431\u0435 \u0443\u0432\u0430\u0433\u0443. \u0412\u0447\u0430\u0442\u044c\u0441\u044f \u043d\u0435 \u0437\u043d\u0435\u0432\u0430\u0436\u0430\u0442\u0438 \u043f\u043e\u0447\u0443\u0442\u0442\u044f, \u044f\u043a\u0456 \u0457\u043c \u043d\u0435 \u043c\u0438\u043b\u0456.\u00a0\u00a0 \u0410\u0432\u0442\u043e\u0440\u043a\u0430 \u043d\u0430 \u043f\u0440\u0438\u043a\u043b\u0430\u0434\u0456 \u043e\u0434\u043d\u043e\u0433\u043e \u043a\u043b\u0430\u0441\u0443, \u043e\u0434\u043d\u043e\u0433\u043e \u043a\u043e\u043b\u0435\u043a\u0442\u0438\u0432\u0443 \u043f\u043e\u043a\u0430\u0437\u0443\u0454 \u0436\u0438\u0442\u0442\u044f \u0443\u0441\u0456\u0445 \u043f\u0456\u0434\u043b\u0456\u0442\u043a\u0456\u0432. \u0422\u0443\u0442\u00a0 \u0454 \u0456 \u0441\u0432\u043e\u0457 \u043b\u0456\u0434\u0435\u0440\u0438, \u0456 \u0437\u0443\u0431\u0440\u0438\u043b\u043a\u0438, \u0456 \u0441\u0432\u043e\u0457 \u043a\u0440\u0430\u0441\u0443\u043d\u0456.\u00ab\u2026\u0414\u0456\u0432\u0447\u0438\u043d\u0430 \u0440\u043e\u0437\u0433\u043b\u044f\u0434\u0430\u043b\u0430 \u0441\u0435\u0431\u0435 \u0432 \u0434\u0437\u0435\u0440\u043a\u0430\u043b\u0456. \u041e\u0434\u043d\u043e\u043a\u043b\u0430\u0441\u043d\u0438\u0446\u0456 \u0442\u043e\u0447\u043d\u043e \u043f\u043e\u0437\u0435\u043b\u0435\u043d\u0456\u044e\u0442\u044c \u0432\u0456\u0434 \u0437\u0430\u0437\u0434\u0440\u043e\u0449\u0456\u0432! \u2013 \u043f\u043e\u0434\u0443\u043c\u0430\u043b\u0430 \u0432\u043e\u043d\u0430.- \u041d\u0443 \u0456 \u041a\u0441\u0438\u0448\u0435\u043a \u0456\u0437\u00a0III-\u0411, \u043c\u043e\u0436\u043b\u0438\u0432\u043e, \u043d\u0430\u0440\u0435\u0448\u0442\u0456 \u0437\u0432\u0435\u0440\u043d\u0435 \u043d\u0430 \u043c\u0435\u043d\u0435 \u0443\u0432\u0430\u0433\u0443. \u0410 \u0447\u043e\u043c\u0443 \u0431 \u043c\u0435\u043d\u0456 \u0439 \u043d\u0435 \u043f\u0456\u0442\u0438 \u0432 \u0446\u044c\u043e\u043c\u0443 \u0434\u043e \u0448\u043a\u043e\u043b\u0438? \u0427\u043e\u0433\u043e \u0431 \u0456 \u043d\u0456?\u00bb\u00a0\u00a0 \u041f\u043e\u043a\u0438 \u0447\u0438\u0442\u0430\u0454\u0448 \u0446\u0435\u0439 \u0442\u0432\u0456\u0440, \u0436\u0438\u0432\u0435\u0448 \u0440\u0430\u0437\u043e\u043c \u0437 \u043f\u0435\u0440\u0441\u043e\u043d\u0430\u0436\u0430\u043c\u0438, \u0441\u043f\u0456\u0432\u043f\u0435\u0440\u0435\u0436\u0438\u0432\u0430\u0454\u0448, \u0437\u0430 \u043a\u043e\u0433\u043e\u0441\u044c \u0445\u0432\u0438\u043b\u044e\u0454\u0448\u0441\u044f. \u041d\u0430\u043c\u0430\u0433\u0430\u0454\u0448\u0441\u044f \u043f\u0440\u0438\u0434\u0443\u043c\u0430\u0442\u0438 \u043f\u043e\u0440\u0430\u0434\u0443 \u0430\u0431\u043e \u0432\u0438\u043f\u0440\u0430\u0432\u0434\u0430\u043d\u043d\u044f \u0457\u0445\u043d\u0456\u043c \u0443\u0447\u0438\u043d\u043a\u0430\u043c.<br \/>\u041e\u0442\u043e\u0436, \u0437\u0430\u043f\u0440\u043e\u0448\u0443\u044e \u0434\u043e \u0446\u0456\u043a\u0430\u0432\u043e\u0433\u043e \u0442\u0430 \u0432\u0435\u0441\u0435\u043b\u043e\u0433\u043e \u0447\u0438\u0442\u0430\u043d\u043d\u044f!\u00a0<br \/>\u0406\u0432\u0430\u043d\u043d\u0430 \u041a\u0435\u043a\u043b\u044f\u043a<\/p>\n\n\n\n<p>\u0179r\u00f3d\u0142o: <a href=\"http:\/\/lodbphoto.blogspot.com\/p\/blog-page_17.html\">http:\/\/lodbphoto.blogspot.com\/p\/blog-page_17.html<\/a><\/p>\n","protected":false},"excerpt":{"rendered":"<p>\u041f\u0440\u043e\u043f\u043e\u043d\u0443\u044e \u0434\u043e \u0412\u0430\u0448\u043e\u0457 \u0443\u0432\u0430\u0433\u0438 \u0440\u043e\u043c\u0430\u043d \u0432\u0456\u0434\u043e\u043c\u043e\u0457 \u043f\u043e\u043b\u044c\u0441\u044c\u043a\u043e\u0457 \u043f\u0438\u0441\u044c\u043c\u0435\u043d\u043d\u0438\u0446\u0456 \u0442\u0430 \u0436\u0443\u0440\u043d\u0430\u043b\u0456\u0441\u0442\u043a\u0438 \u041c\u0430\u043b\u0433\u043e\u0436\u0430\u0442\u0438-\u041a\u0430\u0440\u043e\u043b\u0456\u043d\u0438 \u041f\u0435\u043a\u0430\u0440\u0441\u044c\u043a\u043e\u0457 \u00ab\u041a\u043b\u0430\u0441 \u043f\u0430\u043d\u0456 \u0427\u0430\u0439\u043a\u0438\u00bb.\u00a0\u00a0 \u0421\u0430\u043c\u0435 \u0442\u0430\u043a! \u0429\u043e\u043d\u0430\u0439\u0441\u043f\u0440\u0430\u0432\u0436\u043d\u0456\u0441\u0456\u043d\u044c\u043a\u0438\u0439 \u00ab\u0440\u043e\u043c\u0430\u043d\u00bb. \u0410 \u044f\u043a\u0438\u0439 \u0440\u043e\u043c\u0430\u043d \u0431\u0435\u0437 \u00ab\u0432\u0435\u043b\u0438\u043a\u043e\u0433\u043e\u00bb \u043a\u043e\u0445\u0430\u043d\u043d\u044f \u0442\u0430 \u0456\u043d\u0442\u0440\u0438\u0433?\u00a0\u041e\u0442\u0436\u0435\u2026\u00a0\u041d\u0430\u0448\u0456 \u0433\u0435\u0440\u043e\u0457 \u0448\u043a\u043e\u043b\u044f\u0440\u0456-\u043f\u0456\u0434\u043b\u0456\u0442\u043a\u0438, \u044f\u043a\u0456 \u0437\u0443\u0441\u0442\u0440\u0456\u0447\u0430\u044e\u0442\u044c\u0441\u044f \u0432 \u043f\u0435\u0440\u0448\u043e\u043c\u0443 \u043a\u043b\u0430\u0441\u0456 \u0433\u0456\u043c\u043d\u0430\u0437\u0456\u0457. \u0406 \u0434\u0443\u0436\u0435 \u0441\u0438\u043b\u044c\u043d\u043e \u043f\u043e\u043c\u0438\u043b\u044f\u0454\u0442\u044c\u0441\u044f \u0442\u043e\u0439 &hellip; <a href=\"http:\/\/piekarska.com.pl\/?page_id=26263\">Continue reading <span class=\"meta-nav\">&rarr;<\/span><\/a><\/p>\n","protected":false},"author":1,"featured_media":26220,"parent":1934,"menu_order":0,"comment_status":"closed","ping_status":"closed","template":"","meta":{"_acf_changed":false,"footnotes":""},"class_list":["post-26263","page","type-page","status-publish","has-post-thumbnail","hentry"],"acf":[],"_links":{"self":[{"href":"http:\/\/piekarska.com.pl\/index.php?rest_route=\/wp\/v2\/pages\/26263","targetHints":{"allow":["GET"]}}],"collection":[{"href":"http:\/\/piekarska.com.pl\/index.php?rest_route=\/wp\/v2\/pages"}],"about":[{"href":"http:\/\/piekarska.com.pl\/index.php?rest_route=\/wp\/v2\/types\/page"}],"author":[{"embeddable":true,"href":"http:\/\/piekarska.com.pl\/index.php?rest_route=\/wp\/v2\/users\/1"}],"replies":[{"embeddable":true,"href":"http:\/\/piekarska.com.pl\/index.php?rest_route=%2Fwp%2Fv2%2Fcomments&post=26263"}],"version-history":[{"count":3,"href":"http:\/\/piekarska.com.pl\/index.php?rest_route=\/wp\/v2\/pages\/26263\/revisions"}],"predecessor-version":[{"id":26281,"href":"http:\/\/piekarska.com.pl\/index.php?rest_route=\/wp\/v2\/pages\/26263\/revisions\/26281"}],"up":[{"embeddable":true,"href":"http:\/\/piekarska.com.pl\/index.php?rest_route=\/wp\/v2\/pages\/1934"}],"wp:featuredmedia":[{"embeddable":true,"href":"http:\/\/piekarska.com.pl\/index.php?rest_route=\/wp\/v2\/media\/26220"}],"wp:attachment":[{"href":"http:\/\/piekarska.com.pl\/index.php?rest_route=%2Fwp%2Fv2%2Fmedia&parent=26263"}],"curies":[{"name":"wp","href":"https:\/\/api.w.org\/{rel}","templated":true}]}}