{"id":336,"date":"2015-04-22T11:45:40","date_gmt":"2015-04-22T11:45:40","guid":{"rendered":"http:\/\/piekarska.com.pl\/?page_id=336"},"modified":"2015-04-26T14:04:44","modified_gmt":"2015-04-26T14:04:44","slug":"2004-r-magazyn-13","status":"publish","type":"page","link":"http:\/\/piekarska.com.pl\/?page_id=336","title":{"rendered":"2004 r. &#8211; Magazyn 13"},"content":{"rendered":"<p><strong>Jak Pani kulturalnie sp\u0119dza\u0142a czas maj\u0105c 13 lat?<\/strong><\/p>\n<p>Od dziecka by\u0142am osob\u0105, kt\u00f3ra uwielbia\u0142a czyta\u0107 i pisa\u0107. Dlatego wolne chwile to dla mnie by\u0142o przede wszystkim czytanie. Mia\u0142am wielu ulubionych autor\u00f3w, do kt\u00f3rych wracam do dzi\u015b. To przede wszystkim Hanna O\u017cogowska, Adam Bahdaj, Krystyna Siesicka, Irena Jurgielwiczowa i Zbigniew Nienacki. By\u0142am niestety osoba do\u015b\u0107 niegrzeczn\u0105, a rodzice do\u015b\u0107 cz\u0119sto byli wzywani do szko\u0142y. Wiele razy grozi\u0142 naganny stopie\u0144 z zachowania. Jednak to, \u017ce by\u0142am uczennic\u0105, kt\u00f3ra mia\u0142y rocznie na koncie bibliotecznym najwi\u0119cej przeczytanych ksi\u0105\u017cek powodowa\u0142o, \u017ce stawiano mi w ko\u0144cu z zachowania \u201edobry\u201d.<br \/>\nOpr\u00f3cz czytania wa\u017cne by\u0142o pisanie. Najpierw by\u0142y to wiersze. Teraz oceniam je jako bardzo g\u0142upie, ale sprawi\u0142y, \u017ce do dzi\u015b mam wielk\u0105 \u0142atwo\u015b\u0107 w rymowaniu. Potem horror, kt\u00f3ry napisa\u0142am pod wp\u0142ywem filmu \u201eGabinet grozy doktora zgrozy\u201d. By\u0142 on o wampirze, kt\u00f3rego trzeba by\u0142o zabi\u0107 pi\u0119cioma strza\u0142ami z pistoletu nabitego srebrnymi kulami. Wreszcie pami\u0119tnik, kt\u00f3ry zacz\u0119\u0142am pisa\u0107 w si\u00f3dmej klasie \u2013 odpowiedniku dzisiejszej pierwszej gimnazjalnej \u2013 a przesta\u0142am w czasie studi\u00f3w.<\/p>\n<p><strong>Sk\u0105d pomys\u0142 pisania dla m\u0142odzie\u017cy i o m\u0142odzie\u017cy?<\/strong><\/p>\n<p>Publikowanie zacz\u0119\u0142am od opowiada\u0144, ale by\u0142y one raczej dla doros\u0142ych. Poniewa\u017c jednak od dziesi\u0119ciu lat zwi\u0105zana jestem z pras\u0105 m\u0142odzie\u017cow\u0105, wi\u0119c naturalnym sta\u0142o si\u0119, \u017ce wymy\u015bli\u0142am co\u015b dla czytelnika, dla kt\u00f3rego na co dzie\u0144 pisz\u0119 artyku\u0142y. My\u015bl\u0119, \u017ce sporo wiem na temat m\u0142odzie\u017cy. Nie tylko dlatego, \u017ce sama jestem matk\u0105, ale dlatego, \u017ce nastolatki z ca\u0142ej Polski pisz\u0105 do mnie. Dostaj\u0119 \u015brednio jeden list dziennie. Pisz\u0105 do mnie o swoich marzeniach, prze\u017cyciach, obawach. Chcia\u0142am wi\u0119c napisa\u0107 co\u015b dla nich. Uwa\u017cam, \u017ce czas, kiedy jest si\u0119 w gimnazjum jest najwa\u017cniejszy w \u017cyciu. Wtedy krystalizuje si\u0119 nasza wiedza o nas samych i o tym czego szukamy w innych ludziach.<\/p>\n<p><em>Magazyn 13-tka, 2004<\/em><\/p>\n","protected":false},"excerpt":{"rendered":"<p>Jak Pani kulturalnie sp\u0119dza\u0142a czas maj\u0105c 13 lat? Od dziecka by\u0142am osob\u0105, kt\u00f3ra uwielbia\u0142a czyta\u0107 i pisa\u0107. Dlatego wolne chwile to dla mnie by\u0142o przede wszystkim czytanie. Mia\u0142am wielu ulubionych autor\u00f3w, do kt\u00f3rych wracam do dzi\u015b. To przede wszystkim Hanna &hellip; <a href=\"http:\/\/piekarska.com.pl\/?page_id=336\">Continue reading <span class=\"meta-nav\">&rarr;<\/span><\/a><\/p>\n","protected":false},"author":1,"featured_media":0,"parent":1958,"menu_order":0,"comment_status":"closed","ping_status":"open","template":"","meta":{"_acf_changed":false,"footnotes":""},"class_list":["post-336","page","type-page","status-publish","hentry"],"acf":[],"_links":{"self":[{"href":"http:\/\/piekarska.com.pl\/index.php?rest_route=\/wp\/v2\/pages\/336","targetHints":{"allow":["GET"]}}],"collection":[{"href":"http:\/\/piekarska.com.pl\/index.php?rest_route=\/wp\/v2\/pages"}],"about":[{"href":"http:\/\/piekarska.com.pl\/index.php?rest_route=\/wp\/v2\/types\/page"}],"author":[{"embeddable":true,"href":"http:\/\/piekarska.com.pl\/index.php?rest_route=\/wp\/v2\/users\/1"}],"replies":[{"embeddable":true,"href":"http:\/\/piekarska.com.pl\/index.php?rest_route=%2Fwp%2Fv2%2Fcomments&post=336"}],"version-history":[{"count":1,"href":"http:\/\/piekarska.com.pl\/index.php?rest_route=\/wp\/v2\/pages\/336\/revisions"}],"predecessor-version":[{"id":337,"href":"http:\/\/piekarska.com.pl\/index.php?rest_route=\/wp\/v2\/pages\/336\/revisions\/337"}],"up":[{"embeddable":true,"href":"http:\/\/piekarska.com.pl\/index.php?rest_route=\/wp\/v2\/pages\/1958"}],"wp:attachment":[{"href":"http:\/\/piekarska.com.pl\/index.php?rest_route=%2Fwp%2Fv2%2Fmedia&parent=336"}],"curies":[{"name":"wp","href":"https:\/\/api.w.org\/{rel}","templated":true}]}}