{"id":348,"date":"2015-04-22T11:51:58","date_gmt":"2015-04-22T11:51:58","guid":{"rendered":"http:\/\/piekarska.com.pl\/?page_id=348"},"modified":"2015-04-26T14:06:06","modified_gmt":"2015-04-26T14:06:06","slug":"2004-r-wywiad-edyty-woznicy","status":"publish","type":"page","link":"http:\/\/piekarska.com.pl\/?page_id=348","title":{"rendered":"2004 r. &#8211; Wywiad Edyty Wo\u017anicy"},"content":{"rendered":"<p><strong>Klasa pani Czajki to chyba pierwsza w Polsce powie\u015b\u0107, kt\u00f3rej bohaterami s\u0105 gimnazjali\u015bci. Nie jeste\u015b gimnazjalistk\u0105, tw\u00f3j syn jest jeszcze w podstaw\u00f3wce. Dlaczego napisa\u0142a\u015b powie\u015b\u0107 o gimnazjalistach?<\/strong><\/p>\n<p>W\u0142a\u015bnie dlatego, \u017ce nigdy nie by\u0142am w gimnazjum. Gimnazjum to dwa ostatnie lata mojej podstaw\u00f3wki i pierwszy rok mojego liceum czyli tak naprawd\u0119 trzy najwa\u017cniejsze lata z mojego \u017cycia. Uwa\u017cam, \u017ce wiek, mi\u0119dzy trzynastym a szesnastym rokiem \u017cycia jest najwa\u017cniejszy. Poza tym nigdy nie by\u0142am w gimnazjum, wi\u0119c chcia\u0142am przenie\u015b\u0107 si\u0119 tam na kartach w\u0142asnej ksi\u0105\u017cki.<\/p>\n<p><strong>Tak, bardzo intensywny wiek, ale jednocze\u015bnie bardzo trudny. Czy nie ba\u0142a\u015b si\u0119 pisa\u0107 o nastolatkach?<\/strong><\/p>\n<p>Oczywi\u015bcie, \u017ce si\u0119 ba\u0142am. Dla mnie ten wiek by\u0142 interesuj\u0105cy, bo w tym czasie krystalizuje si\u0119 nasza wiedza o nas samych. Zaczynamy si\u0119 orientowa\u0107 jakie podobaj\u0105 si\u0119 nam dziewczyny, jacy ch\u0142opcy i jakiej jeste\u015bmy orientacji seksualnej. Co nas w og\u00f3le interesuje w innym cz\u0142owieku&#8230;.<\/p>\n<p><strong>Czy mo\u017ce jako mama chcia\u0142a\u015b troch\u0119 oswoi\u0107 ten trudny czas dorastania, zanim Tw\u00f3j syn stanie si\u0119 gimnazjalist\u0105? Czy mo\u017ce ju\u017c masz jaki\u015b spos\u00f3b?<\/strong><\/p>\n<p>Nie. Cho\u0107 oczywi\u015bcie, jak ka\u017cdy rodzic dorastaj\u0105cego dziecka boj\u0119 si\u0119 problemu alkoholu, narkotyk\u00f3w, pr\u00f3b samob\u00f3jczych. Ju\u017c staram si\u0119 Ma\u0107kowi pokazywa\u0107 r\u00f3\u017cne sytuacje. Bardzo du\u017co rozmawiamy, razem ogl\u0105damy filmy, czytamy gazety i ja to komentuj\u0119. Ale te\u017c selekcjonuj\u0119 wiadomo\u015bci, kt\u00f3re do niego docieraj\u0105. My\u015bl\u0119, \u017ce cz\u0119\u015bci z nich jeszcze nie jest w stanie poj\u0105\u0107, bo s\u0105 poza jego percepcj\u0105. On sam te\u017c to czuje. Twierdz\u0119, \u017ce najniebezpieczniejsze w tym przypadku s\u0105 telewizyjne programy informacyjne. \u017baden rodzic nie jest w stanie przewidzie\u0107 jaki b\u0119dzie kolejny nius. W rozmowach na trudne tematy, np. o narkomanii czy alkoholizmie, a mam w\u015br\u00f3d znajomych alkoholik\u00f3w i znam kilku narkoman\u00f3w, nie m\u00f3wi\u0119 na przyk\u0142ad, \u017ce kto\u015b tam zachorowa\u0142 tylko t\u0142umacz\u0119 co zrobi\u0142. Nie stosuj\u0119 jednak metody zakaz\u00f3w, bo zakazany owoc lepiej smakuje. Dlatego nie krzycz\u0119, kiedy chce pow\u0105cha\u0107 piwo lub wzi\u0105\u0107 tzw. \u0142yka.<\/p>\n<p><strong>Ksi\u0105\u017cka jest napisana barwnym, \u017cywym j\u0119zykiem m\u0142odzie\u017cy, Ty na co dzie\u0144 nie u\u017cywasz takiego j\u0119zyka. Nie ba\u0142a\u015b si\u0119, \u017ce fabu\u0142a i dialogi mog\u0105 okaza\u0107 si\u0119 niewiarygodne? Sk\u0105d tak doskonale znasz gimnazjalist\u00f3w i ich j\u0119zyk?<\/strong><\/p>\n<p>Chcia\u0142am, \u017ceby by\u0142 to zar\u00f3wno j\u0119zyk literacki jak i \u017cywy j\u0119zyk m\u0142odych. Nie my\u015bla\u0142am o tym, \u017ceby pisa\u0107 slangiem m\u0142odzie\u017cowym w stylu Mas\u0142owskiej, bo chcia\u0142am dotrze\u0107 do szerokiego czytelnika, a nie do jakiej\u015b subkultury. Pisz\u0119 do pism m\u0142odzie\u017cowych: Victora i Cogito, kontaktuj\u0119 si\u0119 z czytelnikami, du\u017co rozmawiam z m\u0142odzie\u017c\u0105, pisz\u0105 do mnie listy, e-maile, dyskutuj\u0105 ze mn\u0105 \u2013 oni tak po prostu do mnie m\u00f3wi\u0105.<\/p>\n<p><strong>Czy to, \u017ce jeste\u015b dziennikark\u0105 u\u0142atwi\u0142o Ci napisanie Klasy pani Czajki ? Bo przecie\u017c felietony, artyku\u0142y to zupe\u0142nie inny rodzaj pisania.<\/strong><\/p>\n<p>Dzi\u0119ki takiemu zawodowi kontaktuj\u0119 si\u0119 z mn\u00f3stwem ludzi i poznaj\u0119 ich historie. W tej ksi\u0105\u017cce s\u0105 opowie\u015bci, kt\u00f3re us\u0142ysza\u0142am lub pods\u0142ucha\u0142am. Dzi\u0119ki temu, \u017ce jestem dziennikark\u0105 mam szans\u0119 pozna\u0107 \u015bwiat zupe\u0142nie inny ni\u017c ten, w kt\u00f3rym teraz \u017cyj\u0119, czy w kt\u00f3rym zosta\u0142am wychowana.<\/p>\n<p><strong>Napisa\u0142a\u015b powie\u015b\u0107 o m\u0142odzie\u017cy \u017cyj\u0105cej tu i teraz, czy my\u015blisz, \u017ce nastolatek nie jest w stanie sam napisa\u0107 powie\u015bci dla swoich r\u00f3wie\u015bnik\u00f3w?<\/strong><\/p>\n<p>Nastolatek nie jest w stanie napisa\u0107 takiej powie\u015bci. Pokaza\u0142 mi to konkurs, kt\u00f3ry og\u0142osi\u0142am na dalszy ci\u0105g los\u00f3w bohater\u00f3w Klasy pani Czajki. Oni wszystkie w\u0105tki byli w stanie zako\u0144czyli w jednym rozdziale, a na dodatek tekst mia\u0142 p\u00f3\u0142 strony. Nastolatek nie jest w stanie napisa\u0107 powie\u015bci o swoich r\u00f3wie\u015bnikach poniewa\u017c nie ma dystansu do swojego \u017cycia i jest bardzo niecierpliwy. W tym wieku intensywnie si\u0119 wszystko odczuwa, chce si\u0119 czyta\u0107 o wielkiej mi\u0142o\u015bci, o tym jak j\u0105 zdoby\u0107, ale z drugiej strony chce si\u0119, \u017ceby wszystko to sta\u0142o si\u0119 natychmiast.<\/p>\n<p><strong>Czytelnicy Klasy pani Czajki bardzo emocjonalnie podchodz\u0105 do tej powie\u015bci, dyskutuj\u0105, dziel\u0105 si\u0119 z Tob\u0105 swoimi przemy\u015bleniami. Kt\u00f3ra z opinii zaskoczy\u0142a Ci\u0119 najbardziej a kt\u00f3ra sprawi\u0142a Ci najwi\u0119ksz\u0105 rado\u015b\u0107?<\/strong><\/p>\n<p>Najwi\u0119ksz\u0105 rado\u015b\u0107 sprawi\u0142 mi SMS od syna, kt\u00f3ry wyjecha\u0142 z ksi\u0105\u017ck\u0105 na ob\u00f3z harcerski i tam j\u0105 czyta\u0142. SMS brzmia\u0142: \u201eW\u0142a\u015bnie przeczyta\u0142em rozdzia\u0142 o tym jak mamie Micha\u0142a wycinali krta\u0144 i bardzo si\u0119 pop\u0142aka\u0142em.\u201d To, \u017ce potrafi\u0119 swoim pisaniem rozbawi\u0107 \u2013 wiem. Natomiast zawsze ciekawi\u0142o mnie, czy potrafi\u0119 wzruszy\u0107. Ten SMS powiedzia\u0142 mi, \u017ce tak. By\u0142 wi\u0119c jednym z wa\u017cniejszych. Potem zreszt\u0105 wiele os\u00f3b m\u00f3wi\u0142o mi, \u017ce historia Micha\u0142a i jego mamy bardzo ich wzrusza. Natomiast zaskoczy\u0142a mnie wiara czytelnik\u00f3w w to, \u017ce to co opisuj\u0119 w ksi\u0105\u017cce jest prawd\u0105. Mn\u00f3stwo os\u00f3b odnalaz\u0142o ukryty w jednym z rozdzia\u0142\u00f3w numer Gadu-Gadu. Jest to numer niby nale\u017c\u0105cy do Wojtka, kt\u00f3ry ja specjalnie ukry\u0142am na kartach ksi\u0105\u017cki, by zbada\u0107 spostrzegawczo\u015b\u0107 czytelnika. Nagle na ten numer zacz\u0119\u0142y przychodzi\u0107 teksty typu: \u201ecze\u015b\u0107 Wojtek!\u201d Przypomnia\u0142o mi to opowie\u015bci wielu aktor\u00f3w, kt\u00f3rzy s\u0105 uto\u017csamiani z gran\u0105 przez siebie rol\u0105. Okaza\u0142o si\u0119, \u017ce wielu czytelnik\u00f3w wierzy w to, \u017ce gdzie\u015b mieszka Kamila, Maciek, Wojtek i Ma\u0142gosia. Dla nich znalezienie prawdziwego numeru Gadu-Gadu by\u0142o nie tylko zbli\u017ceniem si\u0119 do ksi\u0105\u017cki, ale pr\u00f3b\u0105 wej\u015bcia w \u017cycie jej bohater\u00f3w. Bo uznali, \u017ce jest ono bardziej interesuj\u0105ce od \u017cycia ich samych. Jakby zapominali, \u017ce na zaledwie dwustu kartkach ksi\u0105\u017cki przedstawi\u0142am a\u017c trzy lata z \u017cycia ca\u0142ej grupy nastolatk\u00f3w.<\/p>\n<p><strong>Dzi\u0119kuj\u0119 za rozmow\u0119.<\/strong><\/p>\n<p><em>Rozmawia\u0142a Edyta Wo\u017anica<\/em><br \/>\n<em>To mia\u0142o ukaza\u0107 si\u0119 na \u0142amach pisma &#8222;Edukacja Twojego Dziecka&#8221;. Jest to jedyny wywiad, kt\u00f3ry ze mn\u0105 przeprowadzono i nie ukaza\u0142 si\u0119 nigdzie. Sytuacja o tyle zabawna, \u017ce pismo &#8222;Edukacja Twojego Dziecka&#8221; by\u0142o wydawane przez wydawc\u0119 &#8222;Klasy pani Czajki&#8221;, a wydawcy powinno przecie\u017c zale\u017ce\u0107 na promowaniu w\u0142asnego autora.<\/em><\/p>\n","protected":false},"excerpt":{"rendered":"<p>Klasa pani Czajki to chyba pierwsza w Polsce powie\u015b\u0107, kt\u00f3rej bohaterami s\u0105 gimnazjali\u015bci. Nie jeste\u015b gimnazjalistk\u0105, tw\u00f3j syn jest jeszcze w podstaw\u00f3wce. Dlaczego napisa\u0142a\u015b powie\u015b\u0107 o gimnazjalistach? W\u0142a\u015bnie dlatego, \u017ce nigdy nie by\u0142am w gimnazjum. Gimnazjum to dwa ostatnie lata &hellip; <a href=\"http:\/\/piekarska.com.pl\/?page_id=348\">Continue reading <span class=\"meta-nav\">&rarr;<\/span><\/a><\/p>\n","protected":false},"author":1,"featured_media":0,"parent":1958,"menu_order":0,"comment_status":"closed","ping_status":"open","template":"","meta":{"_acf_changed":false,"footnotes":""},"class_list":["post-348","page","type-page","status-publish","hentry"],"acf":[],"_links":{"self":[{"href":"http:\/\/piekarska.com.pl\/index.php?rest_route=\/wp\/v2\/pages\/348","targetHints":{"allow":["GET"]}}],"collection":[{"href":"http:\/\/piekarska.com.pl\/index.php?rest_route=\/wp\/v2\/pages"}],"about":[{"href":"http:\/\/piekarska.com.pl\/index.php?rest_route=\/wp\/v2\/types\/page"}],"author":[{"embeddable":true,"href":"http:\/\/piekarska.com.pl\/index.php?rest_route=\/wp\/v2\/users\/1"}],"replies":[{"embeddable":true,"href":"http:\/\/piekarska.com.pl\/index.php?rest_route=%2Fwp%2Fv2%2Fcomments&post=348"}],"version-history":[{"count":2,"href":"http:\/\/piekarska.com.pl\/index.php?rest_route=\/wp\/v2\/pages\/348\/revisions"}],"predecessor-version":[{"id":1962,"href":"http:\/\/piekarska.com.pl\/index.php?rest_route=\/wp\/v2\/pages\/348\/revisions\/1962"}],"up":[{"embeddable":true,"href":"http:\/\/piekarska.com.pl\/index.php?rest_route=\/wp\/v2\/pages\/1958"}],"wp:attachment":[{"href":"http:\/\/piekarska.com.pl\/index.php?rest_route=%2Fwp%2Fv2%2Fmedia&parent=348"}],"curies":[{"name":"wp","href":"https:\/\/api.w.org\/{rel}","templated":true}]}}