{"id":373,"date":"2015-04-22T12:20:35","date_gmt":"2015-04-22T12:20:35","guid":{"rendered":"http:\/\/piekarska.com.pl\/?page_id=373"},"modified":"2015-04-26T14:14:08","modified_gmt":"2015-04-26T14:14:08","slug":"2008-r-wywiad-anny-pietruczak-biblioteka-analiz","status":"publish","type":"page","link":"http:\/\/piekarska.com.pl\/?page_id=373","title":{"rendered":"2008 r &#8211; wywiad Anny Pietruczak (Biblioteka Analiz)"},"content":{"rendered":"<p><strong>Czekoladki Forresta Gumpa<\/strong><\/p>\n<p><strong>Kiedy i sk\u0105d wzi\u0105\u0142 si\u0119 pomys\u0142 na &#8222;Klas\u0119 pani Czajki&#8221;?<\/strong><\/p>\n<p>Redakcja &#8222;Victora gimnazjalisty&#8221; chcia\u0142a mie\u0107 powie\u015b\u0107 w odcinkach. Ja z kolei bardzo chcia\u0142am pisa\u0107. Pojawi\u0142a si\u0119 szansa pisania bezpo\u015brednio do czytelnika. Chcia\u0142am dotrze\u0107 do ka\u017cdego. St\u0105d pomys\u0142 na bohatera zbiorowego, czyli klas\u0119.<\/p>\n<p><strong>Sk\u0105d zna pani tak dobrze problemy i j\u0119zyk nastolatk\u00f3w.<\/strong><\/p>\n<p>Pami\u0119tam jak bi\u0142o mi serce, gdy ch\u0142opak, w kt\u00f3rym zakocha\u0142am si\u0119, (co zreszt\u0105 stara\u0142am si\u0119 przed sama sob\u0105 ukry\u0107) powiedzia\u0142 mi, \u017ce mnie kocha. Pami\u0119tam jak rozpacza\u0142am, gdy poszed\u0142 na imprez\u0119 z inn\u0105. Poza tym mam sw\u00f3j pami\u0119tnik z tamtych lat. Jest miejscami \u017cenuj\u0105cy i absolutnie nie nadaje si\u0119 do publikacji, ale\u2026 jest te\u017c niewyczerpanym \u017ar\u00f3d\u0142em temat\u00f3w. Wreszcie mam syna i jako kochaj\u0105ca mama, lubi\u0105ca m\u0142odzie\u017c, je\u017cd\u017c\u0119 na szkolne wycieczki. Uwielbiam to. Odpisuje tez na listy w \u201e13 magazynie szcz\u0119\u015bliwej nastolatki\u201d. Czytam blogi nastolatk\u00f3w. Nie \u015bmiej\u0119 si\u0119 z ich problem\u00f3w. Nie bagatelizuje.<\/p>\n<p><strong>Dlaczego akcj\u0119 ksi\u0105\u017cki umie\u015bci\u0142a pani na Saskiej K\u0119pie w warszawie?<\/strong><\/p>\n<p>Chcia\u0142am pokaza\u0107, \u017ce to takie same miejsce jak ka\u017cde inne. \u017be \u017cyj\u0105 tu tez normalne nastolatki i maja takie same problemy jak ich r\u00f3wie\u015bnicy nie tylko w ka\u017cdym zak\u0105tku Polski, ale i na ca\u0142ej kuli ziemskiej. Prosz\u0119 sobie wyobrazi\u0107, \u017ce w 2006 roku szesnastolatek z zabielonej G\u00f3ry przyjecha\u0142 o warszawy i przew\u0119drowa\u0142 Sask\u0105 K\u0119p\u0119 z \u201eKlasa pani Czajki\u201d w reku. Swoj\u0105 w\u0119dr\u00f3wk\u0119 sfotografowa\u0142 i opisa\u0142 w li\u015bcie do mnie. Jestem z tego niezwykle dumna.<\/p>\n<p><strong>Czy b\u0119dzie ci\u0105g dalszy? My\u015bl\u0119, \u017ce czytelnicy ch\u0119tnie poznaliby dalsze losy wychowank\u00f3w \u201eKlasy pani Czajki\u201d.<\/strong><\/p>\n<p>Dalszy ci\u0105g ca\u0142y czas powstaje. Nosi tytu\u0142 \u201eLO-teria\u201d, bo bohaterowie Ida do liceum, a Zycie w szkole to zawsze jest loteria lub \u2013 jak m\u00f3wi\u0142 Forrest Gump \u2013 pude\u0142ko czekoladek: nigdy nie wiesz, co ci si\u0119 trafi. Pisanie sz\u0142o mi dobrze dop\u00f3ki powie\u015b\u0107 ukazywa\u0142a si\u0119, co dwa tygodnie w \u201eCogito\u201d. Decyzja wydawc\u00f3w o zdj\u0119ciu jej z \u0142am\u00f3w pisma podci\u0119\u0142a mi skrzyd\u0142a. Owszem, upomnieli si\u0119 czytelnicy, napisali nawet petycj\u0119 w sprawie przywr\u00f3cenia \u201eLO-terii\u201d. Niestety nadarmenie. Ci\u0105gle pisarstwo to dla mnie hobby, do kt\u00f3rego dop\u0142acam. Ostatnio nie bardzo mam z czego. Dlatego \u201eLO-teria\u201d powstaje, ale nie w takim tempie, jakiego by \u017cyczyli sobie czytelnicy, ale r\u00f3wnie\u017c ja. Jednak nie poddaje si\u0119 i walcz\u0119.<\/p>\n<p><em>Rozmawia\u0142a Anna Pietruczak<br \/>\nLipiec 2008<\/em><\/p>\n","protected":false},"excerpt":{"rendered":"<p>Czekoladki Forresta Gumpa Kiedy i sk\u0105d wzi\u0105\u0142 si\u0119 pomys\u0142 na &#8222;Klas\u0119 pani Czajki&#8221;? Redakcja &#8222;Victora gimnazjalisty&#8221; chcia\u0142a mie\u0107 powie\u015b\u0107 w odcinkach. Ja z kolei bardzo chcia\u0142am pisa\u0107. Pojawi\u0142a si\u0119 szansa pisania bezpo\u015brednio do czytelnika. Chcia\u0142am dotrze\u0107 do ka\u017cdego. St\u0105d pomys\u0142 &hellip; <a href=\"http:\/\/piekarska.com.pl\/?page_id=373\">Continue reading <span class=\"meta-nav\">&rarr;<\/span><\/a><\/p>\n","protected":false},"author":1,"featured_media":0,"parent":1976,"menu_order":0,"comment_status":"closed","ping_status":"open","template":"","meta":{"_acf_changed":false,"footnotes":""},"class_list":["post-373","page","type-page","status-publish","hentry"],"acf":[],"_links":{"self":[{"href":"http:\/\/piekarska.com.pl\/index.php?rest_route=\/wp\/v2\/pages\/373","targetHints":{"allow":["GET"]}}],"collection":[{"href":"http:\/\/piekarska.com.pl\/index.php?rest_route=\/wp\/v2\/pages"}],"about":[{"href":"http:\/\/piekarska.com.pl\/index.php?rest_route=\/wp\/v2\/types\/page"}],"author":[{"embeddable":true,"href":"http:\/\/piekarska.com.pl\/index.php?rest_route=\/wp\/v2\/users\/1"}],"replies":[{"embeddable":true,"href":"http:\/\/piekarska.com.pl\/index.php?rest_route=%2Fwp%2Fv2%2Fcomments&post=373"}],"version-history":[{"count":3,"href":"http:\/\/piekarska.com.pl\/index.php?rest_route=\/wp\/v2\/pages\/373\/revisions"}],"predecessor-version":[{"id":1978,"href":"http:\/\/piekarska.com.pl\/index.php?rest_route=\/wp\/v2\/pages\/373\/revisions\/1978"}],"up":[{"embeddable":true,"href":"http:\/\/piekarska.com.pl\/index.php?rest_route=\/wp\/v2\/pages\/1976"}],"wp:attachment":[{"href":"http:\/\/piekarska.com.pl\/index.php?rest_route=%2Fwp%2Fv2%2Fmedia&parent=373"}],"curies":[{"name":"wp","href":"https:\/\/api.w.org\/{rel}","templated":true}]}}