{"id":408,"date":"2015-04-22T13:01:57","date_gmt":"2015-04-22T13:01:57","guid":{"rendered":"http:\/\/piekarska.com.pl\/?page_id=408"},"modified":"2015-04-26T14:25:12","modified_gmt":"2015-04-26T14:25:12","slug":"2009-r-wywiad-justyny-pycki-tygodnik-siedlecki","status":"publish","type":"page","link":"http:\/\/piekarska.com.pl\/?page_id=408","title":{"rendered":"2009 r. &#8211; Wywiad Justyny Pycki (Tygodnik Siedlecki)"},"content":{"rendered":"<div>\n<p align=\"right\"><strong><img loading=\"lazy\" decoding=\"async\" src=\"http:\/\/psedytor.waw.pl\/userfiles\/ts.JPG\" alt=\"\" width=\"227\" height=\"91\" align=\"left\" hspace=\"10\" vspace=\"10\" \/><\/strong><\/p>\n<p><strong>Najbardziej inspiruj\u0105ce jest \u017cycie<\/strong><\/p>\n<p><strong>Rozmowa z MA\u0141GORZAT\u0104 KAROLIN\u0104 PIEKARSK\u0104<\/strong><\/p>\n<p><strong>&#8211; Spotka\u0142a\u015b si\u0119 z siedleckimi gimnazjalistami. Do czego pr\u00f3bowa\u0142a\u015b ich przekona\u0107?<\/strong><\/p>\n<\/div>\n<div>\n<p>&#8211; Mi\u0119dzy innymi do tego, \u017ce pismo jest najwi\u0119kszym wynalazkiem ludzko\u015bci, bo jak bez pisma wynalazcy mogliby opisa\u0107 wszystkie najwa\u017cniejsze odkrycia naukowe? Wszystko, czego ludzko\u015b\u0107 dokona\u0142a, nie by\u0142oby mo\u017cliwe, gdyby nie pismo. Ja przywi\u0105zuj\u0119 te\u017c du\u017c\u0105 wag\u0119 do s\u0142\u00f3w. To zapewne wynika z faktu, \u017ce jestem kobiet\u0105. My, kobiety przywi\u0105zujemy wi\u0119ksz\u0105 wag\u0119 do s\u0142\u00f3w, ni\u017c m\u0119\u017cczy\u017ani. Ale s\u0142owa w og\u00f3le s\u0105 wa\u017cne. Ju\u017c w Ewangelii \u015bw. Jana czytamy: \u201eNa pocz\u0105tku by\u0142o S\u0142owo, a S\u0142owo by\u0142o u Boga, i Bogiem by\u0142o S\u0142owo. (&#8230;) Wszystko przez Nie si\u0119 sta\u0142o, a bez Niego nic si\u0119 nie sta\u0142o co si\u0119 sta\u0142o.\u201d To, \u017ce wynaleziono pismo, kt\u00f3re pozwala nam te s\u0142owa zapisywa\u0107, oraz \u017ce potrafimy wykorzystuj\u0105c sw\u00f3j zas\u00f3b s\u0142\u00f3w, tworzy\u0107 r\u00f3\u017cne dzie\u0142a i opisywa\u0107 r\u00f3\u017cne rzeczy, te\u017c jest naszym wielkim osi\u0105gni\u0119ciem. Podczas spotkania po prostu chcia\u0142am m\u0142odym ludziom u\u015bwiadomi\u0107, jak wielk\u0105 moc maj\u0105 zar\u00f3wno pismo, jak i s\u0142owa.<\/p>\n<p><strong>&#8211; Du\u017co m\u00f3wi si\u0119 o tym, \u017ce m\u0142odzie\u017c oddala si\u0119 od s\u0142owa pisanego. Woli filmy, zamiast ksi\u0105\u017cek, pasjonuje si\u0119 grami komputerowymi, internetem. Jeste\u015b blisko m\u0142odych ludzi, jak to oceniasz?<\/strong><\/p>\n<\/div>\n<div>\n<p>&#8211; Nie jest a\u017c tak \u017ale. Oni wci\u0105\u017c s\u0105 blisko s\u0142owa pisanego. Przecie\u017c nie da si\u0119 obs\u0142ugiwa\u0107 internetu bez znajomo\u015bci s\u0142owa pisanego. Ca\u0142y czas si\u0119gaj\u0105 po s\u0142owo pisane, cho\u0107 niekoniecznie po papier. M\u0142odzi ludzie czytaj\u0105. W sieci mo\u017cna znale\u017a\u0107 przecie\u017c tak\u017ce literatur\u0119.<\/p>\n<p><strong>&#8211; Przy okazji literatury. Twoja ksi\u0105\u017cka \u201eKlasa pani Czajki\u201d przypad\u0142a do gustu m\u0142odym czytelnikom. Czy mog\u0105 spodziewa\u0107 si\u0119 kontynuacji?<\/strong><\/p>\n<\/div>\n<div>\n<p>&#8211; Powoli ko\u0144cz\u0119 prac\u0119 nad drug\u0105 cz\u0119\u015bci\u0105. B\u0119dzie nosi\u0107 tytu\u0142 \u201eLO-teria\u201d. Du\u017ce \u201eLO\u201d, a reszta pisana ma\u0142ymi literkami. LO, bo liceum, a ca\u0142o\u015b\u0107 czytana, jako loteria, bo \u017cycie i to nie tylko w szkole \u015bredniej, ale w og\u00f3le, jest w moim poj\u0119ciu loteri\u0105.<\/p>\n<p><strong>&#8211; Jeste\u015b mam\u0105 pi\u0119tnastoletniego Ma\u0107ka. Czy on dostarcza temat\u00f3w do ksi\u0105\u017cek?<\/strong><\/p>\n<\/div>\n<div>\n<p>&#8211; Pisz\u0105c wykorzystuj\u0119 prawdziwe historie. Ale nie tylko te, kt\u00f3re us\u0142ysza\u0142am od swojego syna, ale i te od jego koleg\u00f3w, od znajomych i dzieci znajomych. Wiele historii us\u0142ysza\u0142am od obcych ludzi. Czasem gdzie\u015b w Internecie przeczyta\u0142am, a czasem pods\u0142ucha\u0142am. Oczywi\u015bcie to nie jest tak, \u017ce siedz\u0119 na jakiej\u015b klatce schodowej i pods\u0142uchuj\u0119 z uchem przy klamce, o czym rozmawiaj\u0105 ludzie za drzwiami. Bardzo lubi\u0119, siedz\u0105c sama w kawiarni czy poci\u0105gu, s\u0142ucha\u0107 obcych ludzi i ich rozm\u00f3w. Oczywi\u015bcie tych historii nie wplatam do ksi\u0105\u017cki dok\u0142adnie tak, jak one si\u0119 przydarzy\u0142y. To tak jakby moja wersja zdarzenia. Mam wiele swoich pomys\u0142\u00f3w, ale musi by\u0107 inspiracja, a najbardziej inspiruj\u0105ce jest \u017cycie.<\/p>\n<p><strong>&#8211; Masz swoje ulubione pods\u0142uchane historie, kt\u00f3re okaza\u0142y si\u0119 najwi\u0119kszymi inspiracjami?<\/strong><\/p>\n<\/div>\n<div>\n<p>&#8211; W \u201eLO-terii\u201d znajduje si\u0119 kilka historii, wzi\u0119tych prosto z \u017cycia. Najbardziej spo\u015br\u00f3d nich podoba mi si\u0119 opowie\u015b\u0107, kt\u00f3r\u0105 us\u0142ysza\u0142am od swojej manikiurzystki. Przydarzy\u0142a si\u0119 jej roztrzepanej i akurat zakatarzonej ciotce, kt\u00f3ra, jad\u0105c tramwajem w Warszawie, chcia\u0142a wydmucha\u0107 nos i zacz\u0119\u0142a szuka\u0107 w kieszeni chusteczki. Zamiast tego znalaz\u0142a du\u017co \u015bmieci i sto z\u0142otych. Potem jeszcze pi\u0119\u0107dziesi\u0105t. Zdziwi\u0142a si\u0119 i zawstydzona tym, \u017ce ma taki \u015bmietnik w kieszeni schowa\u0142a \u015bmieci do torebki a pieni\u0105dze do portfela. Przygl\u0105da\u0142 si\u0119 jej pewien m\u0119\u017cczyzna, ale ona go zignorowa\u0142a. Katar nie dawa\u0142 za wygran\u0105, wi\u0119c wci\u0105\u017c szuka\u0142a chusteczki w kieszeni. A poniewa\u017c nie znalaz\u0142a, wi\u0119c wysiad\u0142a na pierwszym przystanku. Wtedy jeszcze raz si\u0119gn\u0119\u0142a do kieszeni i \u2026.znalaz\u0142a tam chusteczki. Otworzy\u0142a torebk\u0119, by zobaczy\u0107 te kompromituj\u0105ce \u015bmieci, kt\u00f3re wyj\u0119\u0142a z kieszeni i znalaz\u0142a w\u015br\u00f3d nich paragony za jakie\u015b zakupy, kt\u00f3rych nie kojarzy\u0142a i bilet z Kutna do Warszawy. A ona nigdy nie by\u0142a w Kutnie. I w ten oto spos\u00f3b u\u015bwiadomi\u0142a sobie, \u017ce w autobusie mimowolnie okrad\u0142a cz\u0142owieka. W\u0142a\u015bnie tego, kt\u00f3ry jej si\u0119 przygl\u0105da\u0142. \u017bycie pisze zaskakuj\u0105ce scenariusze.<\/p>\n<p><strong>&#8211; G\u0142\u00f3wna bohaterka \u201eKlasy pani Czajki\u201d ma na imi\u0119 Ma\u0142gosia, tak jak Ty. Czy przypomina Ciebie z nastoletnich czas\u00f3w?<\/strong><\/p>\n<\/div>\n<div>\n<p>&#8211; Nie. To tylko zbieg okoliczno\u015bci. Imiona dzieci zaczerpn\u0119\u0142am z klasy mojego syna, kiedy by\u0142 w podstaw\u00f3wce. Ka\u017cdemu z bohater\u00f3w ksi\u0105\u017cki da\u0142am wtedy inny \u017cyciorys ni\u017c ma pierwowz\u00f3r. Bohaterowie ksi\u0105\u017cki \u017cyj\u0105 wi\u0119c w\u0142asnym \u017cyciem. Ma\u0142gosia by\u0142a jedn\u0105 ze szkolnych kole\u017canek mojego syna.<\/p>\n<p><strong>&#8211; Czy pani Czajka istnieje naprawd\u0119?<\/strong><\/p>\n<\/div>\n<div>\n<p>&#8211; Tak. Pani Czajka uczy\u0142a mnie polskiego, kiedy chodzi\u0142am do podstaw\u00f3wki. Chcia\u0142am, \u017ceby w \u201eKlasie pani Czajki\u201d wychowawczyni\u0105 by\u0142a polonistka, bo \u2013 jak ju\u017c wspomina\u0142am \u2013 przywi\u0105zuj\u0119 du\u017c\u0105 wag\u0119 do s\u0142\u00f3w. Poza tym pani Czajka by\u0142a osob\u0105 sprawiedliw\u0105, a to cecha, kt\u00f3r\u0105 ceni\u0119 u nauczycieli. Chcia\u0142am jej za to podzi\u0119kowa\u0107, bo niewielu mia\u0142am sprawiedliwych nauczycieli, a tak\u0105 polonistk\u0119 tylko jedn\u0105. St\u0105d te\u017c i dedykacja dla niej.<\/p>\n<p><strong>&#8211; Czy czytelnicy spotkaj\u0105 w \u201eLO-terii\u201d tych samych bohater\u00f3w, kt\u00f3rych znaj\u0105 z \u201eKlasy pani Czajki\u201d?<\/strong><\/p>\n<\/div>\n<div>\n<p>&#8211; Tak, cho\u0107 poznaj\u0105 r\u00f3wnie\u017c kilku nowych. Jednak nawet ci znani z mojej poprzedniej ksi\u0105\u017cki bohaterowie, w \u201eLO-terii\u201d te\u017c tak naprawd\u0119 b\u0119d\u0105 ju\u017c inni. Powa\u017cniejsi. W\u0142a\u015bciwie prawie doro\u015bli, bo przecie\u017c ucz\u0105 si\u0119 ju\u017c w liceum. \u201eLO-teria\u201d to powa\u017cniejsza ksi\u0105\u017cka, bo \u017cycie licealisty jest powa\u017cniejsze i trudniejsze. Zdarza si\u0119, \u017ce jeszcze nie ma si\u0119 osiemnastu lat i nie jest si\u0119 osob\u0105 pe\u0142noletni\u0105, a \u017cycie zaczyna przypomina\u0107 \u017cycie doros\u0142ego cz\u0142owieka. W \u201eLO-terii\u201d moi bohaterowie po raz pierwszy stykaj\u0105 si\u0119 te\u017c ze \u015bmierci\u0105. Ja r\u00f3wnie\u017c po raz pierwszy prze\u017cy\u0142am czyj\u0105\u015b \u015bmier\u0107, w\u0142a\u015bnie b\u0119d\u0105c uczennic\u0105 liceum. Mam na my\u015bli nie \u015bmier\u0107 babci ze staro\u015bci czy chor\u00f3b, ale tak\u0105 \u015bmier\u0107 r\u00f3wie\u015bnika. Nastolatki bardzo mocno prze\u017cywaj\u0105 pierwsze odrzucone mi\u0142o\u015bci, zw\u0142aszcza ch\u0142opcy. My\u015bl\u0105, \u017ce to koniec \u015bwiata. Wplot\u0142am do ksi\u0105\u017cki i ten w\u0105tek.<\/p>\n<p><strong>&#8211; Gdzie rozgrywa si\u0119 akcja \u201eLO-terii\u201d?<\/strong><\/p>\n<\/div>\n<div>\n<p>&#8211; G\u0142\u00f3wnie w Warszawie, bo lubi\u0119 porusza\u0107 si\u0119 po terenie, kt\u00f3ry dobrze znam. Nawet gdy bohaterowie wyje\u017cd\u017caj\u0105 na wakacje, jad\u0105 w miejsca, w kt\u00f3rych ja ju\u017c by\u0142am. St\u0105d na przyk\u0142ad w \u201eKlasie pani Czajki\u201d wzi\u0119\u0142y si\u0119 Urle nad Liwcem.<\/p>\n<p>Rozmawia\u0142a: JUSTYNA PYCKA<\/p>\n<p>Nr 25 (1409) 21 czerwca 2009<\/p>\n<\/div>\n","protected":false},"excerpt":{"rendered":"<p>Najbardziej inspiruj\u0105ce jest \u017cycie Rozmowa z MA\u0141GORZAT\u0104 KAROLIN\u0104 PIEKARSK\u0104 &#8211; Spotka\u0142a\u015b si\u0119 z siedleckimi gimnazjalistami. Do czego pr\u00f3bowa\u0142a\u015b ich przekona\u0107? &#8211; Mi\u0119dzy innymi do tego, \u017ce pismo jest najwi\u0119kszym wynalazkiem ludzko\u015bci, bo jak bez pisma wynalazcy mogliby opisa\u0107 wszystkie najwa\u017cniejsze &hellip; <a href=\"http:\/\/piekarska.com.pl\/?page_id=408\">Continue reading <span class=\"meta-nav\">&rarr;<\/span><\/a><\/p>\n","protected":false},"author":1,"featured_media":0,"parent":1989,"menu_order":19,"comment_status":"closed","ping_status":"open","template":"","meta":{"_acf_changed":false,"footnotes":""},"class_list":["post-408","page","type-page","status-publish","hentry"],"acf":[],"_links":{"self":[{"href":"http:\/\/piekarska.com.pl\/index.php?rest_route=\/wp\/v2\/pages\/408","targetHints":{"allow":["GET"]}}],"collection":[{"href":"http:\/\/piekarska.com.pl\/index.php?rest_route=\/wp\/v2\/pages"}],"about":[{"href":"http:\/\/piekarska.com.pl\/index.php?rest_route=\/wp\/v2\/types\/page"}],"author":[{"embeddable":true,"href":"http:\/\/piekarska.com.pl\/index.php?rest_route=\/wp\/v2\/users\/1"}],"replies":[{"embeddable":true,"href":"http:\/\/piekarska.com.pl\/index.php?rest_route=%2Fwp%2Fv2%2Fcomments&post=408"}],"version-history":[{"count":1,"href":"http:\/\/piekarska.com.pl\/index.php?rest_route=\/wp\/v2\/pages\/408\/revisions"}],"predecessor-version":[{"id":409,"href":"http:\/\/piekarska.com.pl\/index.php?rest_route=\/wp\/v2\/pages\/408\/revisions\/409"}],"up":[{"embeddable":true,"href":"http:\/\/piekarska.com.pl\/index.php?rest_route=\/wp\/v2\/pages\/1989"}],"wp:attachment":[{"href":"http:\/\/piekarska.com.pl\/index.php?rest_route=%2Fwp%2Fv2%2Fmedia&parent=408"}],"curies":[{"name":"wp","href":"https:\/\/api.w.org\/{rel}","templated":true}]}}