{"id":4941,"date":"2015-11-22T13:52:52","date_gmt":"2015-11-22T13:52:52","guid":{"rendered":"http:\/\/piekarska.com.pl\/?page_id=4941"},"modified":"2015-11-22T13:54:36","modified_gmt":"2015-11-22T13:54:36","slug":"recenzja-z-bloga-plecenie-wlasnych-mysli","status":"publish","type":"page","link":"http:\/\/piekarska.com.pl\/?page_id=4941","title":{"rendered":"Recenzja z bloga &#8222;Plecenie w\u0142asnych my\u015bli&#8221;"},"content":{"rendered":"<p><strong><a href=\"http:\/\/piekarska.com.pl\/wp-content\/uploads\/2015\/04\/audiobook-kpc.jpg\"><img loading=\"lazy\" decoding=\"async\" class=\"alignleft wp-image-736 size-medium\" src=\"http:\/\/piekarska.com.pl\/wp-content\/uploads\/2015\/04\/audiobook-kpc-221x300.jpg\" alt=\"audiobook-kpc\" width=\"221\" height=\"300\" srcset=\"http:\/\/piekarska.com.pl\/wp-content\/uploads\/2015\/04\/audiobook-kpc-221x300.jpg 221w, http:\/\/piekarska.com.pl\/wp-content\/uploads\/2015\/04\/audiobook-kpc.jpg 471w\" sizes=\"auto, (max-width: 221px) 100vw, 221px\" \/><\/a>Klasa Pani Czajki, czyli jak wygl\u0105da \u017cycie gimnazjalisty<\/strong><\/p>\n<p>Hej! Dzisiejszy post b\u0119dzie dotyczy\u0142 ksi\u0105\u017cki, o kt\u00f3rej my\u015bl\u0119 przez ostatnie dwa tygodnie. Jest to ksi\u0105\u017cka, na kt\u00f3r\u0105 wpad\u0142am przez ca\u0142kowity przypadek w miejscowej bibliotece. Wtedy to spieszy\u0142am si\u0119 na zaj\u0119cia plastyczne (a na weekend musia\u0142am mie\u0107 co czyta\u0107), wi\u0119c wzi\u0119\u0142am do r\u0119ki pierwsz\u0105 lepsz\u0105 ksi\u0105\u017ck\u0119 i ju\u017c gna\u0142am w stron\u0119 mojej szko\u0142y. Ju\u017c tego samego popo\u0142udnia okaza\u0142o si\u0119, \u017ce ten przypadek by\u0142 najlepszym przypadkiem przydarzonym si\u0119 w ca\u0142ym moim \u017cyciu. Ksi\u0105\u017cka bowiem, zaw\u0142adn\u0119\u0142a ca\u0142ym moim sercem i, no, o to dlaczego!<br \/>\nKlasa Pani Czajki to ksi\u0105\u017cka autorstwa Ma\u0142gorzaty Karoliny Piekarskiej, kt\u00f3ra opowiada o typowym \u017cyciu gimnazjalist\u00f3w sprzed jakich\u015b (50-30+20*3=&#8230;) 7 lat. Ciekawym faktem jest to, \u017ce kilka opowiada\u0144 z ksi\u0105\u017cki zosta\u0142o na pocz\u0105tku opublikowane w cotygodniowych wydaniach Victora Gimnazjalisty. Dopiero kiedy opowiadania zdoby\u0142y popularno\u015b\u0107, zosta\u0142y one z\u0142o\u017cone w ksi\u0105\u017ck\u0119.<br \/>\nKlasa Pani Czajki opowiada o historii klasy gimnazjalnej, kt\u00f3ra trwa\u0142a pe\u0142ne 3 lata. W ksi\u0105\u017cce poznajemy m. in.: Ma\u0142gosi\u0119, Ma\u0107ka, Kamil\u0119, Czarnego i Bia\u0142ego Micha\u0142a, Ka\u015bk\u0119, King\u0119 i Wojtka (Pisz\u0119 to z pami\u0119ci! To znaczy, \u017ce ta ksi\u0105\u017cka naprawd\u0119 jest dla mnie wa\u017cna!). Trudno jest powiedzie\u0107 kto w ksi\u0105\u017cce odgrywa g\u0142\u00f3wn\u0105 rol\u0119. Wed\u0142ug mnie du\u017co historii \u0142\u0105czy si\u0119 z Kamil\u0105, wed\u0142ug innych g\u0142\u00f3wnym bohaterem b\u0119dzie Ma\u0142gosia, Maciek, czy Ka\u015bka. Ka\u017cdy podczas czytania zauwa\u017ca inne szczeg\u00f3\u0142y, kt\u00f3re prowadz\u0105 go do innych wniosk\u00f3w. Ale jedno jest pewne: historia zapiera dech w piersiach i ka\u017cdy mo\u017ce chocia\u017c z jednym zdaniem si\u0119 identyfikowa\u0107. Ja pokocha\u0142am t\u0105 ksi\u0105\u017ck\u0119 bardzo mocno i mo\u017ce ona konkurowa\u0107 o podium z ka\u017cd\u0105 moj\u0105 ulubion\u0105 ksi\u0105\u017ck\u0105. Z pewno\u015bci\u0105 si\u0119 z ni\u0105 identyfikuje (bo kto normalny daje si\u0119 na odstrza\u0142 pani od niemieckiego, czytaj\u0105c na lekcji?), czego dowodem jest szybko\u015b\u0107 (i najr\u00f3\u017cniejsze miejsca xD) z jak\u0105 j\u0105 przeczyta\u0142am.<br \/>\nKoniec rozp\u0142ywania si\u0119 nad ksi\u0105\u017ck\u0105, czas przej\u015b\u0107 do punktacji! (I tak wiadomy jest wynik)<br \/>\nOczywi\u015bcie 3\/3p. za niesamowite postacie, kt\u00f3re s\u0105 bardzo zbli\u017cone do moich znajomych xD<br \/>\n1\/1p. za wygl\u0105d ksi\u0105\u017cki, kt\u00f3ra przybli\u017ca wygl\u0105d i sytuacj\u0119 postaci, ale z ok\u0142adki wszystkiego si\u0119 i tak nie dowiesz!<br \/>\n4\/4p. za histori\u0119, z kt\u00f3r\u0105, jak ju\u017c wspomnia\u0142am, identyfikuje si\u0119 niesamowicie.<br \/>\n2\/2p. za m\u0142odzie\u0144czy styl pisma pani Ma\u0142gorzaty, kt\u00f3ry trafia do mnie BAAAAAARDZO i po prostu a\u017c chce si\u0119 czyta\u0107 dalej \ud83d\ude42<br \/>\nI to chyba by\u0142oby na tyle. Tak, wiem, notki s\u0105 ostatnio tak kr\u00f3tkie, \u017ce a\u017c nie mog\u0119 uwierzy\u0107. Zawsze mam ch\u0119\u0107 rozpisania si\u0119 i kiedy dochodzi co do czego to nic nie potrafi\u0119 napisa\u0107. Naprawd\u0119 nie wiem co si\u0119 ze mn\u0105 dziej\u0119. (Ach, ten wiek dorastania xD)<\/p>\n<p>Pjona \u2665<\/p>\n<p>7 czerwca 2015<\/p>\n<p>\u017ar\u00f3d\u0142o:\u00a0<a href=\"http:\/\/pleceniewlasnychmysli.blogspot.com\/2015\/06\/hej-dzisiejszy-post-bedzie-dotyczy.html\" target=\"_blank\">http:\/\/pleceniewlasnychmysli.blogspot.com\/2015\/06\/hej-dzisiejszy-post-bedzie-dotyczy.html<\/a><\/p>\n","protected":false},"excerpt":{"rendered":"<p>Klasa Pani Czajki, czyli jak wygl\u0105da \u017cycie gimnazjalisty Hej! Dzisiejszy post b\u0119dzie dotyczy\u0142 ksi\u0105\u017cki, o kt\u00f3rej my\u015bl\u0119 przez ostatnie dwa tygodnie. Jest to ksi\u0105\u017cka, na kt\u00f3r\u0105 wpad\u0142am przez ca\u0142kowity przypadek w miejscowej bibliotece. Wtedy to spieszy\u0142am si\u0119 na zaj\u0119cia plastyczne &hellip; <a href=\"http:\/\/piekarska.com.pl\/?page_id=4941\">Continue reading <span class=\"meta-nav\">&rarr;<\/span><\/a><\/p>\n","protected":false},"author":1,"featured_media":0,"parent":1932,"menu_order":0,"comment_status":"closed","ping_status":"closed","template":"","meta":{"_acf_changed":false,"footnotes":""},"class_list":["post-4941","page","type-page","status-publish","hentry"],"acf":[],"_links":{"self":[{"href":"http:\/\/piekarska.com.pl\/index.php?rest_route=\/wp\/v2\/pages\/4941","targetHints":{"allow":["GET"]}}],"collection":[{"href":"http:\/\/piekarska.com.pl\/index.php?rest_route=\/wp\/v2\/pages"}],"about":[{"href":"http:\/\/piekarska.com.pl\/index.php?rest_route=\/wp\/v2\/types\/page"}],"author":[{"embeddable":true,"href":"http:\/\/piekarska.com.pl\/index.php?rest_route=\/wp\/v2\/users\/1"}],"replies":[{"embeddable":true,"href":"http:\/\/piekarska.com.pl\/index.php?rest_route=%2Fwp%2Fv2%2Fcomments&post=4941"}],"version-history":[{"count":3,"href":"http:\/\/piekarska.com.pl\/index.php?rest_route=\/wp\/v2\/pages\/4941\/revisions"}],"predecessor-version":[{"id":4944,"href":"http:\/\/piekarska.com.pl\/index.php?rest_route=\/wp\/v2\/pages\/4941\/revisions\/4944"}],"up":[{"embeddable":true,"href":"http:\/\/piekarska.com.pl\/index.php?rest_route=\/wp\/v2\/pages\/1932"}],"wp:attachment":[{"href":"http:\/\/piekarska.com.pl\/index.php?rest_route=%2Fwp%2Fv2%2Fmedia&parent=4941"}],"curies":[{"name":"wp","href":"https:\/\/api.w.org\/{rel}","templated":true}]}}