{"id":5162,"date":"2016-01-28T12:53:30","date_gmt":"2016-01-28T12:53:30","guid":{"rendered":"http:\/\/piekarska.com.pl\/?page_id=5162"},"modified":"2016-01-28T12:53:30","modified_gmt":"2016-01-28T12:53:30","slug":"recenzja-agnieszki-grabowskiej","status":"publish","type":"page","link":"http:\/\/piekarska.com.pl\/?page_id=5162","title":{"rendered":"Recenzja Agnieszki Grabowskiej"},"content":{"rendered":"<p><a href=\"http:\/\/piekarska.com.pl\/wp-content\/uploads\/2015\/11\/projekt-4-c.jpg\"><img loading=\"lazy\" decoding=\"async\" class=\"alignleft wp-image-4903 size-medium\" src=\"http:\/\/piekarska.com.pl\/wp-content\/uploads\/2015\/11\/projekt-4-c-200x300.jpg\" alt=\"projekt 4 c\" width=\"200\" height=\"300\" srcset=\"http:\/\/piekarska.com.pl\/wp-content\/uploads\/2015\/11\/projekt-4-c-200x300.jpg 200w, http:\/\/piekarska.com.pl\/wp-content\/uploads\/2015\/11\/projekt-4-c-683x1024.jpg 683w, http:\/\/piekarska.com.pl\/wp-content\/uploads\/2015\/11\/projekt-4-c.jpg 827w\" sizes=\"auto, (max-width: 200px) 100vw, 200px\" \/><\/a>Ostatni weekend sp\u0119dzi\u0142am w\u2026 gimnazjum! Nie jako uczestnik zjazdu absolwent\u00f3w, czy w roli nauczyciela, tylko jako\u2026 czytelnik. Za mn\u0105 bowiem lektura pe\u0142nej emocji i wyrazistych postaci powie\u015bci m\u0142odzie\u017cowej osadzonej w \u015brodowisku szkolnym.<br \/>\nKiedy w czasach licealnych kupowa\u0142am dwutygodnik \u201eCogito\u201d, moja m\u0142odsza siostra czyta\u0142a \u201eVictora\u201d, a ja te\u017c zagl\u0105da\u0142am do tego czasopisma. Obie z niecierpliwo\u015bci\u0105 czeka\u0142y\u015bmy, aby pozna\u0107 kolejny tekst M. K. Piekarskiej o perypetiach grupy gimnazjalist\u00f3w. Opowiadania z cyklu \u201eKlasa pani Czajki\u201d publikowano w latach 2002-2004, potem wydano je w wersji ksi\u0105\u017ckowej. I to by\u0142 hit! Powie\u015b\u0107 doczeka\u0142a si\u0119 paru wznowie\u0144, ukaza\u0142a si\u0119 w formie audiobooka, zosta\u0142a przet\u0142umaczona na j\u0119zyk ukrai\u0144ski, fragmenty znalaz\u0142y si\u0119 w podr\u0119cznikach do j\u0119zyka polskiego. W 2004 roku jako jedyna ksi\u0105\u017cka polskiego autora trafi\u0142a na list\u0119 bestseller\u00f3w tygodnika \u201eWprost\u201d w kategorii &#8222;Dla dzieci i m\u0142odzie\u017cy\u201d. Teraz dzi\u0119ki wydawnictwu Nasza Ksi\u0119garnia \u201eKlasa pani Czajki\u201d zn\u00f3w rusza na podb\u00f3j serc m\u0142odych (i nieco starszych te\u017c) czytelnik\u00f3w. Moje ju\u017c zawojowa\u0142a.<br \/>\nBohaterami s\u0105 uczniowie jednego z warszawskich gimnazj\u00f3w, w ich klasie maj\u0105 miejsce przer\u00f3\u017cne animozje, konflikty, problemy, intrygi. Rozkwitaj\u0105 pierwsze mi\u0142o\u015bci, trwaj\u0105ce przyja\u017anie zostaj\u0105 poddane pr\u00f3bie. Na w\u0142asnej sk\u00f3rze gimnazjali\u015bci ucz\u0105 si\u0119 na czym polega lojalno\u015b\u0107, uczciwo\u015b\u0107, odpowiedzialno\u015b\u0107, ile krzywdy mog\u0105 wyrz\u0105dzi\u0107 plotka i k\u0142amstwo, ile zamieszania mog\u0105 uczyni\u0107 niedopowiedzenia i domys\u0142y, jak \u0142atwo kogo\u015b oceni\u0107 po pozorach, albo jak \u0142atwo na kim\u015b si\u0119 zawie\u015b\u0107. Wsp\u00f3lnie ucz\u0105 si\u0119, imprezuj\u0105, je\u017cd\u017c\u0105 na klasowe wycieczki. Dorastaj\u0105 do w\u0142a\u015bciwego oceniania sytuacji, dokonywania wybor\u00f3w i podejmowania decyzji. Nie jest to dla nich \u0142atwe, po drodze b\u0119dzie wiele \u0142ez, rozczarowa\u0144, pora\u017cek. Dla r\u00f3wnowagi b\u0119d\u0105 te\u017c weso\u0142e chwile, sukcesy i dobre perspektywy.<br \/>\nAutorka stworzy\u0142a grup\u0119 wyrazistych postaci, ka\u017cdej z nich po\u015bwi\u0119ci\u0142a uwag\u0119, pokaza\u0142a je tak, \u017ce wsp\u00f3\u0142czesnym nastolatkom nietrudno si\u0119 z nimi uto\u017csami\u0107. Ma\u0142gosia jest do\u015b\u0107 nie\u015bmia\u0142\u0105, m\u0105dr\u0105, oczytan\u0105 dziewczynk\u0105, ze wzgl\u0119du na sytuacj\u0119 finansow\u0105 rodziny nie mo\u017ce sobie na wiele pozwoli\u0107. Jej przyjaci\u00f3\u0142ka, Kamila ma kompleks na punkcie swojego koloru w\u0142os\u00f3w, podoba si\u0119 ch\u0142opakom, sama jednak nie wie, czego chce, rani serca i coraz bardziej gubi si\u0119 w pl\u0105taninie uczu\u0107. Maciek nadrabia bogatym s\u0142ownictwem i poczuciem humoru, uwielbia Harrego Pottera i scrabble. Bia\u0142y Micha\u0142 pasjonuje si\u0119 komiksami. Czarny Micha\u0142 to zadziorny i niepokorny typ, z sytuacj\u0105 rodzinn\u0105 nie do pozazdroszczenia. Ka\u015bka stroi si\u0119 do szko\u0142y jak na dyskotek\u0119, udaje \u201edoros\u0142\u0105\u201d i bardziej do\u015bwiadczon\u0105 ni\u017c jest. Kinga, kujonka, ma przed sob\u0105 sprawdzian wa\u017cniejszy ni\u017c ten z matematyki. S\u0105 jeszcze Ewka, Aleks, Wojtek zwany Nowym i reszta klasy. Ich wychowawczyni, polonistka, pani Czajka przez 3 lata wiele przesz\u0142a ze swoimi podopiecznymi, by\u0142a wobec nich czasem surowa, ale zawsze sprawiedliwa, docenia\u0142a kreatywno\u015b\u0107 i to, \u017ce m\u0142odzi ludzie obdarzali j\u0105 zaufaniem. Swoj\u0105 rol\u0119 w fabule odegrali te\u017c Olek, kt\u00f3ry porzuci\u0142 zaj\u0119cia z ceramiki na rzecz sportu, Krzysiek z III b, a tak\u017ce oczywi\u015bcie rodzice, np. mama Ma\u0107ka, tata Ewki, czy problematyczna matka Stasia.<br \/>\nMa\u0142gorzata Karolina Piekarska &#8211; dziennikarka, reporterka, pisarka, autorka bloga \u201eW \u015bwiecie absurd\u00f3w\u201d \u2013 trafnie i realistycznie przedstawi\u0142a \u015bwiat uczu\u0107 i problem\u00f3w dorastaj\u0105cej m\u0142odzie\u017cy. Opisa\u0142a codzienno\u015b\u0107 nastolatk\u00f3w m\u0142odzie\u017cowym j\u0119zykiem, z ich perspektywy, jakby umie\u015bci\u0142a w\u015br\u00f3d nich kamer\u0119. W \u0142\u0105cz\u0105cych si\u0119 w ca\u0142o\u015b\u0107 opowiadaniach, z kt\u00f3rych ka\u017cde zako\u0144czone jest wyra\u017an\u0105 puent\u0105, postawi\u0142a na dialogi, wartk\u0105 akcj\u0119, humor s\u0142owny i sytuacyjny, pe\u0142ne emocji opisy prze\u017cy\u0107 bohater\u00f3w. \u017badnych nudnych d\u0142u\u017cyzn, to si\u0119 \u201esamo czyta\u201d!<br \/>\nBy\u0107 mo\u017ce za kilka lat gimnazja znikn\u0105 z\u00a0 mapy polskiej edukacji, czy stanowi\u0105 dobry, czy z\u0142y tw\u00f3r \u2013 to kwestia dyskusyjna. Bez wzgl\u0119du jednak na to, jak nazywa si\u0119 plac\u00f3wka o\u015bwiatowa, ile ma klas i z jakich podr\u0119cznik\u00f3w w niej si\u0119 korzysta, to sprawy i problemy nastolatk\u00f3w \u2013 niezale\u017cnie od miejsca i czasu &#8211; pozostan\u0105 podobne, wr\u0119cz takie same. Zmienia si\u0119 tylko t\u0142o i rekwizyty. W czasach, kt\u00f3re obejmuje fabu\u0142a \u201eKlasy pani Czajki\u201d, jeszcze nie wszyscy maj\u0105 telefon kom\u00f3rkowy, ukaza\u0142 si\u0119 dopiero pi\u0105ty tom serii o Harrym Potterze. Dla niekt\u00f3rych m\u0142odych czytelnik\u00f3w to ju\u017c niemal \u201eprehistoria\u201d. Ale i dzi\u015b s\u0105 w szko\u0142ach takie Ma\u0142go\u015bki, Kamile, Ka\u015bki, Ma\u0107ki i Micha\u0142y\u2026 Zakochuj\u0105 si\u0119, marz\u0105, obra\u017caj\u0105 si\u0119, dokuczaj\u0105 sobie, ucz\u0105 si\u0119 na b\u0142\u0119dach, snuj\u0105 plany, chc\u0105 zaistnie\u0107, zaimponowa\u0107 innym itp.<br \/>\nKsi\u0105\u017ck\u0119 czyta si\u0119 jednym tchem, z zaanga\u017cowaniem w perypetie postaci, z sympati\u0105 b\u0105d\u017a antypati\u0105 dla ich charakter\u00f3w i post\u0119powania. Odczuwa si\u0119 nieco podobny klimat jak w powie\u015bciach Ewy Nowak, zreszt\u0105 jej tw\u00f3rczo\u015b\u0107 przywo\u0142ana jest w tre\u015bci. Nie znajdziemy tu \u201emora\u0142\u00f3w\u201d i porad wychowawczych, ale wystarczy tylko \u015bledzi\u0107 perypetie bohater\u00f3w i\u00a0 wyci\u0105ga\u0107 wnioski. Nie wnikam w temat, czy gimnazjum to \u201ezuo\u201d, ale ka\u017cdemu uczniowi \u017cycz\u0119, aby spotka\u0142 tak\u0105 powie\u015bciow\u0105 pani\u0105 Czajk\u0119 na jakim\u015b etapie swojej edukacji.<br \/>\n\u201eKlas\u0119 pani Czajki\u201d poleci\u0142abym nie tylko gimnazjalistom, czy og\u00f3lnie &#8211; nastolatkom, ale tak\u017ce rodzicom i nauczycielom, wychowawcom, opiekunom. Mo\u017ce taka lektura pomog\u0142aby im inaczej spojrze\u0107 na swoje dzieci, uczni\u00f3w, wychowank\u00f3w, lepiej ich pozna\u0107 i zrozumie\u0107, doceni\u0107 wag\u0119 ich pozornie b\u0142ahych rozterek i problem\u00f3w. Skoro jeste\u015bmy w szkolnej atmosferze, to na koniec wpisuj\u0119 autorce Ma\u0142gorzacie Karolinie Piekarskiej oraz Marcie Blachurze, kt\u00f3ra zaprojektowa\u0142a ok\u0142adk\u0119, sz\u00f3stki do dziennika, a czytelnikom zadaj\u0119 prac\u0119 domow\u0105: przeczyta\u0107 \u201eKlas\u0119 pani Czajki\u201d. Obowi\u0105zkowo! B\u0119d\u0119 pyta\u0107 \u2013 o wra\u017cenia.<\/p>\n<p>Agnieszka Grabowska<br \/>\n27 stycznia 2016<\/p>\n<p>\u0179r\u00f3d\u0142o:\u00a0<a href=\"http:\/\/www.polscyautorzy.pl\/index.php\/pl\/recenzje\/872-malgorzata-karolina-piekarska-klasa-pani-czajki-nasza-ksiegarnia\" target=\"_blank\">http:\/\/www.polscyautorzy.pl\/index.php\/pl\/recenzje\/872-malgorzata-karolina-piekarska-klasa-pani-czajki-nasza-ksiegarnia\u00a0<\/a><\/p>\n","protected":false},"excerpt":{"rendered":"<p>Ostatni weekend sp\u0119dzi\u0142am w\u2026 gimnazjum! Nie jako uczestnik zjazdu absolwent\u00f3w, czy w roli nauczyciela, tylko jako\u2026 czytelnik. Za mn\u0105 bowiem lektura pe\u0142nej emocji i wyrazistych postaci powie\u015bci m\u0142odzie\u017cowej osadzonej w \u015brodowisku szkolnym. Kiedy w czasach licealnych kupowa\u0142am dwutygodnik \u201eCogito\u201d, moja &hellip; <a href=\"http:\/\/piekarska.com.pl\/?page_id=5162\">Continue reading <span class=\"meta-nav\">&rarr;<\/span><\/a><\/p>\n","protected":false},"author":1,"featured_media":0,"parent":1932,"menu_order":0,"comment_status":"closed","ping_status":"closed","template":"","meta":{"_acf_changed":false,"footnotes":""},"class_list":["post-5162","page","type-page","status-publish","hentry"],"acf":[],"_links":{"self":[{"href":"http:\/\/piekarska.com.pl\/index.php?rest_route=\/wp\/v2\/pages\/5162","targetHints":{"allow":["GET"]}}],"collection":[{"href":"http:\/\/piekarska.com.pl\/index.php?rest_route=\/wp\/v2\/pages"}],"about":[{"href":"http:\/\/piekarska.com.pl\/index.php?rest_route=\/wp\/v2\/types\/page"}],"author":[{"embeddable":true,"href":"http:\/\/piekarska.com.pl\/index.php?rest_route=\/wp\/v2\/users\/1"}],"replies":[{"embeddable":true,"href":"http:\/\/piekarska.com.pl\/index.php?rest_route=%2Fwp%2Fv2%2Fcomments&post=5162"}],"version-history":[{"count":1,"href":"http:\/\/piekarska.com.pl\/index.php?rest_route=\/wp\/v2\/pages\/5162\/revisions"}],"predecessor-version":[{"id":5163,"href":"http:\/\/piekarska.com.pl\/index.php?rest_route=\/wp\/v2\/pages\/5162\/revisions\/5163"}],"up":[{"embeddable":true,"href":"http:\/\/piekarska.com.pl\/index.php?rest_route=\/wp\/v2\/pages\/1932"}],"wp:attachment":[{"href":"http:\/\/piekarska.com.pl\/index.php?rest_route=%2Fwp%2Fv2%2Fmedia&parent=5162"}],"curies":[{"name":"wp","href":"https:\/\/api.w.org\/{rel}","templated":true}]}}