{"id":5180,"date":"2016-01-29T15:03:15","date_gmt":"2016-01-29T15:03:15","guid":{"rendered":"http:\/\/piekarska.com.pl\/?page_id=5180"},"modified":"2016-01-29T15:03:15","modified_gmt":"2016-01-29T15:03:15","slug":"recenzja-anny-kantorczyk","status":"publish","type":"page","link":"http:\/\/piekarska.com.pl\/?page_id=5180","title":{"rendered":"Recenzja Anny Kantorczyk"},"content":{"rendered":"<p><strong>Powr\u00f3t do nastoletnich czas\u00f3w\u2026<\/strong><\/p>\n<p><a href=\"http:\/\/piekarska.com.pl\/wp-content\/uploads\/2015\/11\/projekt-4-c.jpg\"><img loading=\"lazy\" decoding=\"async\" class=\"alignleft wp-image-4903 size-medium\" src=\"http:\/\/piekarska.com.pl\/wp-content\/uploads\/2015\/11\/projekt-4-c-200x300.jpg\" alt=\"projekt 4 c\" width=\"200\" height=\"300\" srcset=\"http:\/\/piekarska.com.pl\/wp-content\/uploads\/2015\/11\/projekt-4-c-200x300.jpg 200w, http:\/\/piekarska.com.pl\/wp-content\/uploads\/2015\/11\/projekt-4-c-683x1024.jpg 683w, http:\/\/piekarska.com.pl\/wp-content\/uploads\/2015\/11\/projekt-4-c.jpg 827w\" sizes=\"auto, (max-width: 200px) 100vw, 200px\" \/><\/a>\u201eZapomnia\u0142 w\u00f3\u0142 jak ciel\u0119ciem by\u0142\u201d \u2013 m\u00f3wi staropolskie porzekad\u0142o. Musz\u0119, z nieskrywanym zreszt\u0105 \u017calem, przyzna\u0107 si\u0119, \u017ce w jaki\u015b stopniu to przys\u0142owie dotyczy te\u017c mojej osoby. Szczeg\u00f3lnie, kiedy na co dzie\u0144 wchodz\u0119 w rol\u0119 nauczyciela\u2026 A tu nagle \u2013 zjawia si\u0119 ksi\u0105\u017cka przypominaj\u0105ca mi o tym, \u017ce kiedy\u015b sama by\u0142am uczennic\u0105 i prze\u017cywa\u0142am r\u00f3\u017cne rozterki, kt\u00f3re dzi\u015b wydaj\u0105 si\u0119 ju\u017c tak ma\u0142o istotne\u2026<br \/>\nW czasach, kiedy chodzi\u0142am do gimnazjum \u201eKlasa pani Czajki\u201d pojawia\u0142a si\u0119 jako powie\u015b\u0107 w odcinkach na \u0142amach gazety \u201eVictor\u201d. Mimo, \u017ce jak ka\u017cda dziewczyna w wieku dojrzewania wola\u0142am ogl\u0105da\u0107 katalogi z mod\u0105 i czyta\u0107 k\u0105ciki z\u0142amanych serc, to\u2026 kiedy tylko zjawi\u0142 si\u0119 nowy numer \u201eVictora\u201d, bieg\u0142am na z\u0142amanie karku, \u017ceby m\u00f3c przeczyta\u0107 kolejn\u0105 histori\u0119 z \u201eKlasy pani Czajki\u201d.<br \/>\nPowie\u015b\u0107 ta nie tylko bawi, ale i wzrusza. Opowiada pi\u0119kn\u0105 histori\u0119 o grupie m\u0142odych ludzi, kt\u00f3rzy stawiaj\u0105 pierwsze kroki w szeroko poj\u0119t\u0105 doros\u0142o\u015b\u0107. Klasa I a a\u017c roi si\u0119 od indywidu\u00f3w. Ka\u017cdy ma swoje pasje, zainteresowania, marzenia. Wraz z nimi pojawiaj\u0105 si\u0119 pierwsze rozczarowania, sympatie, zauroczenia, a niekiedy zazdro\u015b\u0107 i odrzucenie. Mimo tak wielkiej rozbie\u017cno\u015bci charakter\u00f3w, okazuje si\u0119, \u017ce przy odrobinie determinacji, mo\u017cna znale\u017a\u0107 wsp\u00f3lny j\u0119zyk. Ca\u0142ej klasie przewodniczy tytu\u0142owa pani Czajka \u2013 surowa i wymagaj\u0105ca, a zarazem sprawiedliwa polonistka, kt\u00f3ra dla tych m\u0142odym ludzi okazuje si\u0119 \u015bwietnym przewodnikiem po zawi\u0142ych meandrach \u017cycia.<br \/>\nW powie\u015bci uderzy\u0142a mnie przede wszystkim kreacja ca\u0142ej klasy. S\u0105 to naprawd\u0119 m\u0105drzy ludzie, kt\u00f3rzy mimo dziecinnych czasem zachowa\u0144, potrafi\u0105 wzi\u0105\u0107 odpowiedzialno\u015b\u0107 za swoje czyny. Dla nich najgorsz\u0105 zbrodni\u0105 by\u0142o przeczytanie wypracowania z pustej kartki, a najlepszym sposobem na sp\u0119dzenie randki \u2013 czytanie ksi\u0105\u017cek lub granie w scrabble. Czytaj\u0105c powie\u015b\u0107, wielokrotnie zastanawia\u0142am si\u0119, czy dzisiejsza m\u0142odzie\u017c ucz\u0119szczaj\u0105ca do gimnazjum, znalaz\u0142aby w niej co\u015b dla siebie\u2026 Niestety, ale mam wra\u017cenie, \u017ce obecny wizerunek m\u0142odych ludzi znacznie odbiega od tego w powie\u015bci. Gra w boogle czy w warcaby? Mo\u017ce gimnazjali\u015bci nic nie wiedz\u0105 na temat zasad tych plansz\u00f3wek, ale za to umiej\u0105 gra\u0107 w \u201es\u0142oneczko\u201d. Nie\u015bmia\u0142e spojrzenia, trzymanie si\u0119 za r\u0119ce i wyczekiwanie z t\u0119sknot\u0105 na pierwszy poca\u0142unek r\u00f3wnie\u017c odchodzi do lamusa\u2026 Po co czeka\u0107 na to wszystko, skoro pierwsz\u0105 inicjacj\u0119 seksualn\u0105 mo\u017cna odby\u0107 w toalecie na dyskotece? Szacunek dla nauczyciela? Przecie\u017c ta \u201ewredna, stara krowa\u201d nie b\u0119dzie mi m\u00f3wi\u0142a, co mam robi\u0107\u2026<br \/>\nPorazi\u0142 mnie w ksi\u0105\u017cce moment, kiedy jedna z uczennic ubra\u0142a si\u0119 do szko\u0142y bardzo wyzywaj\u0105co, a pani Czajka \u2013 do\u015b\u0107 bezpo\u015brednia w swoich os\u0105dach \u2013 stwierdzi\u0142a, \u017ce gdyby w lecie tak si\u0119 ubra\u0142a, to m\u0119\u017cczy\u017ani pytaliby si\u0119 jej \u201eza ile?\u201d. Pomy\u015bla\u0142am sobie, \u017ce gdyby dzi\u015b nauczyciel w taki spos\u00f3b zwr\u00f3ci\u0142by uczniowi uwag\u0119, nast\u0119pnego dnia mia\u0142by na g\u0142owie kuratorium, dyrekcj\u0119 i roszczeniowych rodzic\u00f3w, kt\u00f3rzy os\u0105dziliby pedagoga za naruszanie godno\u015bci osobistej. Takie czasy\u2026<br \/>\nMimo wszystko m\u00f3j wrodzony optymizm oraz do\u015bwiadczenie ka\u017c\u0105 mi wierzy\u0107, \u017ce w\u015br\u00f3d m\u0142odych ludzi s\u0105 tacy, kt\u00f3rzy b\u0119d\u0105 w stanie co\u015b w tym \u015bwiecie zmieni\u0107. Wiem to, bo podobnie jak pani Czajka, wychowa\u0142am klas\u0119, kt\u00f3ra najpierw podbi\u0142a moje serce, a nast\u0119pnie odesz\u0142a. Jestem jednak przekonana, \u017ce warto\u015bci, kt\u00f3re im wpoi\u0142am, kiedy\u015b zaprocentuj\u0105. I nie b\u0119d\u0105 to procenty spo\u017cywane na szkolnych wycieczkach\u2026<\/p>\n<p>Anna Kantorczyk<br \/>\n(anna.kantorczyk@dlalejdis.pl)<br \/>\nOpublikowano: 2016-01-29<\/p>\n<p>\u0179r\u00f3d\u0142o:\u00a0<a href=\"http:\/\/dlalejdis.pl\/artykuly\/klasa_pani_czajki_recenzja\" target=\"_blank\">http:\/\/dlalejdis.pl\/artykuly\/klasa_pani_czajki_recenzja<\/a><\/p>\n","protected":false},"excerpt":{"rendered":"<p>Powr\u00f3t do nastoletnich czas\u00f3w\u2026 \u201eZapomnia\u0142 w\u00f3\u0142 jak ciel\u0119ciem by\u0142\u201d \u2013 m\u00f3wi staropolskie porzekad\u0142o. Musz\u0119, z nieskrywanym zreszt\u0105 \u017calem, przyzna\u0107 si\u0119, \u017ce w jaki\u015b stopniu to przys\u0142owie dotyczy te\u017c mojej osoby. Szczeg\u00f3lnie, kiedy na co dzie\u0144 wchodz\u0119 w rol\u0119 nauczyciela\u2026 A &hellip; <a href=\"http:\/\/piekarska.com.pl\/?page_id=5180\">Continue reading <span class=\"meta-nav\">&rarr;<\/span><\/a><\/p>\n","protected":false},"author":1,"featured_media":0,"parent":1932,"menu_order":0,"comment_status":"closed","ping_status":"closed","template":"","meta":{"_acf_changed":false,"footnotes":""},"class_list":["post-5180","page","type-page","status-publish","hentry"],"acf":[],"_links":{"self":[{"href":"http:\/\/piekarska.com.pl\/index.php?rest_route=\/wp\/v2\/pages\/5180","targetHints":{"allow":["GET"]}}],"collection":[{"href":"http:\/\/piekarska.com.pl\/index.php?rest_route=\/wp\/v2\/pages"}],"about":[{"href":"http:\/\/piekarska.com.pl\/index.php?rest_route=\/wp\/v2\/types\/page"}],"author":[{"embeddable":true,"href":"http:\/\/piekarska.com.pl\/index.php?rest_route=\/wp\/v2\/users\/1"}],"replies":[{"embeddable":true,"href":"http:\/\/piekarska.com.pl\/index.php?rest_route=%2Fwp%2Fv2%2Fcomments&post=5180"}],"version-history":[{"count":1,"href":"http:\/\/piekarska.com.pl\/index.php?rest_route=\/wp\/v2\/pages\/5180\/revisions"}],"predecessor-version":[{"id":5181,"href":"http:\/\/piekarska.com.pl\/index.php?rest_route=\/wp\/v2\/pages\/5180\/revisions\/5181"}],"up":[{"embeddable":true,"href":"http:\/\/piekarska.com.pl\/index.php?rest_route=\/wp\/v2\/pages\/1932"}],"wp:attachment":[{"href":"http:\/\/piekarska.com.pl\/index.php?rest_route=%2Fwp%2Fv2%2Fmedia&parent=5180"}],"curies":[{"name":"wp","href":"https:\/\/api.w.org\/{rel}","templated":true}]}}