{"id":5188,"date":"2016-01-29T16:02:55","date_gmt":"2016-01-29T16:02:55","guid":{"rendered":"http:\/\/piekarska.com.pl\/?page_id=5188"},"modified":"2016-01-29T16:02:55","modified_gmt":"2016-01-29T16:02:55","slug":"recenzja-michala-lipki","status":"publish","type":"page","link":"http:\/\/piekarska.com.pl\/?page_id=5188","title":{"rendered":"Recenzja Micha\u0142a Lipki"},"content":{"rendered":"<p><em><b><a href=\"http:\/\/piekarska.com.pl\/wp-content\/uploads\/2015\/11\/projekt-4-c.jpg\"><img loading=\"lazy\" decoding=\"async\" class=\"alignleft wp-image-4903 size-medium\" src=\"http:\/\/piekarska.com.pl\/wp-content\/uploads\/2015\/11\/projekt-4-c-200x300.jpg\" alt=\"projekt 4 c\" width=\"200\" height=\"300\" srcset=\"http:\/\/piekarska.com.pl\/wp-content\/uploads\/2015\/11\/projekt-4-c-200x300.jpg 200w, http:\/\/piekarska.com.pl\/wp-content\/uploads\/2015\/11\/projekt-4-c-683x1024.jpg 683w, http:\/\/piekarska.com.pl\/wp-content\/uploads\/2015\/11\/projekt-4-c.jpg 827w\" sizes=\"auto, (max-width: 200px) 100vw, 200px\" \/><\/a>KLASA\u2026 SAMA W SOBIE<\/b><b><br \/>\n<\/b>\u201eKlasa pani Czajki\u201d powraca w kolejnym wznowieniu. I znakomicie, \u017ce tak si\u0119 dzieje, bo ksi\u0105\u017cka ma szans\u0119 trafi\u0107 do nowego pokolenia gimnazjalist\u00f3w, gimnazjali\u015bci natomiast otrzymuj\u0105 znakomit\u0105 okazj\u0119 poznania naprawd\u0119 wspania\u0142ej lektury idealnie koresponduj\u0105cej z ich codzienno\u015bci\u0105.<\/em><br \/>\n<em>Nowy rok, nowa szko\u0142a, nowe przyja\u017anie. Nowe problemy. Ma\u0142gosia, Kamila, Maciek, Ka\u015bka, dwa Micha\u0142y i inni, w wi\u0119kszo\u015bci wcze\u015bniej nieznaj\u0105cy si\u0119 uczniowie spotykaj\u0105 si\u0119 rozpoczynaj\u0105c nauk\u0119 w gimnazjum. Pierwsze zawi\u0105zuj\u0105ce si\u0119 sympatie i antypatie dziel\u0105 uczni\u00f3w na grupy, ale przetrwanie trzech wsp\u00f3lnych lat wymaga\u0107 b\u0119dzie od nich wiele po\u015bwi\u0119cenia i konieczno\u015bci dzia\u0142ania razem. Wsp\u00f3lne problemy, uczucia, \u017cycie domowe i relacje z rodzicami\u2026 Dzieli ich wiele, wiele \u0142\u0105czy, ale czy chc\u0105 tego czy nie, s\u0105 na siebie skazani i b\u0119d\u0105 musieli odnale\u017a\u0107 swoje miejsce\u2026<\/em><br \/>\n<em>Mo\u017cna powiedzie\u0107, \u017ce to powie\u015b\u0107 o niczym i ka\u017cdy by si\u0119 z tym stwierdzeniem zgodzi\u0142. Mo\u017cna te\u017c powiedzie\u0107, \u017ce to powie\u015b\u0107 o wszystkim i tak\u017ce nikt stwierdzeniu temu nie zaprzeczy. Bo rzeczywi\u015bcie nie ma tu wielkich wydarze\u0144, kt\u00f3re zmienia\u0142yby \u015bwiat, nie ma te\u017c intrygi stanowi\u0105cej w\u0105tek przewodni. Co zatem jest? \u017bycie. \u017bycie m\u0142odzie\u017cy i wszystko to, co si\u0119 z nim wi\u0105\u017ce. Opowie\u015bci, niby anegdoty z codzienno\u015bci zamkni\u0119te w ramy trzech dzielonych razem lat, spi\u0119te wsp\u00f3ln\u0105 ok\u0142adk\u0105 szko\u0142y, kt\u00f3re urzekaj\u0105 prawd\u0105, emocjami i realnymi, wcale nie prosto skonstruowanymi postaciami.<\/em><br \/>\n<em>Odczucia pewnej serialowo\u015bci ca\u0142o\u015bci s\u0105 ca\u0142kiem s\u0142uszne. \u201eKlasa\u2026\u201d powsta\u0142a pierwotnie jako opowiadania na potrzeby \u201eVictora gimnazjalisty\u201d. Ksi\u0105\u017ckowe wydanie uzupe\u0142niono o nowe opowie\u015bci. Ka\u017cda z nich za\u015b to jednak cz\u0119\u015b\u0107 jednej ca\u0142o\u015bci sk\u0142adaj\u0105cej si\u0119 na swoist\u0105 powie\u015b\u0107. Powie\u015b\u0107 \u017cyw\u0105, przedstawiaj\u0105c\u0105 wa\u017cn\u0105 dla m\u0142odzie\u017cy problematyk\u0119, odpowiednie warto\u015bci i tematyk\u0119 atrakcyjn\u0105 dla tej grupy wiekowej. Do tego napisan\u0105 w spos\u00f3b lekki, \u0142atwy, przyjemny, ale nie pusty.<\/em><br \/>\n<em>Nie powinien wi\u0119c dziwi\u0107 sukces, jaki sta\u0142 si\u0119 tej powie\u015bci\/zbioru opowiada\u0144 udzia\u0142em. Wznowienia, t\u0142umaczenie na ukrai\u0144ski, audiobook, trafienie na list\u0119 lektur pewnych szk\u00f3\u0142 czy do podr\u0119cznik\u00f3w\u2026 \u201eKlasa\u2026\u201d znalaz\u0142a si\u0119 nawet na li\u015bcie bestseller\u00f3w dla dzieci i m\u0142odzie\u017cy \u201eWprost\u201d, jako jedyna polska ksi\u0105\u017cka. I to wcale nie przypadkiem. Perypetie jej bohater\u00f3w bliskie s\u0105 i zawsze b\u0119d\u0105 m\u0142odym ludziom, starszym przypomn\u0105 ich w\u0142asne czasy. Oparcie ca\u0142o\u015bci na postaci autentycznej nauczycielki autorki \u2013 nauczycielki, jak\u0105 z pewno\u015bci\u0105 gdzie\u015b kiedy\u015b mia\u0142 ka\u017cdy z nas, surowej, ale sprawiedliwej, kt\u00f3r\u0105 doceni\u0142 by\u0107 mo\u017ce dopiero po latach \u2013 doda\u0142o ca\u0142o\u015bci tylko posmaku realizmu.<\/em><br \/>\n<em>Nie pozostaje mi wi\u0119c nic innego, jak gor\u0105co poleci\u0107 \u201eKlas\u0119 pani Czajki\u201d. To powie\u015b\u0107, kt\u00f3ra z pewno\u015bci\u0105 stanie si\u0119 klasyk\u0105, jak\u0105 teraz s\u0105 ksi\u0105\u017cki Niziurskiego czy Makuszy\u0144skiego i tego \u017cycz\u0119 jej z ca\u0142ego serca.<\/em><\/p>\n<p>Micha\u0142 Lipka<br \/>\n22 stycznia 2016<\/p>\n<p>\u0179r\u00f3d\u0142o:\u00a0<a href=\"http:\/\/ksiazkarnia.blog.pl\/2016\/01\/22\/klasa-pani-czajki-malgorzata-karolina-piekarska\/\" target=\"_blank\">http:\/\/ksiazkarnia.blog.pl\/2016\/01\/22\/klasa-pani-czajki-malgorzata-karolina-piekarska\/<\/a><\/p>\n","protected":false},"excerpt":{"rendered":"<p>KLASA\u2026 SAMA W SOBIE \u201eKlasa pani Czajki\u201d powraca w kolejnym wznowieniu. I znakomicie, \u017ce tak si\u0119 dzieje, bo ksi\u0105\u017cka ma szans\u0119 trafi\u0107 do nowego pokolenia gimnazjalist\u00f3w, gimnazjali\u015bci natomiast otrzymuj\u0105 znakomit\u0105 okazj\u0119 poznania naprawd\u0119 wspania\u0142ej lektury idealnie koresponduj\u0105cej z ich codzienno\u015bci\u0105. &hellip; <a href=\"http:\/\/piekarska.com.pl\/?page_id=5188\">Continue reading <span class=\"meta-nav\">&rarr;<\/span><\/a><\/p>\n","protected":false},"author":1,"featured_media":0,"parent":1932,"menu_order":0,"comment_status":"closed","ping_status":"closed","template":"","meta":{"_acf_changed":false,"footnotes":""},"class_list":["post-5188","page","type-page","status-publish","hentry"],"acf":[],"_links":{"self":[{"href":"http:\/\/piekarska.com.pl\/index.php?rest_route=\/wp\/v2\/pages\/5188","targetHints":{"allow":["GET"]}}],"collection":[{"href":"http:\/\/piekarska.com.pl\/index.php?rest_route=\/wp\/v2\/pages"}],"about":[{"href":"http:\/\/piekarska.com.pl\/index.php?rest_route=\/wp\/v2\/types\/page"}],"author":[{"embeddable":true,"href":"http:\/\/piekarska.com.pl\/index.php?rest_route=\/wp\/v2\/users\/1"}],"replies":[{"embeddable":true,"href":"http:\/\/piekarska.com.pl\/index.php?rest_route=%2Fwp%2Fv2%2Fcomments&post=5188"}],"version-history":[{"count":1,"href":"http:\/\/piekarska.com.pl\/index.php?rest_route=\/wp\/v2\/pages\/5188\/revisions"}],"predecessor-version":[{"id":5189,"href":"http:\/\/piekarska.com.pl\/index.php?rest_route=\/wp\/v2\/pages\/5188\/revisions\/5189"}],"up":[{"embeddable":true,"href":"http:\/\/piekarska.com.pl\/index.php?rest_route=\/wp\/v2\/pages\/1932"}],"wp:attachment":[{"href":"http:\/\/piekarska.com.pl\/index.php?rest_route=%2Fwp%2Fv2%2Fmedia&parent=5188"}],"curies":[{"name":"wp","href":"https:\/\/api.w.org\/{rel}","templated":true}]}}