{"id":5195,"date":"2016-01-31T09:38:04","date_gmt":"2016-01-31T09:38:04","guid":{"rendered":"http:\/\/piekarska.com.pl\/?page_id=5195"},"modified":"2016-01-31T09:38:04","modified_gmt":"2016-01-31T09:38:04","slug":"recenzja-z-kobietnika","status":"publish","type":"page","link":"http:\/\/piekarska.com.pl\/?page_id=5195","title":{"rendered":"Recenzja z Kobietnika"},"content":{"rendered":"<div><a href=\"http:\/\/piekarska.com.pl\/wp-content\/uploads\/2015\/11\/projekt-4-c.jpg\"><img loading=\"lazy\" decoding=\"async\" class=\"alignleft wp-image-4903 size-medium\" src=\"http:\/\/piekarska.com.pl\/wp-content\/uploads\/2015\/11\/projekt-4-c-200x300.jpg\" alt=\"projekt 4 c\" width=\"200\" height=\"300\" srcset=\"http:\/\/piekarska.com.pl\/wp-content\/uploads\/2015\/11\/projekt-4-c-200x300.jpg 200w, http:\/\/piekarska.com.pl\/wp-content\/uploads\/2015\/11\/projekt-4-c-683x1024.jpg 683w, http:\/\/piekarska.com.pl\/wp-content\/uploads\/2015\/11\/projekt-4-c.jpg 827w\" sizes=\"auto, (max-width: 200px) 100vw, 200px\" \/><\/a>Powie\u015b\u0107 dla m\u0142odzie\u017cy, kt\u00f3r\u0105 m\u0142odzie\u017c pokocha\u0142a &#8211; to z ca\u0142\u0105 pewno\u015bci\u0105 bardzo dobra rekomendacja i zach\u0119ta, by po t\u0119 ksi\u0105\u017ck\u0119 si\u0119gn\u0105\u0107. Czy zatem to rzeczywi\u015bcie pozycja &#8222;skazana na sukces&#8221;? Niew\u0105tpliwie fakt, i\u017c to kolejne wydanie tej powie\u015bci mo\u017ce t\u0142umaczy\u0107 pewne zaskakuj\u0105ce dla m\u0142odego odbiorcy elementy tej opowie\u015bci (pierwszy raz zosta\u0142a ona wydana w 2004 roku). Bohaterami s\u0105 gimnazjali\u015bci, a w\u015br\u00f3d poruszanych kwestii jest posiadanie w\u0142asnego telefonu kom\u00f3rkowego czy sprawa &#8222;wsi\u0105kni\u0119cia&#8221; w wirtualny \u015bwiat, odkrywania uroku znajomo\u015bci za jego po\u015brednictwem zawieranych. Dzi\u015b takie problemy s\u0105 chyba cz\u0119\u015bciej udzia\u0142em uczni\u00f3w starszych klas szko\u0142y podstawowej, ale wiele temat\u00f3w jest nadal aktualnych i wa\u017cnych dla m\u0142odzie\u017cowego odbiorcy, zatem cho\u0107 pewne sprawy mog\u0105 dziwi\u0107, to inne zaintryguj\u0105, przykuj\u0105 uwag\u0119, a lektura sprawi przyjemno\u015b\u0107 czy te\u017c &#8211; co by\u0142o tak\u017ce zamiarem autorki &#8211; w jaki\u015b spos\u00f3b wp\u0142ynie na spos\u00f3b my\u015blenia, odbioru \u015bwiata przez m\u0142ode osoby w podobnym wieku jak postacie &#8222;Klasy pani Czajki&#8221;.<\/div>\n<div>Powie\u015b\u0107 jest do\u015b\u0107 obszerna &#8211; ale nie mo\u017ce by\u0107 inaczej &#8211; spore grono bohater\u00f3w, zdarzenia rozgrywaj\u0105ce si\u0119 w ci\u0105gu trzech lat. Je\u015bli kogo\u015b przerazi\u0142aby d\u0142ugo\u015b\u0107 ksi\u0105\u017cki (wszak nie wszyscy m\u0142odzi ludzie s\u0105 fanami s\u0142owa pisanego;)), to uspokoi\u0107 mog\u0119 zapewnieniem, \u017ce jest to barwnie napisana, poruszaj\u0105ca rozmaite problemy, wci\u0105gaj\u0105ca lektura, zatem nie powinno by\u0107 problem\u00f3w z tym, \u017ce si\u0119 ona komu\u015b &#8222;d\u0142u\u017cy&#8221;. Pewnie wiele os\u00f3b ucieszy te\u017c fakt, i\u017c autorka stworzy\u0142a kontynuacj\u0119 los\u00f3w bohater\u00f3w ju\u017c ucz\u0105cych si\u0119 w liceum &#8211; &#8222;LO-teri\u0119&#8221;, podobno planuj\u0119 tak\u017ce kolejn\u0105 cz\u0119\u015b\u0107, portretuj\u0105c\u0105 postaci jako student\u00f3w.<\/div>\n<div>Klasa pierwsza, kt\u00f3rej wychowawczyni\u0105 b\u0119dzie polonistka, pani Czajka, to grupa os\u00f3b maj\u0105cych r\u00f3\u017cne pasje, ucz\u0105cych si\u0119 bardzo dobrze i zupe\u0142nie kiepsko, pochodz\u0105cych z maj\u0119tnych rodzin i takich, dla kt\u00f3rych ka\u017cdy wydatek jest pewnym problemem. M\u0142odzi ludzie prze\u017cywaj\u0105 pierwsze zauroczenia, maj\u0105 czasem k\u0142opoty w szkole czy w domu, ich udzia\u0142em s\u0105 sukcesy i pora\u017cki, smutne zdarzenia przeplataj\u0105 si\u0119 z pomy\u015blnymi, dziewczyny i ch\u0142opc\u00f3w \u0142\u0105czy nie tylko czas wsp\u00f3lnie sp\u0119dzany w szkole &#8211; rodz\u0105 si\u0119 przyja\u017anie, budz\u0105 si\u0119 uczucia&#8230;<\/div>\n<div>Wprawdzie to nieco idealistyczny obrazek gimnazjalist\u00f3w, bo jednak wi\u0119kszo\u015b\u0107 sumiennie przyk\u0142ada si\u0119 do nauki i walczy o dobre stopnie, a sw\u0105 przysz\u0142o\u015b\u0107 wszyscy jak jeden m\u0105\u017c widz\u0105 w liceum, jedyn\u0105 &#8222;zaka\u0142\u0105&#8221; jest dziewczyna, kt\u00f3ra wydaje si\u0119 bardziej zainteresowana p\u0142ci\u0105 przeciwn\u0105 ni\u017c czymkolwiek innym, cho\u0107 jak si\u0119 okazuje po pewnym czasie &#8211; to te\u017c nie tak oczywista sprawa. Jednak taki a nie innym dob\u00f3r temat\u00f3w, takie w\u0142a\u015bnie grono bohater\u00f3w sprawiaj\u0105, \u017ce ksi\u0105\u017cka jest pozycj\u0105 &#8222;z przes\u0142aniem&#8221;, bywa omawiana jako lektura &#8211; autorka pokazuje jak wa\u017cne jest wybranie w\u0142a\u015bciwych cel\u00f3w w \u017cyciu, zachowanie odpowiedzialne, szanowanie innych, altruizm, uczciwo\u015b\u0107.<\/div>\n<div>M\u0142odzie\u017cowy j\u0119zyk, wci\u0105\u017c aktualne dla m\u0142odego odbiorcy tematy, lektura wci\u0105gaj\u0105ca, przekazuj\u0105ca pozytywne warto\u015bci, ale bez moralizowania &#8211; to na pewno wci\u0105\u017c ciekawa pozycja dla m\u0142odego odbiorcy, mimo i\u017c od pierwszego wydania mija dwana\u015bcie lat.<\/div>\n<div>Polecam<br \/>\nKatarzyna<\/div>\n<div>30 stycznia 2016<\/div>\n<div>\u017ar\u00f3d\u0142o:\u00a0<a href=\"http:\/\/www.inna-bajka.kobietnik.pl\/2016\/01\/klasa-pani-czajki-codzienne-wazne.html\" target=\"_blank\">http:\/\/www.inna-bajka.kobietnik.pl\/2016\/01\/klasa-pani-czajki-codzienne-wazne.html<\/a><\/div>\n","protected":false},"excerpt":{"rendered":"<p>Powie\u015b\u0107 dla m\u0142odzie\u017cy, kt\u00f3r\u0105 m\u0142odzie\u017c pokocha\u0142a &#8211; to z ca\u0142\u0105 pewno\u015bci\u0105 bardzo dobra rekomendacja i zach\u0119ta, by po t\u0119 ksi\u0105\u017ck\u0119 si\u0119gn\u0105\u0107. Czy zatem to rzeczywi\u015bcie pozycja &#8222;skazana na sukces&#8221;? Niew\u0105tpliwie fakt, i\u017c to kolejne wydanie tej powie\u015bci mo\u017ce t\u0142umaczy\u0107 pewne &hellip; <a href=\"http:\/\/piekarska.com.pl\/?page_id=5195\">Continue reading <span class=\"meta-nav\">&rarr;<\/span><\/a><\/p>\n","protected":false},"author":1,"featured_media":4903,"parent":1932,"menu_order":0,"comment_status":"closed","ping_status":"closed","template":"","meta":{"_acf_changed":false,"footnotes":""},"class_list":["post-5195","page","type-page","status-publish","has-post-thumbnail","hentry"],"acf":[],"_links":{"self":[{"href":"http:\/\/piekarska.com.pl\/index.php?rest_route=\/wp\/v2\/pages\/5195","targetHints":{"allow":["GET"]}}],"collection":[{"href":"http:\/\/piekarska.com.pl\/index.php?rest_route=\/wp\/v2\/pages"}],"about":[{"href":"http:\/\/piekarska.com.pl\/index.php?rest_route=\/wp\/v2\/types\/page"}],"author":[{"embeddable":true,"href":"http:\/\/piekarska.com.pl\/index.php?rest_route=\/wp\/v2\/users\/1"}],"replies":[{"embeddable":true,"href":"http:\/\/piekarska.com.pl\/index.php?rest_route=%2Fwp%2Fv2%2Fcomments&post=5195"}],"version-history":[{"count":1,"href":"http:\/\/piekarska.com.pl\/index.php?rest_route=\/wp\/v2\/pages\/5195\/revisions"}],"predecessor-version":[{"id":5196,"href":"http:\/\/piekarska.com.pl\/index.php?rest_route=\/wp\/v2\/pages\/5195\/revisions\/5196"}],"up":[{"embeddable":true,"href":"http:\/\/piekarska.com.pl\/index.php?rest_route=\/wp\/v2\/pages\/1932"}],"wp:featuredmedia":[{"embeddable":true,"href":"http:\/\/piekarska.com.pl\/index.php?rest_route=\/wp\/v2\/media\/4903"}],"wp:attachment":[{"href":"http:\/\/piekarska.com.pl\/index.php?rest_route=%2Fwp%2Fv2%2Fmedia&parent=5195"}],"curies":[{"name":"wp","href":"https:\/\/api.w.org\/{rel}","templated":true}]}}