{"id":5215,"date":"2016-02-06T07:49:21","date_gmt":"2016-02-06T07:49:21","guid":{"rendered":"http:\/\/piekarska.com.pl\/?page_id=5215"},"modified":"2016-02-06T07:49:21","modified_gmt":"2016-02-06T07:49:21","slug":"recenzja-z-ksiazka-zamiast-kwiatka","status":"publish","type":"page","link":"http:\/\/piekarska.com.pl\/?page_id=5215","title":{"rendered":"Recenzja z Ksi\u0105\u017cka zamiast kwiatka"},"content":{"rendered":"<p><a href=\"http:\/\/piekarska.com.pl\/wp-content\/uploads\/2015\/11\/projekt-4-c.jpg\"><img loading=\"lazy\" decoding=\"async\" class=\"alignleft wp-image-4903 size-medium\" src=\"http:\/\/piekarska.com.pl\/wp-content\/uploads\/2015\/11\/projekt-4-c-200x300.jpg\" alt=\"projekt 4 c\" width=\"200\" height=\"300\" srcset=\"http:\/\/piekarska.com.pl\/wp-content\/uploads\/2015\/11\/projekt-4-c-200x300.jpg 200w, http:\/\/piekarska.com.pl\/wp-content\/uploads\/2015\/11\/projekt-4-c-683x1024.jpg 683w, http:\/\/piekarska.com.pl\/wp-content\/uploads\/2015\/11\/projekt-4-c.jpg 827w\" sizes=\"auto, (max-width: 200px) 100vw, 200px\" \/><\/a>To ju\u017c kolejne wydanie tej ksi\u0105\u017cki i bardzo dobrze, bo my\u015bl\u0119, ze problemy, kt\u00f3re porusza, s\u0105 wci\u0105\u017c aktualne. Oto gimnazjalna klasa I a, kt\u00f3rej wychowawstwo obejmuje pani Czajka. Pocz\u0105tki nie nale\u017c\u0105 do naj\u0142atwiejszych, bo dzieciaki pochodz\u0105 z r\u00f3\u017cnych \u015brodowisk i w r\u00f3\u017cny spos\u00f3b pr\u00f3buj\u0105 odnale\u017a\u0107 swoje miejsce w nowej grupie. Ma\u0142gosia i Kamila to wieloletnie przyjaci\u00f3\u0142ki, cho\u0107 wydawa\u0142oby si\u0119, \u017ce r\u00f3\u017cnica w statusie materialnym powinna wykopa\u0107 mi\u0119dzy nimi przepa\u015b\u0107. Maciek to typ mola ksi\u0105\u017ckowego, kt\u00f3ry wyobra\u017ani u\u017cywa w odpowiednich proporcjach. Na co dzie\u0144 mocno stoi na nogach. Ka\u015bka za wszelk\u0105 cen\u0119 usi\u0142uje zrobi\u0107 z siebie rozrywkow\u0105 panienk\u0119, kt\u00f3ra ka\u017cdego ch\u0142opaka mo\u017ce mie\u0107 u swoich st\u00f3p. Kinga wydaje si\u0119 typowym szkolnym kujonem. Jest jeszcze Ewa-plotkara o wr\u00f3\u017cbiarskich zdolno\u015bciach. I dwa Micha\u0142y. I sporo innych os\u00f3b, kt\u00f3rych perypetie z zainteresowaniem b\u0119dzie m\u00f3g\u0142 prze\u015bledzi\u0107 m\u0142ody czytelnik. Kr\u00f3tkie rozdzia\u0142y (ka\u017cdy po\u015bwi\u0119cony konkretnemu problemowi) sprawiaj\u0105, \u017ce powie\u015b\u0107 szybko si\u0119 czyta. \u017bywa akcja, \u015bwietnie zarysowani bohaterowie, szkolna nastoletnia codzienno\u015b\u0107, pierwsze zauroczenia i rozczarowania &#8211; wszystko tu jest. My\u015bl\u0119, \u017ce kolejne pokolenie gimnazjalist\u00f3w przeczyta t\u0119 ksi\u0105\u017ck\u0119 z przyjemno\u015bci\u0105, a mo\u017ce i dzi\u0119ki niej znajdzie rozwi\u0105zanie w\u0142asnych problem\u00f3w. Rodzicom r\u00f3wnie\u017c nie zaszkodzi ta lektura. Przypomn\u0105 sobie, \u017ce i oni kiedy\u015b byli dzie\u0107mi. A przede wszystkim zrozumiej\u0105, \u017ce sami cz\u0119sto bywaj\u0105 \u017ar\u00f3d\u0142em &#8222;obciachu&#8221; w oczach swego potomstwa. Polecam ten tytu\u0142 serdecznie.<\/p>\n<p>(M.J.Kursa)<\/p>\n<p>\u017ar\u00f3d\u0142o: Facebook<\/p>\n","protected":false},"excerpt":{"rendered":"<p>To ju\u017c kolejne wydanie tej ksi\u0105\u017cki i bardzo dobrze, bo my\u015bl\u0119, ze problemy, kt\u00f3re porusza, s\u0105 wci\u0105\u017c aktualne. Oto gimnazjalna klasa I a, kt\u00f3rej wychowawstwo obejmuje pani Czajka. Pocz\u0105tki nie nale\u017c\u0105 do naj\u0142atwiejszych, bo dzieciaki pochodz\u0105 z r\u00f3\u017cnych \u015brodowisk i &hellip; <a href=\"http:\/\/piekarska.com.pl\/?page_id=5215\">Continue reading <span class=\"meta-nav\">&rarr;<\/span><\/a><\/p>\n","protected":false},"author":1,"featured_media":0,"parent":1932,"menu_order":0,"comment_status":"closed","ping_status":"closed","template":"","meta":{"_acf_changed":false,"footnotes":""},"class_list":["post-5215","page","type-page","status-publish","hentry"],"acf":[],"_links":{"self":[{"href":"http:\/\/piekarska.com.pl\/index.php?rest_route=\/wp\/v2\/pages\/5215","targetHints":{"allow":["GET"]}}],"collection":[{"href":"http:\/\/piekarska.com.pl\/index.php?rest_route=\/wp\/v2\/pages"}],"about":[{"href":"http:\/\/piekarska.com.pl\/index.php?rest_route=\/wp\/v2\/types\/page"}],"author":[{"embeddable":true,"href":"http:\/\/piekarska.com.pl\/index.php?rest_route=\/wp\/v2\/users\/1"}],"replies":[{"embeddable":true,"href":"http:\/\/piekarska.com.pl\/index.php?rest_route=%2Fwp%2Fv2%2Fcomments&post=5215"}],"version-history":[{"count":1,"href":"http:\/\/piekarska.com.pl\/index.php?rest_route=\/wp\/v2\/pages\/5215\/revisions"}],"predecessor-version":[{"id":5216,"href":"http:\/\/piekarska.com.pl\/index.php?rest_route=\/wp\/v2\/pages\/5215\/revisions\/5216"}],"up":[{"embeddable":true,"href":"http:\/\/piekarska.com.pl\/index.php?rest_route=\/wp\/v2\/pages\/1932"}],"wp:attachment":[{"href":"http:\/\/piekarska.com.pl\/index.php?rest_route=%2Fwp%2Fv2%2Fmedia&parent=5215"}],"curies":[{"name":"wp","href":"https:\/\/api.w.org\/{rel}","templated":true}]}}