{"id":5314,"date":"2016-04-05T07:11:56","date_gmt":"2016-04-05T07:11:56","guid":{"rendered":"http:\/\/piekarska.com.pl\/?page_id=5314"},"modified":"2016-04-05T07:14:21","modified_gmt":"2016-04-05T07:14:21","slug":"recenzja-anny-sikorskiej","status":"publish","type":"page","link":"http:\/\/piekarska.com.pl\/?page_id=5314","title":{"rendered":"Recenzja Anny Sikorskiej"},"content":{"rendered":"<p><a href=\"http:\/\/piekarska.com.pl\/wp-content\/uploads\/2015\/11\/Tropiciele_front.jpg\"><img loading=\"lazy\" decoding=\"async\" class=\"alignleft wp-image-4904 size-medium\" src=\"http:\/\/piekarska.com.pl\/wp-content\/uploads\/2015\/11\/Tropiciele_front-219x300.jpg\" alt=\"Tropiciele_front\" width=\"219\" height=\"300\" srcset=\"http:\/\/piekarska.com.pl\/wp-content\/uploads\/2015\/11\/Tropiciele_front-219x300.jpg 219w, http:\/\/piekarska.com.pl\/wp-content\/uploads\/2015\/11\/Tropiciele_front-747x1024.jpg 747w, http:\/\/piekarska.com.pl\/wp-content\/uploads\/2015\/11\/Tropiciele_front.jpg 1738w\" sizes=\"auto, (max-width: 219px) 100vw, 219px\" \/><\/a>\u017bycie nastoletniego Kuby przewraca przeprowadzka z \u017boliborza na Sask\u0105 K\u0119p\u0119, z czego jest bardzo niezadowolony. Trafia do szko\u0142y, w kt\u00f3rej nikogo nie zna, koledzy s\u0105 ca\u0142kowicie inni ni\u017c ci z jego poprzedniej szko\u0142y, a do tego musi pomaga\u0107 m\u0142odszej siostrze, entuzjastce zuchowych przyg\u00f3d. Przykry obowi\u0105zek jednak bardzo szybko zmienia si\u0119 w przyjemno\u015b\u0107. Negatywnie nastawiony do harcerstwa Kuba trafia na zbi\u00f3rk\u0119 harcersk\u0105, gdzie poznaje pi\u0119kn\u0105 Jagod\u0119. Nie u\u015bmiecha mu si\u0119 jednak uczestniczenie w harcerskim \u017cyciu. Jest przecie\u017c tyle ciekawszych sposob\u00f3w na sp\u0119dzenie wolnego czasu. Zdanie zmienia, kiedy na strychu swojego nowego domu znajduje stare poczt\u00f3wki z rebusami b\u0119d\u0105ce pretekstem do poznawanie historii, rozwijania nowych zainteresowa\u0144, prze\u017cywania interesuj\u0105cych przyg\u00f3d. Kuba zaczyna interesowa\u0107 si\u0119 harcerstwem, wymy\u015bla zadanie roczne dla zast\u0119pu, je\u017adzi na obozy.<br \/>\nDu\u017cym plusem ksi\u0105\u017cki jest umieszczenie akcji w znanych dzieciom realiach. M\u0142odzie\u017c gra w Simsy, pisze maile, posiada telefony kom\u00f3rkowe. Dzi\u0119ki zadaniu polegaj\u0105cym na poznawaniu historii odwiedzaj\u0105 Muzeum Powstania Warszawskiego, szukaj\u0105 malarzy XX-lecia mi\u0119dzywojennego, kt\u00f3rzy mieszkali na Saskiej K\u0119pie. M\u0142odzie\u017cy pomaga starsza pani (Eulalia Topczewska), pan Genio.<br \/>\nKuba jak ka\u017cdy nastolatek: ma wahania nastroj\u00f3w, potrafi rzuci\u0107 wulgaryzmem, zez\u0142o\u015bci\u0107 si\u0119 na siostr\u0119, rodzic\u00f3w, koleg\u00f3w z zast\u0119pu. Nie zabraknie te\u017c pierwszych mi\u0142o\u015bci, powa\u017cnych przyja\u017ani, kt\u00f3re s\u0105 w stanie przetrwa\u0107 najwi\u0119ksze pr\u00f3by.<br \/>\nMa\u0142gorzata Karolina Piekarska podsuwa m\u0142odym czytelnikom histori\u0119 osadzon\u0105 we wsp\u00f3\u0142czesno\u015bci, bardzo realn\u0105, poruszaj\u0105c\u0105 wa\u017cne problemy, zach\u0119caj\u0105c\u0105 do poznawania historii, a do tego pe\u0142n\u0105 humoru. Osobowo\u015b\u0107 bohatera sprawia, \u017ce m\u0142odzie\u017cy bardzo \u0142atwo uto\u017csami\u0107 si\u0119 z nim. Ze wzgl\u0119du na ch\u0142opi\u0119cego bohatera ksi\u0105\u017cka b\u0119dzie interesuj\u0105ca zar\u00f3wno dla ch\u0142opak\u00f3w, jak i dziewczyn. Pierwsi b\u0119d\u0105 mogli przejrze\u0107 si\u0119 w historii Kuby, a dziewczyny zobacz\u0105 inny punkt widzenia, ch\u0142opi\u0119ce dylematy, sposoby okazywania sympatii.<br \/>\nLektur\u0119 polecam zar\u00f3wno uczniom szko\u0142y podstawowej, jak i gimnazjum.<\/p>\n<p>Autor:\u00a0Anna Sikorska<\/p>\n<p>\u0179r\u00f3d\u0142o:\u00a0<a href=\"http:\/\/annasikorska.blogspot.com\/2016\/04\/magorzata-karolina-piekarska-tropiciele.html?m=1\" target=\"_blank\">http:\/\/annasikorska.blogspot.com\/2016\/04\/magorzata-karolina-piekarska-tropiciele.html?m=1<\/a><\/p>\n","protected":false},"excerpt":{"rendered":"<p>\u017bycie nastoletniego Kuby przewraca przeprowadzka z \u017boliborza na Sask\u0105 K\u0119p\u0119, z czego jest bardzo niezadowolony. Trafia do szko\u0142y, w kt\u00f3rej nikogo nie zna, koledzy s\u0105 ca\u0142kowicie inni ni\u017c ci z jego poprzedniej szko\u0142y, a do tego musi pomaga\u0107 m\u0142odszej siostrze, &hellip; <a href=\"http:\/\/piekarska.com.pl\/?page_id=5314\">Continue reading <span class=\"meta-nav\">&rarr;<\/span><\/a><\/p>\n","protected":false},"author":1,"featured_media":0,"parent":1937,"menu_order":0,"comment_status":"closed","ping_status":"closed","template":"","meta":{"_acf_changed":false,"footnotes":""},"class_list":["post-5314","page","type-page","status-publish","hentry"],"acf":[],"_links":{"self":[{"href":"http:\/\/piekarska.com.pl\/index.php?rest_route=\/wp\/v2\/pages\/5314","targetHints":{"allow":["GET"]}}],"collection":[{"href":"http:\/\/piekarska.com.pl\/index.php?rest_route=\/wp\/v2\/pages"}],"about":[{"href":"http:\/\/piekarska.com.pl\/index.php?rest_route=\/wp\/v2\/types\/page"}],"author":[{"embeddable":true,"href":"http:\/\/piekarska.com.pl\/index.php?rest_route=\/wp\/v2\/users\/1"}],"replies":[{"embeddable":true,"href":"http:\/\/piekarska.com.pl\/index.php?rest_route=%2Fwp%2Fv2%2Fcomments&post=5314"}],"version-history":[{"count":1,"href":"http:\/\/piekarska.com.pl\/index.php?rest_route=\/wp\/v2\/pages\/5314\/revisions"}],"predecessor-version":[{"id":5315,"href":"http:\/\/piekarska.com.pl\/index.php?rest_route=\/wp\/v2\/pages\/5314\/revisions\/5315"}],"up":[{"embeddable":true,"href":"http:\/\/piekarska.com.pl\/index.php?rest_route=\/wp\/v2\/pages\/1937"}],"wp:attachment":[{"href":"http:\/\/piekarska.com.pl\/index.php?rest_route=%2Fwp%2Fv2%2Fmedia&parent=5314"}],"curies":[{"name":"wp","href":"https:\/\/api.w.org\/{rel}","templated":true}]}}