{"id":5343,"date":"2016-04-10T10:12:17","date_gmt":"2016-04-10T10:12:17","guid":{"rendered":"http:\/\/piekarska.com.pl\/?page_id=5343"},"modified":"2016-04-10T10:12:29","modified_gmt":"2016-04-10T10:12:29","slug":"recenzja-izabeli-mikrut","status":"publish","type":"page","link":"http:\/\/piekarska.com.pl\/?page_id=5343","title":{"rendered":"Recenzja Izabeli Mikrut"},"content":{"rendered":"<p><strong>Tajemnicze zadanie<\/strong><\/p>\n<p><a href=\"http:\/\/piekarska.com.pl\/wp-content\/uploads\/2015\/11\/Tropiciele_front.jpg\"><img loading=\"lazy\" decoding=\"async\" class=\"alignleft wp-image-4904 size-medium\" src=\"http:\/\/piekarska.com.pl\/wp-content\/uploads\/2015\/11\/Tropiciele_front-219x300.jpg\" alt=\"Tropiciele_front\" width=\"219\" height=\"300\" srcset=\"http:\/\/piekarska.com.pl\/wp-content\/uploads\/2015\/11\/Tropiciele_front-219x300.jpg 219w, http:\/\/piekarska.com.pl\/wp-content\/uploads\/2015\/11\/Tropiciele_front-747x1024.jpg 747w, http:\/\/piekarska.com.pl\/wp-content\/uploads\/2015\/11\/Tropiciele_front.jpg 1738w\" sizes=\"auto, (max-width: 219px) 100vw, 219px\" \/><\/a>\u201eTropicielami\u201d Ma\u0142gorzata Karolina Piekarska przypomina niemodne dzisiaj idee harcerskich zbi\u00f3rek, rozrywek i obowi\u0105zk\u00f3w. Zapewnia sobie tym samym \u0142\u0105czno\u015b\u0107 z klasyk\u0105 literatury czwartej i oryginalno\u015b\u0107 wobec m\u00f3d powie\u015bciowych. Czytelnikom daje gwarancj\u0119 nietypowej rozrywki i t\u0142umaczy fabularne wyzwania. Bo gdyby nie harcerstwo, Kuba (sceptycznie zreszt\u0105 do tej idei nastawiony) nie zainteresowa\u0142by si\u0119 przesz\u0142o\u015bci\u0105 rodziny i nie dokona\u0142by kilku atrakcyjnych odkry\u0107. Chocia\u017c mo\u017cliwo\u015b\u0107 znalezienia skarbu odpada ju\u017c na pocz\u0105tku, domow\u0105 tajemnic\u0119 warto rozwik\u0142a\u0107 \u2013 zw\u0142aszcza \u017ce i doro\u015bli interesuj\u0105 si\u0119 spraw\u0105.<br \/>\nWszystko zaczyna si\u0119 od przeprowadzki, na skutek kt\u00f3rej Kuba musi rozsta\u0107 si\u0119 z kolegami (i marzeniem o pi\u0119knej kole\u017cance). Saska K\u0119pa w oczach ch\u0142opaka nie wypada zbyt ciekawie, cho\u0107by przez to, \u017ce nie jest \u017boliborzem. Ale skoro nie da si\u0119 dyskutowa\u0107 z decyzj\u0105 rodzic\u00f3w, Kuba pr\u00f3buje si\u0119 zaaklimatyzowa\u0107 w nowym miejscu. Przypadkowo trafia na zbi\u00f3rk\u0119 harcersk\u0105, a tu kusi go zapowied\u017a przygody\u2026 i pewna blondynka. \u201eTropiciele\u201d to powie\u015b\u0107 przygodowa z posmakiem kryminalnym, dowcipna i ciekawa tak\u017ce pod k\u0105tem lokalnych atrakcji i historii miejsca. Na strychu w domu po dziadku Kuba znajduje kolekcj\u0119 portrecik\u00f3w, dowiaduje si\u0119, \u017ce malarz ukry\u0142 na nich zaszyfrowane wiadomo\u015bci \u2013 czego wi\u0119cej trzeba dla podgrzania atmosfery? Mo\u017ce z\u0142odziei, czaj\u0105cych si\u0119 na \u0142atwy \u0142up. Ma\u0142gorzata Karolina Piekarska starannie wzbogaca swoj\u0105 ksi\u0105\u017ck\u0119 o kolejne elementy niezb\u0119dne w m\u0142odzie\u017cowych powie\u015bciach i sprawia, \u017ce rzeczywisto\u015bci Kuby nie chce si\u0119 opuszcza\u0107 a\u017c do rozwi\u0105zania zagadki.<br \/>\nR\u00f3wnie kusz\u0105cym tematem staje si\u0119 tu przyja\u017a\u0144. Co ciekawe, u Piekarskiej nast\u0119puje powr\u00f3t do dawnych warto\u015bci, autorka nadaje na nowo rang\u0119 tematowi honoru czy szczero\u015bci. Rafa\u0142 nie chce zdradzi\u0107 przyjaciela i pokazuje, jak powinno si\u0119 zachowa\u0107 w chwili prawdziwej pr\u00f3by. Kuba z kolei wie, jak pom\u00f3c ubogiemu r\u00f3wie\u015bnikowi, by ten nie czu\u0142 wstydu. Ma\u0142gorzata Karolina Piekarska sugeruje, \u017ce zawsze i z najtrudniejszych sytuacji jest jakie\u015b wyj\u015bcie, trzeba tylko pomy\u015ble\u0107 i nie ba\u0107 si\u0119 rozm\u00f3w. Wizja przyja\u017ani Kuby i Rafa\u0142a to jeden z cenniejszych sk\u0142adnik\u00f3w ksi\u0105\u017cki, przydaje si\u0119 r\u00f3wnie mocno jak przygodowa fabu\u0142a.<br \/>\nPiekarska od\u015bwie\u017ca temat, kt\u00f3ry wydawa\u0142 si\u0119 ju\u017c anachroniczny, po to, \u017ceby zapewni\u0107 odbiorcom niebanaln\u0105 rozrywk\u0119. Podpowiada, \u017ce warto zainteresowa\u0107 si\u0119 histori\u0105, cho\u0107by w mikroskali, przypomina, \u017ce przeprowadzka nie musi by\u0107 ko\u0144cem \u015bwiata. Zapewnia bohaterom zaj\u0119cie kreatywne i wymagaj\u0105ce wsp\u00f3lnego dzia\u0142ania, a przy tym u\u0142atwiaj\u0105ce aklimatyzacj\u0119. \u201eTropiciele\u201d s\u0105 powie\u015bci\u0105, kt\u00f3r\u0105 bardzo przyjemnie si\u0119 czyta \u2013 autorka odnosi si\u0119 do wa\u017cnych dla m\u0142odych ludzi temat\u00f3w, ale ca\u0142ej akcji nadaje lekko\u015bci. Wprowadza elementy krymina\u0142u i powie\u015bci detektywistycznej, nawi\u0105zuje do dawnych przygod\u00f3wek, ale nie zapomina i o kwestiach obyczajowych istotnych przez ca\u0142y czas. W tomiku znajd\u0105 si\u0119 motywy satyryczne, a nawet troch\u0119 rubaszne \u2013 autorka nie zamierza tylko wychowywa\u0107, chce te\u017c rozbawia\u0107 czytelnik\u00f3w i doskonale wie, czym do nich bez problemu dotrze. Nastawienie na ci\u0119ty dowcip sprawia, \u017ce Piekarska \u0142atwiej znajdzie wsp\u00f3lny j\u0119zyk z odbiorcami. Nie ok\u0142amuje ich, za to bawi si\u0119 razem z nimi. Nic dziwnego, \u017ce \u201eTropicielami\u201d Piekarska powraca teraz na rynek wydawniczy. Cieszy, \u017ce taka ksi\u0105\u017cka mo\u017ce si\u0119 dzi\u015b znale\u017a\u0107 w\u015br\u00f3d m\u0142odzie\u017cowych lektur.<br \/>\nMa\u0142gorzata Karolina Piekarska udowadnia m\u0142odzie\u017cy, \u017ce mo\u017cna si\u0119ga\u0107 po ksi\u0105\u017cki dla rozrywki \u2013 kwestie wychowawcze, chocia\u017c obecne, nie s\u0105 tu natr\u0119tne i nie przeszkadzaj\u0105 podczas prze\u017cywania przyg\u00f3d bohater\u00f3w. Autorka dyskretnie podpowiada r\u00f3wnie\u017c sposoby zapobiegania ewentualnym konfliktom (lub rozwi\u0105zywania ich, gdy ju\u017c zaistniej\u0105), staje po stronie nastolatk\u00f3w w zwyk\u0142ych sprawach i przypomina, \u017ce nie zawsze \u017cycie uk\u0142ada si\u0119 wed\u0142ug plan\u00f3w. Zapewnia m\u0142odym odbiorcom lektur\u0119 pe\u0142n\u0105 wra\u017ce\u0144 i atrakcyjn\u0105 fabularnie, a do tego niem\u0119cz\u0105c\u0105 j\u0119zykowo. \u201eTropicieli\u201d warto podsuwa\u0107 nawet tym, kt\u00f3rzy nie doceniaj\u0105 klasycznych historii.<\/p>\n<p>Autor: Izabela Mikrut<\/p>\n<p>\u0179r\u00f3d\u0142o:\u00a0<a href=\"http:\/\/tu-czytam.blogspot.com\/2016\/04\/magorzata-karolina-piekarska-tropiciele.html?m=1\" target=\"_blank\">http:\/\/tu-czytam.blogspot.com\/2016\/04\/magorzata-karolina-piekarska-tropiciele.html?m=1<\/a><\/p>\n","protected":false},"excerpt":{"rendered":"<p>Tajemnicze zadanie \u201eTropicielami\u201d Ma\u0142gorzata Karolina Piekarska przypomina niemodne dzisiaj idee harcerskich zbi\u00f3rek, rozrywek i obowi\u0105zk\u00f3w. Zapewnia sobie tym samym \u0142\u0105czno\u015b\u0107 z klasyk\u0105 literatury czwartej i oryginalno\u015b\u0107 wobec m\u00f3d powie\u015bciowych. Czytelnikom daje gwarancj\u0119 nietypowej rozrywki i t\u0142umaczy fabularne wyzwania. Bo gdyby &hellip; <a href=\"http:\/\/piekarska.com.pl\/?page_id=5343\">Continue reading <span class=\"meta-nav\">&rarr;<\/span><\/a><\/p>\n","protected":false},"author":1,"featured_media":0,"parent":1937,"menu_order":0,"comment_status":"closed","ping_status":"closed","template":"","meta":{"_acf_changed":false,"footnotes":""},"class_list":["post-5343","page","type-page","status-publish","hentry"],"acf":[],"_links":{"self":[{"href":"http:\/\/piekarska.com.pl\/index.php?rest_route=\/wp\/v2\/pages\/5343","targetHints":{"allow":["GET"]}}],"collection":[{"href":"http:\/\/piekarska.com.pl\/index.php?rest_route=\/wp\/v2\/pages"}],"about":[{"href":"http:\/\/piekarska.com.pl\/index.php?rest_route=\/wp\/v2\/types\/page"}],"author":[{"embeddable":true,"href":"http:\/\/piekarska.com.pl\/index.php?rest_route=\/wp\/v2\/users\/1"}],"replies":[{"embeddable":true,"href":"http:\/\/piekarska.com.pl\/index.php?rest_route=%2Fwp%2Fv2%2Fcomments&post=5343"}],"version-history":[{"count":1,"href":"http:\/\/piekarska.com.pl\/index.php?rest_route=\/wp\/v2\/pages\/5343\/revisions"}],"predecessor-version":[{"id":5344,"href":"http:\/\/piekarska.com.pl\/index.php?rest_route=\/wp\/v2\/pages\/5343\/revisions\/5344"}],"up":[{"embeddable":true,"href":"http:\/\/piekarska.com.pl\/index.php?rest_route=\/wp\/v2\/pages\/1937"}],"wp:attachment":[{"href":"http:\/\/piekarska.com.pl\/index.php?rest_route=%2Fwp%2Fv2%2Fmedia&parent=5343"}],"curies":[{"name":"wp","href":"https:\/\/api.w.org\/{rel}","templated":true}]}}