{"id":574,"date":"2015-04-23T05:04:43","date_gmt":"2015-04-23T05:04:43","guid":{"rendered":"http:\/\/piekarska.com.pl\/?page_id=574"},"modified":"2015-06-28T14:46:18","modified_gmt":"2015-06-28T14:46:18","slug":"taniec-dloni","status":"publish","type":"page","link":"http:\/\/piekarska.com.pl\/?page_id=574","title":{"rendered":"&#8230; taniec d\u0142oni"},"content":{"rendered":"<p>***<\/p>\n<p>taniec d\u0142oni ma zapach porannej kawy<br \/>\nZagl\u0105dam w czer\u0144 fili\u017canki<br \/>\nGdy dotkn\u0119 palcem tej tafli widz\u0119, jak marszczy si\u0119 i wiruje.<br \/>\nZupe\u0142nie jak palce z\u0142\u0105czone lub te, kt\u00f3re czuj\u0105 siebie.<br \/>\nZapach ta\u0144ca d\u0142oni i porannej kawy.<br \/>\nTo jest co przychodzi mi namy\u015bl,<br \/>\ngdy patrz\u0119 na twoje zdj\u0119cie<\/p>\n<p><em>(1998)<\/em><\/p>\n<p>&nbsp;<\/p>\n","protected":false},"excerpt":{"rendered":"<p>*** taniec d\u0142oni ma zapach porannej kawy Zagl\u0105dam w czer\u0144 fili\u017canki Gdy dotkn\u0119 palcem tej tafli widz\u0119, jak marszczy si\u0119 i wiruje. Zupe\u0142nie jak palce z\u0142\u0105czone lub te, kt\u00f3re czuj\u0105 siebie. Zapach ta\u0144ca d\u0142oni i porannej kawy. To jest co &hellip; <a href=\"http:\/\/piekarska.com.pl\/?page_id=574\">Continue reading <span class=\"meta-nav\">&rarr;<\/span><\/a><\/p>\n","protected":false},"author":1,"featured_media":0,"parent":454,"menu_order":0,"comment_status":"closed","ping_status":"open","template":"","meta":{"_acf_changed":false,"footnotes":""},"class_list":["post-574","page","type-page","status-publish","hentry"],"acf":[],"_links":{"self":[{"href":"http:\/\/piekarska.com.pl\/index.php?rest_route=\/wp\/v2\/pages\/574","targetHints":{"allow":["GET"]}}],"collection":[{"href":"http:\/\/piekarska.com.pl\/index.php?rest_route=\/wp\/v2\/pages"}],"about":[{"href":"http:\/\/piekarska.com.pl\/index.php?rest_route=\/wp\/v2\/types\/page"}],"author":[{"embeddable":true,"href":"http:\/\/piekarska.com.pl\/index.php?rest_route=\/wp\/v2\/users\/1"}],"replies":[{"embeddable":true,"href":"http:\/\/piekarska.com.pl\/index.php?rest_route=%2Fwp%2Fv2%2Fcomments&post=574"}],"version-history":[{"count":1,"href":"http:\/\/piekarska.com.pl\/index.php?rest_route=\/wp\/v2\/pages\/574\/revisions"}],"predecessor-version":[{"id":575,"href":"http:\/\/piekarska.com.pl\/index.php?rest_route=\/wp\/v2\/pages\/574\/revisions\/575"}],"up":[{"embeddable":true,"href":"http:\/\/piekarska.com.pl\/index.php?rest_route=\/wp\/v2\/pages\/454"}],"wp:attachment":[{"href":"http:\/\/piekarska.com.pl\/index.php?rest_route=%2Fwp%2Fv2%2Fmedia&parent=574"}],"curies":[{"name":"wp","href":"https:\/\/api.w.org\/{rel}","templated":true}]}}