{"id":588,"date":"2015-04-23T05:36:06","date_gmt":"2015-04-23T05:36:06","guid":{"rendered":"http:\/\/piekarska.com.pl\/?page_id=588"},"modified":"2015-06-28T14:48:08","modified_gmt":"2015-06-28T14:48:08","slug":"lalka","status":"publish","type":"page","link":"http:\/\/piekarska.com.pl\/?page_id=588","title":{"rendered":"Lalka"},"content":{"rendered":"<p><b>***<\/b><\/p>\n<p>By\u0142am Wokulskim<br \/>\nZakocha\u0142am si\u0119 w m\u0119\u017cczy\u017anie<br \/>\nMy\u015bla\u0142am, \u017ce to heros i prawdziwy d\u017centelmen<\/p>\n<p>Rzuci\u0142am dla niego poezj\u0119<br \/>\nJest przecie\u017c czym\u015b niemo\u017cliwym<br \/>\nJak metal l\u017cejszy od powietrza<\/p>\n<p>A m\u00f3j wybranek?<br \/>\nOkaza\u0142 si\u0119 tylko ch\u0142opcem<br \/>\nNa dodatek pustym<br \/>\nJak lalka<\/p>\n<p>Rozpacza\u0142am<br \/>\nGardzi\u0142am<br \/>\nAle nadal kocha\u0142am<br \/>\nBy\u0142am Wokulskim<\/p>\n<p>By\u0142am<\/p>\n<p>Nie rozbi\u0142am kamienia<br \/>\nPami\u0105tki wsp\u00f3lnych spacer\u00f3w<br \/>\nNie znikn\u0119\u0142am<\/p>\n<p>Jestem<br \/>\nCicha i spokojna jak nigdy<br \/>\nInna ni\u017c Wokulski<br \/>\nA mo\u017ce teraz ja sta\u0142am si\u0119 lalk\u0105?<\/p>\n<p><em><span style=\"font-size: small;\">(wrzesie\u0144 2008)<\/span><\/em><\/p>\n","protected":false},"excerpt":{"rendered":"<p>*** By\u0142am Wokulskim Zakocha\u0142am si\u0119 w m\u0119\u017cczy\u017anie My\u015bla\u0142am, \u017ce to heros i prawdziwy d\u017centelmen Rzuci\u0142am dla niego poezj\u0119 Jest przecie\u017c czym\u015b niemo\u017cliwym Jak metal l\u017cejszy od powietrza A m\u00f3j wybranek? Okaza\u0142 si\u0119 tylko ch\u0142opcem Na dodatek pustym Jak lalka Rozpacza\u0142am &hellip; <a href=\"http:\/\/piekarska.com.pl\/?page_id=588\">Continue reading <span class=\"meta-nav\">&rarr;<\/span><\/a><\/p>\n","protected":false},"author":1,"featured_media":0,"parent":454,"menu_order":0,"comment_status":"closed","ping_status":"open","template":"","meta":{"_acf_changed":false,"footnotes":""},"class_list":["post-588","page","type-page","status-publish","hentry"],"acf":[],"_links":{"self":[{"href":"http:\/\/piekarska.com.pl\/index.php?rest_route=\/wp\/v2\/pages\/588","targetHints":{"allow":["GET"]}}],"collection":[{"href":"http:\/\/piekarska.com.pl\/index.php?rest_route=\/wp\/v2\/pages"}],"about":[{"href":"http:\/\/piekarska.com.pl\/index.php?rest_route=\/wp\/v2\/types\/page"}],"author":[{"embeddable":true,"href":"http:\/\/piekarska.com.pl\/index.php?rest_route=\/wp\/v2\/users\/1"}],"replies":[{"embeddable":true,"href":"http:\/\/piekarska.com.pl\/index.php?rest_route=%2Fwp%2Fv2%2Fcomments&post=588"}],"version-history":[{"count":1,"href":"http:\/\/piekarska.com.pl\/index.php?rest_route=\/wp\/v2\/pages\/588\/revisions"}],"predecessor-version":[{"id":589,"href":"http:\/\/piekarska.com.pl\/index.php?rest_route=\/wp\/v2\/pages\/588\/revisions\/589"}],"up":[{"embeddable":true,"href":"http:\/\/piekarska.com.pl\/index.php?rest_route=\/wp\/v2\/pages\/454"}],"wp:attachment":[{"href":"http:\/\/piekarska.com.pl\/index.php?rest_route=%2Fwp%2Fv2%2Fmedia&parent=588"}],"curies":[{"name":"wp","href":"https:\/\/api.w.org\/{rel}","templated":true}]}}