{"id":604,"date":"2015-04-23T05:42:08","date_gmt":"2015-04-23T05:42:08","guid":{"rendered":"http:\/\/piekarska.com.pl\/?page_id=604"},"modified":"2015-06-28T14:49:35","modified_gmt":"2015-06-28T14:49:35","slug":"prostak","status":"publish","type":"page","link":"http:\/\/piekarska.com.pl\/?page_id=604","title":{"rendered":"Prostak"},"content":{"rendered":"<p>***<\/p>\n<p>Kupi\u0142e\u015b z koronki halk\u0119<br \/>\nBy zrobi\u0107 ze mnie lalk\u0119<br \/>\nBym by\u0142a jak z obrazka<br \/>\nLaska<br \/>\nKupi\u0142e\u015b na zmarszczki krem<br \/>\nKontrolowa\u0142e\u015b ile jem<br \/>\nKaza\u0142e\u015b nosi\u0107 szk\u0142a kontaktowe<br \/>\nWyrzuci\u0107 okulary rogowe<br \/>\nZoperowa\u0107 sobie biust<br \/>\nBy zaspokoi\u0107 tw\u00f3j gust<br \/>\nSzkoda<br \/>\nWysz\u0142o, \u017ce\u015b pusty jak k\u0142oda<br \/>\nA moja dusza<br \/>\nCi\u0119 nie wzrusza<br \/>\nWi\u0119c sobie manekin kup<br \/>\nI b\u0105d\u017a z nim a\u017c po gr\u00f3b<br \/>\nJa wol\u0119 by\u0107 sama<br \/>\nNi\u017c u boku prostaka i chama<\/p>\n<p><em>(7 pa\u017adziernika 2008)<\/em><\/p>\n","protected":false},"excerpt":{"rendered":"<p>*** Kupi\u0142e\u015b z koronki halk\u0119 By zrobi\u0107 ze mnie lalk\u0119 Bym by\u0142a jak z obrazka Laska Kupi\u0142e\u015b na zmarszczki krem Kontrolowa\u0142e\u015b ile jem Kaza\u0142e\u015b nosi\u0107 szk\u0142a kontaktowe Wyrzuci\u0107 okulary rogowe Zoperowa\u0107 sobie biust By zaspokoi\u0107 tw\u00f3j gust Szkoda Wysz\u0142o, \u017ce\u015b &hellip; <a href=\"http:\/\/piekarska.com.pl\/?page_id=604\">Continue reading <span class=\"meta-nav\">&rarr;<\/span><\/a><\/p>\n","protected":false},"author":1,"featured_media":0,"parent":454,"menu_order":0,"comment_status":"closed","ping_status":"open","template":"","meta":{"_acf_changed":false,"footnotes":""},"class_list":["post-604","page","type-page","status-publish","hentry"],"acf":[],"_links":{"self":[{"href":"http:\/\/piekarska.com.pl\/index.php?rest_route=\/wp\/v2\/pages\/604","targetHints":{"allow":["GET"]}}],"collection":[{"href":"http:\/\/piekarska.com.pl\/index.php?rest_route=\/wp\/v2\/pages"}],"about":[{"href":"http:\/\/piekarska.com.pl\/index.php?rest_route=\/wp\/v2\/types\/page"}],"author":[{"embeddable":true,"href":"http:\/\/piekarska.com.pl\/index.php?rest_route=\/wp\/v2\/users\/1"}],"replies":[{"embeddable":true,"href":"http:\/\/piekarska.com.pl\/index.php?rest_route=%2Fwp%2Fv2%2Fcomments&post=604"}],"version-history":[{"count":1,"href":"http:\/\/piekarska.com.pl\/index.php?rest_route=\/wp\/v2\/pages\/604\/revisions"}],"predecessor-version":[{"id":605,"href":"http:\/\/piekarska.com.pl\/index.php?rest_route=\/wp\/v2\/pages\/604\/revisions\/605"}],"up":[{"embeddable":true,"href":"http:\/\/piekarska.com.pl\/index.php?rest_route=\/wp\/v2\/pages\/454"}],"wp:attachment":[{"href":"http:\/\/piekarska.com.pl\/index.php?rest_route=%2Fwp%2Fv2%2Fmedia&parent=604"}],"curies":[{"name":"wp","href":"https:\/\/api.w.org\/{rel}","templated":true}]}}