{"id":648,"date":"2015-04-23T06:34:50","date_gmt":"2015-04-23T06:34:50","guid":{"rendered":"http:\/\/piekarska.com.pl\/?page_id=648"},"modified":"2015-04-23T06:35:12","modified_gmt":"2015-04-23T06:35:12","slug":"pan-mlody-to-pan-swiata","status":"publish","type":"page","link":"http:\/\/piekarska.com.pl\/?page_id=648","title":{"rendered":"Pan m\u0142ody to pan \u015bwiata"},"content":{"rendered":"<p>Gdy cz\u0142owiek bierze \u015blub zawsze wydaje mu si\u0119, \u017ce \u015bwiat staje przed nim otworem. Oto przy jego boku wymarzona osoba \u2013 najpi\u0119kniejsza pod s\u0142o\u0144cem, wybrana spo\u015br\u00f3d miliona innych. Oto przed nim \u015bwietlana przysz\u0142o\u015b\u0107, bo razem \u0142atwiej i\u015b\u0107 przez \u017cycie i usuwa\u0107 \u015bciel\u0105ce si\u0119 pod nogami k\u0142ody. Wesele to moment, kiedy wszyscy ciesz\u0105 si\u0119 z tego, \u017ce m\u0142odzi wst\u0105pili w zwi\u0105zek ma\u0142\u017ce\u0144ski i \u017ce ten \u015bwiat nale\u017cy do nich. Czy jednak stwierdzenia \u201e\u015bwiat nale\u017cy do nich\u201d niekt\u00f3rzy nie pojmuj\u0105 zbyt dos\u0142ownie?<br \/>\nOstatnio sp\u0119dza\u0142am tydzie\u0144 w Ignatkach pod Bia\u0142ymstokiem. Prowadzi\u0142am tam warsztaty dziennikarskie dla student\u00f3w Uniwersytetu Podlaskiego. Owocem warsztat\u00f3w mia\u0142 by\u0107 biuletyn \u201ePunkt B\u201d. Z pi\u0105tku na sobot\u0119 i z soboty na niedziel\u0119 w o\u015brodku odbywa\u0142y si\u0119 wesela. Wesele pierwsze nie zak\u0142\u00f3ci\u0142o spokoju warsztatowicz\u00f3w. Gorzej z tym drugim, kt\u00f3re odbywa\u0142o si\u0119 w sobot\u0119. Akurat wtedy przyjecha\u0142 na warsztaty m\u00f3j czternastoletni syn. Gdy go\u015bcie zacz\u0119li zje\u017cd\u017ca\u0107 si\u0119 do o\u015brodka atmosfera zrobi\u0142a si\u0119 niebyt przyjemna. Pokrzykiwania, panoszenie si\u0119 i tak dalej. Stara\u0142am si\u0119 to zrozumie\u0107, wi\u0119c zamkn\u0119\u0142am si\u0119 z synem w pokoju. Moi warsztatowi studenci pojechali do Bia\u0142egostoku do kina. My zostali\u015bmy ogl\u0105da\u0107 film w telewizji. By\u0142o ci\u0119\u017cko, bo pod oknami co chwila kto\u015b nam \u015bpiewa\u0142, ale oko\u0142o p\u00f3\u0142nocy zasn\u0119\u0142am. Jednak gdy o trzeciej obudzi\u0142y mnie dzikie ryki nie zmru\u017cy\u0142am wi\u0119cej oka. Wys\u0142uchiwa\u0142am g\u0142os\u00f3w, kt\u00f3re na fa\u0142szyw\u0105 nut\u0119 \u201eEl condor pasa\u201d informowa\u0142y, \u017ce \u201enajlepsze piwo to lubelski full. Gul gul gul.\u201d, kilkana\u015bcie razy intonowane by\u0142o \u201eO! Ela! Straci\u0142a\u015b przyjaciela.\u201d Dobre p\u00f3\u0142 godziny towarzystwo wy\u0142o \u201eHej soko\u0142y!\u201d C\u00f3\u017c. Takie s\u0105 prawa wesela. Jednak prawdziw\u0105 zmor\u0105 sobotniej nocy by\u0142o \u0142omotnie do wszystkich drzwi, przekle\u0144stwa i dzikie ryki przypominaj\u0105ce okrzyki murzy\u0144skiego plemienia poluj\u0105cego na s\u0142onie. Mia\u0142am \u017cal do w\u0142a\u015bcicielki pensjonatu, \u017ce wynaj\u0119\u0142a o\u015brodek na dwie tak r\u00f3\u017cne imprezy i nie rozdzieli\u0142a go\u015bci. Zw\u0142aszcza, \u017ce \u201emoi studenci\u201d po powrocie z kina mieli si\u0105\u015b\u0107 w sali konferencyjnej i dalej pracowa\u0107 nad biuletynem \u2013 a dobiegaj\u0105ce z o\u015brodka ryki i \u0142omotania do drzwi nie sprzyja\u0142y skupieniu. Jednak nie interweniowa\u0142am. W ko\u0144cu w niedziel\u0119 po po\u0142udniu mieli\u015bmy opu\u015bci\u0107 pensjonat. Przed odjazdem \u2013 jako trener \u2013 mia\u0142am jeszcze podpisa\u0107 pami\u0105tkowe dyplomy. Posz\u0142am do pokoju po pi\u00f3ro wieczne, a tu drzwi zamkni\u0119te. M\u00f3j syn zabarykadowa\u0142 si\u0119 w \u015brodku, bo kilka razy kto\u015b pijany wparowa\u0142 do niego do pokoju i przeklinaj\u0105c nie bardzo chcia\u0142 wychodzi\u0107. Nagle w korytarzu rozleg\u0142 si\u0119 tupot jakby przebieg\u0142o przeze\u0144 stado antylop, podobne do tego, kt\u00f3re w \u201eKr\u00f3lu Lwie\u201d zabi\u0142o Mufas\u0119. Stado wyda\u0142o ze swoich garde\u0142 niewybredne okrzyki, maj\u0105ce na celu wywabienie z pokoi reszty weselnego towarzystwa. Kiedy za\u0142omotano do moich drzwi wybieg\u0142am na korytarz i krzykn\u0119\u0142am: \u201eTroch\u0119 ciszej! Nie jeste\u015bcie tu pa\u0144stwo sami!\u201d I to by\u0142 b\u0142\u0105d, bo nast\u0119pne zdarzenia potoczy\u0142y si\u0119 b\u0142yskawicznie. Oto jedna z antylop oderwa\u0142a si\u0119 od stada. M\u0142ody cz\u0142owiek jednym susem dopad\u0142 mnie i pchn\u0105wszy na drzwi powiedzia\u0142, \u017ce nikt mi \u201eniewybredny przecinek\u201d nie kaza\u0142 wynajmowa\u0107 tu pokoju. Tu jest wesele i mam \u201eniewybrednie\u201d oddali\u0107 si\u0119&#8230; \u201ePan jest jakim\u015b chamem\u201d \u2013 zauwa\u017cy\u0142am, co by\u0142o drugim moim b\u0142\u0119dem, bo us\u0142ysza\u0142am, \u017ce cham to ja i wepchni\u0119to mnie do pokoju. Na szcz\u0119\u015bcie tego, kt\u00f3ry zajmowa\u0142am wraz z synem. Pan pr\u00f3bowa\u0142 tam wtargn\u0105\u0107 za mn\u0105, ale zd\u0105\u017cy\u0142am zatrzasn\u0105\u0107 mu drzwi przed nosem. Po chwili kaza\u0142am synowi zamkn\u0105\u0107 si\u0119 od \u015brodka, a sama zesz\u0142am na d\u00f3\u0142. Mia\u0142am zamiar porozmawia\u0107 z w\u0142a\u015bcicielk\u0105 pensjonatu. Jednak nie zd\u0105\u017cy\u0142am. Gdy tylko spyta\u0142am napotkan\u0105 po drodze sprz\u0105taczk\u0119, gdzie jest w\u0142a\u015bcicielka, tu\u017c przy mnie pojawi\u0142 si\u0119 m\u0142odzieniec, kt\u00f3ry ju\u017c wcze\u015bniej kaza\u0142 mi \u201eniewybrednie\u201d oddali\u0107 si\u0119. Tym razem zacz\u0105\u0142 spycha\u0107 mnie ze schodk\u00f3w. Krzycze\u0107, \u017cebym sobie \u201eniewybrednie\u201d sz\u0142a na skarg\u0119. Pr\u00f3bowa\u0142am m\u00f3wi\u0107, by si\u0119 odsun\u0105\u0142, ale bezskutecznie. Im bardziej ja si\u0119 odsuwa\u0142am tym bardziej on by\u0142 napastliwy. Dosz\u0142o do szamotaniny. W rezultacie on zacz\u0105\u0142 mnie dusi\u0107, ja w odpowiedzi strzeli\u0142am go w mocno zion\u0105c\u0105 w\u00f3d\u0105 twarz. Niestety m\u0142odzieniec dalej mnie dusi\u0142 i dodatkowo \u0142omota\u0142 mn\u0105 o wisz\u0105ce na \u015bcianie lustro. Kiedy resztk\u0105 si\u0142 sprzeda\u0142am mu kopa w to co u innych jest jedynie przyrodzeniem, a u niego chyba m\u00f3zgiem, na pomoc m\u0142odzie\u0144cowi pospieszyli jego \u201ego\u015bcie\u201d, kt\u00f3rzy nazwali mnie zboczon\u0105 kobiet\u0105, bo podnios\u0142am r\u0119k\u0119 na&#8230; pana m\u0142odego. Oto kim by\u0142 agresywny m\u0142ody cz\u0142owiek. Pan m\u0142ody. Najwyra\u017aniej my\u015bla\u0142, \u017ce jest panem i w\u0142adc\u0105 \u015bwiata, a ju\u017c na pewno w\u0142adc\u0105 pensjonatu, cho\u0107 nie wynaj\u0105\u0142 ca\u0142ego. Jednak to ja mia\u0142am dostosowywa\u0107 si\u0119 do wprowadzonych przez niego tu regu\u0142. Ja mia\u0142am by\u0107 cicho, znosi\u0107 nie tylko wrzaski i pijackie \u015bpiewy, ale ci\u0105gn\u0105ce si\u0119 do po\u0142udnia nast\u0119pnego dnia dzikie okrzyki pomieszane z przekle\u0144stwami, dobijania si\u0119 do drzwi i bieganie po pokojach.<br \/>\nW\u0142a\u015bcicielka pensjonatu do dzi\u015b nie skontaktowa\u0142a si\u0119 ze mn\u0105. Jedna z jej pracownic powiedzia\u0142a tylko, \u017ce jest jej przykro, \u017ce to co oni tu przeszli w nocy to by\u0142 horror.<br \/>\nBy\u0142am w swoim \u017cyciu na dziesi\u0105tkach \u015blub\u00f3w i wesel. Czasem jako bli\u017csza, czasem jako dalsza rodzina, a czasem jako znajoma jednego z pa\u0144stwa m\u0142odych. Wszystkie te imprezy \u0142\u0105czy\u0142a wielka ch\u0119\u0107, by nikt z go\u015bci czy otoczenia nie poczu\u0142 si\u0119 ura\u017cony. By ka\u017cdy dobrze si\u0119 bawi\u0142. O to dbali zar\u00f3wno pa\u0144stwo m\u0142odzi jak i ich rodziny. Wszyscy starali si\u0119 nie przeszkadza\u0107 innym i \u0142agodzi\u0107 ewentualne konflikty w zarodku.<br \/>\nW Ignatkach by\u0142o inaczej. Owszem mog\u0142am za to zem\u015bci\u0107 si\u0119 na panu m\u0142odym i jego go\u015bciach. Mog\u0142am wezwa\u0107 policj\u0119 nie tylko do pana m\u0142odego, ale przede wszystkim do siadaj\u0105cych za kierownic\u0105 podchmielonych go\u015bci. Jednak po co? Pan m\u0142ody my\u015bla\u0142, \u017ce jest panem \u015bwiata. Jestem dziwnie spokojna, \u017ce \u015bwiat szybko wyprowadzi go z b\u0142\u0119du. Zw\u0142aszcza, \u017ce jak poinformowa\u0142a nas pani z recepcji \u201epan m\u0142ody to nic &#8211; panna m\u0142oda jest jeszcze gorsza\u201d. Je\u015bli tak, to pana m\u0142odego czeka \u201epiek\u0142o na ziemi\u201d.<\/p>\n<p>czerwiec 2007<\/p>\n","protected":false},"excerpt":{"rendered":"<p>Gdy cz\u0142owiek bierze \u015blub zawsze wydaje mu si\u0119, \u017ce \u015bwiat staje przed nim otworem. Oto przy jego boku wymarzona osoba \u2013 najpi\u0119kniejsza pod s\u0142o\u0144cem, wybrana spo\u015br\u00f3d miliona innych. Oto przed nim \u015bwietlana przysz\u0142o\u015b\u0107, bo razem \u0142atwiej i\u015b\u0107 przez \u017cycie i &hellip; <a href=\"http:\/\/piekarska.com.pl\/?page_id=648\">Continue reading <span class=\"meta-nav\">&rarr;<\/span><\/a><\/p>\n","protected":false},"author":1,"featured_media":0,"parent":637,"menu_order":4,"comment_status":"closed","ping_status":"open","template":"","meta":{"_acf_changed":false,"footnotes":""},"class_list":["post-648","page","type-page","status-publish","hentry"],"acf":[],"_links":{"self":[{"href":"http:\/\/piekarska.com.pl\/index.php?rest_route=\/wp\/v2\/pages\/648","targetHints":{"allow":["GET"]}}],"collection":[{"href":"http:\/\/piekarska.com.pl\/index.php?rest_route=\/wp\/v2\/pages"}],"about":[{"href":"http:\/\/piekarska.com.pl\/index.php?rest_route=\/wp\/v2\/types\/page"}],"author":[{"embeddable":true,"href":"http:\/\/piekarska.com.pl\/index.php?rest_route=\/wp\/v2\/users\/1"}],"replies":[{"embeddable":true,"href":"http:\/\/piekarska.com.pl\/index.php?rest_route=%2Fwp%2Fv2%2Fcomments&post=648"}],"version-history":[{"count":2,"href":"http:\/\/piekarska.com.pl\/index.php?rest_route=\/wp\/v2\/pages\/648\/revisions"}],"predecessor-version":[{"id":650,"href":"http:\/\/piekarska.com.pl\/index.php?rest_route=\/wp\/v2\/pages\/648\/revisions\/650"}],"up":[{"embeddable":true,"href":"http:\/\/piekarska.com.pl\/index.php?rest_route=\/wp\/v2\/pages\/637"}],"wp:attachment":[{"href":"http:\/\/piekarska.com.pl\/index.php?rest_route=%2Fwp%2Fv2%2Fmedia&parent=648"}],"curies":[{"name":"wp","href":"https:\/\/api.w.org\/{rel}","templated":true}]}}