{"id":6603,"date":"2017-01-31T10:04:36","date_gmt":"2017-01-31T09:04:36","guid":{"rendered":"http:\/\/piekarska.com.pl\/?page_id=6603"},"modified":"2017-05-05T08:06:42","modified_gmt":"2017-05-05T06:06:42","slug":"recenzja-karoliny-hajdysz","status":"publish","type":"page","link":"http:\/\/piekarska.com.pl\/?page_id=6603","title":{"rendered":"Recenzja Karoliny Hajdysz"},"content":{"rendered":"<p><a href=\"http:\/\/piekarska.com.pl\/wp-content\/uploads\/2016\/11\/LO-teria.jpg\"><img loading=\"lazy\" decoding=\"async\" class=\"alignleft wp-image-6248 size-medium\" src=\"http:\/\/piekarska.com.pl\/wp-content\/uploads\/2016\/11\/LO-teria-207x300.jpg\" width=\"207\" height=\"300\" srcset=\"http:\/\/piekarska.com.pl\/wp-content\/uploads\/2016\/11\/LO-teria-207x300.jpg 207w, http:\/\/piekarska.com.pl\/wp-content\/uploads\/2016\/11\/LO-teria-768x1116.jpg 768w, http:\/\/piekarska.com.pl\/wp-content\/uploads\/2016\/11\/LO-teria-705x1024.jpg 705w, http:\/\/piekarska.com.pl\/wp-content\/uploads\/2016\/11\/LO-teria.jpg 826w\" sizes=\"auto, (max-width: 207px) 100vw, 207px\" \/><\/a><\/p>\n<p>\u201e\u2026Przyjaciele z gimnazjum rozpoczynaj\u0105 nauk\u0119 w liceum. Ich \u017cycie nie jest ju\u017c takie beztroskie. Czy mi\u0142o\u015b\u0107 Ma\u0107ka i Ma\u0142gosi przetrwa kryzysy? Czy Wojtek ca\u0142kowicie po\u015bwi\u0119ci si\u0119 swojej pasji? Czy Kamila oka\u017ce si\u0119 prawdziw\u0105 przyjaci\u00f3\u0142k\u0105? Kim jest tajemnicza Klaudia, kt\u00f3r\u0105 przypadkowo pozna\u0142 Micha\u0142? Czy Kinga zrozumie, co jest dla niej najwa\u017cniejsze?<br \/>\nKontynuacja bestsellerowej Klasy Pani Czajki napisana wartkim, wsp\u00f3\u0142czesnym j\u0119zykiem.<br \/>\nPowie\u015b\u0107 o szkolnej codzienno\u015bci, mi\u0142osnych wyborach, intrygach, przyja\u017aniach wystawianych na pr\u00f3b\u0119, walce z kompleksami i odrzuceniem\u2026\u201d<br \/>\nJest to pierwsza ksi\u0105\u017cka autorki, kt\u00f3r\u0105 mam przyjemno\u015b\u0107 pozna\u0107. Stanowi ona dalsze losy grupy przyjaci\u00f3\u0142, kt\u00f3rych poznajemy w powie\u015bci \u201cKlasa Pani Czajki\u201d. Robi\u0105 oni kolejny wielki krok w swoim \u017cyciu, mierz\u0105c si\u0119 z zupe\u0142nie now\u0105 rzeczywisto\u015bci\u0105 \u2013 rozpoczynaj\u0105 nauk\u0119 w liceum. Wi\u0105\u017c\u0105 si\u0119 z tym oczywi\u015bcie wi\u0119ksze wymagania, niespe\u0142nione marzenia i mi\u0142o\u015bci, pragnienia i problemy, kt\u00f3re mog\u0105 zawa\u017cy\u0107 na ich przysz\u0142o\u015bci. Czytelnicy znaj\u0105cy ju\u017c lekki i przyjemny styl pisarski pani Ma\u0142gorzaty Karoliny Piekarskiej i tym razem na pewno si\u0119 nie zawiod\u0105. Sama dozna\u0142am bardzo przyjemnego deja vu, prze\u017cywaj\u0105c z bohaterami te wszystkie pozytywne b\u0105d\u017a te\u017c tragiczne chwile. Wci\u0105gn\u0119\u0142am si\u0119 ca\u0142kowicie! Nie ma tu mowy o \u017cadnej nudzie, bez dw\u00f3ch zda\u0144!<br \/>\nWej\u015bcie w doros\u0142o\u015b\u0107 jest dla ka\u017cdego twardym orzechem do zgryzienia, najtrudniejszym okres z \u017cyciu ka\u017cdego m\u0142odego cz\u0142owieka. Musimy by\u0107 odpowiedzialni, sami podejmowa\u0107 wszelkie decyzje i ponosi\u0107 zwi\u0105zane z nimi konsekwencje. Tylko od nas zale\u017cy jak b\u0119d\u0105 wygl\u0105da\u0142y nasze losy w niedalekiej przysz\u0142o\u015bci.<br \/>\nJedynym minusem dla mnie jest podzia\u0142 ca\u0142ej powie\u015bci na kr\u00f3tsze opowiadania, bo chwilami wprost gubi\u0142am si\u0119 w tym wszystkim. Nie zmienia to oczywi\u015bcie mojej og\u00f3lnej i tak pozytywnej opinii o ksi\u0105\u017cce. Taka forma b\u0119dzie za to plusem dla m\u0142odszych czytelnik\u00f3w, gdy\u017c u\u0142atwi im czytanie jej w wolnej chwili, np. podczas przerw mi\u0119dzy lekcjami. Wbrew pozorom, te kr\u00f3tkie opowiadania s\u0105 ze sob\u0105 po\u0142\u0105czone i dostajemy jasny i wyra\u017any obraz codziennych rozterek licealist\u00f3w.<br \/>\nTematyka ksi\u0105\u017cki, cho\u0107 pozornie wydaje si\u0119 zwyczajna, tak naprawd\u0119 taka nie jest i ka\u017cdy z nas dobrze o tym wie. Liceum czy technikum jest swego rodzaju szko\u0142\u0105 \u017cycia (albo jego mocnym pocz\u0105tkiem), a liczba do\u015bwiadczanych tam r\u00f3\u017cnego rodzaju mi\u0142ych i nieprzyjemnych wydarze\u0144 potrafi\u0142aby wywo\u0142a\u0107 u niejednego niez\u0142y zawr\u00f3t g\u0142owy. Czasy szko\u0142y \u015bredniej naznaczone s\u0105 mas\u0105 wydarze\u0144, kt\u00f3re kszta\u0142tuj\u0105 m\u0142ode charaktery, przygotowuj\u0105 do \u017cycia w \u015bwiecie doros\u0142ych i hartuj\u0105. To pasmo sukces\u00f3w i pora\u017cek, celnych i niecelnych decyzji, pierwszych mi\u0142o\u015bci i prawdziwych przyja\u017ani, kt\u00f3re mog\u0105 przetrwa\u0107 ca\u0142e \u017cycie. Jestem bardzo wdzi\u0119czna Pani Piekarskiej, kt\u00f3ra sprawi\u0142a, \u017ce rozmarzy\u0142am si\u0119. Powr\u00f3ci\u0142y wspomnienia. Mo\u017ce nie by\u0142y to moje najlepsze czasy, ale by\u0142y one dla mnie na pewno bardzo wa\u017cne.<br \/>\nNajbardziej z ca\u0142ej ekipy polubi\u0142am Ma\u0107ka i Ma\u0142gosi\u0119 \u2013 to niezwykle sympatyczna i szalenie zakochana w sobie para. Przychodzi mi na my\u015bl, \u017ce to idealny zwi\u0105zek, cho\u0107 nie omijaj\u0105 ich tak\u017ce te mniej przyjemne chwile i uczucia, z kt\u00f3rymi trzeba si\u0119 zmierzy\u0107.<br \/>\nJe\u015bli jest w\u015br\u00f3d Was kto\u015b, kto w\u0105tpi, \u017ce ta ksi\u0105\u017cka potrafi wci\u0105gn\u0105\u0107, albo zastanawia si\u0119, co niby takiego ciekawego mo\u017ce by\u0107 w licealistach, to tym bardziej polecam podj\u0105\u0107 wyzwanie i si\u0119gn\u0105\u0107 po ni\u0105. \u017bycie p\u0142ata nam czasem figle, uk\u0142ada ka\u017cdemu z nas inny scenariusz. Wydarzenia, z kt\u00f3rymi musz\u0105 zmaga\u0107 si\u0119 nasi bohaterzy s\u0105 chwilami bardzo zaskakuj\u0105ce. Cho\u0107, jak sami si\u0119 przekonacie, nie wszyscy dobrze sobie radz\u0105 z doros\u0142o\u015bci\u0105 i odpowiedzialno\u015bci\u0105\u2026 W\u0142a\u015bnie to sprawi\u0142o, \u017ce zrozumia\u0142am, jak wiele m\u0142odych os\u00f3b nie ma \u017cadnego oparcia ze strony doros\u0142ych, pozostawione s\u0105 sami sobie ze wszystkim. Jest te\u017c druga mo\u017cliwo\u015b\u0107 \u2013 nie wiedz\u0105, \u017ce blisko nich jest kto\u015b, z kim zawsze i o wszystkim mog\u0105 porozmawia\u0107. W ko\u0144cu wi\u0119kszo\u015b\u0107 problem\u00f3w da si\u0119 rozwi\u0105za\u0107!<br \/>\n30 stycznia 2017<\/p>\n<p>Autor:\u00a0Karolina Hajdysz<\/p>\n<p>\u0179r\u00f3d\u0142o:\u00a0<a href=\"http:\/\/polacyniegesi.org\/recenzja-lo-teria-malgorzata-karolina-piekarska\/\" target=\"_blank\" rel=\"noopener noreferrer\">http:\/\/polacyniegesi.org\/recenzja-lo-teria-malgorzata-karolina-piekarska\/<\/a><\/p>\n","protected":false},"excerpt":{"rendered":"<p>\u201e\u2026Przyjaciele z gimnazjum rozpoczynaj\u0105 nauk\u0119 w liceum. Ich \u017cycie nie jest ju\u017c takie beztroskie. Czy mi\u0142o\u015b\u0107 Ma\u0107ka i Ma\u0142gosi przetrwa kryzysy? Czy Wojtek ca\u0142kowicie po\u015bwi\u0119ci si\u0119 swojej pasji? Czy Kamila oka\u017ce si\u0119 prawdziw\u0105 przyjaci\u00f3\u0142k\u0105? Kim jest tajemnicza Klaudia, kt\u00f3r\u0105 przypadkowo &hellip; <a href=\"http:\/\/piekarska.com.pl\/?page_id=6603\">Continue reading <span class=\"meta-nav\">&rarr;<\/span><\/a><\/p>\n","protected":false},"author":1,"featured_media":0,"parent":7042,"menu_order":0,"comment_status":"closed","ping_status":"closed","template":"","meta":{"_acf_changed":false,"footnotes":""},"class_list":["post-6603","page","type-page","status-publish","hentry"],"acf":[],"_links":{"self":[{"href":"http:\/\/piekarska.com.pl\/index.php?rest_route=\/wp\/v2\/pages\/6603","targetHints":{"allow":["GET"]}}],"collection":[{"href":"http:\/\/piekarska.com.pl\/index.php?rest_route=\/wp\/v2\/pages"}],"about":[{"href":"http:\/\/piekarska.com.pl\/index.php?rest_route=\/wp\/v2\/types\/page"}],"author":[{"embeddable":true,"href":"http:\/\/piekarska.com.pl\/index.php?rest_route=\/wp\/v2\/users\/1"}],"replies":[{"embeddable":true,"href":"http:\/\/piekarska.com.pl\/index.php?rest_route=%2Fwp%2Fv2%2Fcomments&post=6603"}],"version-history":[{"count":2,"href":"http:\/\/piekarska.com.pl\/index.php?rest_route=\/wp\/v2\/pages\/6603\/revisions"}],"predecessor-version":[{"id":7051,"href":"http:\/\/piekarska.com.pl\/index.php?rest_route=\/wp\/v2\/pages\/6603\/revisions\/7051"}],"up":[{"embeddable":true,"href":"http:\/\/piekarska.com.pl\/index.php?rest_route=\/wp\/v2\/pages\/7042"}],"wp:attachment":[{"href":"http:\/\/piekarska.com.pl\/index.php?rest_route=%2Fwp%2Fv2%2Fmedia&parent=6603"}],"curies":[{"name":"wp","href":"https:\/\/api.w.org\/{rel}","templated":true}]}}