{"id":663,"date":"2015-04-23T06:41:43","date_gmt":"2015-04-23T06:41:43","guid":{"rendered":"http:\/\/piekarska.com.pl\/?page_id=663"},"modified":"2015-04-23T06:42:34","modified_gmt":"2015-04-23T06:42:34","slug":"zatluc-poki-maly","status":"publish","type":"page","link":"http:\/\/piekarska.com.pl\/?page_id=663","title":{"rendered":"Zat\u0142uc p\u00f3ki ma\u0142y!"},"content":{"rendered":"<p>Jest taki stary kawa\u0142 o Indianinie, kt\u00f3ry stan\u0105\u0142 na torach przed wjazdem do wykutego w skale tunelu i wrzasn\u0105\u0142:<br \/>\n&#8211; Huhu!<br \/>\nPo jakim\u015b czasie z tunelu us\u0142ysza\u0142 podobn\u0105 odpowied\u017a:<br \/>\n&#8211; Huhu!<br \/>\nPotem gwizd, a potem\u2026 przejecha\u0142 go poci\u0105g. Indianin jako\u015b prze\u017cy\u0142, ale wyl\u0105dowa\u0142 w szpitalu. Pod koniec rekonwalescencji znalaz\u0142 si\u0119 w szpitalnej kuchni, zobaczy\u0142 stoj\u0105cy na kuchence czajnik z gwizdkiem. Kiedy woda zacz\u0119\u0142a wrze\u0107 i czajnik zagwizda\u0142, Indianin porwa\u0142 wisz\u0105cy na \u015bcianie tasak i zacz\u0105\u0142 z ca\u0142ej si\u0142y wali\u0107 nim w czajnik. Zlecia\u0142 si\u0119 personel szpitala, obezw\u0142adnili Indianina i pytaj\u0105:<br \/>\n&#8211; Co robisz cz\u0142owieku?!<br \/>\n&#8211; Zat\u0142uc gnoja p\u00f3ki ma\u0142y!<br \/>\nPrzypomina mi si\u0119 ten Indianin ilekro\u0107 widz\u0119 Patryczka. To bachor! Potw\u00f3r! Gn\u00f3j! Mam ochot\u0119 go zat\u0142uc. Tak jak Indianin czajnik z gwizdkiem. Po ka\u017cdym spotkaniu z Patryczkiem przed snem wyobra\u017cam sobie jak wybijam mu te jego wszystkie z\u0105bki i \u0142ami\u0119 szcz\u0119k\u0119. I niestety to, \u017ce Patryczek ma 8 lat i jego niekt\u00f3re z\u0105bki s\u0105 jeszcze mleczne delikatnie m\u00f3wi\u0105c g. mnie obchodzi. (Shit is walking around me! Jak mawiaj\u0105 znawcy angielskich idiom\u00f3w.).<br \/>\nPatryczka obserwuj\u0119 od lat. Jest wiecznie naburmuszony, obra\u017cony, nieuczynny i z\u0142o\u015bliwy. \u015amieje si\u0119 tylko wtedy, gdy kto\u015b si\u0119 wywr\u00f3ci. Leci z pi\u0119\u015bciami do ka\u017cdego, kto ma inne ni\u017c on zdanie. Bawi si\u0119 najch\u0119tniej sam, bo inni musz\u0105 bawi\u0107 si\u0119 w to co on ka\u017ce, a nie ka\u017cdy chce by\u0107 dyrygowany przez Patryczka. Obserwuj\u0119 go cz\u0119sto i mog\u0142abym o nim napisa\u0107 tomy.<br \/>\nO tym, jak maj\u0105c dwie konsole game boy\u2019a nie chcia\u0142 \u017cadnej po\u017cyczy\u0107 koledze na kilka minut, bo obie s\u0105 mu teraz potrzebne. T\u0142umaczenia, ze ma dwie r\u0119ce nie odnios\u0142y skutku. Nie po\u017cyczy!<br \/>\nO tym jak kaza\u0142 wyrzuci\u0107 na \u015bmietnik hulajnog\u0119, z kt\u00f3rej wyr\u00f3s\u0142, bo dawa\u0107 nic za darmo nikomu nie b\u0119dzie.<br \/>\nO tym jak nie chcia\u0142 zrobi\u0107 sobie zdj\u0119cia z prababci\u0105, bo prababcia \u015bmierdzi czosnkiem i jest stara.<br \/>\nO tym, ze nigdy nie chce si\u0119 przywita\u0107 i po\u017cegna\u0107 z go\u015b\u0107mi rodzic\u00f3w, bo to nie jego go\u015bcie.<br \/>\nKto\u015b spyta, gdzie s\u0105 rodzice Patryczka? Obok. I zawsze synka t\u0142umacz\u0105.<br \/>\n&#8211; On dzi\u015b d\u0142ugo je\u017adzi\u0142 na saneczkach.<br \/>\n&#8211; On si\u0119 nie wyspa\u0142\u2026<br \/>\n&#8211; Jego g\u0142\u00f3wka boli\u2026.<br \/>\n&#8211; On st\u0142uk\u0142 kolanko\u2026<br \/>\nWreszcie\u2026 m\u00f3j ulubiony argument:<br \/>\n&#8211; On jest ma\u0142y.<br \/>\nTo bezstresowe wychowanie na mod\u0142\u0119 szwedzk\u0105 sprawia, \u017ce ro\u015bnie pokolenie potwor\u00f3w. Nie mo\u017cna dzieci skarci\u0107, postawi\u0107 do k\u0105ta, wreszcie szturchn\u0105\u0107 z w\u015bciek\u0142o\u015bci, cho\u0107 w\u0142a\u015bnie przed chwil\u0105 dosta\u0142o si\u0119 od o\u015bmiolatka makaronem w oko. Nie niechc\u0105cy. To by\u0142 \u015bwiadomy protest przeciwko jedzeniu tego \u015bwi\u0144stwa. I doros\u0142y ma teraz przeprasza\u0107, \u017ce kaza\u0142 biedaczkowi to ohydztwo je\u015b\u0107. Patryczek jest ma\u0142y i dlatego wolno mu wszystko. Doros\u0142ym nie wolno nic. Ale\u2026 a\u017c si\u0119 boj\u0119 na sam\u0105 my\u015bl o tym, \u017ce kiedy\u015b Patryczek b\u0119dzie du\u017cy. I co wtedy? Jak b\u0119dzie traktowa\u0142 innych skoro dzi\u015b nauczono go, \u017ce wszystko mu wolno? Na razie Patryczek ma zadatki na:<br \/>\nPo pierwsze zarozumialca.<br \/>\n&#8211; Mam lepsze, widzia\u0142em lepsze, m\u00f3j kolega ma lepsze. To jest do kitu, moje jest fajniejsze.<br \/>\nPo drugie tyrana:<br \/>\n&#8211; Albo grasz ze mn\u0105 w karty Pokemona albo id\u017a sobie.<br \/>\nPo trzecie malkontenta:<br \/>\n&#8211; Nie chc\u0119 tam i\u015b\u0107, bo tam na pewno b\u0119dzie nie fajnie\u2026 Nie b\u0119dzie mi si\u0119 podoba\u0142o\u2026 Na to nie mam ochoty, bo to b\u0119dzie nudne.<br \/>\nPo czwarte sadyst\u0119:<br \/>\n&#8211; Dlaczego nie mog\u0119 ci\u0105gn\u0105c psa za ogon? Przecie\u017c wtedy tak fajnie piszczy i si\u0119 wyrywa? Cha cha! Ale mu krew leci!<br \/>\nPo pi\u0105te chama:<br \/>\n&#8211; A ty jeste\u015b g\u0142upia! &#8211; to do mnie, kiedy przegra\u0142am w chi\u0144czyka.<br \/>\n&#8211; Spadaj! Won! \u2013 to tez do mnie, kiedy zwr\u00f3ci\u0142am mu uwag\u0119, \u017ce nie m\u00f3wi si\u0119 \u201enie chc\u0119 ciastka\u201d tylko \u201eDzi\u0119kuj\u0119. Nie mam ochoty na ciastko\u201d.<br \/>\nOd tamtej pory si\u0119 nie wtr\u0105cam. Nie obchodzi mnie Patryczek. Tylko my\u015bl\u0119 o tym Indianinie. Biedny\u2026 mia\u0142 nadziej\u0119, \u017ce rozbicie czajnika zlikwiduje poci\u0105gi. Ja niestety wiem, ze znikni\u0119cie jednego Patryczka i np. wzorem polskiej matki zakiszenie go w beczce nie rozwi\u0105\u017ce problemu.<br \/>\nZreszt\u0105\u2026 mo\u017ce go wcale nie ma? W ko\u0144cu rodzice s\u0105 nim zachwyceni. I tylko kiedy spotka\u0142am ich w wakacje us\u0142ysza\u0142am, \u017ce\u2026 Patryczek jest na wczasach z babci\u0105, a oni od niego odpoczywaj\u0105. Mia\u0142am wielk\u0105 ochot\u0119 powiedzie\u0107, \u017ce mnie m\u00f3j syn nigdy nie m\u0119czy\u0142. \u017be nigdy nie musia\u0142am od niego odpoczywa\u0107. Ale\u2026 w\u0105tpi\u0119, by mnie zrozumieli. Ich zdaniem ma\u0142e dziecko musi by\u0107 m\u0119cz\u0105ce. Dziecko owszem, ale Patryczek to naprawd\u0119 gn\u00f3j! Gorszy ni\u017c przera\u017caj\u0105cy Indianina gwi\u017cd\u017c\u0105cy czajnik! Gorzej ni\u017c p\u0119dz\u0105cy przez tunel poci\u0105g! To potw\u00f3r rodem z innego kawa\u0142u. O bacy i tury\u015bcie, kt\u00f3ry szuka\u0142 w g\u00f3rach spokojnego noclegu. Trafi\u0142 do bacy, kt\u00f3ry zaoferowa\u0142 mu za niewielk\u0105 op\u0142at\u0105 pokoik na poddaszu. Turysta spyta\u0142, czy na pewno w okolicy nie ma dzieci, bo on chce odpocz\u0105\u0107. Baca powiedzia\u0142, \u017ce nie ma \u017cadnych dzieci. Rano turyst\u0119 budz\u0105 koszmarne wrzaski. Wygl\u0105da przez okno, a na dachu jego nowiutkiego Saaba skacze gromada dzieci. Turysta zbiega do bacy i m\u00f3wi:<br \/>\n&#8211; Baco! Przecie\u017c zapewniali\u015bcie mnie, ze tu nie ma dzieci.<br \/>\n&#8211; No bo nie ma.<br \/>\n&#8211; A te? Co skacz\u0105 po dachu mojego auta?<br \/>\n&#8211; Dzieci? Panie! To skurwysyny nie dzieci!<br \/>\nI tak kiedy\u015b okre\u015bli\u0142a Patryczka jego rodzona ciotka. Biedna kobieta. My\u015bli, \u017ce spotka\u0142o j\u0105 najwi\u0119ksze nieszcz\u0119\u015bcie, bo ma takiego siostrze\u0144ca, ale\u2026 Patryczek nie jest jeden. Obserwuj\u0119 ich ca\u0142e serie. Niestety nie mniejsze ni\u017c serie czajnik\u00f3w z gwizdkiem w sklepie AGD.<\/p>\n","protected":false},"excerpt":{"rendered":"<p>Jest taki stary kawa\u0142 o Indianinie, kt\u00f3ry stan\u0105\u0142 na torach przed wjazdem do wykutego w skale tunelu i wrzasn\u0105\u0142: &#8211; Huhu! Po jakim\u015b czasie z tunelu us\u0142ysza\u0142 podobn\u0105 odpowied\u017a: &#8211; Huhu! Potem gwizd, a potem\u2026 przejecha\u0142 go poci\u0105g. Indianin jako\u015b &hellip; <a href=\"http:\/\/piekarska.com.pl\/?page_id=663\">Continue reading <span class=\"meta-nav\">&rarr;<\/span><\/a><\/p>\n","protected":false},"author":1,"featured_media":0,"parent":637,"menu_order":11,"comment_status":"closed","ping_status":"open","template":"","meta":{"_acf_changed":false,"footnotes":""},"class_list":["post-663","page","type-page","status-publish","hentry"],"acf":[],"_links":{"self":[{"href":"http:\/\/piekarska.com.pl\/index.php?rest_route=\/wp\/v2\/pages\/663","targetHints":{"allow":["GET"]}}],"collection":[{"href":"http:\/\/piekarska.com.pl\/index.php?rest_route=\/wp\/v2\/pages"}],"about":[{"href":"http:\/\/piekarska.com.pl\/index.php?rest_route=\/wp\/v2\/types\/page"}],"author":[{"embeddable":true,"href":"http:\/\/piekarska.com.pl\/index.php?rest_route=\/wp\/v2\/users\/1"}],"replies":[{"embeddable":true,"href":"http:\/\/piekarska.com.pl\/index.php?rest_route=%2Fwp%2Fv2%2Fcomments&post=663"}],"version-history":[{"count":1,"href":"http:\/\/piekarska.com.pl\/index.php?rest_route=\/wp\/v2\/pages\/663\/revisions"}],"predecessor-version":[{"id":664,"href":"http:\/\/piekarska.com.pl\/index.php?rest_route=\/wp\/v2\/pages\/663\/revisions\/664"}],"up":[{"embeddable":true,"href":"http:\/\/piekarska.com.pl\/index.php?rest_route=\/wp\/v2\/pages\/637"}],"wp:attachment":[{"href":"http:\/\/piekarska.com.pl\/index.php?rest_route=%2Fwp%2Fv2%2Fmedia&parent=663"}],"curies":[{"name":"wp","href":"https:\/\/api.w.org\/{rel}","templated":true}]}}