{"id":669,"date":"2015-04-23T06:45:00","date_gmt":"2015-04-23T06:45:00","guid":{"rendered":"http:\/\/piekarska.com.pl\/?page_id=669"},"modified":"2015-04-23T06:45:00","modified_gmt":"2015-04-23T06:45:00","slug":"daj-biednemu-bo-jak-nie-to","status":"publish","type":"page","link":"http:\/\/piekarska.com.pl\/?page_id=669","title":{"rendered":"Daj biednemu, bo jak nie to&#8230;"},"content":{"rendered":"<p>Us\u0142ysza\u0142am kazanie w ko\u015bciele. Ksi\u0105dz z ambony nawo\u0142ywa\u0142 do pomocy bli\u017anim, a zw\u0142aszcza powodzianom. Troch\u0119 mnie to kazanie zirytowa\u0142o. Dla mnie logiczne jest, \u017ce trzeba pom\u00f3c. Zw\u0142aszcza, gdy w gr\u0119 wchodz\u0105 nieszcz\u0119\u015bcia spowodowane przez \u017cywio\u0142. Ka\u017cdy mo\u017ce pa\u015b\u0107 ofiar\u0105 \u017cywio\u0142u i przeci\u0119tny zdrowo my\u015bl\u0105cy cz\u0142owiek pomo\u017ce tym, kt\u00f3rym \u017cywio\u0142 zabra\u0142 ca\u0142y dobytek. Po co o tym tyle m\u00f3wi\u0107? Poczu\u0142am jednak po kazaniu pewien niesmak. Oto ksi\u0105dz powiedzia\u0142, \u017ce ka\u017cdy pukaj\u0105cy do naszych drzwi \u017cebrak mo\u017ce by\u0107 poszkodowanym w powodzi wys\u0142annikiem Jezusa, a my powinni\u015bmy mu pom\u00f3c albowiem jak m\u00f3wi Pan &#8222;wszystko co\u015bcie uczynili jednemu z braci moich najmniejszych mnie\u015bcie uczynili&#8230;&#8221;<br \/>\nJakie\u015b dziwne mniemanie ma m\u00f3j parafialny ksi\u0105dz o \u017cebrakach. Ca\u0142y czas widzi w nich bogobojnych ludzi \u017cywcem wyj\u0119tych z nowotestamentowych Ewangelii. A przecie\u017c od czas\u00f3w Jezusa min\u0119\u0142o ju\u017c &#8222;troch\u0119&#8221;&#8230;<br \/>\nNigdy nie lubi\u0142am \u017cebrak\u00f3w. Nie potrafi\u0119 si\u0119 w nich dopatrzy\u0107 wys\u0142annik\u00f3w Boga. Nie wiem, czy sta\u0142o si\u0119 tak za spraw\u0105 lektury Marka Twaina &#8222;Ksi\u0105\u017c\u0119 i \u017cebrak&#8221; czy za spraw\u0105 ciotki mojego ojca Stefanii Krosnowskiej z domu Ruszczykowskiej, kt\u00f3ra gdy by\u0142am nastoletni\u0105 pannic\u0105 opowiedzia\u0142a mi pewn\u0105 histori\u0119. Ot\u00f3\u017c przed wojn\u0105 we wszystkie powszednie dni ciotka widywa\u0142a pod warszawskim ko\u015bcio\u0142em Kapucyn\u00f3w na Miodowej n\u0119dznego \u017cebraka. Ciotka nawet czasem wrzuca\u0142a cos owemu \u017cebrakowi do kapelusza, bo tak jej go by\u0142o \u017cal. W pewn\u0105 niedziel\u0119 ciotka wraz ze swoj\u0105 matk\u0105 wyj\u0105tkowo wybra\u0142a si\u0119 do ko\u015bcio\u0142a \u015bwi\u0119tego Floriana na Prag\u0119. Tam zwr\u00f3ci\u0142 ich uwag\u0119 bardzo elegancki pan. Szczeg\u00f3lnie elegancka by\u0142a jego laska ze srebrn\u0105 ga\u0142k\u0105 oraz zegarek na dewizce, ale i surdut i kapelusz prezentowa\u0142y si\u0119 nadzwyczaj elegancko i dostojnie&#8230; Ciotka d\u0142ugo si\u0119 przygl\u0105da\u0142a, gdy\u017c dostrzega\u0142a co\u015b znajomego w rysach owego gentlemana. I nagle odkry\u0142a! To \u017cebrak spod ko\u015bcio\u0142a Kapucyn\u00f3w! Pami\u0119tam, \u017ce gdy us\u0142ysza\u0142am t\u0119 histori\u0119 powiedzia\u0142am o niej mamie, kt\u00f3ra wzruszy\u0142a ramionami i odpar\u0142a:<br \/>\n&#8211; Nic nowego. Jak by\u0142a\u015b ma\u0142a zapuka\u0142a do domu \u017cebraczka. Babcia da\u0142a jej bu\u0142k\u0119 i kie\u0142bas\u0119. Gdy potem babcia wysz\u0142a ze \u015bmieciami, pod \u015bmietnikiem sta\u0142a torba z bu\u0142k\u0105 i kie\u0142bas\u0105.<br \/>\nMo\u017ce dlatego, gdy przed kilkoma laty ujrza\u0142am jak rumu\u0144skie dziecko wgniata obcasem w ka\u0142u\u017ce bu\u0142k\u0119 nie zdziwi\u0142am si\u0119, kiedy od ludzi zbitych w oburzony t\u0142um us\u0142ysza\u0142am, \u017ce w\u0142a\u015bnie t\u0119 bu\u0142k\u0119 ma\u0142emu Rumunowi da\u0142a biedna emerytka, a bu\u0142ka by\u0142a jej &#8230; biblijnym wdowim groszem.<br \/>\nTe historie plus kilka innych sprawi\u0142y, \u017ce nie daj\u0119 pieni\u0119dzy \u017cebrakom na ulicy. S\u0105 organizacje charytatywne: Caritas, Czerwony Krzy\u017c, Wielka Orkiestra \u015awi\u0105tecznej Pomocy i tym podobne. Jednak \u017cebractwo chyba le\u017cy w naturze pewnych os\u00f3b, a przynajmniej naci\u0105gactwo. Pomijam ju\u017c go\u015bci, kt\u00f3rzy za dwa z\u0142ote wskazuj\u0105 miejsce na parkingu, pilnuj\u0105 samochodu, myj\u0105 szyby na \u015bwiat\u0142ach. Pomijam k\u0142aniaj\u0105cych si\u0119 pseudo mnich\u00f3w z kosturami, srebrne manekiny czy rycerzy w zbrojach. S\u0105 ludzie, kt\u00f3rzy naci\u0105gaj\u0105 kompletnie za nic i &#8230; udaje im si\u0119. Dostaj\u0105 to czego szukaj\u0105. \u00d3w datek. To co mnie zbulwersowa\u0142o ostatnio to pewien facet, kt\u00f3ry zaczepi\u0142 mnie na ulicy i za\u017c\u0105da\u0142 pieni\u0119dzy, bo jest z Suchej Beskidzkiej i pow\u00f3d\u017a zabra\u0142a mu dom. By\u0142 2 sierpnia, a ja na spotkanie z pewnym znajomym sz\u0142am prosto z pracy i by\u0142am wyj\u0105tkowo elegancko ubrana. Tego dnia bowiem robi\u0142am dla Telewizyjnego Kuriera Warszawskiego materia\u0142 z kolejnej uroczysto\u015bci zwi\u0105zanej z obchodami rocznicy Powstania Warszawskiego, a takie \u015bwi\u0119to zobowi\u0105zuje do eleganckiego ubioru. Zaczepiaj\u0105cy mnie pan mia\u0142 fioletowe lico, cztery w porywach do pi\u0119ciu z\u0119b\u00f3w, g\u00f3ra 35 lat i oddech smoka Wawelskiego, kt\u00f3ry pr\u00f3bowa\u0142 smak siarki zapi\u0107 denaturatem. Gdy powiedzia\u0142am mu, \u017ce ju\u017c da\u0142am na powodzian i to kilka razy oraz poinformowa\u0142am te\u017c, \u017ce Rz\u0105d przeznaczy\u0142 spor\u0105 sum\u0119 pieni\u0119dzy na pomoc poszkodowanym i by poszed\u0142 do swojej gminy lub zg\u0142osi\u0142 si\u0119 do Czerwonego Krzy\u017ca etc., us\u0142ysza\u0142am:<br \/>\n&#8212; Ty kur&#8230;! Oby\u015b do Suchej nigdy nie dojecha\u0142a!<br \/>\nPrzesta\u0142o mi si\u0119 to podoba\u0107. Dopiero co targa\u0142am podpaski i baniaki z wod\u0105 do PCK, zrzuca\u0142am si\u0119 w redakcji na powodzian, a tu kto\u015b mi ubli\u017ca tylko dlatego, \u017ce nie chc\u0119 mu da\u0107 forsy?!<br \/>\nZagotowa\u0142am si\u0119! I nie zwracaj\u0105c ju\u017c uwagi ani na to kim jestem, ani na to jak bardzo elegancko jestem ubrana, wydar\u0142am si\u0119 na faceta na ca\u0142\u0105 \u015awi\u0119tokrzysk\u0105:<br \/>\n&#8211; Spier&#8230;! bo ci zaje&#8230;! ale ju\u017c!<br \/>\nTego si\u0119 \u017cebrak najwyra\u017aniej nie spodziewa\u0142! Ale oczywi\u015bcie skorzysta\u0142 szybciutko z mojej rady. Mia\u0142 niestety pecha, gdy\u017c sz\u0142am w t\u0119 sam\u0105 co i on stron\u0119 i mia\u0142am mo\u017cliwo\u015b\u0107 obserwowa\u0107 go a\u017c do Nowego \u015awiatu. Nic nie wy\u017cebra\u0142. Co chwil\u0119 bowiem s\u0142ysza\u0142 za sob\u0105 stukot moich obcas\u00f3w i obraca\u0142 si\u0119 przera\u017cony&#8230; Potem ju\u017c z ogr\u00f3dka kawiarni Nowy \u015awiat ujrza\u0142am jak kto\u015b jednak mu dawa\u0142 par\u0119 groszy. Czy\u017cby przestraszy\u0142 si\u0119 kl\u0105twy, \u017ce nie dojedzie do Suchej?<br \/>\nA mo\u017ce wys\u0142ucha\u0142 kazania owego ksi\u0119dza? I w tym pi\u0119cioz\u0119bnym zachlanym menelu, kt\u00f3ry gro\u017abami wymusza datek dopatrzy\u0142 si\u0119 &#8222;najmniejszego brata&#8221;? Smutne, \u017ce dzisiejsi ksi\u0119\u017ca maj\u0105 przed swoimi oczami obraz nowotestamentowych \u017cebrak\u00f3w. Chyba dzieje si\u0119 tak dlatego, \u017ce rzadko przemierzaj\u0105 ulice piechot\u0105, a cz\u0119\u015bciej je\u017cd\u017c\u0105 luksusowymi samochodami. W przeciwnym razie wiedzieliby, \u017ce dzisiejszy \u017cebracy nie walcz\u0105 o przetrwanie, ale o flaszk\u0119. Szkoda, \u017ce w\u015br\u00f3d ludzi zawsze trafi\u0105 si\u0119 tacy, kt\u00f3rzy na ten cel im dadz\u0105! Kilka metr\u00f3w od mojego parafialnego ko\u015bcio\u0142a od dw\u00f3ch lat stoi \u017cebraczka. Od dw\u00f3ch lat jest w ci\u0105\u017cy. Od dw\u00f3ch lat ta ci\u0105\u017ca jest bardzo zaawansowana. Od dw\u00f3ch lat do puszki, kt\u00f3r\u0105 ma przed sob\u0105 ludzie wrzucaj\u0105 jej jakie\u015b pieni\u0105dze. Od dw\u00f3ch lat jej twarz jest w barwach biskupich&#8230;<br \/>\nI tylko mi \u017cal prawdziwych powodzian. No i mieszka\u0144c\u00f3w Suchej Beskidzkiej oczywi\u015bcie, do kt\u00f3rej mam jednak nadziej\u0119 kiedy\u015b dojad\u0119&#8230;<\/p>\n<p>&nbsp;<\/p>\n<p>luty 2001<\/p>\n","protected":false},"excerpt":{"rendered":"<p>Us\u0142ysza\u0142am kazanie w ko\u015bciele. Ksi\u0105dz z ambony nawo\u0142ywa\u0142 do pomocy bli\u017anim, a zw\u0142aszcza powodzianom. Troch\u0119 mnie to kazanie zirytowa\u0142o. Dla mnie logiczne jest, \u017ce trzeba pom\u00f3c. Zw\u0142aszcza, gdy w gr\u0119 wchodz\u0105 nieszcz\u0119\u015bcia spowodowane przez \u017cywio\u0142. Ka\u017cdy mo\u017ce pa\u015b\u0107 ofiar\u0105 \u017cywio\u0142u &hellip; <a href=\"http:\/\/piekarska.com.pl\/?page_id=669\">Continue reading <span class=\"meta-nav\">&rarr;<\/span><\/a><\/p>\n","protected":false},"author":1,"featured_media":0,"parent":665,"menu_order":2,"comment_status":"closed","ping_status":"open","template":"","meta":{"_acf_changed":false,"footnotes":""},"class_list":["post-669","page","type-page","status-publish","hentry"],"acf":[],"_links":{"self":[{"href":"http:\/\/piekarska.com.pl\/index.php?rest_route=\/wp\/v2\/pages\/669","targetHints":{"allow":["GET"]}}],"collection":[{"href":"http:\/\/piekarska.com.pl\/index.php?rest_route=\/wp\/v2\/pages"}],"about":[{"href":"http:\/\/piekarska.com.pl\/index.php?rest_route=\/wp\/v2\/types\/page"}],"author":[{"embeddable":true,"href":"http:\/\/piekarska.com.pl\/index.php?rest_route=\/wp\/v2\/users\/1"}],"replies":[{"embeddable":true,"href":"http:\/\/piekarska.com.pl\/index.php?rest_route=%2Fwp%2Fv2%2Fcomments&post=669"}],"version-history":[{"count":1,"href":"http:\/\/piekarska.com.pl\/index.php?rest_route=\/wp\/v2\/pages\/669\/revisions"}],"predecessor-version":[{"id":670,"href":"http:\/\/piekarska.com.pl\/index.php?rest_route=\/wp\/v2\/pages\/669\/revisions\/670"}],"up":[{"embeddable":true,"href":"http:\/\/piekarska.com.pl\/index.php?rest_route=\/wp\/v2\/pages\/665"}],"wp:attachment":[{"href":"http:\/\/piekarska.com.pl\/index.php?rest_route=%2Fwp%2Fv2%2Fmedia&parent=669"}],"curies":[{"name":"wp","href":"https:\/\/api.w.org\/{rel}","templated":true}]}}