{"id":6709,"date":"2017-02-13T09:22:43","date_gmt":"2017-02-13T08:22:43","guid":{"rendered":"http:\/\/piekarska.com.pl\/?page_id=6709"},"modified":"2017-05-05T08:06:25","modified_gmt":"2017-05-05T06:06:25","slug":"recenzja-izabeli-mikrut","status":"publish","type":"page","link":"http:\/\/piekarska.com.pl\/?page_id=6709","title":{"rendered":"Recenzja Izabeli Mikrut"},"content":{"rendered":"<p class=\"post-title entry-title\"><a href=\"http:\/\/piekarska.com.pl\/wp-content\/uploads\/2016\/11\/LO-teria.jpg\"><img loading=\"lazy\" decoding=\"async\" class=\"alignleft wp-image-6248 size-medium\" src=\"http:\/\/piekarska.com.pl\/wp-content\/uploads\/2016\/11\/LO-teria-207x300.jpg\" width=\"207\" height=\"300\" srcset=\"http:\/\/piekarska.com.pl\/wp-content\/uploads\/2016\/11\/LO-teria-207x300.jpg 207w, http:\/\/piekarska.com.pl\/wp-content\/uploads\/2016\/11\/LO-teria-768x1116.jpg 768w, http:\/\/piekarska.com.pl\/wp-content\/uploads\/2016\/11\/LO-teria-705x1024.jpg 705w, http:\/\/piekarska.com.pl\/wp-content\/uploads\/2016\/11\/LO-teria.jpg 826w\" sizes=\"auto, (max-width: 207px) 100vw, 207px\" \/><\/a><strong>M\u0142odzie\u017c<\/strong><\/p>\n<p>Ku zadowoleniu czytelnik\u00f3w Ma\u0142gorzata Karolina Piekarska napisa\u0142a tom o dalszych losach bohater\u00f3w \u201eKlasy pani Czajki\u201d. W pierwszej powie\u015bci przeprowadza\u0142a nastolatki przez ca\u0142e gimnazjum, w \u201eLO-terii\u201d idzie za nimi do szk\u00f3\u0142 \u015brednich i obserwuje coraz bardziej skomplikowane relacje. Cz\u0119\u015b\u0107 dawnych znajomych utrzyma\u0142a ze sob\u0105 kontakt i mimo zmiany szko\u0142y spotyka si\u0119 na imprezach czy podczas wsp\u00f3lnych wyj\u015b\u0107 do kina. Nowa szko\u0142a to r\u00f3wnie\u017c szansa na zmiany, na budowanie nowej to\u017csamo\u015bci \u2013 i na znajomo\u015bci, kt\u00f3re mog\u0105 przynie\u015b\u0107 wiele dobrego ludziom.<br \/>\n\u201eLO-teria\u201d jest ostrzejsza ni\u017c \u201eKlasa pani Czajki\u201d. Wyzwania, z jakimi mierz\u0105 si\u0119 bohaterowie, nale\u017c\u0105 do bardziej skomplikowanych, du\u017co wi\u0119cej tu te\u017c\u2026 przemocy. Raz to dziewczyna mo\u017ce dla zemsty zleci\u0107 pobicie ch\u0142opaka, innym razem do agresji doprowadzeni zostan\u0105 spokojni koledzy \u2013 w obronie kole\u017canki. Pojawiaj\u0105 si\u0119 problemy ponad si\u0142y niedojrza\u0142ych emocjonalnie bohater\u00f3w: niechciana ci\u0105\u017ca czy szanta\u017ce. Autorka podsuwa obrazy przemocy domowej, ale i sytuacje \u201eodwrotne\u201d, gdy kto\u015b niszczy mo\u017cliwo\u015b\u0107 zyskania rodziny. W \u201eLO-terii\u201d pojawia si\u0119 \u015bmier\u0107 \u2013 i ta tragiczna, i ta naturalna \u2013 a m\u0142ode pokolenie wcale nie jest przed ni\u0105 chronione. Poza tym Piekarska wprowadza standardowe motywy z powie\u015bci m\u0142odzie\u017cowych \u2013 konflikty z rodzicami, mi\u0142o\u015b\u0107, przyja\u017a\u0144 czy zazdro\u015b\u0107. Bohater\u00f3w jest wielu i wik\u0142aj\u0105 si\u0119 w rozmaite relacje.<br \/>\n\u201eLO-teria\u201d to zestaw tematycznych rozdzia\u0142\u00f3w. W ka\u017cdym Ma\u0142gorzata Karolina Piekarska skupia si\u0119 na dw\u00f3ch lub trzech wybranych nastolatkach wchodz\u0105cych w interakcje \u2013 i odwo\u0142uje si\u0119 do wyrazistego problemu, kt\u00f3ry czasami powr\u00f3ci w jednym z przysz\u0142ych fragment\u00f3w, a czasami jest zamkni\u0119t\u0105 ca\u0142o\u015bci\u0105 daj\u0105c\u0105 m\u0142odzie\u017cy do my\u015blenia. Bohaterowie wci\u0105\u017c k\u0142\u00f3c\u0105 si\u0119 lub godz\u0105, pr\u00f3buj\u0105 udziela\u0107 sobie wsparcia i pomocy albo szuka\u0107 w\u0142asnej drogi z dala od innych. Powoli sprawdzaj\u0105 te\u017c, co w\u0142a\u015bciwie ich interesuje i czym chcieliby si\u0119 zajmowa\u0107 w \u017cyciu. Coraz powa\u017cniej my\u015bl\u0105 o przysz\u0142o\u015bci, co nie przeszkadza im we wszczynaniu infantylnych k\u0142\u00f3tni tu i teraz.<br \/>\nAle doro\u015bli te\u017c nie s\u0105 bez winy. Istniej\u0105 tacy, kt\u00f3rzy \u2013 po ci\u0119\u017ckich chorobach i wyzwaniach niesionych przez los \u2013 zyskali odpowiedzialne i rozs\u0105dne dzieci, s\u0105 i tacy, kt\u00f3rzy wci\u0105\u017c pope\u0142niaj\u0105 b\u0142\u0119dy i pakuj\u0105 si\u0119 w k\u0142opoty. Jedni swoimi obawami niszcz\u0105 udane zwi\u0105zki pociech, drudzy przegrywaj\u0105 w\u0142asne \u017cycie. Nie zawsze k\u0142\u00f3tnie s\u0105 efektem uprzedze\u0144 i niech\u0119ci \u2013 u mamy Ma\u0142gosi nasilaj\u0105ce si\u0119 irracjonalne ataki na domownik\u00f3w to zapowied\u017a bezwzgl\u0119dnej choroby. Ma\u0142gorzata Karolina Piekarska bardzo dba o to, by bohaterowie \u201eLO-terii\u201d rzeczywi\u015bcie mieli powody do zmartwie\u0144 \u2013 i do wsp\u00f3lnego szukania rozwi\u0105za\u0144. Ta autorka nie proponuje wydumanych spor\u00f3w o byle b\u0142ahostk\u0119. Kiedy nawi\u0105zuje do mi\u0119dzyludzkich konflikt\u00f3w, zawsze ma na uwadze lekcj\u0119, jak\u0105 z lektury wyci\u0105gn\u0105 nastolatki. Pisze tak, \u017ceby zakamuflowane w tek\u015bcie wskaz\u00f3wki przyda\u0142y si\u0119 odbiorcom. Chocia\u017c wiele z nich pojawia si\u0119 w dialogach, nie maj\u0105 posmaku psychologicznych pogadanek z teorii \u2013 autorka woli, by bohaterowie dochodzili do wa\u017cnych wniosk\u00f3w samodzielnie \u2013 wtedy ich do\u015bwiadczenia b\u0119d\u0105 cenniejsze dla czytelnik\u00f3w. \u201eLO-teria\u201d to m\u0105dra ksi\u0105\u017cka, kt\u00f3ra dostarcza te\u017c nastolatkom ciekawych (i \u201e\u017cyciowych\u201d, mimo \u017ce przerysowanych) fabu\u0142 oraz portret\u00f3w. To warto\u015bciowa lektura \u2013 cieszy zatem fakt, \u017ce powraca na rynek wydawniczy i b\u0119dzie mog\u0142a dotrze\u0107 do wi\u0119kszej liczby odbiorc\u00f3w. \u201eLO-teria\u201d to ksi\u0105\u017cka napisana ze znawstwem tematu, ale i z humorem, uniwersalna i niestroni\u0105ca od trudnych zagadnie\u0144.<br \/>\n12 lutego 2017<\/p>\n<p class=\"post-title entry-title\">Autor: Izabela Mikrut<\/p>\n<p class=\"post-title entry-title\">\u0179r\u00f3d\u0142o:\u00a0<a href=\"http:\/\/tu-czytam.blogspot.com\/2017\/02\/magorzata-karolina-piekarska-lo-teria.html\" target=\"_blank\" rel=\"noopener noreferrer\">http:\/\/tu-czytam.blogspot.com\/2017\/02\/magorzata-karolina-piekarska-lo-teria.html<\/a><\/p>\n","protected":false},"excerpt":{"rendered":"<p>M\u0142odzie\u017c Ku zadowoleniu czytelnik\u00f3w Ma\u0142gorzata Karolina Piekarska napisa\u0142a tom o dalszych losach bohater\u00f3w \u201eKlasy pani Czajki\u201d. W pierwszej powie\u015bci przeprowadza\u0142a nastolatki przez ca\u0142e gimnazjum, w \u201eLO-terii\u201d idzie za nimi do szk\u00f3\u0142 \u015brednich i obserwuje coraz bardziej skomplikowane relacje. Cz\u0119\u015b\u0107 dawnych &hellip; <a href=\"http:\/\/piekarska.com.pl\/?page_id=6709\">Continue reading <span class=\"meta-nav\">&rarr;<\/span><\/a><\/p>\n","protected":false},"author":1,"featured_media":0,"parent":7042,"menu_order":0,"comment_status":"closed","ping_status":"closed","template":"","meta":{"_acf_changed":false,"footnotes":""},"class_list":["post-6709","page","type-page","status-publish","hentry"],"acf":[],"_links":{"self":[{"href":"http:\/\/piekarska.com.pl\/index.php?rest_route=\/wp\/v2\/pages\/6709","targetHints":{"allow":["GET"]}}],"collection":[{"href":"http:\/\/piekarska.com.pl\/index.php?rest_route=\/wp\/v2\/pages"}],"about":[{"href":"http:\/\/piekarska.com.pl\/index.php?rest_route=\/wp\/v2\/types\/page"}],"author":[{"embeddable":true,"href":"http:\/\/piekarska.com.pl\/index.php?rest_route=\/wp\/v2\/users\/1"}],"replies":[{"embeddable":true,"href":"http:\/\/piekarska.com.pl\/index.php?rest_route=%2Fwp%2Fv2%2Fcomments&post=6709"}],"version-history":[{"count":2,"href":"http:\/\/piekarska.com.pl\/index.php?rest_route=\/wp\/v2\/pages\/6709\/revisions"}],"predecessor-version":[{"id":7050,"href":"http:\/\/piekarska.com.pl\/index.php?rest_route=\/wp\/v2\/pages\/6709\/revisions\/7050"}],"up":[{"embeddable":true,"href":"http:\/\/piekarska.com.pl\/index.php?rest_route=\/wp\/v2\/pages\/7042"}],"wp:attachment":[{"href":"http:\/\/piekarska.com.pl\/index.php?rest_route=%2Fwp%2Fv2%2Fmedia&parent=6709"}],"curies":[{"name":"wp","href":"https:\/\/api.w.org\/{rel}","templated":true}]}}