{"id":7042,"date":"2017-05-05T07:23:06","date_gmt":"2017-05-05T05:23:06","guid":{"rendered":"http:\/\/piekarska.com.pl\/?page_id=7042"},"modified":"2017-05-05T07:23:34","modified_gmt":"2017-05-05T05:23:34","slug":"recenzje","status":"publish","type":"page","link":"http:\/\/piekarska.com.pl\/?page_id=7042","title":{"rendered":"Recenzje"},"content":{"rendered":"<p>Na przestrzeni lat \u201eLO-teria\u201d zyska\u0142a ca\u0142\u0105 mas\u0119 recenzji. W wi\u0119kszo\u015bci pozytywnych.<\/p>\n<ul>\n<li><a href=\"http:\/\/piekarska.com.pl\/?page_id=6637\" target=\"_blank\" rel=\"noopener noreferrer\">Recenzja Anny Sikorskiej<\/a><\/li>\n<li><a href=\"http:\/\/piekarska.com.pl\/?page_id=6827\" target=\"_blank\" rel=\"noopener noreferrer\">Recenzja Bo\u017ceny Itoya<\/a><\/li>\n<li><a href=\"http:\/\/piekarska.com.pl\/?page_id=6496\" target=\"_blank\" rel=\"noopener noreferrer\">Recenzja Dominiki \u0141awickiej<\/a><\/li>\n<li><a href=\"http:\/\/piekarska.com.pl\/?page_id=6709\" target=\"_blank\" rel=\"noopener noreferrer\">Recenzja Izabeli Mikrut<\/a><\/li>\n<li><a href=\"http:\/\/piekarska.com.pl\/?page_id=6603\" target=\"_blank\" rel=\"noopener noreferrer\">Recenzja Karoliny Hajdysz<\/a><\/li>\n<li><a href=\"http:\/\/piekarska.com.pl\/?page_id=6771\" target=\"_blank\" rel=\"noopener noreferrer\">Recenzja Katarzyny Sawickiej<\/a><\/li>\n<li><a href=\"http:\/\/piekarska.com.pl\/?page_id=6488\" target=\"_blank\" rel=\"noopener noreferrer\">Recenzja Micha\u0142a Lipki<\/a><\/li>\n<li><a href=\"http:\/\/piekarska.com.pl\/?page_id=849\" target=\"_blank\" rel=\"noopener noreferrer\">Recenzja z bloga \u201eNieko\u0144cz\u0105ce si\u0119 marzenia\u201d<\/a><\/li>\n<li><a href=\"http:\/\/piekarska.com.pl\/?page_id=843\" target=\"_blank\" rel=\"noopener noreferrer\">Recenzja z bloga \u201eSiostry w bibliotece\u201d<\/a><\/li>\n<li><a href=\"http:\/\/piekarska.com.pl\/?page_id=846\" target=\"_blank\" rel=\"noopener noreferrer\">Recenzja z bloga Librars<\/a><\/li>\n<li><a href=\"http:\/\/piekarska.com.pl\/?page_id=978\" target=\"_blank\" rel=\"noopener noreferrer\">Recenzja z bloga papierowy azyl<\/a><\/li>\n<li><a href=\"http:\/\/piekarska.com.pl\/?page_id=6628\">Recenzja z bloga Recenzenta Optymisty<\/a><\/li>\n<li><a href=\"http:\/\/piekarska.com.pl\/?page_id=981\" target=\"_blank\" rel=\"noopener noreferrer\">Recenzja z Cogito<\/a><\/li>\n<li><a href=\"http:\/\/piekarska.com.pl\/?page_id=981\" target=\"_blank\" rel=\"noopener noreferrer\">Recenzja z e-clicto<\/a><\/li>\n<li><a href=\"http:\/\/piekarska.com.pl\/?page_id=987\" target=\"_blank\" rel=\"noopener noreferrer\">recenzja z Lazyhours.pl<\/a><\/li>\n<li><a href=\"http:\/\/piekarska.com.pl\/?page_id=989\" target=\"_blank\" rel=\"noopener noreferrer\">Recenzja z Nowego Tygodnika Popularnego<\/a><\/li>\n<li><a href=\"http:\/\/piekarska.com.pl\/?page_id=991\" target=\"_blank\" rel=\"noopener noreferrer\">Recenzja z portalu \u201eSztukater\u201d (heyday)<\/a><\/li>\n<li><a href=\"http:\/\/piekarska.com.pl\/?page_id=993\" target=\"_blank\" rel=\"noopener noreferrer\">Recenzja z portalu \u201eSztukater\u201d (Lolek90)<\/a><\/li>\n<li><a href=\"http:\/\/piekarska.com.pl\/?page_id=995\" target=\"_blank\" rel=\"noopener noreferrer\">Recenzja z tu-czytam<\/a><\/li>\n<\/ul>\n","protected":false},"excerpt":{"rendered":"<p>Na przestrzeni lat \u201eLO-teria\u201d zyska\u0142a ca\u0142\u0105 mas\u0119 recenzji. W wi\u0119kszo\u015bci pozytywnych. Recenzja Anny Sikorskiej Recenzja Bo\u017ceny Itoya Recenzja Dominiki \u0141awickiej Recenzja Izabeli Mikrut Recenzja Karoliny Hajdysz Recenzja Katarzyny Sawickiej Recenzja Micha\u0142a Lipki Recenzja z bloga \u201eNieko\u0144cz\u0105ce si\u0119 marzenia\u201d Recenzja z &hellip; <a href=\"http:\/\/piekarska.com.pl\/?page_id=7042\">Continue reading <span class=\"meta-nav\">&rarr;<\/span><\/a><\/p>\n","protected":false},"author":1,"featured_media":0,"parent":157,"menu_order":0,"comment_status":"closed","ping_status":"closed","template":"","meta":{"_acf_changed":false,"footnotes":""},"class_list":["post-7042","page","type-page","status-publish","hentry"],"acf":[],"_links":{"self":[{"href":"http:\/\/piekarska.com.pl\/index.php?rest_route=\/wp\/v2\/pages\/7042","targetHints":{"allow":["GET"]}}],"collection":[{"href":"http:\/\/piekarska.com.pl\/index.php?rest_route=\/wp\/v2\/pages"}],"about":[{"href":"http:\/\/piekarska.com.pl\/index.php?rest_route=\/wp\/v2\/types\/page"}],"author":[{"embeddable":true,"href":"http:\/\/piekarska.com.pl\/index.php?rest_route=\/wp\/v2\/users\/1"}],"replies":[{"embeddable":true,"href":"http:\/\/piekarska.com.pl\/index.php?rest_route=%2Fwp%2Fv2%2Fcomments&post=7042"}],"version-history":[{"count":1,"href":"http:\/\/piekarska.com.pl\/index.php?rest_route=\/wp\/v2\/pages\/7042\/revisions"}],"predecessor-version":[{"id":7044,"href":"http:\/\/piekarska.com.pl\/index.php?rest_route=\/wp\/v2\/pages\/7042\/revisions\/7044"}],"up":[{"embeddable":true,"href":"http:\/\/piekarska.com.pl\/index.php?rest_route=\/wp\/v2\/pages\/157"}],"wp:attachment":[{"href":"http:\/\/piekarska.com.pl\/index.php?rest_route=%2Fwp%2Fv2%2Fmedia&parent=7042"}],"curies":[{"name":"wp","href":"https:\/\/api.w.org\/{rel}","templated":true}]}}