{"id":7498,"date":"2017-06-28T15:43:05","date_gmt":"2017-06-28T13:43:05","guid":{"rendered":"http:\/\/piekarska.com.pl\/?page_id=7498"},"modified":"2017-06-28T20:22:28","modified_gmt":"2017-06-28T18:22:28","slug":"recenzja-z-bloga-nieopowiedziane","status":"publish","type":"page","link":"http:\/\/piekarska.com.pl\/?page_id=7498","title":{"rendered":"Recenzja z bloga &#8222;Nieopowiedziane&#8221;"},"content":{"rendered":"<p><a href=\"http:\/\/piekarska.com.pl\/wp-content\/uploads\/2015\/11\/projekt-4-c.jpg\"><img loading=\"lazy\" decoding=\"async\" class=\"alignleft wp-image-4903 size-medium\" src=\"http:\/\/piekarska.com.pl\/wp-content\/uploads\/2015\/11\/projekt-4-c-200x300.jpg\" alt=\"\" width=\"200\" height=\"300\" srcset=\"http:\/\/piekarska.com.pl\/wp-content\/uploads\/2015\/11\/projekt-4-c-200x300.jpg 200w, http:\/\/piekarska.com.pl\/wp-content\/uploads\/2015\/11\/projekt-4-c-683x1024.jpg 683w, http:\/\/piekarska.com.pl\/wp-content\/uploads\/2015\/11\/projekt-4-c.jpg 827w\" sizes=\"auto, (max-width: 200px) 100vw, 200px\" \/><\/a>Jest to ksi\u0105\u017cka po kt\u00f3r\u0105 si\u0119g\u0142am ju\u017c dwukrotnie. Po raz pierwszy maj\u0105c 14 lat i niedawno gdy mia\u0142am przerw\u0119 mi\u0119dzysemestraln\u0105 podczas \u015bwi\u0105t Bo\u017cego Narodzenia. Poznajemy tutaj kilku bohater\u00f3w- Ma\u0142gosi\u0119, Micha\u0142a, King\u0119, Kamila, Ma\u0107ka i Ka\u015bk\u0119. S\u0105 oni uczniami gimnazjum. Ich wychowawczyni\u0105 zostaje tytu\u0142owa pani Barbara Czajka- polonistka. Bohater\u00f3w cz\u0119sto r\u00f3\u017cni\u0105: stan maj\u0105tkowy, zainteresowania czy charakter. Ja akurat zakupi\u0142am nowe wydanie ksi\u0105\u017cki z roku 2016. Wida\u0107 tutaj prawdziwe i codzienne \u017cycie wsp\u00f3\u0142czesnej m\u0142odzie\u017cy. Pierwsze mi\u0142o\u015bci, zauroczenia, konflikty klasowe , kt\u00f3re cz\u0119sto nale\u017cy rozwi\u0105zywa\u0107. To w\u0142a\u015bnie codzienno\u015b\u0107 klasowa w szkole. Ksi\u0105\u017cka pisana jest \u0142atwym i przyst\u0119pnym j\u0119zykiem, dzi\u0119ki czemu przyjemnie si\u0119 j\u0105 czyta. Du\u017c\u0105 zalet\u0105 jest wielow\u0105tkowo\u015b\u0107. Poznajemy dzi\u0119ki temu z osobna ka\u017cdego z bohater\u00f3w. Czasem mo\u017cna zauwa\u017cy\u0107 i\u017c wszystkie napisane przez pani\u0105 Piekarsk\u0105 rozdzia\u0142y mia\u0142y przynie\u015b\u0107 jaki\u015b mora\u0142 czy przes\u0142anie. Co ciekawe, uczniowie w ksi\u0105\u017cce nie u\u017cywaj\u0105 wulgaryzm\u00f3w (s\u0105 zbyt grzeczni!) , a w szkole na codzie\u0144 sytuacje wygl\u0105daj\u0105 nieco inaczej. Uczniowie m\u00f3wi\u0105 \u00f3wczesnym slangiem a nie poprawn\u0105 polszczyzn\u0105. Osobi\u015bcie stara\u0142am si\u0119 m\u00f3wi\u0107 ,,na luzie\u201d j\u0119zykiem dzieci i m\u0142odzie\u017cy na moich lekcjach w szkole. Podzia\u0142a\u0142o- dzieciaki to lubi\u0105 poniewa\u017c nauczyciel staje im si\u0119 wtedy bli\u017cszy. Na samym pocz\u0105tku ksi\u0105\u017cki znajduje si\u0119 podzi\u0119kowanie od autorki dla\u2026 Barbary Czajki! Jak si\u0119 okazuje by\u0142a to jej ulubiona nauczycielka polskiego. To si\u0119 nazywa respect!<\/p>\n<p>27 czerwca 2017<\/p>\n<p>\u0179r\u00f3d\u0142o:\u00a0<a href=\"https:\/\/justyna893.wordpress.com\/2017\/06\/27\/klasa-pani-czajki-malgorzata-karolina-piekarska\/\" target=\"_blank\" rel=\"noopener\">https:\/\/justyna893.wordpress.com\/2017\/06\/27\/klasa-pani-czajki-malgorzata-karolina-piekarska\/<\/a><\/p>\n","protected":false},"excerpt":{"rendered":"<p>Jest to ksi\u0105\u017cka po kt\u00f3r\u0105 si\u0119g\u0142am ju\u017c dwukrotnie. Po raz pierwszy maj\u0105c 14 lat i niedawno gdy mia\u0142am przerw\u0119 mi\u0119dzysemestraln\u0105 podczas \u015bwi\u0105t Bo\u017cego Narodzenia. Poznajemy tutaj kilku bohater\u00f3w- Ma\u0142gosi\u0119, Micha\u0142a, King\u0119, Kamila, Ma\u0107ka i Ka\u015bk\u0119. S\u0105 oni uczniami gimnazjum. Ich &hellip; <a href=\"http:\/\/piekarska.com.pl\/?page_id=7498\">Continue reading <span class=\"meta-nav\">&rarr;<\/span><\/a><\/p>\n","protected":false},"author":1,"featured_media":0,"parent":1932,"menu_order":0,"comment_status":"closed","ping_status":"closed","template":"","meta":{"_acf_changed":false,"footnotes":""},"class_list":["post-7498","page","type-page","status-publish","hentry"],"acf":[],"_links":{"self":[{"href":"http:\/\/piekarska.com.pl\/index.php?rest_route=\/wp\/v2\/pages\/7498","targetHints":{"allow":["GET"]}}],"collection":[{"href":"http:\/\/piekarska.com.pl\/index.php?rest_route=\/wp\/v2\/pages"}],"about":[{"href":"http:\/\/piekarska.com.pl\/index.php?rest_route=\/wp\/v2\/types\/page"}],"author":[{"embeddable":true,"href":"http:\/\/piekarska.com.pl\/index.php?rest_route=\/wp\/v2\/users\/1"}],"replies":[{"embeddable":true,"href":"http:\/\/piekarska.com.pl\/index.php?rest_route=%2Fwp%2Fv2%2Fcomments&post=7498"}],"version-history":[{"count":5,"href":"http:\/\/piekarska.com.pl\/index.php?rest_route=\/wp\/v2\/pages\/7498\/revisions"}],"predecessor-version":[{"id":7506,"href":"http:\/\/piekarska.com.pl\/index.php?rest_route=\/wp\/v2\/pages\/7498\/revisions\/7506"}],"up":[{"embeddable":true,"href":"http:\/\/piekarska.com.pl\/index.php?rest_route=\/wp\/v2\/pages\/1932"}],"wp:attachment":[{"href":"http:\/\/piekarska.com.pl\/index.php?rest_route=%2Fwp%2Fv2%2Fmedia&parent=7498"}],"curies":[{"name":"wp","href":"https:\/\/api.w.org\/{rel}","templated":true}]}}