{"id":759,"date":"2015-04-23T20:51:07","date_gmt":"2015-04-23T20:51:07","guid":{"rendered":"http:\/\/piekarska.com.pl\/?page_id=759"},"modified":"2015-04-26T13:22:18","modified_gmt":"2015-04-26T13:22:18","slug":"recenzja-nagrodzona-w-konkursie-bibliotecznym","status":"publish","type":"page","link":"http:\/\/piekarska.com.pl\/?page_id=759","title":{"rendered":"Recenzja nagrodzona w konkursie bibliotecznym"},"content":{"rendered":"<p><strong><a href=\"http:\/\/piekarska.com.pl\/wp-content\/uploads\/2015\/04\/kpc.jpg\"><img loading=\"lazy\" decoding=\"async\" class=\"alignleft size-medium wp-image-167\" src=\"http:\/\/piekarska.com.pl\/wp-content\/uploads\/2015\/04\/kpc-222x300.jpg\" alt=\"kpc\" width=\"222\" height=\"300\" srcset=\"http:\/\/piekarska.com.pl\/wp-content\/uploads\/2015\/04\/kpc-222x300.jpg 222w, http:\/\/piekarska.com.pl\/wp-content\/uploads\/2015\/04\/kpc-111x150.jpg 111w, http:\/\/piekarska.com.pl\/wp-content\/uploads\/2015\/04\/kpc.jpg 532w\" sizes=\"auto, (max-width: 222px) 100vw, 222px\" \/><\/a>Obrazy \u015bci\u0105gni\u0119te z mojej codzienno\u015bci w powie\u015bci Ma\u0142gorzaty Karoliny Piekarskiej \u201cKlasa Pani Czajki\u201d.<\/strong><\/p>\n<p>Dwa lata temu dosta\u0142am od kole\u017canki niezwyk\u0142y prezent na urodziny. W kolorow\u0105 foli\u0119 owini\u0119ta by\u0142a powie\u015b\u0107 Ma\u0142gorzaty Karoliny Piekarskiej- \u201cKlasa Pani Czajki\u201d. Pomimo \u017ce bardzo lubi\u0119 czyta\u0107, na pocz\u0105tku od\u0142o\u017cy\u0142am ksi\u0105\u017ck\u0119 na p\u00f3\u0142k\u0119 i zapomnia\u0142am o niej. Do powie\u015bci wr\u00f3ci\u0142am stosunkowo niedawno, bo przy okazji wiosennych porz\u0105dk\u00f3w w pokoju.<br \/>\n\u201cKlasa Pani Czajki\u201d to zbi\u00f3r opowiada\u0144 publikowanych na \u0142amach \u201cVictora Gimnazjalisty\u201d. Autorka porusza problemy wsp\u00f3\u0142czesnych nastolatk\u00f3w. Ukazane zosta\u0142y mi\u0119dzy innymi: zmartwienia m\u0142odego cz\u0142owieka, kt\u00f3ry nie ma ojca, rozterki mi\u0142osne i rozstania.<br \/>\nMa\u0142gorzata Karolina Piekarska przedstawi\u0142a bohater\u00f3w o bardzo r\u00f3\u017cnych charakterach. S\u0105 to postacie dynamiczne, dorastaj\u0105ce w trakcie trwania utworu. Autorka nie ukazuje jednak tylko tytu\u0142owej klasy pani Czajki. Inni bohaterowie to cho\u0107by Olek czy rodzice uczni\u00f3w.<br \/>\nNiew\u0105tpliwym walorem ksi\u0105\u017cki jest jej j\u0119zyk. Wsp\u00f3\u0142czesny, m\u0142odzie\u017cowy, bezpo\u015bredni- trafia do czytelnika. Powie\u015b\u0107 bawi i wychowuje. Porusza, bowiem tematy TABU, jak na przyk\u0142ad inne wyznanie. Ksi\u0105\u017cka nie narzuca ekscentrycznych opinii i pogl\u0105d\u00f3w, pozwala m\u0142odym ocenia\u0107 sytuacje i zdarzenia wed\u0142ug swojego uznania.<br \/>\nO popularno\u015bci \u201cKlasy pani Czajki\u201d \u015bwiadcz\u0105 mi\u0119dzy innymi wpisy na forum. Opinie typu: \u201cTO WCI\u0104G\u0104\u201d, czy \u201cMam wra\u017cenie, \u017ce to moja klasa\u201d nie s\u0105 rzadko\u015bci\u0105. Powie\u015b\u0107 Ma\u0142gorzaty Karoliny Piekarskiej wzbudza wiele emocji. M\u0142odzi odnajduj\u0105 bowiem w bohaterach powie\u015bci siebie.<br \/>\nNigdy wcze\u015bniej nie zetkn\u0119\u0142am si\u0119 z tego typu utworem. Oryginalna, niespotykana forma i interesuj\u0105ce zagadnienia s\u0105 warte zapami\u0119tania. Ksi\u0105\u017ck\u0119 poleci\u0142abym raczej m\u0142odzie\u017cy, bo specyfika i dosadny j\u0119zyk powie\u015bci mog\u0142yby kogo\u015b zniech\u0119ci\u0107. Zgadzam si\u0119z opini\u0105 internautki \u201cNany myslovitz fan\u201d i\u017c obrazki zosta\u0142y \u017cywcem \u015bci\u0105gni\u0119te z mojej codzienno\u015bci.<\/p>\n<p><em>Aleksandra Nieprzecka<\/em><\/p>\n<p><span style=\"color: #000000;\">Recenzja wyr\u00f3\u017cniona w 2007 roku konkursie literackim ,,KSI\u0104\u017bKA KT\u00d3R\u0104 WARTO PRZECZYTA\u0106\u2019\u2019 zorganizowanym przez Miejsk\u0105 Bibliotek\u0119 Publiczn\u0105 im. Aleksandra Fredry w Jaros\u0142awiu.<\/span><\/p>\n","protected":false},"excerpt":{"rendered":"<p>Obrazy \u015bci\u0105gni\u0119te z mojej codzienno\u015bci w powie\u015bci Ma\u0142gorzaty Karoliny Piekarskiej \u201cKlasa Pani Czajki\u201d. Dwa lata temu dosta\u0142am od kole\u017canki niezwyk\u0142y prezent na urodziny. W kolorow\u0105 foli\u0119 owini\u0119ta by\u0142a powie\u015b\u0107 Ma\u0142gorzaty Karoliny Piekarskiej- \u201cKlasa Pani Czajki\u201d. Pomimo \u017ce bardzo lubi\u0119 czyta\u0107, &hellip; <a href=\"http:\/\/piekarska.com.pl\/?page_id=759\">Continue reading <span class=\"meta-nav\">&rarr;<\/span><\/a><\/p>\n","protected":false},"author":1,"featured_media":0,"parent":1932,"menu_order":0,"comment_status":"closed","ping_status":"closed","template":"","meta":{"_acf_changed":false,"footnotes":""},"class_list":["post-759","page","type-page","status-publish","hentry"],"acf":[],"_links":{"self":[{"href":"http:\/\/piekarska.com.pl\/index.php?rest_route=\/wp\/v2\/pages\/759","targetHints":{"allow":["GET"]}}],"collection":[{"href":"http:\/\/piekarska.com.pl\/index.php?rest_route=\/wp\/v2\/pages"}],"about":[{"href":"http:\/\/piekarska.com.pl\/index.php?rest_route=\/wp\/v2\/types\/page"}],"author":[{"embeddable":true,"href":"http:\/\/piekarska.com.pl\/index.php?rest_route=\/wp\/v2\/users\/1"}],"replies":[{"embeddable":true,"href":"http:\/\/piekarska.com.pl\/index.php?rest_route=%2Fwp%2Fv2%2Fcomments&post=759"}],"version-history":[{"count":2,"href":"http:\/\/piekarska.com.pl\/index.php?rest_route=\/wp\/v2\/pages\/759\/revisions"}],"predecessor-version":[{"id":842,"href":"http:\/\/piekarska.com.pl\/index.php?rest_route=\/wp\/v2\/pages\/759\/revisions\/842"}],"up":[{"embeddable":true,"href":"http:\/\/piekarska.com.pl\/index.php?rest_route=\/wp\/v2\/pages\/1932"}],"wp:attachment":[{"href":"http:\/\/piekarska.com.pl\/index.php?rest_route=%2Fwp%2Fv2%2Fmedia&parent=759"}],"curies":[{"name":"wp","href":"https:\/\/api.w.org\/{rel}","templated":true}]}}