{"id":7673,"date":"2017-08-08T21:01:22","date_gmt":"2017-08-08T19:01:22","guid":{"rendered":"http:\/\/piekarska.com.pl\/?page_id=7673"},"modified":"2017-08-08T21:01:22","modified_gmt":"2017-08-08T19:01:22","slug":"recenzja-pauliny-jaszczurowskiej","status":"publish","type":"page","link":"http:\/\/piekarska.com.pl\/?page_id=7673","title":{"rendered":"Recenzja Pauliny Jaszczurowskiej"},"content":{"rendered":"<p><em><a href=\"http:\/\/piekarska.com.pl\/wp-content\/uploads\/2015\/04\/dzika-1.jpg\"><img loading=\"lazy\" decoding=\"async\" class=\"alignleft wp-image-7381 size-medium\" src=\"http:\/\/piekarska.com.pl\/wp-content\/uploads\/2015\/04\/dzika-1-198x300.jpg\" alt=\"\" width=\"198\" height=\"300\" srcset=\"http:\/\/piekarska.com.pl\/wp-content\/uploads\/2015\/04\/dzika-1-198x300.jpg 198w, http:\/\/piekarska.com.pl\/wp-content\/uploads\/2015\/04\/dzika-1-768x1165.jpg 768w, http:\/\/piekarska.com.pl\/wp-content\/uploads\/2015\/04\/dzika-1-675x1024.jpg 675w, http:\/\/piekarska.com.pl\/wp-content\/uploads\/2015\/04\/dzika-1.jpg 883w\" sizes=\"auto, (max-width: 198px) 100vw, 198px\" \/><\/a><\/em><a href=\"http:\/\/piekarska.com.pl\/wp-content\/uploads\/2015\/04\/dzika-1.jpg\"><\/a>Ksi\u0105\u017cka pt. Dzika to idealna propozycja dla m\u0142odzie\u017cy. Przygoda po\u0142\u0105czona z sensacj\u0105 to kombinacja, kt\u00f3ra porwie nawet najbardziej wymagaj\u0105cego odbiorc\u0119. A trzeba zauwa\u017cy\u0107, \u017ce w dzisiejszej dobie Internetu i wysoko rozwini\u0119tej technologii, nie jest \u0142atwo zaciekawi\u0107 m\u0142odocianego Czytelnika. Ma\u0142gorzata Piekarska ju\u017c raz udowodni\u0142a, \u017ce potrafi poruszy\u0107 i zaintrygowa\u0107. To w\u0142a\u015bnie jej zawdzi\u0119czamy hit pt. Klasa Pani Czajki, kt\u00f3ry szturmem podbi\u0142 serca Polak\u00f3w. Czy i tym razem b\u0119dzie podobnie?<br \/>\nDzika, czyli jak przemyci\u0107 wa\u017cne tematy pod przygodowo-sensacyjnym p\u0142aszczem<br \/>\nG\u0142\u00f3wnym bohaterem ksi\u0105\u017cki jest nastoletni Rafa\u0142. Do klasy ch\u0142opaka trafia Alicja, kt\u00f3ra od razu wzbudza jego zainteresowanie. Jednak jego ciekawo\u015b\u0107 to zupe\u0142nie inna reakcja od tego, z czym do tej pory mierzy\u0142a si\u0119 dziewczyna. Cho\u0107 mieszka w Warszawie i potrafi doskonale porozumiewa\u0107 si\u0119 w j\u0119zyku polskim, wsz\u0119dzie, gdzie si\u0119 pojawia, budzi kontrowersje. A wszystko przez to, \u017ce kolor jej sk\u00f3ry znacz\u0105co r\u00f3\u017cni si\u0119 od tego, jaki posiadaj\u0105 jej r\u00f3wie\u015bnicy. Cho\u0107 nikt nigdy otwarcie nie przyzna\u0142 si\u0119, \u017ce jest rasist\u0105, Alicja dzie\u0144 w dzie\u0144 zmaga si\u0119 z upokorzeniem i wyzwiskami.<br \/>\nRafa\u0142 pr\u00f3buje pozna\u0107 j\u0105 bli\u017cej, jednak dziewczyna jest bardzo nieufna. I w\u0142a\u015bciwie nie ma, co si\u0119 jej dziwi\u0107. Pierwsze dni tu\u017c po przeprowadzce do stolicy Polski nie by\u0142y dla niej najprzyjemniejsze. Mimo pocz\u0105tkowych trudno\u015bci i niewybrednych uwag dwoje nastolatk\u00f3w powoli si\u0119 do siebie zbli\u017ca. Wkr\u00f3tce Rafa\u0142 dochodzi do wniosku, \u017ce Alicja to ca\u0142kiem \u0142adna dziewczyna. Nawi\u0105zuj\u0105 wsp\u00f3ln\u0105 ni\u0107 porozumienia, mimo i\u017c ojciec ch\u0142opaka nie ukrywa wrogiego nastawienia wobec tytu\u0142owej \u201eDzikiej\u201d.<br \/>\nOkazuje si\u0119, \u017ce ju\u017c nied\u0142ugo \u017cycie tej dw\u00f3jki zmieni si\u0119 diametralnie. A wszystko przez mi\u0119dzynarodow\u0105 szajk\u0119, kt\u00f3rej nie\u015bwiadomie nadepn\u0119li na odcisk.<br \/>\nKsi\u0105\u017cka pt. Dzika to jedna z tych powie\u015bci, kt\u00f3r\u0105 warto podsun\u0105\u0107 m\u0142odemu Czytelnikowi. Porusza nie tylko tak wa\u017cne kwestie, jak rasizm i tolerancja, ale opowiada r\u00f3wnie\u017c o sile przyja\u017ani i mi\u0142o\u015bci. Pod p\u0142aszczem sensacyjnej powie\u015bci, po brzegi wype\u0142nionej przygodami, m\u0142ody odbiorca ma szans\u0119 poszerzy\u0107 sw\u00f3j \u015bwiatopogl\u0105d. Dlatego te\u017c gor\u0105co polecamy t\u0119 powie\u015b\u0107!<\/p>\n<p style=\"text-align: right;\">8 sierpnia 2017<\/p>\n<p>Autor: Paulina Jaszczurowska<\/p>\n<p>\u0179r\u00f3d\u0142o:\u00a0<a href=\"http:\/\/www.coprzeczytac.pl\/dzika-malgorzata-karolina-piekarska\/\" target=\"_blank\" rel=\"noopener\">http:\/\/www.coprzeczytac.pl\/dzika-malgorzata-karolina-piekarska\/<\/a><\/p>\n","protected":false},"excerpt":{"rendered":"<p>Ksi\u0105\u017cka pt. Dzika to idealna propozycja dla m\u0142odzie\u017cy. Przygoda po\u0142\u0105czona z sensacj\u0105 to kombinacja, kt\u00f3ra porwie nawet najbardziej wymagaj\u0105cego odbiorc\u0119. A trzeba zauwa\u017cy\u0107, \u017ce w dzisiejszej dobie Internetu i wysoko rozwini\u0119tej technologii, nie jest \u0142atwo zaciekawi\u0107 m\u0142odocianego Czytelnika. Ma\u0142gorzata Piekarska &hellip; <a href=\"http:\/\/piekarska.com.pl\/?page_id=7673\">Continue reading <span class=\"meta-nav\">&rarr;<\/span><\/a><\/p>\n","protected":false},"author":1,"featured_media":0,"parent":155,"menu_order":0,"comment_status":"closed","ping_status":"closed","template":"","meta":{"_acf_changed":false,"footnotes":""},"class_list":["post-7673","page","type-page","status-publish","hentry"],"acf":[],"_links":{"self":[{"href":"http:\/\/piekarska.com.pl\/index.php?rest_route=\/wp\/v2\/pages\/7673","targetHints":{"allow":["GET"]}}],"collection":[{"href":"http:\/\/piekarska.com.pl\/index.php?rest_route=\/wp\/v2\/pages"}],"about":[{"href":"http:\/\/piekarska.com.pl\/index.php?rest_route=\/wp\/v2\/types\/page"}],"author":[{"embeddable":true,"href":"http:\/\/piekarska.com.pl\/index.php?rest_route=\/wp\/v2\/users\/1"}],"replies":[{"embeddable":true,"href":"http:\/\/piekarska.com.pl\/index.php?rest_route=%2Fwp%2Fv2%2Fcomments&post=7673"}],"version-history":[{"count":1,"href":"http:\/\/piekarska.com.pl\/index.php?rest_route=\/wp\/v2\/pages\/7673\/revisions"}],"predecessor-version":[{"id":7674,"href":"http:\/\/piekarska.com.pl\/index.php?rest_route=\/wp\/v2\/pages\/7673\/revisions\/7674"}],"up":[{"embeddable":true,"href":"http:\/\/piekarska.com.pl\/index.php?rest_route=\/wp\/v2\/pages\/155"}],"wp:attachment":[{"href":"http:\/\/piekarska.com.pl\/index.php?rest_route=%2Fwp%2Fv2%2Fmedia&parent=7673"}],"curies":[{"name":"wp","href":"https:\/\/api.w.org\/{rel}","templated":true}]}}