{"id":7680,"date":"2017-08-16T13:34:18","date_gmt":"2017-08-16T11:34:18","guid":{"rendered":"http:\/\/piekarska.com.pl\/?page_id=7680"},"modified":"2017-08-16T13:34:19","modified_gmt":"2017-08-16T11:34:19","slug":"recenzja-anny-sikorskiej","status":"publish","type":"page","link":"http:\/\/piekarska.com.pl\/?page_id=7680","title":{"rendered":"Recenzja Anny Sikorskiej"},"content":{"rendered":"<p><em><a href=\"http:\/\/piekarska.com.pl\/wp-content\/uploads\/2015\/04\/dzika-1.jpg\"><img loading=\"lazy\" decoding=\"async\" class=\"alignleft wp-image-7381 size-medium\" src=\"http:\/\/piekarska.com.pl\/wp-content\/uploads\/2015\/04\/dzika-1-198x300.jpg\" alt=\"\" width=\"198\" height=\"300\" srcset=\"http:\/\/piekarska.com.pl\/wp-content\/uploads\/2015\/04\/dzika-1-198x300.jpg 198w, http:\/\/piekarska.com.pl\/wp-content\/uploads\/2015\/04\/dzika-1-768x1165.jpg 768w, http:\/\/piekarska.com.pl\/wp-content\/uploads\/2015\/04\/dzika-1-675x1024.jpg 675w, http:\/\/piekarska.com.pl\/wp-content\/uploads\/2015\/04\/dzika-1.jpg 883w\" sizes=\"auto, (max-width: 198px) 100vw, 198px\" \/><\/a><\/em><a href=\"http:\/\/piekarska.com.pl\/wp-content\/uploads\/2015\/04\/dzika-1.jpg\"><\/a>Ksi\u0105\u017cki Ma\u0142gorzaty Karoliny Piekarskiej znane s\u0105 z poruszania bliskich dzieciom i m\u0142odzie\u017cy problem\u00f3w. Pisarka z wielk\u0105 wra\u017cliwo\u015bci\u0105 pokazuje bohater\u00f3w, kt\u00f3rzy musz\u0105 zmaga\u0107 si\u0119 chorob\u0105, \u015bmierci\u0105, rasizmem. Do tego s\u0105 to postaci, kt\u00f3re mimo wielu wiekowych ogranicze\u0144 potrafi\u0105 dokona\u0107 wielkich rzeczy. Tak jest i w przypadku Rafa\u0142a Subocza z \u201eDzikiej\u201d b\u0119d\u0105cej kontynuacj\u0105 \u201eTropicieli\u201d. Jakub Stec z poprzedniej ksi\u0105\u017cki schodzi na dalszy plan, a na pierwszy wysuwa si\u0119 jego kolega. Taki chwyt zastosowano r\u00f3wnie\u017c w \u201eKlasie pani Czajki\u201d i \u201eLO-teri\u201d: poruszanie kolejnych wa\u017cnych problem\u00f3w i po\u0142\u0105czone z pokazaniem dalszych los\u00f3w bohater\u00f3w.<\/p>\n<p>Mieszkaj\u0105cy na warszawskiej Saskiej K\u0119pie bohaterzy pozwalaj\u0105 pozna\u0107 nam wycinek stolicy, zabieraj\u0105 w \u015bwiat swoich dylemat\u00f3w, odkry\u0107 i bohaterskich czyn\u00f3w. Opowie\u015b\u0107 zaczyna si\u0119 od zakup\u00f3w Rafa\u0142a w osiedlowym sklepie. Wybieraj\u0105cy si\u0119 na ob\u00f3z harcerski bohater zauwa\u017ca tam czarnosk\u00f3r\u0105 dziewczynk\u0119 (Alicj\u0119) n\u0119kan\u0105 przez jego r\u00f3wie\u015bnik\u00f3w wo\u0142aj\u0105cych za ni\u0105 \u201edzika\u201d i wy\u015bmiewaj\u0105cy si\u0119 z koloru sk\u00f3ry. M\u0142odemu harcerzowi jest g\u0142upio i przykro z powodu zachowania jego koleg\u00f3w. Niezwykle \u0142adna dziewczyna sprawia, \u017ce ch\u0142opak my\u015bli o niej i pr\u00f3buje dowiedzie\u0107 si\u0119 czego\u015b wi\u0119cej. Okazuje si\u0119, \u017ce Alicja jest wnuczk\u0105 jego s\u0105siadki i bardzo dobrze m\u00f3wi po polsku, przez co pierwsze wra\u017cenie obco\u015bci mija. Mimo tego dziewczyna nigdy nie potrafi przeciwstawi\u0107 si\u0119 swoim prze\u015bladowcom. Jest delikatna i nie\u015bmia\u0142a, a przez to nie zdolna nie tylko do skrzywdzenia kogokolwiek, ale te\u017c do obrony samej siebie. Jej \u201edziko\u015b\u0107\u201d to nieumiej\u0119tno\u015b\u0107 postawienia si\u0119 bandzie \u0142obuz\u00f3w.<\/p>\n<p>Pr\u00f3by dowiedzenia si\u0119 czegokolwiek i zbli\u017cenia do dziewczyny s\u0105 bardzo trudne. Jej dotychczasowe z\u0142e do\u015bwiadczenia sprawiaj\u0105, \u017ce unika ludzi, a od bliskich nie mo\u017ce dowiedzie\u0107 si\u0119 niczego konkretnego o niej. Po powrocie do domu z obozu harcerskiego ponownie spotyka Alicj\u0119 na basenie i pomaga unikn\u0105\u0107 prze\u015bladowania ze strony Adasia (kolegi), a kiedy zaczyna si\u0119 rok szkolny okazuje si\u0119, \u017ce nie tylko b\u0119dzie chodzi\u0142a do jego szko\u0142y, ale jeszcze b\u0119dzie siedzia\u0142a z nim w jednej \u0142awce, co nie napawa\u0142a rado\u015bci\u0105 jego ojca, ale samego Rafa\u0142a bardzo cieszy. W ko\u0144cu b\u0119dzie m\u00f3g\u0142 zyska\u0107 jej zaufanie, pom\u00f3c jej, dowiedzie\u0107 si\u0119 czego\u015b wi\u0119cej o niej, zaprzyja\u017ani\u0107. I tak si\u0119 te\u017c dzieje. \u0141awkowa znajomo\u015b\u0107 przeradza si\u0119 w przyja\u017a\u0144. Ch\u0142opak zara\u017ca j\u0105 swoj\u0105 pasj\u0105, zach\u0119ca do uczestnictwa w zbi\u00f3rkach harcerskich, uczy \u015bmia\u0142o\u015bci, pokonywania trudno\u015bci, zaufania, budowania relacji z innymi lud\u017ami. Alicja stopniowo staje si\u0119 coraz odwa\u017cniejsza, a los poddaje j\u0105 wielkiej pr\u00f3bie: trafia na ulicy na \u017c\u00f3\u0142wia, kt\u00f3ry okazuje si\u0119 kluczem do trafienia na mi\u0119dzynarodow\u0105 szajk\u0119 i wpl\u0105tania w bardzo niebezpieczn\u0105 afer\u0119. Bohaterka zostaje porwana, a bliscy Rafa\u0142a zostaj\u0105 poddani pr\u00f3bie pomagaj\u0105cej im pozby\u0107 si\u0119 uprzedze\u0144.<\/p>\n<p>W powie\u015bci Ma\u0142gorzaty Karoliny Piekarskiej nie zabraknie po\u015bcig\u00f3w, porwa\u0144, rozwi\u0105zywania zagadek. \u201eDzika\u201d to interesuj\u0105cy krymina\u0142 poruszaj\u0105cy aktualne problemy wrogo\u015bci, obco\u015bci, wykluczenia. Mimo up\u0142ywu dziesi\u0119ciu lat od pierwszego wydania ksi\u0105\u017cka okazuje si\u0119 coraz wa\u017cniejsza i pomaga pokaza\u0107 m\u0142odzie\u017cy wa\u017cne problemy. Delikatne dotkni\u0119cie tematu przez pokazanie, \u017ce inny kolor sk\u00f3ry mo\u017ce by\u0107 podstaw\u0105 do prze\u015bladowania, u\u015bwiadomienie czytelnikom, \u017ce dyskryminowanie jakiejkolwiek odmienno\u015bci jest z\u0142e pomaga otworzy\u0107 m\u0142odzie\u017c na wa\u017cne problemy etyczne. Dzi\u0119ki ksi\u0105\u017cce Ma\u0142gorzaty Karoliny Piekarskiej m\u0142odzi ludzie mog\u0105 sobie wyrobi\u0107 zdanie na wiele problem\u00f3w. Pisarka z wielk\u0105 wpraw\u0105 i wra\u017cliwo\u015bci\u0105 pokazuje spustoszenie, jakie wywo\u0142uje rasizm i inne formy nietolerancji.<\/p>\n<p>\u201eDzika\u201d poza detektywistyczn\u0105 powie\u015bci\u0105 poruszaj\u0105c\u0105 problem rasizmu, handlu zwierz\u0119tami, przedmiotowego traktowania istot \u017cywych jest te\u017c histori\u0105 o przyja\u017ani i mi\u0142o\u015bci oraz odpowiedzialno\u015bci. Pisarka w umiej\u0119tny spos\u00f3b buduje \u015bwiat problem\u00f3w m\u0142odych ludzi, pokazuje mi\u0119dzypokoleniowe i mi\u0119dzykulturowe konflikty, codzienne wyzwania, naszego \u015bwiata, dzi\u0119ki czemu proponuje m\u0142odemu czytelnikowi dobr\u0105 zabaw\u0119 oraz m\u0105dre tre\u015bci zmuszaj\u0105ce do innego spojrzenia na \u015bwiat.<\/p>\n<p>Ca\u0142o\u015b\u0107 wzbogacono interesuj\u0105cymi, prostymi ilustracjami autorstwa Agnieszki \u015awi\u0119tek, dzi\u0119ki czemu ksi\u0105\u017cka zyska\u0142a na lekko\u015bci. Proste i jednocze\u015bnie estetyczne rysunki pozwalaj\u0105 na lepsze przyci\u0105gni\u0119cie uwagi m\u0142odych czytelnik\u00f3w. Odpowiednie rozmieszczenie tekstu oraz nied\u0142ugie rozdzia\u0142y i zdania w stronie czynnej sprawiaj\u0105, \u017ce lektur\u0119 czyta si\u0119 bardzo szybko i przyjemnie.<\/p>\n<p style=\"text-align: right;\">15 sierpnia 2017<\/p>\n<p>Autor: Anna Sikorska<\/p>\n<p>\u0179r\u00f3d\u0142o:\u00a0<a href=\"http:\/\/annasikorska.blogspot.com\/2017\/08\/magorzata-karolina-piekarska-dzika-il.html\" target=\"_blank\" rel=\"noopener\">http:\/\/annasikorska.blogspot.com\/2017\/08\/magorzata-karolina-piekarska-dzika-il.html<\/a><\/p>\n","protected":false},"excerpt":{"rendered":"<p>Ksi\u0105\u017cki Ma\u0142gorzaty Karoliny Piekarskiej znane s\u0105 z poruszania bliskich dzieciom i m\u0142odzie\u017cy problem\u00f3w. Pisarka z wielk\u0105 wra\u017cliwo\u015bci\u0105 pokazuje bohater\u00f3w, kt\u00f3rzy musz\u0105 zmaga\u0107 si\u0119 chorob\u0105, \u015bmierci\u0105, rasizmem. Do tego s\u0105 to postaci, kt\u00f3re mimo wielu wiekowych ogranicze\u0144 potrafi\u0105 dokona\u0107 wielkich rzeczy. &hellip; <a href=\"http:\/\/piekarska.com.pl\/?page_id=7680\">Continue reading <span class=\"meta-nav\">&rarr;<\/span><\/a><\/p>\n","protected":false},"author":1,"featured_media":0,"parent":155,"menu_order":0,"comment_status":"closed","ping_status":"closed","template":"","meta":{"_acf_changed":false,"footnotes":""},"class_list":["post-7680","page","type-page","status-publish","hentry"],"acf":[],"_links":{"self":[{"href":"http:\/\/piekarska.com.pl\/index.php?rest_route=\/wp\/v2\/pages\/7680","targetHints":{"allow":["GET"]}}],"collection":[{"href":"http:\/\/piekarska.com.pl\/index.php?rest_route=\/wp\/v2\/pages"}],"about":[{"href":"http:\/\/piekarska.com.pl\/index.php?rest_route=\/wp\/v2\/types\/page"}],"author":[{"embeddable":true,"href":"http:\/\/piekarska.com.pl\/index.php?rest_route=\/wp\/v2\/users\/1"}],"replies":[{"embeddable":true,"href":"http:\/\/piekarska.com.pl\/index.php?rest_route=%2Fwp%2Fv2%2Fcomments&post=7680"}],"version-history":[{"count":1,"href":"http:\/\/piekarska.com.pl\/index.php?rest_route=\/wp\/v2\/pages\/7680\/revisions"}],"predecessor-version":[{"id":7681,"href":"http:\/\/piekarska.com.pl\/index.php?rest_route=\/wp\/v2\/pages\/7680\/revisions\/7681"}],"up":[{"embeddable":true,"href":"http:\/\/piekarska.com.pl\/index.php?rest_route=\/wp\/v2\/pages\/155"}],"wp:attachment":[{"href":"http:\/\/piekarska.com.pl\/index.php?rest_route=%2Fwp%2Fv2%2Fmedia&parent=7680"}],"curies":[{"name":"wp","href":"https:\/\/api.w.org\/{rel}","templated":true}]}}