{"id":777,"date":"2015-04-23T10:59:31","date_gmt":"2015-04-23T10:59:31","guid":{"rendered":"http:\/\/piekarska.com.pl\/?page_id=777"},"modified":"2015-04-26T13:35:15","modified_gmt":"2015-04-26T13:35:15","slug":"recenzja-z-bloga-librars","status":"publish","type":"page","link":"http:\/\/piekarska.com.pl\/?page_id=777","title":{"rendered":"Recenzja z bloga Librars"},"content":{"rendered":"<p><a href=\"http:\/\/piekarska.com.pl\/wp-content\/uploads\/2015\/04\/okladkatropi.jpg\"><img loading=\"lazy\" decoding=\"async\" class=\"alignleft size-medium wp-image-175\" src=\"http:\/\/piekarska.com.pl\/wp-content\/uploads\/2015\/04\/okladkatropi-224x300.jpg\" alt=\"okladkatropi\" width=\"224\" height=\"300\" srcset=\"http:\/\/piekarska.com.pl\/wp-content\/uploads\/2015\/04\/okladkatropi-224x300.jpg 224w, http:\/\/piekarska.com.pl\/wp-content\/uploads\/2015\/04\/okladkatropi-112x150.jpg 112w, http:\/\/piekarska.com.pl\/wp-content\/uploads\/2015\/04\/okladkatropi.jpg 613w\" sizes=\"auto, (max-width: 224px) 100vw, 224px\" \/><\/a>Po tre\u015bci ksi\u0105\u017cek jakiego\u015b pisarza, mo\u017cna si\u0119 zorientowa\u0107 do kogo ma szacunek, jakie miejsce lubi. W\u0142a\u015bnie przeczyta\u0142am trzeci\u0105 ksi\u0105\u017ck\u0119 pani Piekarskiej pt. &#8222;Tropiciele&#8221;, opowiada o Kubie, kt\u00f3ry przeprowadza si\u0119 na Sask\u0105 K\u0119p\u0119. Postanawia wst\u0105pi\u0107 do harcerstwa razem z dwoma kolegami z klasy pani Czajki. Maj\u0105 wymy\u015bli\u0107 temat na swoje zadanie coroczne, obowi\u0105zkowe zadanie zast\u0119pu, kt\u00f3re musz\u0105 zrobi\u0107. Kuba wpada na \u015bwietny pomys\u0142, postanawiaj\u0105\u00a0 opisa\u0107 malarzy z Saskiej K\u0119py, a\u00a0 by\u0142o ich du\u017co. Niespodziewanie wpadaj\u0105 na trop z\u0142odzieja poczt\u00f3wek, co z tego wszystkiego wyniknie?<\/p>\n<p>Jakie s\u0105 plusy tej ksi\u0105\u017cki? Na pewno ciekawa fabu\u0142a i interesuj\u0105cy bohaterowie. Jednak to wszystko co si\u0119 dzia\u0142o w powie\u015bci, by\u0142o za \u0142atwe. Rozumiem, \u017ce nie ka\u017cdy musi mie\u0107 przeszkody na swojej drodze, ale w ksi\u0105\u017cce wypada\u0142oby, od czasu do czasu pokrzy\u017cowa\u0107 plany g\u0142\u00f3wnej postaci.<\/p>\n<p>S\u0105dz\u0119, \u017ce ju\u017c nigdy nie przejd\u0119 oboj\u0119tnie ko\u0142o ksi\u0105\u017cek pani Piekarskiej. Porywa mnie ona swoj\u0105 prostot\u0105 i niesamowicie lekkim pi\u00f3rem. Nawet kiedy ksi\u0105\u017cka jest skierowana do os\u00f3b m\u0142odszych, to interesuje tak, \u017ce nie chce si\u0119 od niej oderwa\u0107. Tak by\u0142o i tym razem. Autorka \u015bwietnie wprowadzi\u0142a nas w \u015bwiat przedstawiony i jeszcze dok\u0142adniej opisa\u0142a Sask\u0105 K\u0119p\u0119 (musz\u0119 tutaj wspomnie\u0107, \u017ce szko\u0142a z serii &#8222;Klasa Pani Czajki&#8221; r\u00f3wnie\u017c znajdowa\u0142a si\u0119 na Saskiej K\u0119pie). Wida\u0107 ma bardzo du\u017cy sentyment do tego miejsca. Jednak zaczynam si\u0119 zastanawia\u0107\u00a0 czy nie przechodzi ju\u017c to troch\u0119 w kicz. Moim zdaniem autor nie powinien wykorzystywa\u0107 jednego i tego samego miejsca do dw\u00f3ch r\u00f3\u017cnych historii. Wed\u0142ug mnie mo\u017ce to \u015bwiadczy\u0107 o tym, \u017ce po prostu zaczyna brakowa\u0107 mu pomys\u0142\u00f3w.<\/p>\n<p>\u017ar\u00f3d\u0142o: <a href=\"http:\/\/librars.blogspot.com\/2011\/09\/33-magorzata-karolina-piekarska.html\">http:\/\/librars.blogspot.com\/2011\/09\/33-magorzata-karolina-piekarska.html<\/a><\/p>\n","protected":false},"excerpt":{"rendered":"<p>Po tre\u015bci ksi\u0105\u017cek jakiego\u015b pisarza, mo\u017cna si\u0119 zorientowa\u0107 do kogo ma szacunek, jakie miejsce lubi. W\u0142a\u015bnie przeczyta\u0142am trzeci\u0105 ksi\u0105\u017ck\u0119 pani Piekarskiej pt. &#8222;Tropiciele&#8221;, opowiada o Kubie, kt\u00f3ry przeprowadza si\u0119 na Sask\u0105 K\u0119p\u0119. Postanawia wst\u0105pi\u0107 do harcerstwa razem z dwoma kolegami &hellip; <a href=\"http:\/\/piekarska.com.pl\/?page_id=777\">Continue reading <span class=\"meta-nav\">&rarr;<\/span><\/a><\/p>\n","protected":false},"author":1,"featured_media":0,"parent":1937,"menu_order":0,"comment_status":"closed","ping_status":"open","template":"","meta":{"_acf_changed":false,"footnotes":""},"class_list":["post-777","page","type-page","status-publish","hentry"],"acf":[],"_links":{"self":[{"href":"http:\/\/piekarska.com.pl\/index.php?rest_route=\/wp\/v2\/pages\/777","targetHints":{"allow":["GET"]}}],"collection":[{"href":"http:\/\/piekarska.com.pl\/index.php?rest_route=\/wp\/v2\/pages"}],"about":[{"href":"http:\/\/piekarska.com.pl\/index.php?rest_route=\/wp\/v2\/types\/page"}],"author":[{"embeddable":true,"href":"http:\/\/piekarska.com.pl\/index.php?rest_route=\/wp\/v2\/users\/1"}],"replies":[{"embeddable":true,"href":"http:\/\/piekarska.com.pl\/index.php?rest_route=%2Fwp%2Fv2%2Fcomments&post=777"}],"version-history":[{"count":2,"href":"http:\/\/piekarska.com.pl\/index.php?rest_route=\/wp\/v2\/pages\/777\/revisions"}],"predecessor-version":[{"id":1941,"href":"http:\/\/piekarska.com.pl\/index.php?rest_route=\/wp\/v2\/pages\/777\/revisions\/1941"}],"up":[{"embeddable":true,"href":"http:\/\/piekarska.com.pl\/index.php?rest_route=\/wp\/v2\/pages\/1937"}],"wp:attachment":[{"href":"http:\/\/piekarska.com.pl\/index.php?rest_route=%2Fwp%2Fv2%2Fmedia&parent=777"}],"curies":[{"name":"wp","href":"https:\/\/api.w.org\/{rel}","templated":true}]}}