{"id":781,"date":"2015-04-23T11:01:32","date_gmt":"2015-04-23T11:01:32","guid":{"rendered":"http:\/\/piekarska.com.pl\/?page_id=781"},"modified":"2015-04-26T13:38:47","modified_gmt":"2015-04-26T13:38:47","slug":"recenzja-z-gazety-wspolczesnej","status":"publish","type":"page","link":"http:\/\/piekarska.com.pl\/?page_id=781","title":{"rendered":"Recenzja z Gazety Wsp\u00f3\u0142czesnej"},"content":{"rendered":"<p><a href=\"http:\/\/piekarska.com.pl\/wp-content\/uploads\/2015\/04\/okladkatropi.jpg\"><img loading=\"lazy\" decoding=\"async\" class=\"alignleft size-medium wp-image-175\" src=\"http:\/\/piekarska.com.pl\/wp-content\/uploads\/2015\/04\/okladkatropi-224x300.jpg\" alt=\"okladkatropi\" width=\"224\" height=\"300\" srcset=\"http:\/\/piekarska.com.pl\/wp-content\/uploads\/2015\/04\/okladkatropi-224x300.jpg 224w, http:\/\/piekarska.com.pl\/wp-content\/uploads\/2015\/04\/okladkatropi-112x150.jpg 112w, http:\/\/piekarska.com.pl\/wp-content\/uploads\/2015\/04\/okladkatropi.jpg 613w\" sizes=\"auto, (max-width: 224px) 100vw, 224px\" \/><\/a>Akcja tej przygodowo-detektywistycznej powie\u015bci dla m\u0142odzie\u017cy rozgrywa si\u0119 na warszawskiej Saskiej Kepie. Autorka b\u0142yskotliwie i z humorem wprowadza czytelnika w \u015bwiat zagadki z interesuj\u0105cym t\u0142em historycznym. Bohaterowie ksi\u0105zki, zastep harcerski &#8222;Tropiciele&#8221;, wpl\u0105tani zostaj\u0105 w histori\u0119, kt\u00f3rej pocz\u0105tki si\u0119gaj\u0105 czas\u00f3w przedwojennych i dotycz\u0105 klejnot\u00f3w prababci g\u0142\u00f3wnego bohatera, zagubionych w zawierusze wojennej. Wskaz\u00f3wki dla poszukiwaczy skarbu znajduj\u0105 si\u0119 na poczt\u00f3kach. Jest to wci\u0105gaj\u0105ca opowie\u015b\u0107, kt\u00f3ra nie tylko bawi, ale kszta\u0142ci i uwra\u017cliwia na warto\u015b\u0107 historii. Pobudza tez do pracy nad charakterem, w dobrym, harcerskim, przedwojennym stylu.<br \/>\nMa\u0142gorzata Karolina Piekarska pisa\u0107 chcia\u0142a od&#8230; zawsze. Nie my\u015bla\u0142a jednak o ksi\u0105\u017ckach dla dzieci i m\u0142odzie\u017cy. To przysz\u0142o p\u00f3\u017aniej, kiedy sama zosta\u0142a mam\u0105. I bardzo dobrze, bo robi to \u015bwietnie. Sprawd\u017acie. Polecam.<\/p>\n<p><em>Marek<br \/>\nGazeta Wsp\u00f3\u0142czesna, 2 czerwca 2006<\/em><\/p>\n<p>&nbsp;<\/p>\n","protected":false},"excerpt":{"rendered":"<p>Akcja tej przygodowo-detektywistycznej powie\u015bci dla m\u0142odzie\u017cy rozgrywa si\u0119 na warszawskiej Saskiej Kepie. Autorka b\u0142yskotliwie i z humorem wprowadza czytelnika w \u015bwiat zagadki z interesuj\u0105cym t\u0142em historycznym. Bohaterowie ksi\u0105zki, zastep harcerski &#8222;Tropiciele&#8221;, wpl\u0105tani zostaj\u0105 w histori\u0119, kt\u00f3rej pocz\u0105tki si\u0119gaj\u0105 czas\u00f3w przedwojennych &hellip; <a href=\"http:\/\/piekarska.com.pl\/?page_id=781\">Continue reading <span class=\"meta-nav\">&rarr;<\/span><\/a><\/p>\n","protected":false},"author":1,"featured_media":0,"parent":1937,"menu_order":0,"comment_status":"closed","ping_status":"open","template":"","meta":{"_acf_changed":false,"footnotes":""},"class_list":["post-781","page","type-page","status-publish","hentry"],"acf":[],"_links":{"self":[{"href":"http:\/\/piekarska.com.pl\/index.php?rest_route=\/wp\/v2\/pages\/781","targetHints":{"allow":["GET"]}}],"collection":[{"href":"http:\/\/piekarska.com.pl\/index.php?rest_route=\/wp\/v2\/pages"}],"about":[{"href":"http:\/\/piekarska.com.pl\/index.php?rest_route=\/wp\/v2\/types\/page"}],"author":[{"embeddable":true,"href":"http:\/\/piekarska.com.pl\/index.php?rest_route=\/wp\/v2\/users\/1"}],"replies":[{"embeddable":true,"href":"http:\/\/piekarska.com.pl\/index.php?rest_route=%2Fwp%2Fv2%2Fcomments&post=781"}],"version-history":[{"count":2,"href":"http:\/\/piekarska.com.pl\/index.php?rest_route=\/wp\/v2\/pages\/781\/revisions"}],"predecessor-version":[{"id":1943,"href":"http:\/\/piekarska.com.pl\/index.php?rest_route=\/wp\/v2\/pages\/781\/revisions\/1943"}],"up":[{"embeddable":true,"href":"http:\/\/piekarska.com.pl\/index.php?rest_route=\/wp\/v2\/pages\/1937"}],"wp:attachment":[{"href":"http:\/\/piekarska.com.pl\/index.php?rest_route=%2Fwp%2Fv2%2Fmedia&parent=781"}],"curies":[{"name":"wp","href":"https:\/\/api.w.org\/{rel}","templated":true}]}}