{"id":794,"date":"2015-04-23T11:08:44","date_gmt":"2015-04-23T11:08:44","guid":{"rendered":"http:\/\/piekarska.com.pl\/?page_id=794"},"modified":"2015-04-26T13:42:59","modified_gmt":"2015-04-26T13:42:59","slug":"recenzja-z-przegladu","status":"publish","type":"page","link":"http:\/\/piekarska.com.pl\/?page_id=794","title":{"rendered":"Recenzja z Przegl\u0105du"},"content":{"rendered":"<p><a href=\"http:\/\/piekarska.com.pl\/wp-content\/uploads\/2015\/04\/okladkatropi.jpg\"><img loading=\"lazy\" decoding=\"async\" class=\"alignleft size-medium wp-image-175\" src=\"http:\/\/piekarska.com.pl\/wp-content\/uploads\/2015\/04\/okladkatropi-224x300.jpg\" alt=\"okladkatropi\" width=\"224\" height=\"300\" srcset=\"http:\/\/piekarska.com.pl\/wp-content\/uploads\/2015\/04\/okladkatropi-224x300.jpg 224w, http:\/\/piekarska.com.pl\/wp-content\/uploads\/2015\/04\/okladkatropi-112x150.jpg 112w, http:\/\/piekarska.com.pl\/wp-content\/uploads\/2015\/04\/okladkatropi.jpg 613w\" sizes=\"auto, (max-width: 224px) 100vw, 224px\" \/><\/a>Doros\u0142y po przeczytaniu &#8222;Tropicieli&#8221;, przygodowo-detektywistycznej ksi\u0105zki dla m\u0142odzie\u017cy,\u00a0oddycha z ulg\u0105 &#8211; oto \u015bwiat m\u0142odszych nastolatk\u00f3w, takich w wieku gimnazjalnym wr\u00f3ci\u0142 do normy. S\u0105 dziewczyny, kt\u00f3re si\u0119 rumieni\u0105, ch\u0142opcy zreszt\u0105 te\u017c, s\u0105 harcerze, kt\u00f3rzy pomagaj\u0105 starszukom (nie zawsze z radosn\u0105 ochot\u0105). A wszyscy, tak jak dawniej, s\u0105 spragnieni przyg\u00f3d, zagadek i chc\u0105 znale\u017a\u0107 skarb, ale nie ten &#8222;Tam skarb tw\u00f3j gdzie serce twoje&#8221; ani &#8222;Najwi\u0119kszym skarbem s\u0105 oczy ukochanej dziewczyny&#8221;, tylko prawdziwy, najlepiej gdzie\u015b zakopany. Zast\u0119p tropicieli w swoich poszukiwaniach wpl\u0105tuje si\u0119 w niebezpieczne sytuacje, a to za spraw\u0105 poczt\u00f3wek przedwojennego malarza, kt\u00f3re kryj\u0105 wiele tajemnic&#8230; Uspokajam jednak, \u017ce nastolatki z warszawskiej Saskiej K\u0119py, gdzie rozgrywa sie akcja, nie s\u0105 mastodontami, o czym \u015bwiadczy chocia\u017cby ich j\u0119zyk: wszechobecne &#8222;zarypi\u015bcie&#8221; (oj, pewnie chcieliby si\u0119 wyrazi\u0107 inaczej) i od czasu do czasu &#8222;ku\u017awa&#8221;. Poza tym do swoich zada\u0144 biegle wykorzystuj\u0105 wsp\u00f3\u0142czesna technik\u0119.<br \/>\nAutorka, kt\u00f3rej uda\u0142o si\u0119 poruszyc problemy \u017cywo interesuj\u0105ce m\u0142odzie\u017c &#8211; przyja\u017a\u0144 i mi\u0142o\u015b\u0107 &#8211; przemyca r\u00f3wnie\u017c inne kwestie, a mianowicie to, \u017ce s\u0105 rodziny biedniejsze i z problemem alkoholowym, \u017ce nie wszystkich na wszystko sta\u0107, nie ka\u017cdy ma komputer, \u017ce wa\u017cny jest szacunek dla starszych i znajomo\u015b\u0107 historii. Nienachalna edukacja poprzez rozwi\u0105zywanie zagadek to propozycja dla m\u0105drych dzieciak\u00f3w. Ksi\u0105\u017ck\u0119 z humorem zilustrowa\u0142 Robert Trojanowski.<\/p>\n<p><em>Agata Gogolkiewicz,<br \/>\nPrzegl\u0105d, 21 maja 2006<\/em><\/p>\n","protected":false},"excerpt":{"rendered":"<p>Doros\u0142y po przeczytaniu &#8222;Tropicieli&#8221;, przygodowo-detektywistycznej ksi\u0105zki dla m\u0142odzie\u017cy,\u00a0oddycha z ulg\u0105 &#8211; oto \u015bwiat m\u0142odszych nastolatk\u00f3w, takich w wieku gimnazjalnym wr\u00f3ci\u0142 do normy. S\u0105 dziewczyny, kt\u00f3re si\u0119 rumieni\u0105, ch\u0142opcy zreszt\u0105 te\u017c, s\u0105 harcerze, kt\u00f3rzy pomagaj\u0105 starszukom (nie zawsze z radosn\u0105 ochot\u0105). &hellip; <a href=\"http:\/\/piekarska.com.pl\/?page_id=794\">Continue reading <span class=\"meta-nav\">&rarr;<\/span><\/a><\/p>\n","protected":false},"author":1,"featured_media":0,"parent":1937,"menu_order":0,"comment_status":"closed","ping_status":"open","template":"","meta":{"_acf_changed":false,"footnotes":""},"class_list":["post-794","page","type-page","status-publish","hentry"],"acf":[],"_links":{"self":[{"href":"http:\/\/piekarska.com.pl\/index.php?rest_route=\/wp\/v2\/pages\/794","targetHints":{"allow":["GET"]}}],"collection":[{"href":"http:\/\/piekarska.com.pl\/index.php?rest_route=\/wp\/v2\/pages"}],"about":[{"href":"http:\/\/piekarska.com.pl\/index.php?rest_route=\/wp\/v2\/types\/page"}],"author":[{"embeddable":true,"href":"http:\/\/piekarska.com.pl\/index.php?rest_route=\/wp\/v2\/users\/1"}],"replies":[{"embeddable":true,"href":"http:\/\/piekarska.com.pl\/index.php?rest_route=%2Fwp%2Fv2%2Fcomments&post=794"}],"version-history":[{"count":3,"href":"http:\/\/piekarska.com.pl\/index.php?rest_route=\/wp\/v2\/pages\/794\/revisions"}],"predecessor-version":[{"id":1950,"href":"http:\/\/piekarska.com.pl\/index.php?rest_route=\/wp\/v2\/pages\/794\/revisions\/1950"}],"up":[{"embeddable":true,"href":"http:\/\/piekarska.com.pl\/index.php?rest_route=\/wp\/v2\/pages\/1937"}],"wp:attachment":[{"href":"http:\/\/piekarska.com.pl\/index.php?rest_route=%2Fwp%2Fv2%2Fmedia&parent=794"}],"curies":[{"name":"wp","href":"https:\/\/api.w.org\/{rel}","templated":true}]}}