{"id":825,"date":"2015-04-23T20:34:47","date_gmt":"2015-04-23T20:34:47","guid":{"rendered":"http:\/\/piekarska.com.pl\/?page_id=825"},"modified":"2015-04-23T20:35:00","modified_gmt":"2015-04-23T20:35:00","slug":"recenzja-z-bloga-ksiazkomaniaa-blog-onet-pl","status":"publish","type":"page","link":"http:\/\/piekarska.com.pl\/?page_id=825","title":{"rendered":"Recenzja z bloga ksiazkomaniaa.blog.onet.pl"},"content":{"rendered":"<p style=\"text-align: left;\" align=\"right\"><a href=\"http:\/\/piekarska.com.pl\/wp-content\/uploads\/2015\/04\/dzika.jpg\"><img loading=\"lazy\" decoding=\"async\" class=\"alignleft size-medium wp-image-166\" src=\"http:\/\/piekarska.com.pl\/wp-content\/uploads\/2015\/04\/dzika-223x300.jpg\" alt=\"dzika\" width=\"223\" height=\"300\" srcset=\"http:\/\/piekarska.com.pl\/wp-content\/uploads\/2015\/04\/dzika-223x300.jpg 223w, http:\/\/piekarska.com.pl\/wp-content\/uploads\/2015\/04\/dzika-111x150.jpg 111w, http:\/\/piekarska.com.pl\/wp-content\/uploads\/2015\/04\/dzika.jpg 534w\" sizes=\"auto, (max-width: 223px) 100vw, 223px\" \/><\/a>Ksi\u0105\u017cka jest kryminaln\u0105 opowie\u015bci\u0105 o grupie m\u0142odzie\u017cy.Opowiada ona o tolerancji ,poniewa\u017c w grupie przyjaci\u00f3\u0142 znajduje si\u0119 czarnosk\u00f3ra dziewczyna o imieniu Alicja.Wyprowadzi\u0142a ona si\u0119 z Radomia do Warszawy,poniewa\u017c w poprzednim mie\u015bcie nie znalaz\u0142a os\u00f3b tolerancyjnych i cz\u0119sto dokuczano jej z powodu koloru sk\u00f3ry.Wyzywano j\u0105 od czarnuch\u00f3w oraz gorszych przezwisk,kt\u00f3re bardzo j\u0105 rani\u0142y.Przenios\u0142a si\u0119 ona do babci,kt\u00f3ra by\u0142a dla niej bardzo mi\u0142a i si\u0119 o ni\u0105 troszczy\u0142a jak najlepiej umia\u0142a.Dziewczyna poznaje Rafa\u0142a.Okazuje si\u0119 ,\u017ce siedzi on z ni\u0105 w \u0142awce,w nowej szkole.Rafa\u0142owi spodoba\u0142a si\u0119 Alicja i mimo jej koloru sk\u00f3ry oraz zakazu ojca by si\u0119 z ni\u0105 spotyka\u0142 postanowi\u0142 si\u0119 z ni\u0105 zaprzyja\u017ani\u0107 . Pewnego dnia dziewczyna znajduje \u017c\u00f3\u0142wia i nadaje mu nazw\u0119 \u015apioch.Okazuje si\u0119 ,\u017ce jest to rzadki,zagro\u017cony gatunek.W\u0142a\u015bciciel &#8222;MINIZOO&#8221; czyli sklepu zoologiczego wypytuje si\u0119 o \u017c\u00f3\u0142wia i dziewczyn\u0119 kilka znanych Alicji os\u00f3b . Rafa\u0142 i dziewczyna porozumiewali si\u0119 szyfrem,gdy\u017c ch\u0142opiec nie chcia\u0142 by jego ojciec dowiedzia\u0142 si\u0119 o ich znajomo\u015bci.Rafa\u0142 kt\u00f3rego\u015b dnia nie dostaje \u017cadnej odpowiedzi od Alicji .Okazuje si\u0119 w szkole ,\u017ce\u00a0 nie wr\u00f3ci\u0142a ona na noc do domu. Ch\u0142opak razem ze swoimi przyjaci\u00f3\u0142mi pr\u00f3buj\u0105 odkry\u0107 zagadk\u0119 i odszuka\u0107 Alicje oraz jej pom\u00f3c .<\/p>\n<p>MOJA RECENZJA:<\/p>\n<p>Nie chcia\u0142am wy\u017cej wyjawi\u0107 co dzia\u0142o si\u0119 dalej,poniewa\u017c polecam t\u0105 ksi\u0105\u017ck\u0119 i nie chc\u0119 zdradza\u0107 jej zako\u0144czenia.Nie jest to zako\u0144czenie przewidywalne w pewnym stopniu.Na pocz\u0105tku odpycha\u0142y mnie obrazki umieszczone w ksi\u0105\u017cce,poniewa\u017c nie s\u0105 one zbyt &#8222;stosowne&#8221;. Obrazki ukazuj\u0105 dziwne postacie. Tak jak wida\u0107 na ok\u0142adce ch\u0142opca z oczami we w\u0142osach . My\u015bla\u0142am ,\u017ce to dziecko chodz\u0105ce do podstaw\u00f3wki a nie do gimnazjum . Czytaj\u0105c t\u0105 ksi\u0105\u017ck\u0119 zrozumia\u0142am ,\u017ce osoby ,kt\u00f3re maj\u0105 inny kolor sk\u00f3ry ni\u017c my czuja si\u0119 osamotnione i nie nale\u017cy traktowa\u0107 ich inaczej ,poniewa\u017c maj\u0105 uczucia. Ksi\u0105\u017ck\u0119 t\u0105 polecam ka\u017cdemu, nie zwa\u017caj\u0105c na wiek.<\/p>\n<p>\u017ar\u00f3d\u0142o:<a href=\"http:\/\/ksiazkomaniaa.blog.onet.pl\/011-Dzika-Malgorzata-Karolina-,2,ID429482545,DA2011-06-21,n\">http:\/\/ksiazkomaniaa.blog.onet.pl\/011-Dzika-Malgorzata-Karolina-,2,ID429482545,DA2011-06-21,n<br \/>\nc<\/a>zerwiec 2011<\/p>\n","protected":false},"excerpt":{"rendered":"<p>Ksi\u0105\u017cka jest kryminaln\u0105 opowie\u015bci\u0105 o grupie m\u0142odzie\u017cy.Opowiada ona o tolerancji ,poniewa\u017c w grupie przyjaci\u00f3\u0142 znajduje si\u0119 czarnosk\u00f3ra dziewczyna o imieniu Alicja.Wyprowadzi\u0142a ona si\u0119 z Radomia do Warszawy,poniewa\u017c w poprzednim mie\u015bcie nie znalaz\u0142a os\u00f3b tolerancyjnych i cz\u0119sto dokuczano jej z powodu &hellip; <a href=\"http:\/\/piekarska.com.pl\/?page_id=825\">Continue reading <span class=\"meta-nav\">&rarr;<\/span><\/a><\/p>\n","protected":false},"author":1,"featured_media":0,"parent":155,"menu_order":2,"comment_status":"closed","ping_status":"open","template":"","meta":{"_acf_changed":false,"footnotes":""},"class_list":["post-825","page","type-page","status-publish","hentry"],"acf":[],"_links":{"self":[{"href":"http:\/\/piekarska.com.pl\/index.php?rest_route=\/wp\/v2\/pages\/825","targetHints":{"allow":["GET"]}}],"collection":[{"href":"http:\/\/piekarska.com.pl\/index.php?rest_route=\/wp\/v2\/pages"}],"about":[{"href":"http:\/\/piekarska.com.pl\/index.php?rest_route=\/wp\/v2\/types\/page"}],"author":[{"embeddable":true,"href":"http:\/\/piekarska.com.pl\/index.php?rest_route=\/wp\/v2\/users\/1"}],"replies":[{"embeddable":true,"href":"http:\/\/piekarska.com.pl\/index.php?rest_route=%2Fwp%2Fv2%2Fcomments&post=825"}],"version-history":[{"count":2,"href":"http:\/\/piekarska.com.pl\/index.php?rest_route=\/wp\/v2\/pages\/825\/revisions"}],"predecessor-version":[{"id":827,"href":"http:\/\/piekarska.com.pl\/index.php?rest_route=\/wp\/v2\/pages\/825\/revisions\/827"}],"up":[{"embeddable":true,"href":"http:\/\/piekarska.com.pl\/index.php?rest_route=\/wp\/v2\/pages\/155"}],"wp:attachment":[{"href":"http:\/\/piekarska.com.pl\/index.php?rest_route=%2Fwp%2Fv2%2Fmedia&parent=825"}],"curies":[{"name":"wp","href":"https:\/\/api.w.org\/{rel}","templated":true}]}}