{"id":865,"date":"2015-04-24T05:49:21","date_gmt":"2015-04-24T05:49:21","guid":{"rendered":"http:\/\/piekarska.com.pl\/?page_id=865"},"modified":"2015-04-26T17:56:42","modified_gmt":"2015-04-26T17:56:42","slug":"recenzja-z-portalu-sztukater","status":"publish","type":"page","link":"http:\/\/piekarska.com.pl\/?page_id=865","title":{"rendered":"Recenzja z portalu &#8222;Sztukater&#8221;"},"content":{"rendered":"<p><strong><a href=\"http:\/\/piekarska.com.pl\/wp-content\/uploads\/2015\/04\/kurs-dziennikarstwa.jpg\"><img loading=\"lazy\" decoding=\"async\" class=\"alignleft size-medium wp-image-170\" src=\"http:\/\/piekarska.com.pl\/wp-content\/uploads\/2015\/04\/kurs-dziennikarstwa-213x300.jpg\" alt=\"kurs dziennikarstwa\" width=\"213\" height=\"300\" srcset=\"http:\/\/piekarska.com.pl\/wp-content\/uploads\/2015\/04\/kurs-dziennikarstwa-213x300.jpg 213w, http:\/\/piekarska.com.pl\/wp-content\/uploads\/2015\/04\/kurs-dziennikarstwa-106x150.jpg 106w, http:\/\/piekarska.com.pl\/wp-content\/uploads\/2015\/04\/kurs-dziennikarstwa.jpg 582w\" sizes=\"auto, (max-width: 213px) 100vw, 213px\" \/><\/a>&#8222;Kurs dziennikarstwa dla samouk\u00f3w&#8221;<\/strong><\/p>\n<p>Dzisiaj, w dobie internetu, wiele os\u00f3b para si\u0119 dziennikarstwem tak na niby, dla zabawy, dla w\u0142asnej przyjemno\u015bci, \u017ceby si\u0119 sprawdzi\u0107. Piszemy, bo lubimy, a wychodzi nam to bardzo r\u00f3\u017cnie. Mo\u017ce wi\u0119c warto troch\u0119 popracowa\u0107 nad w\u0142asnym warsztatem, lizn\u0105\u0107 odrobin\u0119 teorii z zakresu dziennikarstwa?<\/p>\n<p>Ma\u0142gorzata Karolina Piekarska to dziennikarka prasowa i telewizyjna, pisarka i blogerka. Pani Ma\u0142gorzata prowadzi te\u017c warsztaty dziennikarskie, a dla tych, kt\u00f3rzy nie mog\u0105 w nich uczestniczy\u0107, napisa\u0142a ksi\u0105\u017ck\u0119 &#8222;Kurs dziennikarstwa dla samouk\u00f3w&#8221;. Czego mo\u017cemy si\u0119 z niej dowiedzie\u0107?<\/p>\n<p>&#8222;Pierwsz\u0105 zasad\u0105 medycyny jest nie szkodzi\u0107, a literatury nie nudzi\u0107. Dziennikarstwo powinno \u0142\u0105czy\u0107 w sobie te dwie cechy.&#8221;<\/p>\n<p>Proste? Teoretycznie tak, ale w praktyce napisanie ciekawego tekstu mo\u017ce okaza\u0107 si\u0119 niez\u0142ym wyzwaniem. Autorka zdradza nam podstawowe zasady dziennikarstwa, na przyk\u0142ad przypomina, \u017ce ka\u017cdy tekst powinien sk\u0142ada\u0107 si\u0119 ze wst\u0119pu, rozwini\u0119cia i zako\u0144czenia. Zwraca te\u017c uwag\u0119 na fakt, \u017ce w zale\u017cno\u015bci od tego, do kogo kierujemy dany artyku\u0142, inaczej trzeba go napisa\u0107.<\/p>\n<p>Nast\u0119pnie pani Ma\u0142gorzata zabiera nas na kr\u00f3tk\u0105 wycieczk\u0119 po gatunkach dziennikarskich, czyli wzmiance, kr\u00f3tkim tek\u015bcie, recenzji, tek\u015bcie poradniczym, tek\u015bcie reklamowym, r\u00f3\u017cnych rodzajach reporta\u017cy, wywiadzie, felietonie i eseju.<\/p>\n<p>Mnie najbardziej oczywi\u015bcie zaciekawi\u0142 rozdzia\u0142 po\u015bwi\u0119cony recenzji, w kt\u00f3rym to dowiadujemy si\u0119, czym ona jest i jak powinna wygl\u0105da\u0107. Autorka zwraca uwag\u0119 na fakt, \u017ce \u017ceby napisa\u0107 dobr\u0105 recenzj\u0119, nie wystarczy przeczyta\u0107 dan\u0105 ksi\u0105\u017ck\u0119, obejrze\u0107 ten konkretny film. Ciekawy tekst wymaga szerszego spojrzenia na temat, zaznajomienia si\u0119 z innymi dzie\u0142ami autora, obeznania z danym gatunkiem literackim, by m\u00f3c odnie\u015b\u0107 do czego\u015b dane dzie\u0142o.<\/p>\n<p>Chwali\u0107, czy gani\u0107? Przede wszystkim trzeba z uwag\u0105 przeczyta\u0107 dan\u0105 ksi\u0105\u017ck\u0119, obejrze\u0107 film do ko\u0144ca, a potem om\u00f3wi\u0107 ten temat dog\u0142\u0119bnie.<\/p>\n<p>&#8222;Krytykowa\u0107 zawsze jest \u0142atwo. Uargumentowa\u0107 to rzeczowo jest trudniej. A napisa\u0107 recenzj\u0119, kt\u00f3ra spowoduje, \u017ce odbiorca b\u0119dzie zastanawia\u0142 si\u0119 nad om\u00f3wionym dzie\u0142em i nad kondycj\u0105 muzy, kt\u00f3r\u0105 ono reprezentuje, jest niezwykle trudno&#8221;.<br \/>\nNie mo\u017cna odm\u00f3wi\u0107 pani Ma\u0142gosi s\u0142uszno\u015bci.<\/p>\n<p>Je\u017celi jeste\u015bcie ciekawi szczeg\u00f3\u0142owych rad autorki, to oczywi\u015bcie odsy\u0142am do ksi\u0105\u017cki, kt\u00f3ra w bardzo ciekawy spos\u00f3b, z lekkim przymru\u017ceniem oka omawia wspomniane ju\u017c wcze\u015bniej przeze mnie zagadnienia. Pani Ma\u0142gosia to do\u015bwiadczona dziennikarka, kt\u00f3ra wie, jak przyci\u0105gn\u0105\u0107 czytelnika, jak go nie znudzi\u0107. Nie brakuje tu przyk\u0142ad\u00f3w z jej dziennikarskiej pracy i ciekawych anegdot. Dzi\u0119ki temu &#8222;Kurs dziennikarstwa dla samouk\u00f3w&#8221; czyta si\u0119 z du\u017c\u0105 przyjemno\u015bci\u0105. Autorka podpowiada te\u017c czytelnikom, jakie \u0107wiczenia pomog\u0105 im doskonali\u0107 si\u0119 w tym fachu.<\/p>\n<p>Oczywi\u015bcie ta niewielka ksi\u0105\u017ceczka nie zast\u0105pi studi\u00f3w dziennikarskich, ani te\u017c nie da nam tego, co osi\u0105gniemy przez lata pracy. Jest to takie kr\u00f3tkie wprowadzenie do tematu, dla os\u00f3b, kt\u00f3re zastanawiaj\u0105 si\u0119 nad wyborem tej drogi \u017cyciowej, czy te\u017c zajmuj\u0105 si\u0119 dziennikarstwem niekoniecznie zawodowo. Mo\u017ce prowadz\u0105 lokalny portal, gazetk\u0119 szkoln\u0105 czy blog. Czytaj\u0105c t\u0119 pozycj\u0119, b\u0119d\u0105 mog\u0142y si\u0119 zastanowi\u0107, czy robi\u0105 to prawid\u0142owo, kt\u00f3re obszary wymagaj\u0105 jeszcze sporej pracy.<\/p>\n<p>Po przeczytaniu tej ksi\u0105\u017cki, wiem jedno, \u017ce moim tekstom do naprawd\u0119 dobrych recenzji daleko. Oczywi\u015bcie wcze\u015bniej te\u017c zdawa\u0142am sobie z tego spraw\u0119, ale chyba nie do ko\u0144ca by\u0142am \u015bwiadoma, co w takim tek\u015bcie powinno si\u0119 znale\u017a\u0107. Teraz ju\u017c to wiem, ale czy uda mi si\u0119 w przysz\u0142o\u015bci zastosowa\u0107 do rad pani Ma\u0142gosi? C\u00f3\u017c, czas poka\u017ce. Jedno jest pewne, i do tego w\u0142a\u015bnie przekonuje nas autorka, \u017ce dziennikarzem mo\u017ce by\u0107 ka\u017cdy. Wystarcz\u0105 dobre ch\u0119ci i ci\u0119\u017cka praca nad w\u0142asnym warsztatem. Dobrym pocz\u0105tkiem b\u0119dzie ta w\u0142a\u015bnie pozycja.<\/p>\n<p>Autor: Korcia<\/p>\n<p>\u0179r\u00f3d\u0142o: <a href=\"http:\/\/sztukater.pl\/ksiazki\/item\/14642-kurs-dziennikarstwa-dla-samoukow.html\">http:\/\/sztukater.pl\/ksiazki\/item\/14642-kurs-dziennikarstwa-dla-samoukow.html<\/a><\/p>\n","protected":false},"excerpt":{"rendered":"<p>&#8222;Kurs dziennikarstwa dla samouk\u00f3w&#8221; Dzisiaj, w dobie internetu, wiele os\u00f3b para si\u0119 dziennikarstwem tak na niby, dla zabawy, dla w\u0142asnej przyjemno\u015bci, \u017ceby si\u0119 sprawdzi\u0107. Piszemy, bo lubimy, a wychodzi nam to bardzo r\u00f3\u017cnie. Mo\u017ce wi\u0119c warto troch\u0119 popracowa\u0107 nad w\u0142asnym &hellip; <a href=\"http:\/\/piekarska.com.pl\/?page_id=865\">Continue reading <span class=\"meta-nav\">&rarr;<\/span><\/a><\/p>\n","protected":false},"author":1,"featured_media":0,"parent":159,"menu_order":0,"comment_status":"closed","ping_status":"open","template":"","meta":{"_acf_changed":false,"footnotes":""},"class_list":["post-865","page","type-page","status-publish","hentry"],"acf":[],"_links":{"self":[{"href":"http:\/\/piekarska.com.pl\/index.php?rest_route=\/wp\/v2\/pages\/865","targetHints":{"allow":["GET"]}}],"collection":[{"href":"http:\/\/piekarska.com.pl\/index.php?rest_route=\/wp\/v2\/pages"}],"about":[{"href":"http:\/\/piekarska.com.pl\/index.php?rest_route=\/wp\/v2\/types\/page"}],"author":[{"embeddable":true,"href":"http:\/\/piekarska.com.pl\/index.php?rest_route=\/wp\/v2\/users\/1"}],"replies":[{"embeddable":true,"href":"http:\/\/piekarska.com.pl\/index.php?rest_route=%2Fwp%2Fv2%2Fcomments&post=865"}],"version-history":[{"count":2,"href":"http:\/\/piekarska.com.pl\/index.php?rest_route=\/wp\/v2\/pages\/865\/revisions"}],"predecessor-version":[{"id":2588,"href":"http:\/\/piekarska.com.pl\/index.php?rest_route=\/wp\/v2\/pages\/865\/revisions\/2588"}],"up":[{"embeddable":true,"href":"http:\/\/piekarska.com.pl\/index.php?rest_route=\/wp\/v2\/pages\/159"}],"wp:attachment":[{"href":"http:\/\/piekarska.com.pl\/index.php?rest_route=%2Fwp%2Fv2%2Fmedia&parent=865"}],"curies":[{"name":"wp","href":"https:\/\/api.w.org\/{rel}","templated":true}]}}