{"id":8656,"date":"2017-12-17T17:48:35","date_gmt":"2017-12-17T16:48:35","guid":{"rendered":"http:\/\/piekarska.com.pl\/?page_id=8656"},"modified":"2017-12-17T18:07:48","modified_gmt":"2017-12-17T17:07:48","slug":"21-11-2016-echa-dawnej-warszawy-100-adresow","status":"publish","type":"page","link":"http:\/\/piekarska.com.pl\/?page_id=8656","title":{"rendered":"2016-11-26 &#8211; \u201eEcha dawnej Warszawy 100 adres\u00f3w\u201d"},"content":{"rendered":"<p><strong>Ireneusz Zalewski<br \/>\n\u201eEcha dawnej Warszawy 100 adres\u00f3w\u201d<br \/>\nWydawnictwo: Skarpa Warszawska 2016<\/strong><\/p>\n<p><a href=\"http:\/\/piekarska.com.pl\/wp-content\/uploads\/2017\/12\/Echa1.jpg\"><img loading=\"lazy\" decoding=\"async\" class=\"alignleft wp-image-8655 size-medium\" src=\"http:\/\/piekarska.com.pl\/wp-content\/uploads\/2017\/12\/Echa1-211x300.jpg\" alt=\"\" width=\"211\" height=\"300\" srcset=\"http:\/\/piekarska.com.pl\/wp-content\/uploads\/2017\/12\/Echa1-211x300.jpg 211w, http:\/\/piekarska.com.pl\/wp-content\/uploads\/2017\/12\/Echa1-768x1091.jpg 768w, http:\/\/piekarska.com.pl\/wp-content\/uploads\/2017\/12\/Echa1-721x1024.jpg 721w, http:\/\/piekarska.com.pl\/wp-content\/uploads\/2017\/12\/Echa1.jpg 960w\" sizes=\"auto, (max-width: 211px) 100vw, 211px\" \/><\/a>To jedna z tych ksi\u0105\u017cek, kt\u00f3re mog\u0105 by\u0107 traktowane i jako swoisty album fotograficzny i jako pewne kompendium wiedzy o Warszawie, a konkretnie o jej stu adresach. Sk\u0142ada si\u0119 na ni\u0105 sto felieton\u00f3w autorstwa Ireneusza Zalewskiego, kt\u00f3re autor napisa\u0142 na przestrzeni przesz\u0142o dwudziestu lat na \u0142amach kilku warszawskich gazet codziennych.<\/p>\n<p>Niemal ka\u017cdy felieton jest ilustrowany. W\u015br\u00f3d adres\u00f3w przewa\u017caj\u0105 budynki takie, kt\u00f3re ju\u017c nie istniej\u0105, jak na przyk\u0142ad szpital Ewangelicki przy Karolkowej czy hale targowe przy placu Witkowskim. S\u0105 takie, kt\u00f3re maj\u0105 dzi\u015b nowe adresy, jak na przyk\u0142ad gmach Prudentialu \u2013 niegdy\u015b na placu Napoleona dzi\u015b\u2026 Placu Powsta\u0144c\u00f3w Warszawy. S\u0105 te\u017c budynki, kt\u00f3re od napisania felietonu znacznie si\u0119 zmieni\u0142y jak np. Ruiny Banku Polskiego przy Biela\u0144skiej. Ksi\u0105\u017cka jest wi\u0119c podr\u00f3\u017c\u0105 w czasie z przystankami tak\u017ce w czasie, gdy\u017c pisane w r\u00f3\u017cnych latach felietony pokazuj\u0105, ze Warszawa ci\u0105gle si\u0119 zmienia. Kady felieton to opowie\u015bci nie tylko o budynku, czy adresie, ale te\u017c ludziach. To historia i anegdoty o w\u0142a\u015bcicielach, fundatorach czy mieszka\u0144cach dom\u00f3w, bo to oni tworzyli ich histori\u0119. To obszerne cytaty z dawnego Kuriera Warszawskiego, kt\u00f3ry codziennie donosi\u0142 o tym, co dzia\u0142o si\u0119 w mie\u015bcie.<\/p>\n<p>\u201eEcha dawnej Warszawy 100 adres\u00f3w\u201d to \u015bwietna lektura dla varsavianist\u00f3w, ale te\u017c wszystkich, kt\u00f3rzy czuj\u0105 si\u0119 Warszawiakami lub po prostu lubi\u0105 to miasto z jego ca\u0142ym kolorytem i histori\u0105.<\/p>\n<p>Ma\u0142gorzata Karolina Piekarska<\/p>\n","protected":false},"excerpt":{"rendered":"<p>Ireneusz Zalewski \u201eEcha dawnej Warszawy 100 adres\u00f3w\u201d Wydawnictwo: Skarpa Warszawska 2016 To jedna z tych ksi\u0105\u017cek, kt\u00f3re mog\u0105 by\u0107 traktowane i jako swoisty album fotograficzny i jako pewne kompendium wiedzy o Warszawie, a konkretnie o jej stu adresach. Sk\u0142ada si\u0119 &hellip; <a href=\"http:\/\/piekarska.com.pl\/?page_id=8656\">Continue reading <span class=\"meta-nav\">&rarr;<\/span><\/a><\/p>\n","protected":false},"author":1,"featured_media":0,"parent":8651,"menu_order":0,"comment_status":"closed","ping_status":"closed","template":"","meta":{"_acf_changed":false,"footnotes":""},"class_list":["post-8656","page","type-page","status-publish","hentry"],"acf":[],"_links":{"self":[{"href":"http:\/\/piekarska.com.pl\/index.php?rest_route=\/wp\/v2\/pages\/8656","targetHints":{"allow":["GET"]}}],"collection":[{"href":"http:\/\/piekarska.com.pl\/index.php?rest_route=\/wp\/v2\/pages"}],"about":[{"href":"http:\/\/piekarska.com.pl\/index.php?rest_route=\/wp\/v2\/types\/page"}],"author":[{"embeddable":true,"href":"http:\/\/piekarska.com.pl\/index.php?rest_route=\/wp\/v2\/users\/1"}],"replies":[{"embeddable":true,"href":"http:\/\/piekarska.com.pl\/index.php?rest_route=%2Fwp%2Fv2%2Fcomments&post=8656"}],"version-history":[{"count":4,"href":"http:\/\/piekarska.com.pl\/index.php?rest_route=\/wp\/v2\/pages\/8656\/revisions"}],"predecessor-version":[{"id":8670,"href":"http:\/\/piekarska.com.pl\/index.php?rest_route=\/wp\/v2\/pages\/8656\/revisions\/8670"}],"up":[{"embeddable":true,"href":"http:\/\/piekarska.com.pl\/index.php?rest_route=\/wp\/v2\/pages\/8651"}],"wp:attachment":[{"href":"http:\/\/piekarska.com.pl\/index.php?rest_route=%2Fwp%2Fv2%2Fmedia&parent=8656"}],"curies":[{"name":"wp","href":"https:\/\/api.w.org\/{rel}","templated":true}]}}