{"id":877,"date":"2015-04-24T06:14:05","date_gmt":"2015-04-24T06:14:05","guid":{"rendered":"http:\/\/piekarska.com.pl\/?page_id=877"},"modified":"2015-04-26T18:00:29","modified_gmt":"2015-04-26T18:00:29","slug":"recenzja-z-portalu-setna-strona","status":"publish","type":"page","link":"http:\/\/piekarska.com.pl\/?page_id=877","title":{"rendered":"Recenzja z portalu setna strona"},"content":{"rendered":"<p><a href=\"http:\/\/piekarska.com.pl\/wp-content\/uploads\/2015\/04\/kurs-dziennikarstwa.jpg\"><img loading=\"lazy\" decoding=\"async\" class=\"alignleft size-medium wp-image-170\" src=\"http:\/\/piekarska.com.pl\/wp-content\/uploads\/2015\/04\/kurs-dziennikarstwa-213x300.jpg\" alt=\"kurs dziennikarstwa\" width=\"213\" height=\"300\" srcset=\"http:\/\/piekarska.com.pl\/wp-content\/uploads\/2015\/04\/kurs-dziennikarstwa-213x300.jpg 213w, http:\/\/piekarska.com.pl\/wp-content\/uploads\/2015\/04\/kurs-dziennikarstwa-106x150.jpg 106w, http:\/\/piekarska.com.pl\/wp-content\/uploads\/2015\/04\/kurs-dziennikarstwa.jpg 582w\" sizes=\"auto, (max-width: 213px) 100vw, 213px\" \/><\/a>Kurs dziennikarstwa dla samouk\u00f3w &#8211; Ma\u0142gorzata Karolina Piekarska<\/p>\n<p>Kiedy na kilku blogach z rz\u0119du przeczyta\u0142am superlatywy pod adresem ksi\u0105\u017cki Kurs dziennikarstwa dla samouk\u00f3w Ma\u0142gorzaty Piekarskiej, od razu wiedzia\u0142am, \u017ce ksi\u0105\u017ck\u0119 musz\u0119 mie\u0107 na w\u0142asno\u015b\u0107. No wi\u0119c w tym samym dniu ksi\u0105\u017ceczka by\u0142a moja.<br \/>\nZacz\u0119\u0142am czyta\u0107 ju\u017c na przystanku autobusowym, ale nie chcia\u0142am si\u0119 zbytnio rozprasza\u0107 i doczyta\u0142am w domu, na spokojnie.<br \/>\nKurs jest kr\u00f3tki, w formie skryptu, na ko\u0144cu kt\u00f3rego mamy \u0107wiczenia odpowiadaj\u0105ce tematowi (zadanie domowe). Autorka porusza temat recenzji (to interesuje mnie najbardziej), felietonu, reporta\u017cu, i innych form dziennikarskich. Wszystko fajnie, ale &#8211; ma\u0142o. Z ksi\u0105\u017cki nie wynios\u0142am \u017cadnej dodatkowej wiedzy ponad to, co ju\u017c wiem (nie znaczy, \u017ce stosuj\u0119 w praktyce). A teraz uwaga; nie podkre\u015bli\u0142am w ksi\u0105\u017cce ani jednego zdania. By\u0107 mo\u017ce pozycja ta przyda si\u0119 pocz\u0105tkuj\u0105cym blogerom lub licealistom. Jako bloger chce si\u0119 rozwija\u0107, i chocia\u017c pisze dla przyjemno\u015bci (Waszej y naszej), chce to robi\u0107 coraz lepiej; chyba czas si\u0119gn\u0105\u0107 po os\u0142awionego Kominka i jego poradniki blogera. Albo uda mi si\u0119 wreszcie upolowa\u0107 Pami\u0119tnik rzemie\u015blnika Stephena Kinga.<\/p>\n<p>\u0179r\u00f3d\u0142o:\u00a0<a href=\"http:\/\/setna-strona.blogspot.com\/2014\/11\/kurs-dziennikarstwa-dla-samoukow.html\" target=\"_blank\">http:\/\/setna-strona.blogspot.com\/2014\/11\/kurs-dziennikarstwa-dla-samoukow.html<\/a><\/p>\n","protected":false},"excerpt":{"rendered":"<p>Kurs dziennikarstwa dla samouk\u00f3w &#8211; Ma\u0142gorzata Karolina Piekarska Kiedy na kilku blogach z rz\u0119du przeczyta\u0142am superlatywy pod adresem ksi\u0105\u017cki Kurs dziennikarstwa dla samouk\u00f3w Ma\u0142gorzaty Piekarskiej, od razu wiedzia\u0142am, \u017ce ksi\u0105\u017ck\u0119 musz\u0119 mie\u0107 na w\u0142asno\u015b\u0107. No wi\u0119c w tym samym dniu &hellip; <a href=\"http:\/\/piekarska.com.pl\/?page_id=877\">Continue reading <span class=\"meta-nav\">&rarr;<\/span><\/a><\/p>\n","protected":false},"author":1,"featured_media":0,"parent":159,"menu_order":0,"comment_status":"closed","ping_status":"open","template":"","meta":{"_acf_changed":false,"footnotes":""},"class_list":["post-877","page","type-page","status-publish","hentry"],"acf":[],"_links":{"self":[{"href":"http:\/\/piekarska.com.pl\/index.php?rest_route=\/wp\/v2\/pages\/877","targetHints":{"allow":["GET"]}}],"collection":[{"href":"http:\/\/piekarska.com.pl\/index.php?rest_route=\/wp\/v2\/pages"}],"about":[{"href":"http:\/\/piekarska.com.pl\/index.php?rest_route=\/wp\/v2\/types\/page"}],"author":[{"embeddable":true,"href":"http:\/\/piekarska.com.pl\/index.php?rest_route=\/wp\/v2\/users\/1"}],"replies":[{"embeddable":true,"href":"http:\/\/piekarska.com.pl\/index.php?rest_route=%2Fwp%2Fv2%2Fcomments&post=877"}],"version-history":[{"count":2,"href":"http:\/\/piekarska.com.pl\/index.php?rest_route=\/wp\/v2\/pages\/877\/revisions"}],"predecessor-version":[{"id":2608,"href":"http:\/\/piekarska.com.pl\/index.php?rest_route=\/wp\/v2\/pages\/877\/revisions\/2608"}],"up":[{"embeddable":true,"href":"http:\/\/piekarska.com.pl\/index.php?rest_route=\/wp\/v2\/pages\/159"}],"wp:attachment":[{"href":"http:\/\/piekarska.com.pl\/index.php?rest_route=%2Fwp%2Fv2%2Fmedia&parent=877"}],"curies":[{"name":"wp","href":"https:\/\/api.w.org\/{rel}","templated":true}]}}