{"id":8898,"date":"2018-04-10T20:41:49","date_gmt":"2018-04-10T18:41:49","guid":{"rendered":"http:\/\/piekarska.com.pl\/?page_id=8898"},"modified":"2018-04-10T20:44:44","modified_gmt":"2018-04-10T18:44:44","slug":"recenzja-jezynki-z-lubimy-czytac","status":"publish","type":"page","link":"http:\/\/piekarska.com.pl\/?page_id=8898","title":{"rendered":"Recenzja Je\u017cynki z &#8222;Lubimy czyta\u0107&#8221;"},"content":{"rendered":"<p><a href=\"http:\/\/piekarska.com.pl\/wp-content\/uploads\/2016\/08\/a6a2d0472eacf868a885bbf99dde03ad.jpg\"><img loading=\"lazy\" decoding=\"async\" class=\"alignleft wp-image-5912 size-medium\" src=\"http:\/\/piekarska.com.pl\/wp-content\/uploads\/2016\/08\/a6a2d0472eacf868a885bbf99dde03ad-214x300.jpg\" alt=\"\" width=\"214\" height=\"300\" srcset=\"http:\/\/piekarska.com.pl\/wp-content\/uploads\/2016\/08\/a6a2d0472eacf868a885bbf99dde03ad-214x300.jpg 214w, http:\/\/piekarska.com.pl\/wp-content\/uploads\/2016\/08\/a6a2d0472eacf868a885bbf99dde03ad.jpg 712w\" sizes=\"auto, (max-width: 214px) 100vw, 214px\" \/><\/a>Dzi\u0119ki &#8222;Ma\u0142ej zag\u0142adzie&#8221; Anny Janko dramat mieszka\u0144c\u00f3w Zamojszczyzny zago\u015bci\u0142 w \u015bwiadomo\u015bci Polak\u00f3w. Zacz\u0119to o tym przypomina\u0107, temat pojawi\u0142 si\u0119 mediach, trafi\u0142 na pierwsze strony gazet. Ksi\u0105\u017cka ta natchn\u0119\u0142a te\u017c innych aby zbada\u0107 histori\u0119 swojej rodziny i o niej opowiedzie\u0107: czy to najbli\u017cszym czy te\u017c szerszemu audytorium.<\/p>\n<p>Z takiej potrzeby aby ocali\u0107 od zapomnienia rodzinn\u0105 histori\u0119 powsta\u0142a ksi\u0105\u017cka Ma\u0142gorzaty Karoliny Piekarskiej &#8222;Syn dw\u00f3ch matek&#8221;. Jej wsp\u00f3\u0142autorem jest tak\u017ce nie\u017cyj\u0105cy ju\u017c ojciec pisarki kt\u00f3rego teksty s\u0105 cz\u0119\u015bci\u0105 tej pozycji.<br \/>\nJej bohaterem jest stryj autorki Jan Tch\u00f3rz, kt\u00f3ry jako male\u0144kie, niespe\u0142na trzyletnie dziecko, zosta\u0142 roz\u0142\u0105czony z matk\u0105 i rodze\u0144stwem wygnanymi ze swojego domostwa na Zamojszczy\u017anie w ramach Generalnego Planu Wschodniego. Jego celem by\u0142o osiedlenia i germanizacja terytori\u00f3w Europy \u015arodkowo- Wschodniej i Wschodniej. Rodziny wyrzucane ze swoich dom\u00f3w mia\u0142y p\u00f3\u0142 godziny na zabranie najpotrzebniejszy rzeczy by potem trafi\u0107 do oboz\u00f3w przej\u015bciowych i tam czeka\u0107 na to co przyniesie los. Wielu ch\u0142op\u00f3w zgin\u0119\u0142o broni\u0105c swoich ma\u0142ych ojczyzn, wiele rodzin zosta\u0142o rozdzielony a mn\u00f3stwo dzieci poddanych germanizacji.<br \/>\nJasio Tch\u00f3rz mia\u0142 ogromne szcz\u0119\u015bcie. Poci\u0105g wioz\u0105cy dzieci (do dzi\u015b nie ustalono tak naprawd\u0119 gdzie) zosta\u0142 zatrzymany na dworcu w Warszawie a niemieccy pracownicy kolei pod presj\u0105 warszawiak\u00f3w kt\u00f3rzy dowiedzieli si\u0119 o tym transporcie wypu\u015bcili dzieci. Zosta\u0142y one rozlokowane po miejscowych rodzinach a ma\u0142y Ja\u015b trafi\u0142 pod opiek\u0119 babci autorki i kilka lat wychowywa\u0142 si\u0119 wraz z jej ojcem. Jego biologicznej matce jeszcze w trakcie trwania wojny uda\u0142o si\u0119 odnale\u017a\u0107 syna i po jej zako\u0144czeniu trafi\u0142 on pod jej opiek\u0119.<br \/>\nJednak wi\u0119\u017a kt\u00f3ra zawi\u0105za\u0142a si\u0119 pomi\u0119dzy rodzinami Piekarskich i Tch\u00f3rz\u00f3w trwa do dzi\u015b i podtrzymywana jest ju\u017c przez kolejne pokolenie.<\/p>\n<p>To ksi\u0105\u017cka bardzo osobista, pe\u0142na emocji i t\u0119sknoty za nie\u017cyj\u0105cymi rodzicami. Autorka opowiada o tej historii &#8222;rozmawiaj\u0105c&#8217; ze swoim zmar\u0142ym ojcem i przytaczaj\u0105c jego wspomnienia z tego okresu oraz relacje matki Jasia i jego najbli\u017cszych. Taki sam zabieg zastosowa\u0142a Anna Janko w &#8222;Ma\u0142ej zag\u0142adzie&#8221; wi\u0119c czu\u0107 tutaj pewn\u0105 wt\u00f3rno\u015b\u0107 ale rozumiem \u017ce inaczej si\u0119 nie da\u0142o. Tak to czu\u0142a.<\/p>\n<p>Bardzo dziwi mnie tak ma\u0142e zainteresowanie t\u0105 ksi\u0105\u017ck\u0105. Mo\u017ce jej przekaz<br \/>\nnie jest tak mocny jak w przypadku &#8222;Ma\u0142ej zag\u0142ady&#8221; ale to przepi\u0119kna opowie\u015b\u0107 o mi\u0142o\u015bci, rodzinie i wi\u0119zach kt\u00f3re po\u0142\u0105czy\u0142y biedn\u0105 ch\u0142opsk\u0105 rodzin\u0119 z Zamojszczyzny i warszawskich inteligent\u00f3w ju\u017c na zawsze osob\u0105 malutkiego Jasia Tch\u00f3rza kt\u00f3rego wielkie, pi\u0119kne oczy patrz\u0105 na nas z ok\u0142adki.<\/p>\n<p>Zach\u0119cam Was do lektury.<\/p>\n<p>Autor: Je\u017cynka<br \/>\n15 marca 2018<br \/>\n\u0179r\u00f3d\u0142o: http:\/\/lubimyczytac.pl\/ksiazka\/3850438\/syn-dwoch-matek\/opinia\/45166952#opinia45166952<\/p>\n","protected":false},"excerpt":{"rendered":"<p>Dzi\u0119ki &#8222;Ma\u0142ej zag\u0142adzie&#8221; Anny Janko dramat mieszka\u0144c\u00f3w Zamojszczyzny zago\u015bci\u0142 w \u015bwiadomo\u015bci Polak\u00f3w. Zacz\u0119to o tym przypomina\u0107, temat pojawi\u0142 si\u0119 mediach, trafi\u0142 na pierwsze strony gazet. Ksi\u0105\u017cka ta natchn\u0119\u0142a te\u017c innych aby zbada\u0107 histori\u0119 swojej rodziny i o niej opowiedzie\u0107: czy &hellip; <a href=\"http:\/\/piekarska.com.pl\/?page_id=8898\">Continue reading <span class=\"meta-nav\">&rarr;<\/span><\/a><\/p>\n","protected":false},"author":1,"featured_media":0,"parent":5932,"menu_order":0,"comment_status":"closed","ping_status":"closed","template":"","meta":{"_acf_changed":false,"footnotes":""},"class_list":["post-8898","page","type-page","status-publish","hentry"],"acf":[],"_links":{"self":[{"href":"http:\/\/piekarska.com.pl\/index.php?rest_route=\/wp\/v2\/pages\/8898","targetHints":{"allow":["GET"]}}],"collection":[{"href":"http:\/\/piekarska.com.pl\/index.php?rest_route=\/wp\/v2\/pages"}],"about":[{"href":"http:\/\/piekarska.com.pl\/index.php?rest_route=\/wp\/v2\/types\/page"}],"author":[{"embeddable":true,"href":"http:\/\/piekarska.com.pl\/index.php?rest_route=\/wp\/v2\/users\/1"}],"replies":[{"embeddable":true,"href":"http:\/\/piekarska.com.pl\/index.php?rest_route=%2Fwp%2Fv2%2Fcomments&post=8898"}],"version-history":[{"count":2,"href":"http:\/\/piekarska.com.pl\/index.php?rest_route=\/wp\/v2\/pages\/8898\/revisions"}],"predecessor-version":[{"id":8900,"href":"http:\/\/piekarska.com.pl\/index.php?rest_route=\/wp\/v2\/pages\/8898\/revisions\/8900"}],"up":[{"embeddable":true,"href":"http:\/\/piekarska.com.pl\/index.php?rest_route=\/wp\/v2\/pages\/5932"}],"wp:attachment":[{"href":"http:\/\/piekarska.com.pl\/index.php?rest_route=%2Fwp%2Fv2%2Fmedia&parent=8898"}],"curies":[{"name":"wp","href":"https:\/\/api.w.org\/{rel}","templated":true}]}}