{"id":899,"date":"2015-04-24T06:36:39","date_gmt":"2015-04-24T06:36:39","guid":{"rendered":"http:\/\/piekarska.com.pl\/?page_id=899"},"modified":"2015-07-30T10:45:30","modified_gmt":"2015-07-30T10:45:30","slug":"recenzja-z-bloga-niekonczace-sie-marzenia","status":"publish","type":"page","link":"http:\/\/piekarska.com.pl\/?page_id=899","title":{"rendered":"Recenzja z bloga &#8222;Nieko\u0144cz\u0105ce si\u0119 marzenia&#8221;"},"content":{"rendered":"<p><a href=\"http:\/\/piekarska.com.pl\/wp-content\/uploads\/2015\/04\/kpc.jpg\"><img loading=\"lazy\" decoding=\"async\" class=\"alignleft size-medium wp-image-167\" src=\"http:\/\/piekarska.com.pl\/wp-content\/uploads\/2015\/04\/kpc-222x300.jpg\" alt=\"kpc\" width=\"222\" height=\"300\" srcset=\"http:\/\/piekarska.com.pl\/wp-content\/uploads\/2015\/04\/kpc-222x300.jpg 222w, http:\/\/piekarska.com.pl\/wp-content\/uploads\/2015\/04\/kpc-111x150.jpg 111w, http:\/\/piekarska.com.pl\/wp-content\/uploads\/2015\/04\/kpc.jpg 532w\" sizes=\"auto, (max-width: 222px) 100vw, 222px\" \/><\/a>Rozpocz\u0119cie nauki w gimnazjum jest jednym z wa\u017cnych etap\u00f3w w \u017cyciu ju\u017c dorastaj\u0105cych dzieci. Poniewa\u017c ju\u017c im si\u0119 wydaje,\u017ce s\u0105 doro\u015bli, a jednak przecie\u017c m\u0142odzi nastolatkowie maj\u0105 w sobie jeszcze sporo z dziecka. Dodatkowo zaczynaj\u0105 si\u0119 im zmienia\u0107 pogl\u0105dy na pewnie sprawy, do tej pory zupe\u0142nie obce, zwracaj\u0105 uwag\u0119 na r\u00f3wie\u015bnik\u00f3w odmiennej p\u0142ci, chc\u0105 si\u0119 podoba\u0107 i czu\u0107 jak doro\u015bli ludzie, niestety zapominaj\u0105c,\u017ce niesie to za sob\u0105 r\u00f3wnie\u017c odpowiedzialno\u015b\u0107, nie tylko same przywileje. Pierwsze rozczarowania, spory oraz r\u00f3wnie\u017c nowe problemy z kt\u00f3rymi cz\u0119sto przyjdzie si\u0119 zmierzy\u0107 przedstawi\u0142a autorka &#8222;Klasy Pani Czajki&#8221;.<\/p>\n<p>Poznajemy grup\u0119 uczni\u00f3w w dniu pierwszych zaj\u0119\u0107 w klasie gimnazjalnej, ka\u017cde z nich nie wie czego mo\u017ce oczekiwa\u0107 po swoich r\u00f3wie\u015bnikach stres oraz ciekawo\u015b\u0107 miesza si\u0119 w\u015br\u00f3d zebranych. Sama Pani Czajka jest do\u015bwiadczonym nauczycielem, bardziej obawia si\u0119 spotkania z rodzicami, bo jak niestety si\u0119 okazuje bywaj\u0105 bardziej konfliktowi ni\u017c \u017cywio\u0142owi uczniowie.<br \/>\nKlasa sk\u0142ada si\u0119 mi\u0119dzy innymi z Ma\u0142gosi, Ma\u0107ka, dw\u00f3ch Micha\u0142\u00f3w, Kingi, Ka\u015bki oraz Ewki z nimi b\u0119dziemy uczestniczy\u0107 w wielu rozterkach rado\u015bciach oraz \u0142zach<br \/>\nPierwsza posta\u0107 czyli Ma\u0142gosia pochodzi z biednej rodziny, jest dobr\u0105 uczennic\u0105 oraz sumienn\u0105, ju\u017c na pocz\u0105tku zyska wroga w osobie Ka\u015bki, kt\u00f3ra to wyzwie j\u0105 od kujon\u00f3w oraz lizus\u00f3w. Sama za\u015b jest niezbyt przyk\u0142adn\u0105, tak na prawd\u0119 pozuje si\u0119 na kogo\u015b kim zupe\u0142nie nie jest.<br \/>\nZ Micha\u0142ami b\u0119dzie r\u00f3\u017cnie, zyskaj\u0105 przezwiska od kolor\u00f3w w\u0142os\u00f3w Bia\u0142y i Czarny, i te nazwy bardzo b\u0119d\u0105 wsp\u00f3\u0142gra\u0142y z ich osobowo\u015bciami. Nie raz b\u0119dzie dzi\u0119ki Bia\u0142emu oraz jego kompanowi Aleksowi po\u015bmia\u0107 z wyg\u0142up\u00f3w oraz oryginalnych \u017cart\u00f3w. Za\u015b ten drugi bardziej zamkni\u0119ty w sobie zwr\u00f3ci na siebie uwag\u0119, niestety z tej z\u0142ej strony, ale na szcz\u0119\u015bcie oka\u017ce si\u0119 ona z\u0142udna&#8230;<\/p>\n<p>Klasa b\u0119dzie w pewnym sensie zgrana, co nie znaczy,\u017ce zabraknie w niej k\u0142\u00f3tni, Bo te cz\u0119sto b\u0119d\u0105 si\u0119 zdarza\u0142y, problemy niekt\u00f3re wi\u0119ksze b\u0105d\u017a nawet mniejsze sp\u0119dza\u0107 b\u0119d\u0105 sen w powiek naszych bohater\u00f3w.<br \/>\nZawi\u0105\u017ce si\u0119 wiele przyja\u017ani, nawet par, kt\u00f3re wygl\u0105da\u0107 b\u0119d\u0105 na naprawd\u0119 powa\u017cne mimo m\u0142odego wieku<br \/>\nPrzygody m\u0142odych ludzi b\u0119d\u0105 weso\u0142e, ale i nie raz powa\u017cne. Czasami sko\u0144cz\u0105 si\u0119 nieprzyjemnie.<br \/>\nPrze\u0142om trzech lat b\u0119dzie wa\u017cnym oraz pouczaj\u0105cym, wiele z nich wyci\u0105gnie bardzo du\u017co wniosk\u00f3w z nowych do\u015bwiadcze\u0144.<\/p>\n<p>My\u015bl\u0119,\u017ce Klasa Pani Czajki jest \u015bwietn\u0105 lektur\u0105 nie tylko dla m\u0142odzie\u017cy, ale r\u00f3wnie\u017c nas starszych, mo\u017ce nawet rodzic\u00f3w? Przybli\u017ca nam jak reaguj\u0105 dorastaj\u0105ce dzieci na nowe otoczenie, sytuacje z kt\u00f3rymi niekoniecznie potrafi\u0105 sobie poradzi\u0107, Czasem nawet samie siebie nie b\u0119d\u0105cy zrozumie\u0107, co chyba najbardziej b\u0119dzie irytuj\u0105ce dla nich. Mo\u017ce i dawno sko\u0144czy\u0142am gimnazjum, raczej baardzo dawno, jednak do tej pory pami\u0119tam jakie emocje towarzyszy\u0142y\u00a0 tego pierwszego dnia.Wydaje mi si\u0119,\u017ce w liceum nie by\u0142am a\u017c tak zestresowana mimo,\u017ce nie zna\u0142am \u017cywej duszy w szkole&#8230;<br \/>\nDlatego warto jest przeczyta\u0107 by pozna\u0107 od podszewki co dzieje si\u0119 w g\u0142owach podlotk\u00f3w, jak spostrzegaj\u0105 \u015bwiat i czy czasem nie warto spr\u00f3bowa\u0107 wczu\u0107 si\u0119 w ich sytuacj\u0119 by pom\u00f3c w unikni\u0119ciu b\u0142\u0119d\u00f3w, tych bolesnych&#8230;<br \/>\nBardzo mi\u0142o sp\u0119dzi\u0142am czas z bohaterami, autorka dobrze i dok\u0142adnie stworzy\u0142a postacie, pozwalaj\u0105c czytelnikowi wczu\u0107 si\u0119 w ka\u017cd\u0105 z nich, dowiedzie\u0107 jak zachowuj\u0105 si\u0119 w danych sytuacjach. Czy s\u0142usznie post\u0119puj\u0105 i jakie konsekwencje ponosz\u0105 z podj\u0119tych decyzji&#8230;<\/p>\n<p>5 wrze\u015bnia 2013<\/p>\n<p>\u017ar\u00f3d\u0142o: <a href=\"http:\/\/agaaa006.blogspot.com\/2013\/09\/klasa-pani-czajki.html\" target=\"_blank\">http:\/\/agaaa006.blogspot.com\/2013\/09\/klasa-pani-czajki.html<\/a><\/p>\n","protected":false},"excerpt":{"rendered":"<p>Rozpocz\u0119cie nauki w gimnazjum jest jednym z wa\u017cnych etap\u00f3w w \u017cyciu ju\u017c dorastaj\u0105cych dzieci. Poniewa\u017c ju\u017c im si\u0119 wydaje,\u017ce s\u0105 doro\u015bli, a jednak przecie\u017c m\u0142odzi nastolatkowie maj\u0105 w sobie jeszcze sporo z dziecka. Dodatkowo zaczynaj\u0105 si\u0119 im zmienia\u0107 pogl\u0105dy na &hellip; <a href=\"http:\/\/piekarska.com.pl\/?page_id=899\">Continue reading <span class=\"meta-nav\">&rarr;<\/span><\/a><\/p>\n","protected":false},"author":1,"featured_media":0,"parent":1932,"menu_order":0,"comment_status":"closed","ping_status":"closed","template":"","meta":{"_acf_changed":false,"footnotes":""},"class_list":["post-899","page","type-page","status-publish","hentry"],"acf":[],"_links":{"self":[{"href":"http:\/\/piekarska.com.pl\/index.php?rest_route=\/wp\/v2\/pages\/899","targetHints":{"allow":["GET"]}}],"collection":[{"href":"http:\/\/piekarska.com.pl\/index.php?rest_route=\/wp\/v2\/pages"}],"about":[{"href":"http:\/\/piekarska.com.pl\/index.php?rest_route=\/wp\/v2\/types\/page"}],"author":[{"embeddable":true,"href":"http:\/\/piekarska.com.pl\/index.php?rest_route=\/wp\/v2\/users\/1"}],"replies":[{"embeddable":true,"href":"http:\/\/piekarska.com.pl\/index.php?rest_route=%2Fwp%2Fv2%2Fcomments&post=899"}],"version-history":[{"count":4,"href":"http:\/\/piekarska.com.pl\/index.php?rest_route=\/wp\/v2\/pages\/899\/revisions"}],"predecessor-version":[{"id":4648,"href":"http:\/\/piekarska.com.pl\/index.php?rest_route=\/wp\/v2\/pages\/899\/revisions\/4648"}],"up":[{"embeddable":true,"href":"http:\/\/piekarska.com.pl\/index.php?rest_route=\/wp\/v2\/pages\/1932"}],"wp:attachment":[{"href":"http:\/\/piekarska.com.pl\/index.php?rest_route=%2Fwp%2Fv2%2Fmedia&parent=899"}],"curies":[{"name":"wp","href":"https:\/\/api.w.org\/{rel}","templated":true}]}}