{"id":933,"date":"2015-04-24T07:13:04","date_gmt":"2015-04-24T07:13:04","guid":{"rendered":"http:\/\/piekarska.com.pl\/?page_id=933"},"modified":"2015-04-26T16:52:03","modified_gmt":"2015-04-26T16:52:03","slug":"recenzja-z-kdc-pl","status":"publish","type":"page","link":"http:\/\/piekarska.com.pl\/?page_id=933","title":{"rendered":"Recenzja z kdc.pl"},"content":{"rendered":"<p><strong><a href=\"http:\/\/piekarska.com.pl\/wp-content\/uploads\/2015\/04\/kpc.jpg\"><img loading=\"lazy\" decoding=\"async\" class=\"alignleft size-medium wp-image-167\" src=\"http:\/\/piekarska.com.pl\/wp-content\/uploads\/2015\/04\/kpc-222x300.jpg\" alt=\"kpc\" width=\"222\" height=\"300\" srcset=\"http:\/\/piekarska.com.pl\/wp-content\/uploads\/2015\/04\/kpc-222x300.jpg 222w, http:\/\/piekarska.com.pl\/wp-content\/uploads\/2015\/04\/kpc-111x150.jpg 111w, http:\/\/piekarska.com.pl\/wp-content\/uploads\/2015\/04\/kpc.jpg 532w\" sizes=\"auto, (max-width: 222px) 100vw, 222px\" \/><\/a>Ksi\u0105\u017cka jest idealna i warta przeczytania \ud83d\ude42<\/strong><\/p>\n<p>W poszukiwaniu ksi\u0105\u017cki idealnej dla dzisiejszej m\u0142odzie\u017cy, nale\u017cy odpowiedzie\u0107 sobie na pytanie: czego uczniowie gimnazjum oczekuj\u0105 od powie\u015bci dla nastolatk\u00f3w. \u017beby by\u0142a ciekawa? \u017beby trzyma\u0142a w napi\u0119ciu? \u017beby akcja toczy\u0142a si\u0119 szybko? \u017beby pojawia\u0142y si\u0119 w takiej ksi\u0105\u017cce problemy wsp\u00f3\u0142czesnych gimnazjalist\u00f3w? \u017beby autor nie nudzi\u0142 i nie przedstawia\u0142 &#8211; jakby idiotom &#8211; gotowych recept na rozwi\u0105zanie wszystkich k\u0142opot\u00f3w? \u017beby w tym wszystkim powraca\u0142o zrozumienie dla trudnego okresu dojrzewania? Ksi\u0105\u017cka Ma\u0142gorzaty Karoliny Piekarskiej spe\u0142nia te wszystkie wymagania i daje nastolatkom co\u015b wi\u0119cej. Autorka publikowa\u0142a t\u0119 powie\u015b\u0107 w odcinkach na \u0142amach jednego z najlepszych m\u0142odzie\u017cowych pism &#8211; wskutek czego rozdzia\u0142y &#8222;Klasy Pani Czajki&#8221; s\u0105 miniaturowymi opowiadaniami, ca\u0142ostkami zamkni\u0119tymi i zbudowanymi wed\u0142ug zasad powie\u015bciowych. Zebrane razem przynosz\u0105 niebanaln\u0105 ksi\u0105\u017ck\u0119, kt\u00f3ra przypadnie do gustu nawet najbardziej wybrednym gimnazjalistom. T\u0119 powie\u015b\u0107 m\u0142odzi ludzie sami b\u0119d\u0105 sobie poleca\u0107 i przekazywa\u0107 z r\u0105k do r\u0105k: jako jedna z pierwszych historii tak g\u0142\u0119boko wnikaj\u0105cych w spo\u0142ecze\u0144stwo gimnazjalne i jednocze\u015bnie poruszaj\u0105cych kwestie, kt\u00f3re nurtuj\u0105 nastolatki. Piekarska wnikliwie musia\u0142a obserwowa\u0107 rzeczywisto\u015b\u0107 szkoln\u0105, skoro tak doskonale oddaje j\u0105 w kolejnych opowiadaniach. Zmienia bohater\u00f3w, tak, \u017ce ka\u017cdy prezentuje inny typ charakteru, ma inne k\u0142opoty i inaczej radzi sobie w relacjach interpersonalnych. Dzi\u0119ki takiemu zabiegowi mo\u017ce przedstawi\u0107 znacznie wi\u0119cej spraw wa\u017cnych dla czytelnik\u00f3w. Nie nudzi przy tym, bo daleka jest od rozwlek\u0142ego stylu pisania, relacjonuje fakty z \u017cycia spo\u0142eczno\u015bci szkolnej szybko i bez zb\u0119dnego gadulstwa. Trafia przy tym w sedno spraw, godna jest wi\u0119c polecenia tak\u017ce od strony &#8222;psychologicznej&#8221; &#8211; fabu\u0142a &#8222;Klasy Pani Czajki&#8221; z pewno\u015bci\u0105 przebije nudne porady szkolnych pedagog\u00f3w. Rozwi\u0105zania k\u0142opotliwych sytuacji s\u0105 tu bardzo cz\u0119sto po prostu wtopione w opowie\u015b\u0107, tak, \u017ce odbiorcy nie maj\u0105 przykrego wra\u017cenia, \u017ce si\u0119 ich poucza czy wskazuje jedyn\u0105 w\u0142a\u015bciw\u0105 drog\u0119 post\u0119powania. Wprawdzie surowa nauczycielka polskiego przejmuje rol\u0119 &#8222;wychowywania&#8221; niesfornej klasy, ale to nie jej zalecenia stanowi\u0105 przes\u0142anie do czytelnik\u00f3w, a rozwa\u017cania m\u0142odych bohater\u00f3w. Jest to jedna z nielicznych ksi\u0105\u017cek, kt\u00f3r\u0105 gimnazjali\u015bci b\u0119d\u0105 sobie sami poleca\u0107 &#8211; ma szans\u0119 sta\u0107 si\u0119 powie\u015bci\u0105 pokoleniow\u0105. Sprawd\u017acie sami.<\/p>\n<p>23 maja 2009<\/p>\n","protected":false},"excerpt":{"rendered":"<p>Ksi\u0105\u017cka jest idealna i warta przeczytania \ud83d\ude42 W poszukiwaniu ksi\u0105\u017cki idealnej dla dzisiejszej m\u0142odzie\u017cy, nale\u017cy odpowiedzie\u0107 sobie na pytanie: czego uczniowie gimnazjum oczekuj\u0105 od powie\u015bci dla nastolatk\u00f3w. \u017beby by\u0142a ciekawa? \u017beby trzyma\u0142a w napi\u0119ciu? \u017beby akcja toczy\u0142a si\u0119 szybko? \u017beby &hellip; <a href=\"http:\/\/piekarska.com.pl\/?page_id=933\">Continue reading <span class=\"meta-nav\">&rarr;<\/span><\/a><\/p>\n","protected":false},"author":1,"featured_media":0,"parent":1932,"menu_order":0,"comment_status":"closed","ping_status":"closed","template":"","meta":{"_acf_changed":false,"footnotes":""},"class_list":["post-933","page","type-page","status-publish","hentry"],"acf":[],"_links":{"self":[{"href":"http:\/\/piekarska.com.pl\/index.php?rest_route=\/wp\/v2\/pages\/933","targetHints":{"allow":["GET"]}}],"collection":[{"href":"http:\/\/piekarska.com.pl\/index.php?rest_route=\/wp\/v2\/pages"}],"about":[{"href":"http:\/\/piekarska.com.pl\/index.php?rest_route=\/wp\/v2\/types\/page"}],"author":[{"embeddable":true,"href":"http:\/\/piekarska.com.pl\/index.php?rest_route=\/wp\/v2\/users\/1"}],"replies":[{"embeddable":true,"href":"http:\/\/piekarska.com.pl\/index.php?rest_route=%2Fwp%2Fv2%2Fcomments&post=933"}],"version-history":[{"count":2,"href":"http:\/\/piekarska.com.pl\/index.php?rest_route=\/wp\/v2\/pages\/933\/revisions"}],"predecessor-version":[{"id":2424,"href":"http:\/\/piekarska.com.pl\/index.php?rest_route=\/wp\/v2\/pages\/933\/revisions\/2424"}],"up":[{"embeddable":true,"href":"http:\/\/piekarska.com.pl\/index.php?rest_route=\/wp\/v2\/pages\/1932"}],"wp:attachment":[{"href":"http:\/\/piekarska.com.pl\/index.php?rest_route=%2Fwp%2Fv2%2Fmedia&parent=933"}],"curies":[{"name":"wp","href":"https:\/\/api.w.org\/{rel}","templated":true}]}}