{"id":946,"date":"2015-04-24T07:19:44","date_gmt":"2015-04-24T07:19:44","guid":{"rendered":"http:\/\/piekarska.com.pl\/?page_id=946"},"modified":"2015-04-26T16:56:11","modified_gmt":"2015-04-26T16:56:11","slug":"recenzja-z-nowego-tygodnika-popularnego","status":"publish","type":"page","link":"http:\/\/piekarska.com.pl\/?page_id=946","title":{"rendered":"Recenzja z Nowego Tygodnika Popularnego"},"content":{"rendered":"<p><strong><a href=\"http:\/\/piekarska.com.pl\/wp-content\/uploads\/2015\/04\/kpc.jpg\"><img loading=\"lazy\" decoding=\"async\" class=\"alignleft size-medium wp-image-167\" src=\"http:\/\/piekarska.com.pl\/wp-content\/uploads\/2015\/04\/kpc-222x300.jpg\" alt=\"kpc\" width=\"222\" height=\"300\" srcset=\"http:\/\/piekarska.com.pl\/wp-content\/uploads\/2015\/04\/kpc-222x300.jpg 222w, http:\/\/piekarska.com.pl\/wp-content\/uploads\/2015\/04\/kpc-111x150.jpg 111w, http:\/\/piekarska.com.pl\/wp-content\/uploads\/2015\/04\/kpc.jpg 532w\" sizes=\"auto, (max-width: 222px) 100vw, 222px\" \/><\/a>Szkolne obrazki<\/strong><\/p>\n<p>Drugie wydanie &#8222;Klasy pani Czajki&#8221;, podobnie jak pierwsze, cieszy si\u0119 ogromnym powodzeniem w\u015br\u00f3d m\u0142odzie\u017cy, opowiada bowiem o sprawach bliskich nastolatkom &#8211; o trudach okresu dojrzewania, o k\u0142opotach szkolnych i domowych, a przede wszystkim o pierwszych uczuciach i rozczarowaniach.<br \/>\nNajwa\u017cniejsz\u0105 osob\u0105 jest oczywi\u015bcie pani Barbara Czajka (posta\u0107 autentyczna, nauczycielka, kt\u00f3rej autorka zadedykowa\u0142a swoj\u0105 ksi\u0105\u017ck\u0119), kt\u00f3ra przez trzy lata jest wychowawczyni\u0105 grupki gimnazjalist\u00f3w. Jest to osoba zasadnicza i surowa, kt\u00f3ra jednak w razie potrzeby potrafi przytuli\u0107 i pocieszy\u0107.<br \/>\nSympatycznych postaci jest w ksi\u0105\u017cce wi\u0119cej. I chocia\u017c nie wszystkim wsp\u00f3\u0142\u017cycie z grup\u0105 uk\u0142ada si\u0119 wzorowo, bo sporo w tej klasie indywidualno\u015bci chadzaj\u0105cych w\u0142asnymi drogami, to pani Czajka potrafi zintegrowa\u0107 swoich uczni\u00f3w.<br \/>\nDodatkowym walorem jest umieszczenie akcji w konkretnym czasie i miejscu: szko\u0142a znajduje si\u0119 w Warszawie na Saskiej K\u0119pie, bohaterowie w\u0119druj\u0105 istniej\u0105cymi ulicami, spotykaj\u0105 si\u0119 w autentycznych miejscach. Chodz\u0105 do kina na ekranizacj\u0119 pierwszej cz\u0119\u015bci &#8222;Harry&#8217;ego Pottera&#8221;, a zaczytuj\u0105 si\u0119 pi\u0105tym tomem przyg\u00f3d ma\u0142ego czarodzieja i &#8222;Pami\u0119tnikiem Ksi\u0119\u017cniczki&#8221; Meg Cabot.<br \/>\nKsi\u0105\u017cka jest napisana wed\u0142ug najlepszych wzor\u00f3w tego typu literatury, podobnie jak powie\u015bci O\u017cogowskiej, Bahdaja czy Niuziurskiego, dlatego ch\u0119tnie si\u0119gaj\u0105 po ni\u0105 r\u00f3wnie\u017c rodzice nastolatk\u00f3w, bo cho\u0107 bohaterowie pos\u0142uguj\u0105 si\u0119 telefonami kom\u00f3rkowymi, komputerami i poczt\u0105 elektroniczn\u0105, to przecie\u017c ich problemy niewiele si\u0119 r\u00f3\u017cni\u0105 od tych, jakie prze\u017cywali ich rodzice w swoich szkolnych latach.<br \/>\nal<\/p>\n<p><em>Nowy Tygodnik Popularny<br \/>\nNr 24-26 (1216-1218)<br \/>\n15-29 VI 2008<\/em><\/p>\n","protected":false},"excerpt":{"rendered":"<p>Szkolne obrazki Drugie wydanie &#8222;Klasy pani Czajki&#8221;, podobnie jak pierwsze, cieszy si\u0119 ogromnym powodzeniem w\u015br\u00f3d m\u0142odzie\u017cy, opowiada bowiem o sprawach bliskich nastolatkom &#8211; o trudach okresu dojrzewania, o k\u0142opotach szkolnych i domowych, a przede wszystkim o pierwszych uczuciach i rozczarowaniach. &hellip; <a href=\"http:\/\/piekarska.com.pl\/?page_id=946\">Continue reading <span class=\"meta-nav\">&rarr;<\/span><\/a><\/p>\n","protected":false},"author":1,"featured_media":0,"parent":1932,"menu_order":0,"comment_status":"closed","ping_status":"closed","template":"","meta":{"_acf_changed":false,"footnotes":""},"class_list":["post-946","page","type-page","status-publish","hentry"],"acf":[],"_links":{"self":[{"href":"http:\/\/piekarska.com.pl\/index.php?rest_route=\/wp\/v2\/pages\/946","targetHints":{"allow":["GET"]}}],"collection":[{"href":"http:\/\/piekarska.com.pl\/index.php?rest_route=\/wp\/v2\/pages"}],"about":[{"href":"http:\/\/piekarska.com.pl\/index.php?rest_route=\/wp\/v2\/types\/page"}],"author":[{"embeddable":true,"href":"http:\/\/piekarska.com.pl\/index.php?rest_route=\/wp\/v2\/users\/1"}],"replies":[{"embeddable":true,"href":"http:\/\/piekarska.com.pl\/index.php?rest_route=%2Fwp%2Fv2%2Fcomments&post=946"}],"version-history":[{"count":2,"href":"http:\/\/piekarska.com.pl\/index.php?rest_route=\/wp\/v2\/pages\/946\/revisions"}],"predecessor-version":[{"id":2447,"href":"http:\/\/piekarska.com.pl\/index.php?rest_route=\/wp\/v2\/pages\/946\/revisions\/2447"}],"up":[{"embeddable":true,"href":"http:\/\/piekarska.com.pl\/index.php?rest_route=\/wp\/v2\/pages\/1932"}],"wp:attachment":[{"href":"http:\/\/piekarska.com.pl\/index.php?rest_route=%2Fwp%2Fv2%2Fmedia&parent=946"}],"curies":[{"name":"wp","href":"https:\/\/api.w.org\/{rel}","templated":true}]}}